{"id":8891,"date":"2022-05-17T19:13:27","date_gmt":"2022-05-17T16:13:27","guid":{"rendered":"https:\/\/tallinnzoo.ee\/tiger-valley\/"},"modified":"2024-07-11T15:10:01","modified_gmt":"2024-07-11T12:10:01","slug":"tiger-valley","status":"publish","type":"page","link":"https:\/\/tallinnzoo.ee\/en\/tiger-valley\/","title":{"rendered":"Tiger Valley"},"content":{"rendered":"\n<h3 class=\"wp-block-heading\">New home for the Amur tiger and other animals from the Far East<\/h3>\n\n\n\n<p class=\"has-vivid-red-color has-text-color has-link-color wp-elements-ddc6a13a74b72d5f6fae2e8f81385986\"><strong>NB! Preparations are continuing on the completion of the entire exposition. <\/strong><\/p>\n\n\n\n<p>Tiger Valley consists mainly of outdoor areas and visitor areas for the Amur tiger and other species from the Far East. Animal welfare was a key priority, but so was creating an environment that offers experiences to visitors. \u2018Many people, including a professional zoo designer from the United States, have been involved in the conceptualisation of Tiger Valley. We want to make Tiger Valley a place where the best knowledge in the world is incorporated in its solutions. This will allow us to provide the animals with the conditions they need to thrive, and visitors with a thrilling experience and the chance to play a part in the conservation of this species in the wild.\u2019 This is how Tiit Maran, former director of the zoo, describes the work and plans.<\/p>\n\n\n\n<p>In addition to the <strong>Amur tiger<\/strong>, several other species of animals from the Far East will find a new habitat in Tiger Valley: <strong>the Amur leopard, dhole, red-crowned crane, black stork, great grey owl, and the Ural owl<\/strong>. <strong>The marmot<\/strong> will also be moving there. All species will begin living in an environment similar to their natural habitat, which will help you get a feel for the nature of the Far East. The Amur tiger is the most northerly ecotype of the tiger, commonly found in Outer Manchuria in the Far East. There are currently around 500 Amur tigers living in the wild.<\/p>\n\n\n\n<ul class=\"wp-block-list\">\n<li><strong>Amur tigers<\/strong><\/li>\n<\/ul>\n\n\n\n<p>In early June, our very much loved Amur tiger, Pootsman, returned to Tiger Valley after his long tour of European zoos. As part of the European Endangered Species Breeding Programme, Pootsman was in the Czech Republic, at the Zlin Zoo (2018); in Italy, at Parco Natura Vivas (2020); and in Slovenia, at the Ljubljana Zoo (2021) for the purpose of breeding. He produced a total of six offspring in the Czech Republic and Italy, and 13-year-old Pootsman is now a grandfather many times over. He came to Tallinn from Slovenia, together with his companion Danuta.<\/p>\n\n\n\n<figure class=\"wp-block-gallery has-nested-images columns-default is-cropped wp-block-gallery-1 is-layout-flex wp-block-gallery-is-layout-flex\">\n<figure class=\"wp-block-image size-large\"><img loading=\"lazy\" decoding=\"async\" width=\"1024\" height=\"683\" data-id=\"47831\" src=\"https:\/\/tallinnzoo.ee\/wp-content\/uploads\/2024\/06\/amuuri-tiiger-Pootsman_2018-Tallinnas_foto-Inari-Leiman-1024x683.jpg\" alt=\"\" class=\"wp-image-47831\" srcset=\"https:\/\/tallinnzoo.ee\/wp-content\/uploads\/2024\/06\/amuuri-tiiger-Pootsman_2018-Tallinnas_foto-Inari-Leiman-1024x683.jpg 1024w, https:\/\/tallinnzoo.ee\/wp-content\/uploads\/2024\/06\/amuuri-tiiger-Pootsman_2018-Tallinnas_foto-Inari-Leiman-300x200.jpg 300w, https:\/\/tallinnzoo.ee\/wp-content\/uploads\/2024\/06\/amuuri-tiiger-Pootsman_2018-Tallinnas_foto-Inari-Leiman-768x512.jpg 768w, https:\/\/tallinnzoo.ee\/wp-content\/uploads\/2024\/06\/amuuri-tiiger-Pootsman_2018-Tallinnas_foto-Inari-Leiman-1536x1024.jpg 1536w, https:\/\/tallinnzoo.ee\/wp-content\/uploads\/2024\/06\/amuuri-tiiger-Pootsman_2018-Tallinnas_foto-Inari-Leiman-600x400.jpg 600w, https:\/\/tallinnzoo.ee\/wp-content\/uploads\/2024\/06\/amuuri-tiiger-Pootsman_2018-Tallinnas_foto-Inari-Leiman.jpg 1590w\" sizes=\"auto, (max-width: 1024px) 100vw, 1024px\" \/><figcaption class=\"wp-element-caption\">Pootsman<\/figcaption><\/figure>\n\n\n\n<figure class=\"wp-block-image size-large\"><img loading=\"lazy\" decoding=\"async\" width=\"1024\" height=\"577\" data-id=\"47719\" src=\"https:\/\/tallinnzoo.ee\/wp-content\/uploads\/2024\/06\/Danuta-Foto-Ljubljana-Zoo-1024x577.jpg\" alt=\"\" class=\"wp-image-47719\" srcset=\"https:\/\/tallinnzoo.ee\/wp-content\/uploads\/2024\/06\/Danuta-Foto-Ljubljana-Zoo-1024x577.jpg 1024w, https:\/\/tallinnzoo.ee\/wp-content\/uploads\/2024\/06\/Danuta-Foto-Ljubljana-Zoo-300x169.jpg 300w, https:\/\/tallinnzoo.ee\/wp-content\/uploads\/2024\/06\/Danuta-Foto-Ljubljana-Zoo-768x433.jpg 768w, https:\/\/tallinnzoo.ee\/wp-content\/uploads\/2024\/06\/Danuta-Foto-Ljubljana-Zoo-600x338.jpg 600w, https:\/\/tallinnzoo.ee\/wp-content\/uploads\/2024\/06\/Danuta-Foto-Ljubljana-Zoo.jpg 1200w\" sizes=\"auto, (max-width: 1024px) 100vw, 1024px\" \/><figcaption class=\"wp-element-caption\">Danuta<\/figcaption><\/figure>\n<\/figure>\n\n\n\n<p>A female Amur tiger, Ohana, born in 2022 at Helsinki\u2019s Korkeasaari Zoo, has also arrived in Tiger Valley, and a male Amur tiger, Alexander, will be arriving from Scotland.<\/p>\n\n\n\n<figure class=\"wp-block-gallery has-nested-images columns-default is-cropped wp-block-gallery-2 is-layout-flex wp-block-gallery-is-layout-flex\">\n<figure class=\"wp-block-image size-large\"><img loading=\"lazy\" decoding=\"async\" width=\"1024\" height=\"683\" data-id=\"48027\" src=\"https:\/\/tallinnzoo.ee\/wp-content\/uploads\/2024\/06\/Ohana-2024_Foto_Annika-Sorjonen.jpg\" alt=\"\" class=\"wp-image-48027\" srcset=\"https:\/\/tallinnzoo.ee\/wp-content\/uploads\/2024\/06\/Ohana-2024_Foto_Annika-Sorjonen.jpg 1024w, https:\/\/tallinnzoo.ee\/wp-content\/uploads\/2024\/06\/Ohana-2024_Foto_Annika-Sorjonen-300x200.jpg 300w, https:\/\/tallinnzoo.ee\/wp-content\/uploads\/2024\/06\/Ohana-2024_Foto_Annika-Sorjonen-768x512.jpg 768w, https:\/\/tallinnzoo.ee\/wp-content\/uploads\/2024\/06\/Ohana-2024_Foto_Annika-Sorjonen-600x400.jpg 600w\" sizes=\"auto, (max-width: 1024px) 100vw, 1024px\" \/><figcaption class=\"wp-element-caption\">Ohana<\/figcaption><\/figure>\n\n\n\n<figure class=\"wp-block-image size-large\"><img loading=\"lazy\" decoding=\"async\" width=\"1024\" height=\"682\" data-id=\"48022\" src=\"https:\/\/tallinnzoo.ee\/wp-content\/uploads\/2024\/06\/Tiiger-Aleksander-foto-RZSS-Highland-Wildlife-Park-1-1024x682.jpg\" alt=\"\" class=\"wp-image-48022\" srcset=\"https:\/\/tallinnzoo.ee\/wp-content\/uploads\/2024\/06\/Tiiger-Aleksander-foto-RZSS-Highland-Wildlife-Park-1-1024x682.jpg 1024w, https:\/\/tallinnzoo.ee\/wp-content\/uploads\/2024\/06\/Tiiger-Aleksander-foto-RZSS-Highland-Wildlife-Park-1-300x200.jpg 300w, https:\/\/tallinnzoo.ee\/wp-content\/uploads\/2024\/06\/Tiiger-Aleksander-foto-RZSS-Highland-Wildlife-Park-1-768x512.jpg 768w, https:\/\/tallinnzoo.ee\/wp-content\/uploads\/2024\/06\/Tiiger-Aleksander-foto-RZSS-Highland-Wildlife-Park-1-1536x1024.jpg 1536w, https:\/\/tallinnzoo.ee\/wp-content\/uploads\/2024\/06\/Tiiger-Aleksander-foto-RZSS-Highland-Wildlife-Park-1-2048x1365.jpg 2048w, https:\/\/tallinnzoo.ee\/wp-content\/uploads\/2024\/06\/Tiiger-Aleksander-foto-RZSS-Highland-Wildlife-Park-1-600x400.jpg 600w\" sizes=\"auto, (max-width: 1024px) 100vw, 1024px\" \/><figcaption class=\"wp-element-caption\">Aleksander<\/figcaption><\/figure>\n<\/figure>\n\n\n\n<ul class=\"wp-block-list\">\n<li><\/li>\n<\/ul>\n\n\n\n<ul class=\"wp-block-list\">\n<li><strong>Tiger Valley<\/strong><\/li>\n<\/ul>\n\n\n\n<p>The tigers have been provided with a natural environment of around 2.5 hectares, in which there are large trees, watering holes, and innovative tunnels running through the air.<\/p>\n\n\n\n<p>Tiger Valley is located directly adjacent to the Southeast Asian Tropical Rainforest Exposition Building, where visitors can view the tiger through a glass window in the caf\u00e9. The area includes a Tiger caf\u00e9 and three recreation areas with children\u2019s playgrounds.<\/p>\n\n\n\n<p>Construction of Tiger Valley started in 2023, and the new area is open to visitors since 19 June 2024. <\/p>\n\n\n\n<figure class=\"wp-block-gallery has-nested-images columns-default is-cropped wp-block-gallery-3 is-layout-flex wp-block-gallery-is-layout-flex\">\n<figure class=\"wp-block-image size-large\"><img loading=\"lazy\" decoding=\"async\" width=\"768\" height=\"1024\" data-id=\"48042\" src=\"https:\/\/tallinnzoo.ee\/wp-content\/uploads\/2024\/06\/Tiigriorg2_AgnesJanson-768x1024.jpeg\" alt=\"\" class=\"wp-image-48042\" srcset=\"https:\/\/tallinnzoo.ee\/wp-content\/uploads\/2024\/06\/Tiigriorg2_AgnesJanson-768x1024.jpeg 768w, https:\/\/tallinnzoo.ee\/wp-content\/uploads\/2024\/06\/Tiigriorg2_AgnesJanson-225x300.jpeg 225w, https:\/\/tallinnzoo.ee\/wp-content\/uploads\/2024\/06\/Tiigriorg2_AgnesJanson-1152x1536.jpeg 1152w, https:\/\/tallinnzoo.ee\/wp-content\/uploads\/2024\/06\/Tiigriorg2_AgnesJanson-1536x2048.jpeg 1536w, https:\/\/tallinnzoo.ee\/wp-content\/uploads\/2024\/06\/Tiigriorg2_AgnesJanson-600x800.jpeg 600w, https:\/\/tallinnzoo.ee\/wp-content\/uploads\/2024\/06\/Tiigriorg2_AgnesJanson-scaled.jpeg 1920w\" sizes=\"auto, (max-width: 768px) 100vw, 768px\" \/><figcaption class=\"wp-element-caption\">View from the Rainforest restaurant.<\/figcaption><\/figure>\n\n\n\n<figure class=\"wp-block-image size-large\"><img loading=\"lazy\" decoding=\"async\" width=\"1024\" height=\"768\" data-id=\"48127\" src=\"https:\/\/tallinnzoo.ee\/wp-content\/uploads\/2024\/06\/Tiigriorg_-kaigutunnelid-ohus_Tallinna-loomaaed_-HelinaOunapuu-1024x768.jpg\" alt=\"\" class=\"wp-image-48127\" srcset=\"https:\/\/tallinnzoo.ee\/wp-content\/uploads\/2024\/06\/Tiigriorg_-kaigutunnelid-ohus_Tallinna-loomaaed_-HelinaOunapuu-1024x768.jpg 1024w, https:\/\/tallinnzoo.ee\/wp-content\/uploads\/2024\/06\/Tiigriorg_-kaigutunnelid-ohus_Tallinna-loomaaed_-HelinaOunapuu-300x225.jpg 300w, https:\/\/tallinnzoo.ee\/wp-content\/uploads\/2024\/06\/Tiigriorg_-kaigutunnelid-ohus_Tallinna-loomaaed_-HelinaOunapuu-768x576.jpg 768w, https:\/\/tallinnzoo.ee\/wp-content\/uploads\/2024\/06\/Tiigriorg_-kaigutunnelid-ohus_Tallinna-loomaaed_-HelinaOunapuu-1536x1152.jpg 1536w, https:\/\/tallinnzoo.ee\/wp-content\/uploads\/2024\/06\/Tiigriorg_-kaigutunnelid-ohus_Tallinna-loomaaed_-HelinaOunapuu-2048x1536.jpg 2048w, https:\/\/tallinnzoo.ee\/wp-content\/uploads\/2024\/06\/Tiigriorg_-kaigutunnelid-ohus_Tallinna-loomaaed_-HelinaOunapuu-600x450.jpg 600w\" sizes=\"auto, (max-width: 1024px) 100vw, 1024px\" \/><figcaption class=\"wp-element-caption\">Tiger passage tunnel left<\/figcaption><\/figure>\n<\/figure>\n\n\n\n<ul class=\"wp-block-list\">\n<li><strong>The Zoo thanks<\/strong><\/li>\n<\/ul>\n\n\n\n<p>Thank you to everyone involved and to all the generous donors who have helped us to complete Tiger Valley:<\/p>\n\n\n\n<p>zoo designer Julia Hanukanova, Riin Kersalu, Tallinn Property Department, SWECO Projekt O\u00dc, AS EG Ehitus and INF Ehitus O\u00dc, Atemo O\u00dc, Keskkonnaprojekt O\u00dc, Eesti Loomaaias\u00f5prade Selts, AS Olerex, Pipedrive O\u00dc, Premia Tallinna K\u00fclmhoone AS, Citycon O\u00dc, Ice Age Centre, students from Saue Gymnasium and Nissi Basic School, Skeleton Technologies, and many private individuals. <\/p>\n\n\n\n<p>Special thanks also to the Amur tiger Pootsman&#8217;s godfather &#8211; Krah Pipes O\u00dc &#8211; who supported the maintenance of Pootsman in other zoos throughout his absence from Tallinn.<\/p>\n\n\n<section class=\"visiting-areas-section wide-section\">\n  <div class=\"wide-section__inner\">\n    <div class=\"container\">\n      <h2 class=\"text-center\">Zoo visiting areas<\/h2>\n\n              <div class=\"areas-slider\">\n                                  <a href=\"https:\/\/tallinnzoo.ee\/en\/polarium\/\" class=\"area-slide\">\n              <div class=\"area-slide__image\" style=\"background-image: url(https:\/\/tallinnzoo.ee\/wp-content\/uploads\/2022\/04\/polar-bear.svg)\"><\/div>\n              <h3 class=\"area-slide__title h4\">Polarium<\/h3>\n            <\/a>\n                                  <a href=\"https:\/\/tallinnzoo.ee\/en\/pachyderm-house\/\" class=\"area-slide\">\n              <div class=\"area-slide__image\" style=\"background-image: url(https:\/\/tallinnzoo.ee\/wp-content\/uploads\/2022\/04\/elephant.svg)\"><\/div>\n              <h3 class=\"area-slide__title h4\">Pachyderm house<\/h3>\n            <\/a>\n                                  <a href=\"https:\/\/tallinnzoo.ee\/en\/middle-asia\/\" class=\"area-slide\">\n              <div class=\"area-slide__image\" style=\"background-image: url(https:\/\/tallinnzoo.ee\/wp-content\/uploads\/2022\/05\/siseaasia2-55.svg)\"><\/div>\n              <h3 class=\"area-slide__title h4\">Middle-Asia<\/h3>\n            <\/a>\n                                  <a href=\"https:\/\/tallinnzoo.ee\/en\/tropical-houses\/\" class=\"area-slide\">\n              <div class=\"area-slide__image\" style=\"background-image: url(https:\/\/tallinnzoo.ee\/wp-content\/uploads\/2022\/04\/crocodile.svg)\"><\/div>\n              <h3 class=\"area-slide__title h4\">Tropical houses<\/h3>\n            <\/a>\n                                  <a href=\"https:\/\/tallinnzoo.ee\/en\/childrens-zoo\/\" class=\"area-slide\">\n              <div class=\"area-slide__image\" style=\"background-image: url(https:\/\/tallinnzoo.ee\/wp-content\/uploads\/2022\/05\/test-492.svg)\"><\/div>\n              <h3 class=\"area-slide__title h4\">Children&#039;s Zoo<\/h3>\n            <\/a>\n                                  <a href=\"https:\/\/tallinnzoo.ee\/en\/alpinarium\/\" class=\"area-slide\">\n              <div class=\"area-slide__image\" style=\"background-image: url(https:\/\/tallinnzoo.ee\/wp-content\/uploads\/2022\/05\/alpinaarium2-16.svg)\"><\/div>\n              <h3 class=\"area-slide__title h4\">Alpinarium<\/h3>\n            <\/a>\n                                  <a href=\"https:\/\/tallinnzoo.ee\/en\/hawk-hill\/\" class=\"area-slide\">\n              <div class=\"area-slide__image\" style=\"background-image: url(https:\/\/tallinnzoo.ee\/wp-content\/uploads\/2022\/05\/kullimagi-50.svg)\"><\/div>\n              <h3 class=\"area-slide__title h4\">Hawk Hill<\/h3>\n            <\/a>\n                                  <a href=\"https:\/\/tallinnzoo.ee\/en\/bird-ponds\/\" class=\"area-slide\">\n              <div class=\"area-slide__image\" style=\"background-image: url(https:\/\/tallinnzoo.ee\/wp-content\/uploads\/2022\/05\/linnutiik2-48.svg)\"><\/div>\n              <h3 class=\"area-slide__title h4\">Bird Ponds<\/h3>\n            <\/a>\n                                  <a href=\"https:\/\/tallinnzoo.ee\/en\/rainforest\/\" class=\"area-slide\">\n              <div class=\"area-slide__image\" style=\"background-image: url(https:\/\/tallinnzoo.ee\/wp-content\/uploads\/2022\/05\/vihmamets2-40.svg)\"><\/div>\n              <h3 class=\"area-slide__title h4\">Rainforest<\/h3>\n            <\/a>\n                                  <a href=\"https:\/\/tallinnzoo.ee\/en\/tiger-valley\/\" class=\"area-slide\">\n              <div class=\"area-slide__image\" style=\"background-image: url(https:\/\/tallinnzoo.ee\/wp-content\/uploads\/2022\/04\/tiger.svg)\"><\/div>\n              <h3 class=\"area-slide__title h4\">Tiger Valley<\/h3>\n            <\/a>\n                                  <a href=\"https:\/\/tallinnzoo.ee\/en\/veskimets\/\" class=\"area-slide\">\n              <div class=\"area-slide__image\" style=\"background-image: url(https:\/\/tallinnzoo.ee\/wp-content\/uploads\/2022\/05\/veskimets.svg)\"><\/div>\n              <h3 class=\"area-slide__title h4\">Veskimets Forest<\/h3>\n            <\/a>\n                  <\/div>\n      \n      \n      <div class=\"visiting-areas-section__buttons\">\n        \n                  <a href=\"https:\/\/tallinnzoo.ee\/en\/zoo-map\/\" target=\"_self\" class=\"btn btn-outline-primary\">Find on the map<\/a>\n              <\/div>\n    <\/div>\n  <\/div>\n<\/section>\n","protected":false},"excerpt":{"rendered":"<p>New home for the Amur tiger and other animals from the Far East NB! Preparations are continuing on the completion &#8230;<\/p>\n","protected":false},"author":2,"featured_media":48038,"parent":0,"menu_order":0,"comment_status":"closed","ping_status":"closed","template":"","meta":{"_acf_changed":false,"om_disable_all_campaigns":false,"inline_featured_image":false,"_monsterinsights_skip_tracking":false,"_monsterinsights_sitenote_active":false,"_monsterinsights_sitenote_note":"","_monsterinsights_sitenote_category":0,"_uf_show_specific_survey":0,"_uf_disable_surveys":false,"footnotes":""},"class_list":["post-8891","page","type-page","status-publish","has-post-thumbnail","hentry"],"acf":[],"_links":{"self":[{"href":"https:\/\/tallinnzoo.ee\/en\/wp-json\/wp\/v2\/pages\/8891","targetHints":{"allow":["GET"]}}],"collection":[{"href":"https:\/\/tallinnzoo.ee\/en\/wp-json\/wp\/v2\/pages"}],"about":[{"href":"https:\/\/tallinnzoo.ee\/en\/wp-json\/wp\/v2\/types\/page"}],"author":[{"embeddable":true,"href":"https:\/\/tallinnzoo.ee\/en\/wp-json\/wp\/v2\/users\/2"}],"replies":[{"embeddable":true,"href":"https:\/\/tallinnzoo.ee\/en\/wp-json\/wp\/v2\/comments?post=8891"}],"version-history":[{"count":10,"href":"https:\/\/tallinnzoo.ee\/en\/wp-json\/wp\/v2\/pages\/8891\/revisions"}],"predecessor-version":[{"id":49010,"href":"https:\/\/tallinnzoo.ee\/en\/wp-json\/wp\/v2\/pages\/8891\/revisions\/49010"}],"wp:featuredmedia":[{"embeddable":true,"href":"https:\/\/tallinnzoo.ee\/en\/wp-json\/wp\/v2\/media\/48038"}],"wp:attachment":[{"href":"https:\/\/tallinnzoo.ee\/en\/wp-json\/wp\/v2\/media?parent=8891"}],"curies":[{"name":"wp","href":"https:\/\/api.w.org\/{rel}","templated":true}]}}