{"id":12758,"date":"2022-05-18T12:45:19","date_gmt":"2022-05-18T09:45:19","guid":{"rendered":"https:\/\/tallinnzoo.ee\/tietoja-liikuntaesteisille-2\/"},"modified":"2025-10-31T15:21:52","modified_gmt":"2025-10-31T13:21:52","slug":"tietoja-liikuntaesteisille-2","status":"publish","type":"page","link":"https:\/\/tallinnzoo.ee\/fi\/tietoja-liikuntaesteisille-2\/","title":{"rendered":"Esteett\u00f6myys"},"content":{"rendered":"\n<h2 class=\"wp-block-heading\">Liikuntaesteisille<\/h2>\n\n\n\n<div style=\"height:15px\" aria-hidden=\"true\" class=\"wp-block-spacer\"><\/div>\n\n\n\n<h4 class=\"wp-block-heading\">Saapuminen<\/h4>\n\n\n\n<p>El\u00e4intarhalla on kaksi sis\u00e4\u00e4np\u00e4\u00e4sy\u00e4: Pohjoisportti Paldiski mnt 145 ja L\u00e4nsiportti Ehitajate tee 150. Suosittelemme tulemaan el\u00e4intarhaan L\u00e4nsiportista, jossa on loiva ramppi. L\u00e4nsiportilla ovat my\u00f6s ymp\u00e4rist\u00f6koulutuskeskus ja lasten el\u00e4intarha.<\/p>\n\n\n\n<div style=\"height:15px\" aria-hidden=\"true\" class=\"wp-block-spacer\"><\/div>\n\n\n\n<h4 class=\"wp-block-heading\">Pys\u00e4k\u00f6inti<\/h4>\n\n\n\n<p>L\u00e4nsiportin pys\u00e4k\u00f6intialueella on liikuntaesteisille 4 merkitty\u00e4 pys\u00e4k\u00f6intipaikkaa ymp\u00e4rist\u00f6koulutuskeskuksen v\u00e4litt\u00f6m\u00e4ss\u00e4 l\u00e4heisyydess\u00e4. Valvoja validoi L\u00e4nsiportin pys\u00e4k\u00f6intialueelle ajettaessa saadun pys\u00e4k\u00f6intikortin. Pys\u00e4k\u00f6inti on todistuksella ilmaista liikuntaesteisen vierailijan vastaavasti merkitylle ajoneuvolle el\u00e4intarhassa vierailun ajan.<br>Pys\u00e4k\u00f6inti on ilmaista my\u00f6s Pohjoisportin pys\u00e4k\u00f6intialueella. Tulo Pohjoisportin pys\u00e4k\u00f6intialueelta el\u00e4intarhaan on liikuntaesteiselle hankalampaa, koska ramppi on jyrkk\u00e4.<\/p>\n\n\n\n<div style=\"height:15px\" aria-hidden=\"true\" class=\"wp-block-spacer\"><\/div>\n\n\n\n<h4 class=\"wp-block-heading\">Julkinen liikenne<\/h4>\n\n\n\n<p>El\u00e4intarhan Pohjoisportille Paldiskin tiell\u00e4 ja L\u00e4nsiportille Ehitajate-tiell\u00e4 kulkee kaupungin linja-autoja. <\/p>\n\n\n\n<ul class=\"wp-block-list\">\n<li>Pohjoisportille Zoon pys\u00e4kille kulkevat linja-autot 21, 21B, 42 ja 54.<\/li>\n\n\n\n<li>Linja-autot 21 ja 21B l\u00e4htev\u00e4t Balti-asemalta ja kulkevat Zoon pys\u00e4kille Mere puiesteen ja Vabaduse-aukion kautta.<\/li>\n\n\n\n<li>Linja-auto 42 l\u00e4htee Kaubamajalta. El\u00e4intarhaan p\u00e4\u00e4semiseksi, tulee ylitt\u00e4\u00e4 Paldiskin tie, linja-autopys\u00e4kin vieress\u00e4 on suojatie ja liikennevalot.<\/li>\n\n\n\n<li>Pohjoisportille p\u00e4\u00e4see kevyen liikenteen v\u00e4yl\u00e4\u00e4 pitkin. Keskustaan palaamiseksi suosittelemme Pohjoisportin luona olevalla pys\u00e4kille menoa my\u00f6s kevyen liikenteen v\u00e4yl\u00e4\u00e4 pitkin. Matka pys\u00e4kille on pidempi, mutta loivempi.<\/li>\n\n\n\n<li>L\u00e4nsiportista n. 200 m et\u00e4isyydell\u00e4 olevalle Meistrin pys\u00e4kille tulee keskustasta Teatri-aukiolta ja Vabaduse-aukiolta linja-auto 16. El\u00e4intarhaan p\u00e4\u00e4semiseksi, tulee ylitt\u00e4\u00e4 Ehitajate-tee. Liikennevalot ja suojatie ovat pys\u00e4kin l\u00e4hell\u00e4.<\/li>\n\n\n\n<li>Linja-autot 42 ja 46 pys\u00e4htyv\u00e4t sek\u00e4 Zoon pys\u00e4kill\u00e4 Paldiskin tiell\u00e4 ett\u00e4 Karikakran pys\u00e4kill\u00e4 Ehitajate-tiell\u00e4.<\/li>\n<\/ul>\n\n\n\n<div style=\"height:15px\" aria-hidden=\"true\" class=\"wp-block-spacer\"><\/div>\n\n\n\n<h4 class=\"wp-block-heading\">Liput<\/h4>\n\n\n\n<p>Vierailu el\u00e4intarhassa on <strong>ilmaista<\/strong>:<\/p>\n\n\n\n<ul class=\"wp-block-list\">\n<li>alle 16-vuotiaalle liikuntaesteiselle lapselle voimassa olevalla todistuksella ja henkil\u00f6todistuksella sek\u00e4 yhdelle h\u00e4nen saattajalleen;<\/li>\n\n\n\n<li>vaikeasti vammaiselle 16-vuotiaalle tai vanhemmalle henkil\u00f6lle vastaavalla todistuksella tai el\u00e4kel\u00e4istodistuksella ja henkil\u00f6todistuksella sek\u00e4 yhdelle h\u00e4nen saattajalleen;<\/li>\n\n\n\n<li>ty\u00f6kyvytt\u00f6mille henkil\u00f6ille voimassa olevalla kortilla ja henkil\u00f6todistuksella.<\/li>\n<\/ul>\n\n\n\n<div style=\"height:15px\" aria-hidden=\"true\" class=\"wp-block-spacer\"><\/div>\n\n\n\n<h4 class=\"wp-block-heading\">Apuv\u00e4lineet alueella liikkumiseen<\/h4>\n\n\n\n<p id=\"block-286c4007-b46e-4e63-9b40-bbd3289cea3e\">Liikuntaesteisten on sallittu kulkea el\u00e4intarhassa voimassa olevalla todistuksella py\u00f6r\u00e4tuolilla, k\u00e4velytelineell\u00e4, tasapainoskootterilla, s\u00e4hk\u00f6skootterilla tai kolmipy\u00f6r\u00e4ll\u00e4.<br>El\u00e4intarhasta voi tarvittaessa lainata py\u00f6r\u00e4tuolin tai k\u00e4velytelineen. Laenutamine on tasuta. Jos mahdollista, pyyd\u00e4mme ilmoittamaan toiveesta ennakkoon <a href=\"mailto:zoo@tallinnzoo.ee\">zoo@tallinnzoo.ee<\/a> tai puhelimitse arkisin <strong>+372 6943300<\/strong> ja viikonloppuisin <strong>+372 6943338<\/strong> tai <strong>+372 6943337<\/strong>. N\u00e4k\u00f6vammaiset p\u00e4\u00e4sev\u00e4t el\u00e4intarhaan opaskoiran kanssa.<\/p>\n\n\n\n<div style=\"height:15px\" aria-hidden=\"true\" class=\"wp-block-spacer\"><\/div>\n\n\n\n<h4 class=\"wp-block-heading\">Tiet alueella<\/h4>\n\n\n\n<p>El\u00e4intarhan alueen tiet ovat eri p\u00e4\u00e4llysteill\u00e4 ja kaltevuuksilla. Kaikkiin rakennuksiin on rampit. Py\u00f6r\u00e4tuolilla liikuttaessa tulee olla tarkkaavainen, koska tien pinnat eiv\u00e4t ole laadultaan yht\u00e4l\u00e4isi\u00e4.<\/p>\n\n\n\n<div style=\"height:15px\" aria-hidden=\"true\" class=\"wp-block-spacer\"><\/div>\n\n\n\n<h4 class=\"wp-block-heading\">Invahissi<\/h4>\n\n\n\n<p>Invahissill\u00e4 p\u00e4\u00e4see paksunahkaisten taloa vastap\u00e4\u00e4t\u00e4 sijaitsevaan n\u00e4k\u00f6torniin. Hissin kantokyky on 400 kg.<\/p>\n\n\n\n<div style=\"height:15px\" aria-hidden=\"true\" class=\"wp-block-spacer\"><\/div>\n\n\n\n<h4 class=\"wp-block-heading\">Liikkumisesteisten wc<\/h4>\n\n\n\n<p>El\u00e4intarhan alueella on yhteens\u00e4 kuusi invavessaa. Niist\u00e4 kaksi sijaitsee L\u00e4nsiportilla olevan ymp\u00e4rist\u00f6koulutuskeskuksen 0-kerroksessa matkamuistomyym\u00e4l\u00e4n ja lasten el\u00e4intarhan vieress\u00e4. Invavessa on my\u00f6s L\u00e4nsiportin l\u00e4hell\u00e4 sijaitsevassa paksunahkaisten talossa, Pohjoisportin l\u00e4hell\u00e4 sijaitsevassa punaisessa j\u00e4\u00e4karhutalossa, sademets\u00e4n ravintolassa ja hylkeiden luota Paldiskin tien suuntaan sijaitsevalla lepoalueella olevassa talossa.<\/p>\n","protected":false},"excerpt":{"rendered":"<p>Liikuntaesteisille Saapuminen El\u00e4intarhalla on kaksi sis\u00e4\u00e4np\u00e4\u00e4sy\u00e4: Pohjoisportti Paldiski mnt 145 ja L\u00e4nsiportti Ehitajate tee 150. Suosittelemme tulemaan el\u00e4intarhaan L\u00e4nsiportista, jossa &#8230;<\/p>\n","protected":false},"author":2,"featured_media":28025,"parent":0,"menu_order":0,"comment_status":"closed","ping_status":"closed","template":"","meta":{"_acf_changed":false,"om_disable_all_campaigns":false,"inline_featured_image":false,"_monsterinsights_skip_tracking":false,"_monsterinsights_sitenote_active":false,"_monsterinsights_sitenote_note":"","_monsterinsights_sitenote_category":0,"_uf_show_specific_survey":0,"_uf_disable_surveys":false,"footnotes":""},"class_list":["post-12758","page","type-page","status-publish","has-post-thumbnail","hentry"],"acf":[],"_links":{"self":[{"href":"https:\/\/tallinnzoo.ee\/fi\/wp-json\/wp\/v2\/pages\/12758","targetHints":{"allow":["GET"]}}],"collection":[{"href":"https:\/\/tallinnzoo.ee\/fi\/wp-json\/wp\/v2\/pages"}],"about":[{"href":"https:\/\/tallinnzoo.ee\/fi\/wp-json\/wp\/v2\/types\/page"}],"author":[{"embeddable":true,"href":"https:\/\/tallinnzoo.ee\/fi\/wp-json\/wp\/v2\/users\/2"}],"replies":[{"embeddable":true,"href":"https:\/\/tallinnzoo.ee\/fi\/wp-json\/wp\/v2\/comments?post=12758"}],"version-history":[{"count":6,"href":"https:\/\/tallinnzoo.ee\/fi\/wp-json\/wp\/v2\/pages\/12758\/revisions"}],"predecessor-version":[{"id":69550,"href":"https:\/\/tallinnzoo.ee\/fi\/wp-json\/wp\/v2\/pages\/12758\/revisions\/69550"}],"wp:featuredmedia":[{"embeddable":true,"href":"https:\/\/tallinnzoo.ee\/fi\/wp-json\/wp\/v2\/media\/28025"}],"wp:attachment":[{"href":"https:\/\/tallinnzoo.ee\/fi\/wp-json\/wp\/v2\/media?parent=12758"}],"curies":[{"name":"wp","href":"https:\/\/api.w.org\/{rel}","templated":true}]}}