{"id":13035,"date":"2022-05-19T15:32:16","date_gmt":"2022-05-19T12:32:16","guid":{"rendered":"https:\/\/tallinnzoo.ee\/kartta\/"},"modified":"2025-06-28T13:02:11","modified_gmt":"2025-06-28T10:02:11","slug":"kartta","status":"publish","type":"page","link":"https:\/\/tallinnzoo.ee\/fi\/kartta\/","title":{"rendered":"Kartta"},"content":{"rendered":"\n<h2 class=\"wp-block-heading has-text-align-center\">Haluatko tiet\u00e4\u00e4, mik\u00e4 sinua odottaa el\u00e4intarhassa? <\/h2>\n\n\n\n<h4 class=\"wp-block-heading has-text-align-center\">T\u00e4\u00e4lt\u00e4 saat yleiskatsauksen kaikista el\u00e4intarhan vierailualueista ja aktiviteeteista, jotta voit viett\u00e4\u00e4 p\u00e4iv\u00e4si t\u00e4ysill\u00e4!<\/h4>\n\n\n\n<figure class=\"wp-block-image size-large\"><a href=\"https:\/\/tallinnzoo.ee\/wp-content\/uploads\/2025\/06\/Zoo_territooriumikaart_2025_FIN.pdf\"><img loading=\"lazy\" decoding=\"async\" width=\"1024\" height=\"674\" src=\"https:\/\/tallinnzoo.ee\/wp-content\/uploads\/2025\/06\/Zoo_territooriumikaart_2025_FIN-1024x674.jpg\" alt=\"\" class=\"wp-image-63831\" srcset=\"https:\/\/tallinnzoo.ee\/wp-content\/uploads\/2025\/06\/Zoo_territooriumikaart_2025_FIN-1024x674.jpg 1024w, https:\/\/tallinnzoo.ee\/wp-content\/uploads\/2025\/06\/Zoo_territooriumikaart_2025_FIN-300x198.jpg 300w, https:\/\/tallinnzoo.ee\/wp-content\/uploads\/2025\/06\/Zoo_territooriumikaart_2025_FIN-768x506.jpg 768w, https:\/\/tallinnzoo.ee\/wp-content\/uploads\/2025\/06\/Zoo_territooriumikaart_2025_FIN-1536x1012.jpg 1536w, https:\/\/tallinnzoo.ee\/wp-content\/uploads\/2025\/06\/Zoo_territooriumikaart_2025_FIN-2048x1349.jpg 2048w, https:\/\/tallinnzoo.ee\/wp-content\/uploads\/2025\/06\/Zoo_territooriumikaart_2025_FIN-600x395.jpg 600w\" sizes=\"auto, (max-width: 1024px) 100vw, 1024px\" \/><\/a><\/figure>\n\n\n<p><a href=\"https:\/\/tallinnzoo.ee\/wp-content\/uploads\/2025\/06\/Zoo_territooriumikaart_2025_FIN.pdf\" data-type=\"link\" data-id=\"https:\/\/tallinnzoo.ee\/wp-content\/uploads\/2025\/06\/Zoo_territooriumikaart_2025_FIN.pdf\">El\u00e4interhan kartta (PDF)<\/a><\/p>\n\n\n<p><\/p>\n","protected":false},"excerpt":{"rendered":"<p>Haluatko tiet\u00e4\u00e4, mik\u00e4 sinua odottaa el\u00e4intarhassa? T\u00e4\u00e4lt\u00e4 saat yleiskatsauksen kaikista el\u00e4intarhan vierailualueista ja aktiviteeteista, jotta voit viett\u00e4\u00e4 p\u00e4iv\u00e4si t\u00e4ysill\u00e4! El\u00e4interhan &#8230;<\/p>\n","protected":false},"author":2,"featured_media":13045,"parent":0,"menu_order":0,"comment_status":"closed","ping_status":"closed","template":"","meta":{"_acf_changed":false,"om_disable_all_campaigns":false,"inline_featured_image":false,"_monsterinsights_skip_tracking":false,"_monsterinsights_sitenote_active":false,"_monsterinsights_sitenote_note":"","_monsterinsights_sitenote_category":0,"_uf_show_specific_survey":0,"_uf_disable_surveys":false,"footnotes":""},"class_list":["post-13035","page","type-page","status-publish","has-post-thumbnail","hentry"],"acf":[],"_links":{"self":[{"href":"https:\/\/tallinnzoo.ee\/fi\/wp-json\/wp\/v2\/pages\/13035","targetHints":{"allow":["GET"]}}],"collection":[{"href":"https:\/\/tallinnzoo.ee\/fi\/wp-json\/wp\/v2\/pages"}],"about":[{"href":"https:\/\/tallinnzoo.ee\/fi\/wp-json\/wp\/v2\/types\/page"}],"author":[{"embeddable":true,"href":"https:\/\/tallinnzoo.ee\/fi\/wp-json\/wp\/v2\/users\/2"}],"replies":[{"embeddable":true,"href":"https:\/\/tallinnzoo.ee\/fi\/wp-json\/wp\/v2\/comments?post=13035"}],"version-history":[{"count":15,"href":"https:\/\/tallinnzoo.ee\/fi\/wp-json\/wp\/v2\/pages\/13035\/revisions"}],"predecessor-version":[{"id":63851,"href":"https:\/\/tallinnzoo.ee\/fi\/wp-json\/wp\/v2\/pages\/13035\/revisions\/63851"}],"wp:featuredmedia":[{"embeddable":true,"href":"https:\/\/tallinnzoo.ee\/fi\/wp-json\/wp\/v2\/media\/13045"}],"wp:attachment":[{"href":"https:\/\/tallinnzoo.ee\/fi\/wp-json\/wp\/v2\/media?parent=13035"}],"curies":[{"name":"wp","href":"https:\/\/api.w.org\/{rel}","templated":true}]}}