{"id":13099,"date":"2022-05-24T14:12:01","date_gmt":"2022-05-24T11:12:01","guid":{"rendered":"https:\/\/tallinnzoo.ee\/covid-19\/"},"modified":"2022-07-04T21:17:24","modified_gmt":"2022-07-04T18:17:24","slug":"covid-19","status":"publish","type":"page","link":"https:\/\/tallinnzoo.ee\/fi\/covid-19\/","title":{"rendered":"Covid-19"},"content":{"rendered":"\n<h2 class=\"wp-block-heading\">Covid-19 m\u00e4\u00e4r\u00e4ykset<\/h2>\n\n\n\n<div class=\"wp-block-image\"><figure class=\"alignright\"><a href=\"https:\/\/www.visittallinn.ee\/est\/k%C3%BClastaja\/planeeri\/hea-teada\/tarbijam%C3%A4rgis-%22siin-on-turvaline%22\" target=\"_blank\" rel=\"noopener\"><img decoding=\"async\" src=\"https:\/\/tallinnzoo.ee\/wp-content\/uploads\/2021\/12\/Siin-on-turvaline-margis-150x150.png\" alt=\"\" class=\"wp-image-76261\"\/><\/a><\/figure><\/div>\n\n\n\n<p>COVID-19-turvallisuusmerkinn\u00e4ll\u00e4, jonka <a href=\"https:\/\/visittallinn.ee\/fin\/matkailija\" target=\"_blank\" rel=\"noopener\">Visit Tallinn<\/a> on meille my\u00f6nt\u00e4nyt, vahvistamme, ett\u00e4 noudatamme Viron hallituksen ja terveysviraston alallemme asetettamia vaatimuksia ja ohjeita sek\u00e4 pysymme ajan tasalla tilanteesta ja autamme vierailijoitamme noudattamaan s\u00e4\u00e4nt\u00f6j\u00e4 viruksen ehk\u00e4isemiseksi paikan p\u00e4\u00e4ll\u00e4.<\/p>\n\n\n\n<h3 class=\"wp-block-heading\">Hyv\u00e4 asiakas!<\/h3>\n\n\n\n<ul class=\"wp-block-list\"><li>El\u00e4intarhan sis\u00e4tiloissa (tropiikkitalossa, norsuel\u00e4inten talossa, ymp\u00e4rist\u00f6koulutuskeskuksessa) suosittelemme yli 12-vuotiaiden vierailijoiden k\u00e4ytt\u00e4\u00e4 kasvomaskia.<\/li><li>Jonottamisen v\u00e4ltt\u00e4miseksi suosittelemme ostamaan e-lipun el\u00e4intarhan verkkosivulta.<\/li><\/ul>\n\n\n\n<p>Pyyd\u00e4mme suhtautumaan m\u00e4\u00e4r\u00e4yksiin huolehtivasti ja ymm\u00e4rt\u00e4v\u00e4isesti, jotta suojelisimme toinen toistemme terveytt\u00e4 ja voisimme pit\u00e4\u00e4 el\u00e4intarhan toiminnassa!<\/p>\n","protected":false},"excerpt":{"rendered":"<p>Covid-19 m\u00e4\u00e4r\u00e4ykset COVID-19-turvallisuusmerkinn\u00e4ll\u00e4, jonka Visit Tallinn on meille my\u00f6nt\u00e4nyt, vahvistamme, ett\u00e4 noudatamme Viron hallituksen ja terveysviraston alallemme asetettamia vaatimuksia ja &#8230;<\/p>\n","protected":false},"author":3,"featured_media":0,"parent":0,"menu_order":0,"comment_status":"closed","ping_status":"closed","template":"","meta":{"_acf_changed":false,"om_disable_all_campaigns":false,"inline_featured_image":false,"_monsterinsights_skip_tracking":false,"_monsterinsights_sitenote_active":false,"_monsterinsights_sitenote_note":"","_monsterinsights_sitenote_category":0,"_uf_show_specific_survey":0,"_uf_disable_surveys":false,"footnotes":""},"class_list":["post-13099","page","type-page","status-publish","hentry"],"acf":[],"_links":{"self":[{"href":"https:\/\/tallinnzoo.ee\/fi\/wp-json\/wp\/v2\/pages\/13099","targetHints":{"allow":["GET"]}}],"collection":[{"href":"https:\/\/tallinnzoo.ee\/fi\/wp-json\/wp\/v2\/pages"}],"about":[{"href":"https:\/\/tallinnzoo.ee\/fi\/wp-json\/wp\/v2\/types\/page"}],"author":[{"embeddable":true,"href":"https:\/\/tallinnzoo.ee\/fi\/wp-json\/wp\/v2\/users\/3"}],"replies":[{"embeddable":true,"href":"https:\/\/tallinnzoo.ee\/fi\/wp-json\/wp\/v2\/comments?post=13099"}],"version-history":[{"count":4,"href":"https:\/\/tallinnzoo.ee\/fi\/wp-json\/wp\/v2\/pages\/13099\/revisions"}],"predecessor-version":[{"id":13105,"href":"https:\/\/tallinnzoo.ee\/fi\/wp-json\/wp\/v2\/pages\/13099\/revisions\/13105"}],"wp:attachment":[{"href":"https:\/\/tallinnzoo.ee\/fi\/wp-json\/wp\/v2\/media?parent=13099"}],"curies":[{"name":"wp","href":"https:\/\/api.w.org\/{rel}","templated":true}]}}