{"id":13118,"date":"2022-05-19T18:30:58","date_gmt":"2022-05-19T15:30:58","guid":{"rendered":"https:\/\/tallinnzoo.ee\/elainten-ruokailuajat\/"},"modified":"2026-01-26T15:46:29","modified_gmt":"2026-01-26T13:46:29","slug":"elainten-ruokailuajat","status":"publish","type":"page","link":"https:\/\/tallinnzoo.ee\/fi\/elainten-ruokailuajat\/","title":{"rendered":"El\u00e4inten ruokailuajat"},"content":{"rendered":"\n<h3 class=\"wp-block-heading\">El\u00e4intarhassa kiertely on mielenkiintoisinta lounasaikaan, kun suunnittelet reittisi asukkaidemme ruokailuaikojen mukaan.<\/h3>\n\n\n\n<h3 class=\"wp-block-heading\">Tiistai<\/h3>\n\n\n\n<div class=\"wp-block-columns is-layout-flex wp-container-corecolumns-is-layout-9d6595d7 wp-block-columns-is-layout-flex\">\n<div class=\"wp-block-column is-layout-flow wp-block-column-is-layout-flow\">\n<ul class=\"wp-block-list\">\n<li><strong>12:00 <\/strong>kinkajuita eli kierteish\u00e4nt\u00e4karhuja pieness\u00e4 tropiikkitalossa<\/li>\n\n\n\n<li><strong>12:15 <\/strong>senegalingalagja pieness\u00e4 tropiikkitalossa<\/li>\n<\/ul>\n<\/div>\n\n\n\n<div class=\"wp-block-column is-layout-flow wp-block-column-is-layout-flow\">\n<div class=\"wp-block-kevinbatdorf-animate-in-view\" animatein=\"animate-in-view\" enabled=\"0\" once=\"1\" direction=\"1\" threshold=\"1\" timing=\"1\" offset=\"2rem\">\n<figure class=\"wp-block-image size-full is-resized is-style-default\"><img decoding=\"async\" src=\"https:\/\/tallinnzoo.ee\/wp-content\/uploads\/2025\/07\/himaalaja-tuugassalamander_foto-Inari-Leiman.jpg\" alt=\"\" class=\"wp-image-65566\" style=\"aspect-ratio:1.5009380863039399;width:516px;height:auto\"\/><figcaption class=\"wp-element-caption\">Krokotiilisalamanteri <\/figcaption><\/figure>\n<\/div>\n<\/div>\n<\/div>\n\n\n\n<h3 class=\"wp-block-heading\">Keskiviikko<\/h3>\n\n\n\n<div class=\"wp-block-columns is-layout-flex wp-container-corecolumns-is-layout-9d6595d7 wp-block-columns-is-layout-flex\">\n<div class=\"wp-block-column is-layout-flow wp-block-column-is-layout-flow\">\n<ul class=\"wp-block-list\">\n<li><strong>12:00 <\/strong>kinkajuita pieness\u00e4 tropiikkitalossa<\/li>\n\n\n\n<li><strong>12:15 <\/strong>senegalingalagja pieness\u00e4 tropiikkitalossa<\/li>\n\n\n\n<li><strong>13:00 <\/strong>riikinkukkorausku pieness\u00e4 tropiikkitalossa<\/li>\n\n\n\n<li><strong>13:15<\/strong> nelisormimangusteja paksunahkaisten talossa<\/li>\n\n\n\n<li><strong>13:30 <\/strong>krokotiilisalamanteri pieness\u00e4 tropiikkitalossa<\/li>\n\n\n\n<li><strong>14:00 <\/strong>valkot\u00f6yht\u00f6tamariineja pieness\u00e4 tropiikkitalossa<\/li>\n<\/ul>\n<\/div>\n\n\n\n<div class=\"wp-block-column is-layout-flow wp-block-column-is-layout-flow\">\n<figure class=\"wp-block-image size-full is-resized is-style-default\"><img decoding=\"async\" src=\"https:\/\/tallinnzoo.ee\/wp-content\/uploads\/2022\/05\/kinkazuu_foto-Inari-Leiman-1024x682-1.jpg\" alt=\"\" class=\"wp-image-2540\" style=\"aspect-ratio:1.5014075839284715;width:524px;height:auto\"\/><figcaption class=\"wp-element-caption\">Kinkajuita<\/figcaption><\/figure>\n<\/div>\n<\/div>\n\n\n\n<h3 class=\"wp-block-heading\">Torstai<\/h3>\n\n\n\n<div class=\"wp-block-columns is-layout-flex wp-container-corecolumns-is-layout-9d6595d7 wp-block-columns-is-layout-flex\">\n<div class=\"wp-block-column is-layout-flow wp-block-column-is-layout-flow\">\n<ul class=\"wp-block-list\">\n<li><strong>12:00 <\/strong>kinkajuita pieness\u00e4 tropiikkitalossa<\/li>\n\n\n\n<li><strong>12:15 <\/strong>senegalingalagja pieness\u00e4 tropiikkitalossa<\/li>\n<\/ul>\n<\/div>\n<\/div>\n\n\n\n<h3 class=\"wp-block-heading\">Perjantai<\/h3>\n\n\n\n<div class=\"wp-block-columns is-layout-flex wp-container-corecolumns-is-layout-9d6595d7 wp-block-columns-is-layout-flex\">\n<div class=\"wp-block-column is-layout-flow wp-block-column-is-layout-flow\">\n<ul class=\"wp-block-list\">\n<li><strong>12:00 <\/strong>kinkajuita pieness\u00e4 tropiikkitalossa<\/li>\n\n\n\n<li><strong>12:15 <\/strong>senegalingalagja pieness\u00e4 tropiikkitalossa<\/li>\n<\/ul>\n<\/div>\n\n\n\n<div class=\"wp-block-column is-layout-flow wp-block-column-is-layout-flow\">\n<figure class=\"wp-block-image size-large is-resized is-style-default\"><img decoding=\"async\" src=\"https:\/\/tallinnzoo.ee\/wp-content\/uploads\/2023\/10\/korvits-lisanditega-surikaatidele_foto-Inari-Leiman-1024x683.jpg\" alt=\"\" class=\"wp-image-35352\" style=\"aspect-ratio:1.4992298790024747;width:519px;height:auto\"\/><figcaption class=\"wp-element-caption\">Nelisormimangusteja<\/figcaption><\/figure>\n<\/div>\n<\/div>\n\n\n\n<h3 class=\"wp-block-heading\">Lauantai<\/h3>\n\n\n\n<div class=\"wp-block-columns is-layout-flex wp-container-corecolumns-is-layout-9d6595d7 wp-block-columns-is-layout-flex\">\n<div class=\"wp-block-column is-layout-flow wp-block-column-is-layout-flow\">\n<ul class=\"wp-block-list\">\n<li><strong>12:00 <\/strong>kinkajuita pieness\u00e4 tropiikkitalossa<\/li>\n\n\n\n<li><strong>12:15 <\/strong>senegalingalagja pieness\u00e4 tropiikkitalossa<\/li>\n\n\n\n<li><strong>13:00 <\/strong>riikinkukkorausku pieness\u00e4 tropiikkitalossa<\/li>\n\n\n\n<li><strong>13:00 <\/strong>siperiantiikeri tiikerilaaksossa \/ ruokintaa n\u00e4kee sademets\u00e4n ravintolan ikkunoista<\/li>\n\n\n\n<li><strong>13:30 <\/strong>krokotiilisalamanteri pieness\u00e4 tropiikkitalossa<\/li>\n\n\n\n<li><strong>14:00 <\/strong>valkot\u00f6yht\u00f6tamariineja pieness\u00e4 tropiikkitalossa<\/li>\n<\/ul>\n<\/div>\n\n\n\n<div class=\"wp-block-column is-layout-flow wp-block-column-is-layout-flow\">\n<figure class=\"wp-block-image size-large is-resized is-style-default\"><img loading=\"lazy\" decoding=\"async\" width=\"1024\" height=\"683\" src=\"https:\/\/tallinnzoo.ee\/wp-content\/uploads\/2025\/10\/3amuuri-tiiger-Ohana_koht-hakkab-tais-saama_foto-Inari-Leiman-1024x683.jpg\" alt=\"\" class=\"wp-image-68791\" style=\"aspect-ratio:1.4992214250362204;width:533px;height:auto\" srcset=\"https:\/\/tallinnzoo.ee\/wp-content\/uploads\/2025\/10\/3amuuri-tiiger-Ohana_koht-hakkab-tais-saama_foto-Inari-Leiman-1024x683.jpg 1024w, https:\/\/tallinnzoo.ee\/wp-content\/uploads\/2025\/10\/3amuuri-tiiger-Ohana_koht-hakkab-tais-saama_foto-Inari-Leiman-300x200.jpg 300w, https:\/\/tallinnzoo.ee\/wp-content\/uploads\/2025\/10\/3amuuri-tiiger-Ohana_koht-hakkab-tais-saama_foto-Inari-Leiman-768x512.jpg 768w, https:\/\/tallinnzoo.ee\/wp-content\/uploads\/2025\/10\/3amuuri-tiiger-Ohana_koht-hakkab-tais-saama_foto-Inari-Leiman-1536x1024.jpg 1536w, https:\/\/tallinnzoo.ee\/wp-content\/uploads\/2025\/10\/3amuuri-tiiger-Ohana_koht-hakkab-tais-saama_foto-Inari-Leiman-2048x1366.jpg 2048w, https:\/\/tallinnzoo.ee\/wp-content\/uploads\/2025\/10\/3amuuri-tiiger-Ohana_koht-hakkab-tais-saama_foto-Inari-Leiman-600x400.jpg 600w\" sizes=\"auto, (max-width: 1024px) 100vw, 1024px\" \/><figcaption class=\"wp-element-caption\">Siperiantiikeri<\/figcaption><\/figure>\n<\/div>\n<\/div>\n\n\n\n<h3 class=\"wp-block-heading\">Sunnuntai<\/h3>\n\n\n\n<div class=\"wp-block-columns is-layout-flex wp-container-corecolumns-is-layout-9d6595d7 wp-block-columns-is-layout-flex\">\n<div class=\"wp-block-column is-layout-flow wp-block-column-is-layout-flow\">\n<ul class=\"wp-block-list\">\n<li><strong>12:00 <\/strong>kinkajuita pieness\u00e4 tropiikkitalossa<\/li>\n\n\n\n<li><strong>12:15 <\/strong>senegalingalagja pieness\u00e4 tropiikkitalossa<\/li>\n\n\n\n<li><strong>13:15<\/strong> nelisormimangusteja paksunahkaisten talossa<\/li>\n<\/ul>\n<\/div>\n\n\n\n<div class=\"wp-block-column is-layout-flow wp-block-column-is-layout-flow\">\n<figure class=\"wp-block-image size-full is-resized is-style-default\"><img decoding=\"async\" src=\"https:\/\/tallinnzoo.ee\/wp-content\/uploads\/2022\/05\/senegali-galaago.jpg\" alt=\"\" class=\"wp-image-10335\" style=\"aspect-ratio:1.499299350065404;width:544px;height:auto\"\/><figcaption class=\"wp-element-caption\">Senegalingalagja <\/figcaption><\/figure>\n<\/div>\n<\/div>\n\n\n\n<hr class=\"wp-block-separator has-css-opacity\"\/>\n\n\n\n<p>Kyse on el\u00e4inten tavallisista ruokailuajoista, ei opastetuista ruokailutapahtumista. El\u00e4intenhoitajat eiv\u00e4t kerro el\u00e4inten ruokailutavoista niiden ruokinnan aikana.<\/p>\n","protected":false},"excerpt":{"rendered":"<p>El\u00e4intarhassa kiertely on mielenkiintoisinta lounasaikaan, kun suunnittelet reittisi asukkaidemme ruokailuaikojen mukaan. Tiistai Keskiviikko Torstai Perjantai Lauantai Sunnuntai Kyse on el\u00e4inten &#8230;<\/p>\n","protected":false},"author":4,"featured_media":22003,"parent":0,"menu_order":0,"comment_status":"closed","ping_status":"closed","template":"","meta":{"_acf_changed":false,"om_disable_all_campaigns":false,"inline_featured_image":false,"_monsterinsights_skip_tracking":false,"_monsterinsights_sitenote_active":false,"_monsterinsights_sitenote_note":"","_monsterinsights_sitenote_category":0,"_uf_show_specific_survey":0,"_uf_disable_surveys":false,"footnotes":""},"class_list":["post-13118","page","type-page","status-publish","has-post-thumbnail","hentry"],"acf":[],"_links":{"self":[{"href":"https:\/\/tallinnzoo.ee\/fi\/wp-json\/wp\/v2\/pages\/13118","targetHints":{"allow":["GET"]}}],"collection":[{"href":"https:\/\/tallinnzoo.ee\/fi\/wp-json\/wp\/v2\/pages"}],"about":[{"href":"https:\/\/tallinnzoo.ee\/fi\/wp-json\/wp\/v2\/types\/page"}],"author":[{"embeddable":true,"href":"https:\/\/tallinnzoo.ee\/fi\/wp-json\/wp\/v2\/users\/4"}],"replies":[{"embeddable":true,"href":"https:\/\/tallinnzoo.ee\/fi\/wp-json\/wp\/v2\/comments?post=13118"}],"version-history":[{"count":32,"href":"https:\/\/tallinnzoo.ee\/fi\/wp-json\/wp\/v2\/pages\/13118\/revisions"}],"predecessor-version":[{"id":70920,"href":"https:\/\/tallinnzoo.ee\/fi\/wp-json\/wp\/v2\/pages\/13118\/revisions\/70920"}],"wp:featuredmedia":[{"embeddable":true,"href":"https:\/\/tallinnzoo.ee\/fi\/wp-json\/wp\/v2\/media\/22003"}],"wp:attachment":[{"href":"https:\/\/tallinnzoo.ee\/fi\/wp-json\/wp\/v2\/media?parent=13118"}],"curies":[{"name":"wp","href":"https:\/\/api.w.org\/{rel}","templated":true}]}}