{"id":13127,"date":"2022-05-18T22:38:29","date_gmt":"2022-05-18T19:38:29","guid":{"rendered":"https:\/\/tallinnzoo.ee\/vierailusaannot\/"},"modified":"2025-08-06T16:27:31","modified_gmt":"2025-08-06T13:27:31","slug":"vierailusaannot","status":"publish","type":"page","link":"https:\/\/tallinnzoo.ee\/fi\/vierailusaannot\/","title":{"rendered":"Vierailus\u00e4\u00e4nn\u00f6t"},"content":{"rendered":"\n<ul class=\"wp-block-list\">\n<li>El\u00e4intarhan alueelle p\u00e4\u00e4syn ja oikeuden viipy\u00e4 alueella antaa sis\u00e4\u00e4np\u00e4\u00e4sylippu (kertalippu tai tietylle aikav\u00e4lille ostettu kausilippu), joka tulee s\u00e4ilytt\u00e4\u00e4 vierailuajan loppuun saakka.<\/li>\n\n\n\n<li>Alle 8-vuotiaat lapset voivat vierailla el\u00e4intarhassa ainoastaan v\u00e4hint\u00e4\u00e4n 14-vuotiaan seurassa.<\/li>\n\n\n\n<li>Lippu oikeuttaa vierailijan viipym\u00e4\u00e4n vierailijoille tarkoitetuilla alueilla lipun voimassaoloajan loppuun asti.<\/li>\n\n\n\n<li>K\u00e4vij\u00f6ill\u00e4 on oikeus ilman lis\u00e4maksua video- ja valokuvata, mik\u00e4li noudattavat s\u00e4\u00e4nt\u00f6j\u00e4 sek\u00e4 pysyv\u00e4t k\u00e4vij\u00f6ille suunnatuilla alueilla.<\/li>\n<\/ul>\n\n\n\n<h2 class=\"wp-block-heading\">El\u00e4intarhan k\u00e4vij\u00f6ilt\u00e4 on kielletty:<\/h2>\n\n\n\n<ul class=\"wp-block-list\">\n<li>El\u00e4inten koskeminen, h\u00e4iritseminen ja ruokkiminen (paitsi miss\u00e4 ruokinta on el\u00e4intarhan puolelta j\u00e4rjestetty\u00e4);<\/li>\n\n\n\n<li>Tuoda mukanaan kissoja, koiria ja muita lemmikkiel\u00e4imi\u00e4, ilmapalloja ja lennokeita (muun muassa neliroottoriset helikopterit);<\/li>\n\n\n\n<li>Ylitt\u00e4\u00e4 suojaesteit\u00e4 ja\/tai kiivet\u00e4 niiden p\u00e4\u00e4lle ja\/tai taakse;<\/li>\n\n\n\n<li>Olla alueella huumausaineiden tai voimakkaan alkoholin vaikutuksen alaisena;<\/li>\n\n\n\n<li>Tupakoida;<\/li>\n\n\n\n<li>J\u00e4\u00e4d\u00e4 alueelle sulkemisajan j\u00e4lkeen (paitsi el\u00e4intarhan j\u00e4rjest\u00e4mien tapahtumien aikana m\u00e4\u00e4r\u00e4tyill\u00e4 alueilla);<\/li>\n\n\n\n<li>Ajaa el\u00e4intarhan alueella polkupy\u00f6r\u00e4ll\u00e4, potkulaudalla, kaksipy\u00f6r\u00e4isell\u00e4 moottoroidulla kulkuv\u00e4lineell\u00e4 (esim. Segway), skeittilaudalla, rullaluistimilla ja muilla vastaavilla kulkuv\u00e4lineill\u00e4 (paitsi <strong>alle kouluik\u00e4iset lapset<\/strong>ik\u00e4\u00e4n sopivalla kulkuv\u00e4lineell\u00e4 vanhempien vastuulla)<\/li>\n<\/ul>\n\n\n\n<p>El\u00e4intarhan s\u00e4\u00e4nn\u00f6t koskevat kaikkia el\u00e4intarhan alueella olevia henkil\u00f6it\u00e4.<\/p>\n","protected":false},"excerpt":{"rendered":"<p>El\u00e4intarhan k\u00e4vij\u00f6ilt\u00e4 on kielletty: El\u00e4intarhan s\u00e4\u00e4nn\u00f6t koskevat kaikkia el\u00e4intarhan alueella olevia henkil\u00f6it\u00e4.<\/p>\n","protected":false},"author":2,"featured_media":27293,"parent":0,"menu_order":0,"comment_status":"closed","ping_status":"closed","template":"","meta":{"_acf_changed":false,"om_disable_all_campaigns":false,"inline_featured_image":false,"_monsterinsights_skip_tracking":false,"_monsterinsights_sitenote_active":false,"_monsterinsights_sitenote_note":"","_monsterinsights_sitenote_category":0,"_uf_show_specific_survey":0,"_uf_disable_surveys":false,"footnotes":""},"class_list":["post-13127","page","type-page","status-publish","has-post-thumbnail","hentry"],"acf":[],"_links":{"self":[{"href":"https:\/\/tallinnzoo.ee\/fi\/wp-json\/wp\/v2\/pages\/13127","targetHints":{"allow":["GET"]}}],"collection":[{"href":"https:\/\/tallinnzoo.ee\/fi\/wp-json\/wp\/v2\/pages"}],"about":[{"href":"https:\/\/tallinnzoo.ee\/fi\/wp-json\/wp\/v2\/types\/page"}],"author":[{"embeddable":true,"href":"https:\/\/tallinnzoo.ee\/fi\/wp-json\/wp\/v2\/users\/2"}],"replies":[{"embeddable":true,"href":"https:\/\/tallinnzoo.ee\/fi\/wp-json\/wp\/v2\/comments?post=13127"}],"version-history":[{"count":6,"href":"https:\/\/tallinnzoo.ee\/fi\/wp-json\/wp\/v2\/pages\/13127\/revisions"}],"predecessor-version":[{"id":65681,"href":"https:\/\/tallinnzoo.ee\/fi\/wp-json\/wp\/v2\/pages\/13127\/revisions\/65681"}],"wp:featuredmedia":[{"embeddable":true,"href":"https:\/\/tallinnzoo.ee\/fi\/wp-json\/wp\/v2\/media\/27293"}],"wp:attachment":[{"href":"https:\/\/tallinnzoo.ee\/fi\/wp-json\/wp\/v2\/media?parent=13127"}],"curies":[{"name":"wp","href":"https:\/\/api.w.org\/{rel}","templated":true}]}}