{"id":13133,"date":"2022-04-28T16:00:29","date_gmt":"2022-04-28T13:00:29","guid":{"rendered":"https:\/\/tallinnzoo.ee\/yhteystiedot\/"},"modified":"2023-08-02T13:36:34","modified_gmt":"2023-08-02T10:36:34","slug":"yhteystiedot","status":"publish","type":"page","link":"https:\/\/tallinnzoo.ee\/fi\/yhteystiedot\/","title":{"rendered":"Yhteystiedot"},"content":{"rendered":"<section class=\"contact-info-section wide-section\">\n  <div class=\"wide-section__inner\">\n    <div class=\"contact-info\">\n      <h2 class=\"sr-only\">Contact info<\/h2>\n      <div class=\"container\">\n        <div class=\"row row-large-gutter\">\n                      <div class=\"col-md-6 col-lg-4\">\n              <div class=\"contact-info__col\">\n                                  <h3 class=\"icon-title icon-title--chat icon-title--lg\">Ota yhteytt\u00e4<\/h3>\n                \n                                  <p>Puhelin (arkip\u00e4ivisin) <a href=\"tel:3726943300\">+372<\/a>694 33 00<\/p>\n<p>H\u00e4t\u00e4apu <a href=\"tel:3725126965\">512 69 65<\/a><\/p>\n<p>S\u00e4hk\u00f6posti <a href=\"mailto:zoo@tallinnzoo.ee\">zoo@tallinnzoo.ee<\/a><\/p>\n\n                              <\/div>\n            <\/div>\n          \n                      <div class=\"col-md-6 col-lg-4 col-middle\">\n              <div class=\"contact-info__col\">\n                                  <h3 class=\"icon-title icon-title--pin icon-title--lg\">Osoite<\/h3>\n                \n                                  <p>Tallinnan el\u00e4intarha<\/p>\n<p>Ehitajate tee 150\/Paldiski mnt 145<br \/>\nTallinn 13522, Viro<\/p>\n\n                              <\/div>\n            <\/div>\n          \n                      <div class=\"col-md-6 col-lg-4\">\n              <div class=\"contact-info__col\">\n                                  <h3 class=\"icon-title icon-title--book icon-title--lg\">Tiedot<\/h3>\n                \n                                  <p>Rekisterinumero: 75016102<\/p>\n<p>ALV-nr (VAT): EE100184949<\/p>\n\n                              <\/div>\n            <\/div>\n                  <\/div>\n      <\/div>\n    <\/div>\n  <\/div>\n<\/section>\n\n\n<section class=\"gates-info-section wide-section\">\n  <div class=\"wide-section__inner\">\n    <h2 class=\"sr-only\">Gates info<\/h2>\n    <div class=\"container\">\n      <div class=\"row\">\n                  <div class=\"col-md-6\">\n            <div class=\"gate-info \">\n  <div class=\"gate-info__content-wrap\">\n    <h3 class=\"h2 mb-1\">Pohjoisportti (B)<\/h3>\n    <p class=\"mb-4\">Paldiski mnt 145, Tallinn<\/p>\n    <h4 class=\"mb-2\">Reittiohjeet el\u00e4intarhaan<\/h4>\n\n    <ul class=\"zoo-directions\">\n              <li class=\"zoo-directions__item zoo-directions__item--bus\">\n          <a href=\"https:\/\/goo.gl\/maps\/7B1DipkfBRuY7aNx5\" class=\"btn btn-with-text\" target=\"_blank\" rel=\"noopener\">Bussilla<\/a>\n        <\/li>\n      \n              <li class=\"zoo-directions__item zoo-directions__item--car\">\n          <a href=\"https:\/\/goo.gl\/maps\/PAyjNQ1RVTbQTd6PA\" class=\"btn btn-with-text\" target=\"_blank\" rel=\"noopener\">Autolla<\/a>\n        <\/li>\n      \n              <li class=\"zoo-directions__item zoo-directions__item--bicycle\">\n          <a href=\"https:\/\/goo.gl\/maps\/av7KBtkRMxAnSLV69\" class=\"btn btn-with-text\" target=\"_blank\" rel=\"noopener\">Py\u00f6r\u00e4ll\u00e4<\/a>\n        <\/li>\n          <\/ul>\n\n    <div class=\"gate-info__content\">\n      <p><strong>Vabaduse aukiolta<\/strong> (Vabaduse v\u00e4ljak) bussit 21, 21b, 22, 41, 41b ja 42 (pys\u00e4kki Zoo)<br \/>\n<strong>Balti jaam rautatieasemalta<\/strong> bussit 8, 21 ja 41 (pys\u00e4kki Zoo)<\/p>\n\n    <\/div>\n  <\/div>\n\n    <div class=\"gate-info__map embed-responsive embed-responsive-4by3\">\n    <iframe src=\"https:\/\/www.google.com\/maps\/embed?pb=!1m18!1m12!1m3!1d2029.4305493404752!2d24.65730391651753!3d59.42589351031786!2m3!1f0!2f0!3f0!3m2!1i1024!2i768!4f13.1!3m3!1m2!1s0x46929438c95baf35%3A0xfccf71e6d2832ba6!2sTallinn%20Zoo!5e0!3m2!1set!2see!4v1651496432542!5m2!1set!2see\" width=\"600\" height=\"450\" style=\"border:0;\" allowfullscreen=\"\" loading=\"lazy\" referrerpolicy=\"no-referrer-when-downgrade\"><\/iframe>\n  <\/div>\n  <\/div>\n          <\/div>\n        \n                  <div class=\"col-md-6\">\n            <div class=\"gate-info gate-info--secondary\">\n  <div class=\"gate-info__content-wrap\">\n    <h3 class=\"h2 mb-1\">L\u00e4nsiportti (A)<\/h3>\n    <p class=\"mb-4\">Ehitajate tee 150, Tallinn<\/p>\n    <h4 class=\"mb-2\">Reittiohjeet el\u00e4intarhaan<\/h4>\n\n    <ul class=\"zoo-directions\">\n              <li class=\"zoo-directions__item zoo-directions__item--bus\">\n          <a href=\"https:\/\/goo.gl\/maps\/7qohVoSjwjgEryoF8\" class=\"btn btn-with-text\" target=\"_blank\" rel=\"noopener\">Bussilla<\/a>\n        <\/li>\n      \n              <li class=\"zoo-directions__item zoo-directions__item--car\">\n          <a href=\"https:\/\/goo.gl\/maps\/UiBdo7379PaAqFYu5\" class=\"btn btn-with-text\" target=\"_blank\" rel=\"noopener\">Autolla<\/a>\n        <\/li>\n      \n              <li class=\"zoo-directions__item zoo-directions__item--bicycle\">\n          <a href=\"https:\/\/goo.gl\/maps\/W3rGxDJ9gink6ntZA\" class=\"btn btn-with-text\" target=\"_blank\" rel=\"noopener\">Py\u00f6r\u00e4ll\u00e4<\/a>\n        <\/li>\n          <\/ul>\n\n    <div class=\"gate-info__content\">\n      <p><strong>Vabaduse aukiolta<\/strong> (Vabaduse v\u00e4ljak) bussi 42 (pys\u00e4kki Karikakra tai Nurmenuku)<br \/>\n<strong>Bussit<\/strong> 10, 12, 16, 26, 26a, 27, 28, 45, 61 ja 64 (pys\u00e4kki Meistri)<\/p>\n\n    <\/div>\n  <\/div>\n\n    <div class=\"gate-info__map embed-responsive embed-responsive-4by3\">\n    <iframe src=\"https:\/\/www.google.com\/maps\/embed?pb=!1m18!1m12!1m3!1d2414.063324588805!2d24.660272930555436!3d59.416775344587!2m3!1f0!2f0!3f0!3m2!1i1024!2i768!4f13.1!3m3!1m2!1s0x4692944f565945b9%3A0x25953ef6033c6f4a!2sTalllinna%20Loomaaia%20parkla!5e0!3m2!1set!2see!4v1651496636526!5m2!1set!2see\" width=\"600\" height=\"450\" style=\"border:0;\" allowfullscreen=\"\" loading=\"lazy\" referrerpolicy=\"no-referrer-when-downgrade\"><\/iframe>\n  <\/div>\n  <\/div>\n          <\/div>\n              <\/div>\n    <\/div>\n  <\/div>\n<\/section>\n\n\n<section class=\"feedback-section wide-section\">\n  <div class=\"wide-section__inner\">\n    <div class=\"container\">\n      <div class=\"row\">\n        <div class=\"col-md-6\">\n          <h2 class=\"h1 text-white mb-md-0\">Anna palautetta<\/h2>\n        <\/div>\n        <div class=\"col-md-6 justify-content-center align-self-center\">\n                      <p>L\u00e4het\u00e4 toimenpide-ehdotuksia, kiitoksia tai moitteita <\/p>\n\n          \n          <button class=\"btn btn-secondary\" data-toggle=\"modal\" data-target=\"#feedback-modal\">Anna palautetta<\/button>\n        <\/div>\n      <\/div>\n    <\/div>\n  <\/div>\n<\/section>\n\n<div class=\"modal fade feedback-modal\" id=\"feedback-modal\" tabindex=\"-1\" role=\"dialog\" aria-labelledby=\"feedback-modal-title\" aria-hidden=\"true\">\n  <div class=\"modal-dialog modal-dialog-centered\" role=\"document\">\n    <div class=\"modal-content\">\n      <button type=\"button\" class=\"close\" data-dismiss=\"modal\" aria-label=\"Close\">\n        <span aria-hidden=\"true\">&times;<\/span>\n      <\/button>\n      <img loading=\"lazy\" decoding=\"async\" src=\"https:\/\/tallinnzoo.ee\/wp-content\/themes\/loomaaed\/dist\/images\/plants-4_4b3795dd.svg\" class=\"feedback-modal__illustration feedback-modal__illustration--1\" alt=\"Kuva\" width=\"81\" height=\"351\">\n      <img loading=\"lazy\" decoding=\"async\" src=\"https:\/\/tallinnzoo.ee\/wp-content\/themes\/loomaaed\/dist\/images\/plants-5_0c0d0c3d.svg\" class=\"feedback-modal__illustration feedback-modal__illustration--2\" alt=\"Kuva\" width=\"87\" height=\"427\">\n      <div class=\"modal-body\">\n        <h2 id=\"feedback-modal-title\" class=\"text-md-center\">Anna palautetta<\/h2>\n\n                  <div class=\"mb-7 text-md-center\">L\u00e4het\u00e4 toimenpide-ehdotuksia, kiitoksia tai moitteita <\/div>\n        \n                  <noscript class=\"ninja-forms-noscript-message\">\n\tHuomautus: JavaScript vaaditaan t\u00e4t\u00e4 sis\u00e4lt\u00f6\u00e4 varten.<\/noscript>\n<div id=\"nf-form-2-cont\" class=\"nf-form-cont\" aria-live=\"polite\" aria-labelledby=\"nf-form-title-2\" aria-describedby=\"nf-form-errors-2\" role=\"form\">\n\n    <div class=\"nf-loading-spinner\"><\/div>\n\n<\/div>\n        <!-- That data is being printed as a workaround to page builders reordering the order of the scripts loaded-->\n        <script>var formDisplay=1;var nfForms=nfForms||[];var form=[];form.id='2';form.settings={\"objectType\":\"Form Setting\",\"editActive\":true,\"title\":\"Tagasiside\",\"form_title\":\"Tagasiside\",\"default_label_pos\":\"above\",\"show_title\":\"0\",\"clear_complete\":\"1\",\"hide_complete\":\"1\",\"logged_in\":\"0\",\"wrapper_class\":\"\",\"element_class\":\"\",\"key\":\"\",\"add_submit\":\"1\",\"changeEmailErrorMsg\":\"Palun sisestage korrektne e-mail aadess!\",\"changeDateErrorMsg\":\"Palun sisestage korrektne kuup\\u00e4ev\",\"confirmFieldErrorMsg\":\"Need v\\u00e4ljad peavad \\u00fchtima!\",\"fieldNumberNumMinError\":\"Number on liiga v\\u00e4ike\",\"fieldNumberNumMaxError\":\"Number on liiga suur\",\"fieldNumberIncrementBy\":\"Lubatud samm\",\"formErrorsCorrectErrors\":\"Palun parandage vead enne vomi saatmist\",\"validateRequiredField\":\"See v\\u00e4li on kohustuslik\",\"honeypotHoneypotError\":\"Valideerimise viga\",\"fieldsMarkedRequired\":\"T\\u00e4rniga m\\u00e4rgitud v\\u00e4ljad on kohustuslikud\",\"currency\":\"\",\"repeatable_fieldsets\":\"\",\"unique_field_error\":\"A form with this value has already been submitted.\",\"not_logged_in_msg\":\"\",\"sub_limit_msg\":\"The form has reached its submission limit.\",\"calculations\":[],\"formContentData\":[\"nimi_1650982117025\",\"e-post_1650982138754\",\"tagasiside_1650982151513\",\"saada_tagasiside_1650982228728\"],\"drawerDisabled\":false,\"allow_public_link\":0,\"embed_form\":\"\",\"public_link\":\"https:\\\/\\\/tallinnzoo.dev.unionfintech.com\\\/core\\\/ninja-forms\\\/2epua\",\"public_link_key\":\"2epua\",\"form_title_heading_level\":\"3\",\"ninjaForms\":\"Ninja-lomakkeet\",\"fieldTextareaRTEInsertLink\":\"Lis\\u00e4\\u00e4 linkki\",\"fieldTextareaRTEInsertMedia\":\"Lis\\u00e4\\u00e4 media\",\"fieldTextareaRTESelectAFile\":\"Valitse tiedosto\",\"formHoneypot\":\"Jos n\\u00e4et t\\u00e4m\\u00e4n kent\\u00e4n, j\\u00e4t\\u00e4 se tyhj\\u00e4ksi.\",\"fileUploadOldCodeFileUploadInProgress\":\"Tiedoston l\\u00e4hett\\u00e4minen menossa.\",\"fileUploadOldCodeFileUpload\":\"TIEDOSTON L\\u00c4HETT\\u00c4MINEN\",\"currencySymbol\":\"&euro;\",\"thousands_sep\":\",\",\"decimal_point\":\".\",\"siteLocale\":\"fi\",\"dateFormat\":\"d.m.Y\",\"startOfWeek\":\"1\",\"of\":\" \\\/ \",\"previousMonth\":\"Previous Month\",\"nextMonth\":\"Next Month\",\"months\":[\"January\",\"February\",\"March\",\"April\",\"May\",\"June\",\"July\",\"August\",\"September\",\"October\",\"November\",\"December\"],\"monthsShort\":[\"Jan\",\"Feb\",\"Mar\",\"Apr\",\"May\",\"Jun\",\"Jul\",\"Aug\",\"Sep\",\"Oct\",\"Nov\",\"Dec\"],\"weekdays\":[\"Sunday\",\"Monday\",\"Tuesday\",\"Wednesday\",\"Thursday\",\"Friday\",\"Saturday\"],\"weekdaysShort\":[\"Sun\",\"Mon\",\"Tue\",\"Wed\",\"Thu\",\"Fri\",\"Sat\"],\"weekdaysMin\":[\"Su\",\"Mo\",\"Tu\",\"We\",\"Th\",\"Fr\",\"Sa\"],\"recaptchaConsentMissing\":\"reCaptcha validation couldn&#039;t load.\",\"recaptchaMissingCookie\":\"reCaptcha v3 validation couldn&#039;t load the cookie needed to submit the form.\",\"recaptchaConsentEvent\":\"Accept reCaptcha cookies before sending the form.\",\"currency_symbol\":\"\",\"beforeForm\":\"\",\"beforeFields\":\"\",\"afterFields\":\"\",\"afterForm\":\"\"};form.fields=[{\"objectType\":\"Field\",\"objectDomain\":\"fields\",\"editActive\":false,\"order\":1,\"idAttribute\":\"id\",\"type\":\"textbox\",\"label\":\"Nimi\",\"key\":\"nimi_1650982117025\",\"label_pos\":\"above\",\"required\":1,\"default\":\"\",\"placeholder\":\"Sisesta oma nimi\",\"container_class\":\"one-half first\",\"element_class\":\"\",\"input_limit\":\"\",\"input_limit_type\":\"characters\",\"input_limit_msg\":\"Character(s) left\",\"manual_key\":\"\",\"admin_label\":\"\",\"help_text\":\"\",\"mask\":\"\",\"custom_mask\":\"\",\"custom_name_attribute\":\"\",\"personally_identifiable\":\"\",\"value\":\"\",\"drawerDisabled\":\"\",\"field_label\":\"Nimi\",\"field_key\":\"nimi_1650982117025\",\"id\":5,\"beforeField\":\"\",\"afterField\":\"\",\"parentType\":\"textbox\",\"element_templates\":[\"textbox\",\"input\"],\"old_classname\":\"\",\"wrap_template\":\"wrap\"},{\"objectType\":\"Field\",\"objectDomain\":\"fields\",\"editActive\":false,\"order\":2,\"idAttribute\":\"id\",\"type\":\"email\",\"label\":\"E-post\",\"key\":\"e-post_1650982138754\",\"label_pos\":\"above\",\"required\":1,\"default\":\"\",\"placeholder\":\"Sisesta oma e-post\",\"container_class\":\"one-half second\",\"element_class\":\"\",\"admin_label\":\"\",\"help_text\":\"\",\"custom_name_attribute\":\"email\",\"personally_identifiable\":1,\"value\":\"\",\"drawerDisabled\":\"\",\"field_label\":\"E-post\",\"field_key\":\"e-post_1650982138754\",\"id\":6,\"beforeField\":\"\",\"afterField\":\"\",\"parentType\":\"email\",\"element_templates\":[\"email\",\"input\"],\"old_classname\":\"\",\"wrap_template\":\"wrap\"},{\"objectType\":\"Field\",\"objectDomain\":\"fields\",\"editActive\":false,\"order\":3,\"idAttribute\":\"id\",\"type\":\"textarea\",\"label\":\"Tagasiside\",\"key\":\"tagasiside_1650982151513\",\"label_pos\":\"above\",\"required\":1,\"default\":\"\",\"placeholder\":\"Lisa oma arvamus\",\"container_class\":\"\",\"element_class\":\"\",\"input_limit\":\"\",\"input_limit_type\":\"characters\",\"input_limit_msg\":\"Character(s) left\",\"manual_key\":\"\",\"admin_label\":\"\",\"help_text\":\"\",\"textarea_rte\":\"\",\"disable_rte_mobile\":\"\",\"textarea_media\":\"\",\"value\":\"\",\"drawerDisabled\":\"\",\"field_label\":\"Tagasiside\",\"field_key\":\"tagasiside_1650982151513\",\"id\":7,\"beforeField\":\"\",\"afterField\":\"\",\"parentType\":\"textarea\",\"element_templates\":[\"textarea\",\"input\"],\"old_classname\":\"\",\"wrap_template\":\"wrap\"},{\"objectType\":\"Field\",\"objectDomain\":\"fields\",\"editActive\":false,\"order\":5,\"idAttribute\":\"id\",\"type\":\"submit\",\"label\":\"Saada tagasiside\",\"processing_label\":\"Processing\",\"container_class\":\"\",\"element_class\":\"\",\"key\":\"saada_tagasiside_1650982228728\",\"drawerDisabled\":\"\",\"field_label\":\"Saada tagasiside\",\"field_key\":\"saada_tagasiside_1650982228728\",\"admin_label\":\"\",\"id\":8,\"beforeField\":\"\",\"afterField\":\"\",\"value\":\"\",\"label_pos\":\"above\",\"parentType\":\"textbox\",\"element_templates\":[\"submit\",\"button\",\"input\"],\"old_classname\":\"\",\"wrap_template\":\"wrap-no-label\"}];nfForms.push(form);<\/script>\n        \n        \n                  <p class=\"text-xs mb-0\">Tallinnan el\u00e4intarha k\u00e4ytt\u00e4\u00e4 tietoja vain vastamiseksi.<\/p>\n              <\/div>\n    <\/div>\n  <\/div>\n<\/div>\n","protected":false},"excerpt":{"rendered":"","protected":false},"author":1,"featured_media":412,"parent":0,"menu_order":0,"comment_status":"closed","ping_status":"closed","template":"","meta":{"_acf_changed":false,"om_disable_all_campaigns":false,"inline_featured_image":false,"_monsterinsights_skip_tracking":false,"_monsterinsights_sitenote_active":false,"_monsterinsights_sitenote_note":"","_monsterinsights_sitenote_category":0,"_uf_show_specific_survey":0,"_uf_disable_surveys":false,"footnotes":""},"class_list":["post-13133","page","type-page","status-publish","has-post-thumbnail","hentry"],"acf":[],"_links":{"self":[{"href":"https:\/\/tallinnzoo.ee\/fi\/wp-json\/wp\/v2\/pages\/13133","targetHints":{"allow":["GET"]}}],"collection":[{"href":"https:\/\/tallinnzoo.ee\/fi\/wp-json\/wp\/v2\/pages"}],"about":[{"href":"https:\/\/tallinnzoo.ee\/fi\/wp-json\/wp\/v2\/types\/page"}],"author":[{"embeddable":true,"href":"https:\/\/tallinnzoo.ee\/fi\/wp-json\/wp\/v2\/users\/1"}],"replies":[{"embeddable":true,"href":"https:\/\/tallinnzoo.ee\/fi\/wp-json\/wp\/v2\/comments?post=13133"}],"version-history":[{"count":34,"href":"https:\/\/tallinnzoo.ee\/fi\/wp-json\/wp\/v2\/pages\/13133\/revisions"}],"predecessor-version":[{"id":30432,"href":"https:\/\/tallinnzoo.ee\/fi\/wp-json\/wp\/v2\/pages\/13133\/revisions\/30432"}],"wp:featuredmedia":[{"embeddable":true,"href":"https:\/\/tallinnzoo.ee\/fi\/wp-json\/wp\/v2\/media\/412"}],"wp:attachment":[{"href":"https:\/\/tallinnzoo.ee\/fi\/wp-json\/wp\/v2\/media?parent=13133"}],"curies":[{"name":"wp","href":"https:\/\/api.w.org\/{rel}","templated":true}]}}