{"id":14164,"date":"2022-05-29T22:52:00","date_gmt":"2022-05-29T19:52:00","guid":{"rendered":"https:\/\/tallinnzoo.ee\/e-lipun-kayttoehdot\/"},"modified":"2022-08-04T12:16:40","modified_gmt":"2022-08-04T09:16:40","slug":"e-lipun-kayttoehdot","status":"publish","type":"page","link":"https:\/\/tallinnzoo.ee\/fi\/e-lipun-kayttoehdot\/","title":{"rendered":"E-lipun k\u00e4ytt\u00f6ehdot"},"content":{"rendered":"\n<h2 class=\"wp-block-heading\">Tallinnan el\u00e4intarhan e-lipun k\u00e4ytt\u00f6ehdot<\/h2>\n\n\n\n<h3 class=\"wp-block-heading\">1. Yleisehdot<\/h3>\n\n\n<p>1.1 Tallinnan el\u00e4intarhan (j\u00e4ljemp\u00e4n\u00e4 el\u00e4intarha) e-lipun k\u00e4ytt\u00f6ehdot ovat voimassa<br \/>ostettaessa el\u00e4intarhan p\u00e4\u00e4syliput el\u00e4intarhan verkkosivuilta.<br \/>1.2 K\u00e4sitteet:<br \/>1.2.1 Palvelun tarjoaja<br \/>\u2013 Tallinna Loomaaed (Tallinnan el\u00e4intarha), rekisterinumero 75016102, osoite Ehitajate tee 150\/Paldiski mnt 145, Tallinn 13522.<br \/>1.2.2 Ostaja \u2013 el\u00e4intarhan p\u00e4\u00e4sylipun ostaja el\u00e4intarhan verkkosivulla.<br \/>1.2.3 Verkkosivu \u2013 web-ymp\u00e4rist\u00f6 <a href=\"https:\/\/tallinnzoo.ee\/fi\/\">www.tallinnzoo.ee<\/a>.<br \/>1.2.4 E-lippu \u2013 s\u00e4hk\u00f6inen lippu (j\u00e4ljemp\u00e4n\u00e4 lippu), joka antaa sen<br \/>esitt\u00e4j\u00e4lle oikeuden sis\u00e4\u00e4np\u00e4\u00e4syyn el\u00e4intarhaan lippuun merkityill\u00e4 ehdoilla.<br \/>1.2.5 K\u00e4ytt\u00f6ehdot \u2013 el\u00e4intarhan m\u00e4\u00e4r\u00e4\u00e4m\u00e4t yleisehdot lipun ostamiseksi<br \/>ja k\u00e4ytt\u00e4miseksi.<br \/>1.2.6 Kertalippu \u2013 el\u00e4intarhan p\u00e4\u00e4sylippu yhden kerran vierailua varten lipun voimassaoloaikana<br \/>lippuun merkittyjen ehtojen mukaisesti.<br \/>1.2.7 Kuukausilippu \u2013 el\u00e4intarhan kuukausikortti rajoittamattomilla vierailukerroilla<br \/>lipun voimassaoloaikana lippuun merkittyjen ehtojen mukaisesti.<br \/>1.2.8 Vuosilippu \u2013 el\u00e4intarhan vuosikortti rajoittamattomilla vierailukerroilla lipun<br \/>voimassaoloaikana lippuun merkittyjen ehtojen mukaisesti.<br \/>1.2.9 Lahjalippu \u2013 el\u00e4intarhan p\u00e4\u00e4sylippu yhden kerran vierailua varten lipun voimassaoloaikana<br \/>lippuun merkittyjen ehtojen mukaisesti.<br \/>1.2.10 Erikoislippu \u2013 el\u00e4intarhan erikoisopastuksien tai -p\u00e4iv\u00e4tapahtumien p\u00e4\u00e4sylippu<br \/>yhden kerran vierailua varten lipun voimassaoloaikana lippuun merkittyjen<br \/>ehtojen mukaisesti.<br \/>1.3 Lippuja ostettaessa esiintyneist\u00e4 h\u00e4iri\u00f6ist\u00e4 on ilmoitettava<br \/>s\u00e4hk\u00f6postiosoitteeseen <a href=\"mailto:piletid@tallinnzoo.ee\">piletid@tallinnzoo.ee<\/a><\/p>\n<p><!-- \/wp:post-content --><!-- wp:paragraph --><\/p>\n<p><!-- \/wp:paragraph --><\/p>\n<p><!-- wp:heading {\"level\":3} --><\/p>\n<h3>2. Lippujen ostaminen<\/h3>\n<p><!-- \/wp:heading --><\/p>\n<p>2.1 Lipun ostaessaan ostaja sy\u00f6tt\u00e4\u00e4 haluttujen lippujen ja niiden<br \/>m\u00e4\u00e4r\u00e4n lis\u00e4ksi kertalipun osalta s\u00e4hk\u00f6postiosoitteensa ja kuukausi- ja vuosilippujen<br \/>osalta henkil\u00f6tunnuksensa, etu- ja sukunimen, s\u00e4hk\u00f6postiosoitteen ja<br \/>puhelinnumeron.<br \/>2.2 Ennen lipuista maksamista on ostaja velvollinen tarkistamaan ostoskoriin<br \/>lis\u00e4ttyjen lippujen nimikkeet ja m\u00e4\u00e4r\u00e4n, ja vakuututtava siit\u00e4, ett\u00e4 ostoskorin sis\u00e4lt\u00f6 on<br \/>toivomuksen mukainen. Takaisinmaksu ei ole mahdollista, lukuun ottamatta kohdassa 5.2 esitetty\u00e4<br \/>tapausta.<br \/>2.3 Ostoskoriin erehdyksess\u00e4 lis\u00e4tyt liput tai m\u00e4\u00e4r\u00e4t, jotka eiv\u00e4t vastaa toiveita,<br \/>on mit\u00e4t\u00f6it\u00e4v\u00e4.<br \/>2.4 Lippujen hinta ostoskorissa sis\u00e4lt\u00e4\u00e4 arvonlis\u00e4veron.<br \/>2.5 Lipuista maksetaan luottokortilla tai pankkilinkkej\u00e4 k\u00e4ytt\u00e4m\u00e4ll\u00e4.<br \/>2.6 Maksun onnistuessa luodaan ostajalle p\u00e4\u00e4sylippu PDF-muodossa.<\/p>\n<p><!-- \/wp:paragraph --><!-- wp:paragraph --><\/p>\n<p><!-- wp:heading {\"level\":3} --><\/p>\n<h3>3. Lippujen toimitus<\/h3>\n<p><!-- \/wp:heading --><\/p>\n<p>3. Lippujen toimitus<br \/>PDF-muotoiset liput ja maksukuitti l\u00e4hetet\u00e4\u00e4n ostohetkell\u00e4 sy\u00f6tettyyn s\u00e4hk\u00f6postiosoitteeseen,<br \/>kun liput on maksettu internetpankissa.<br \/>PDF-muotoiset liput voidaan my\u00f6s ladata verkkosivulta<br \/>alla laadida.<\/p>\n<p><!-- \/wp:paragraph --><!-- wp:paragraph --><\/p>\n<p><!-- wp:heading {\"level\":3} --><\/p>\n<h3>4. Lippujen voimassaolo<\/h3>\n<p><!-- \/wp:heading --><\/p>\n<p>4.1 Ostetut liput ovat voimassa lippuun<br \/>merkittyjen ehtojen mukaisesti.<br \/>4.2 Kertalippu on voimassa 10 kalenterip\u00e4iv\u00e4\u00e4 ostop\u00e4iv\u00e4st\u00e4 alkaen<br \/>k\u00fclastuseks.<br \/>4.3 Kuukausikortti on voimassa 31 kalenterip\u00e4iv\u00e4\u00e4 ostop\u00e4iv\u00e4st\u00e4 alkaen rajoittamattoman m\u00e4\u00e4r\u00e4n<br \/>vierailuja.<br \/>4.4 Vuosikortti on voimassa 365 kalenterip\u00e4iv\u00e4\u00e4 ostop\u00e4iv\u00e4st\u00e4 alkaen rajoittamattoman<br \/>m\u00e4\u00e4r\u00e4n vierailuja.<br \/>4.5 Lahjalippu on voimassa 365 kalenterip\u00e4iv\u00e4\u00e4 ostop\u00e4iv\u00e4st\u00e4 alkaen<br \/>kertak\u00e4ynti\u00e4 varten.<br \/>4.6 Erikoislippu on voimassa lippuun merkittyn\u00e4 voimassaoloaikana<br \/>kertak\u00e4ynti\u00e4 varten.<\/p>\n<p><!-- \/wp:paragraph --><!-- wp:paragraph --><\/p>\n<p><!-- wp:heading {\"level\":3} --><\/p>\n<h3>5. Lipun palauttaminen<\/h3>\n<p><!-- \/wp:heading --><\/p>\n<p>5.1 Ostettuja lippuja ei voi palauttaa eik\u00e4 niit\u00e4 osteta takaisin, lukuun ottamatta<br \/>kohdassa 5.2 esitetyss\u00e4 tapauksessa.<br \/>5.2 Liput ostetaan takaisin vain siin\u00e4 tapauksessa, ett\u00e4 niiden k\u00e4ytt\u00f6 on osoittautunut<br \/>mahdottomaksi el\u00e4intarhasta johtuvista syist\u00e4.<\/p>\n<p><!-- \/wp:paragraph --><!-- wp:paragraph --><\/p>\n<p><!-- wp:heading {\"level\":3} --><\/p>\n<h3>6. Ostajan oikeudet ja velvollisuudet<\/h3>\n<p><!-- \/wp:heading --><\/p>\n<p>6.1 Ostajalla on oikeus ostaa el\u00e4intarhan verkkosivulta lippuja el\u00e4intarhan m\u00e4\u00e4r\u00e4\u00e4mill\u00e4 hinnoilla,<br \/>voimassaoloaikana ja oikeuksilla.<br \/>6.2 Ostajalla on oikeus lipuista maksettuaan saada liput ostohetkell\u00e4<br \/>sy\u00f6tt\u00e4m\u00e4\u00e4ns\u00e4 s\u00e4hk\u00f6postiosoitteeseen.<br \/>6.3 Ostaja noudattaa n\u00e4it\u00e4 k\u00e4ytt\u00f6ehtoja vaatimusten mukaisesti.<br \/>6.4 Ostaja sitoutuu el\u00e4intarhassa vierailun aikana noudattamaan el\u00e4intarhan <a href=\"https:\/\/tallinnzoo.ee\/kulastajale\/kulastamiseeskirjad\/\">vierailus\u00e4\u00e4nt\u00f6j\u00e4<\/a>.<br \/>6.5 Ostaja sitoutuu pid\u00e4tt\u00e4ytym\u00e4\u00e4n puuttumasta verkkosivujen toimimiseen ja teknisiin<br \/>ratkaisuihin. Kaikenlainen toiminta, josta voi seurata verkkosivujen ylikuormitus<br \/>tai sen toimimisen h\u00e4iri\u00f6it\u00e4, on kielletty\u00e4. Verkkosivujen k\u00e4yt\u00f6n monitorointi ja<br \/>saatujen tietojen kopiointi, k\u00e4ytt\u00f6 muuttaminen ja julkistaminen on miss\u00e4 tahansa<br \/>tarkoituksessa kielletty\u00e4.<\/p>\n<p><!-- \/wp:paragraph --><!-- wp:paragraph --><\/p>\n<p><!-- wp:heading {\"level\":3} --><\/p>\n<h3>7. El\u00e4intarhan oikeudet ja velvollisuudet<\/h3>\n<p><!-- \/wp:heading --><\/p>\n<p>7.1 El\u00e4intarhalla on oikeus muuttaa k\u00e4ytt\u00f6ehtoja siit\u00e4 ennakkoon ilmoittamatta. Uudet<br \/>voimaan tulevat ehdot julkaistaan el\u00e4intarhan verkkosivulla.<br \/>7.2 El\u00e4intarhalla on oikeus muuttaa lippujen hintoja s\u00e4\u00e4detyn hinnaston mukaisesti.<br \/>7.3 El\u00e4intarha antaa oikeudet k\u00e4ytt\u00e4\u00e4 lippuja niihin merkittyjen oikeuksien mukaisesti.<br \/>7.4 El\u00e4intarha ei vastaa kolmansien osapuolien aiheuttamista mahdollisista virheist\u00e4,<br \/>jotka aiheuttavat tilanteen, jolloin rahansiirto voi ep\u00e4onnistua.<br \/>7.5 El\u00e4intarha ei vastaa lippujen kolmansille henkil\u00f6ille joutumisesta<br \/>joutumisesta aiheutuvista mist\u00e4 tahansa vahingoista (eli siin\u00e4 tapauksessa, ett\u00e4 liput joutuvat kolmansille<br \/>henkil\u00f6ille v\u00e4\u00e4r\u00e4 s\u00e4hk\u00f6postiosoite sy\u00f6tett\u00e4ess\u00e4, sy\u00f6tettyyn<br \/>s\u00e4hk\u00f6postiosoitteeseen m\u00e4\u00e4r\u00e4ttyjen automaattisten ohjausten tms. seikan vuoksi).<\/p>\n<p><!-- \/wp:paragraph --><!-- wp:paragraph --><\/p>\n<p><!-- wp:heading {\"level\":3} --><\/p>\n<h3>8. Henkil\u00f6tietojen k\u00e4ytt\u00f6<\/h3>\n<p><!-- \/wp:heading --><\/p>\n<p>8.1 Ostaja antaa lippuja ostaessaan el\u00e4intarhalle suostumuksen henkil\u00f6tietojensa k\u00e4sittelyyn. 8.2 K\u00e4sitelt\u00e4v\u00e4t henkil\u00f6tiedot ovat tietoja, jotka ostaja esitt\u00e4\u00e4 lippuja ostaessaan ja jotka on mainittu kohdassa 2.1.<br \/>8.3 Ostajan henkil\u00f6tietojen k\u00e4sittelij\u00e4 on el\u00e4intarha, ja henkil\u00f6tietoja k\u00e4sitell\u00e4\u00e4n Viron tasavallassa voimassa olevien henkil\u00f6tietojen suojan s\u00e4\u00e4d\u00f6sten mukaisesti sek\u00e4 <a href=\"https:\/\/www.tallinn.ee\/Andmekaitsetingimused\" target=\"_blank\" rel=\"noopener\">Tallinnan kaupungin tietosujaehtojen mukaisesti.<\/a><br \/>8.4 El\u00e4intarha k\u00e4ytt\u00e4\u00e4 ostajan henkil\u00f6tietoja h\u00e4nelle lippujen myymiseksi ja tilastojen analysoimiseksi. <br \/>8.5 El\u00e4intarha ei l\u00e4het\u00e4 ostajalta saamia henkil\u00f6tietoja kolmansille henkil\u00f6ille, lukuun ottamatta laissa s\u00e4\u00e4detyiss\u00e4 tapauksissa.<\/p>\n<p><!-- \/wp:paragraph --><!-- wp:paragraph --><\/p>\n<p><!-- wp:heading {\"level\":3} --><\/p>\n<h3>9. Muut m\u00e4\u00e4r\u00e4ykset<\/h3>\n<p><!-- \/wp:heading --><\/p>\n<p>9.1 K\u00e4ytt\u00f6ehdot astuvat voimaan ostajan ja el\u00e4intarhan v\u00e4lill\u00e4 siit\u00e4 hetkest\u00e4 lukien, kun ostaja antaa suostumuksensa k\u00e4ytt\u00f6ehtoihin s\u00e4hk\u00f6isell\u00e4 vahvistuksella.<\/p>","protected":false},"excerpt":{"rendered":"<p>Tallinnan el\u00e4intarhan e-lipun k\u00e4ytt\u00f6ehdot 1. Yleisehdot 1.1 Tallinnan el\u00e4intarhan (j\u00e4ljemp\u00e4n\u00e4 el\u00e4intarha) e-lipun k\u00e4ytt\u00f6ehdot ovat voimassaostettaessa el\u00e4intarhan p\u00e4\u00e4syliput el\u00e4intarhan verkkosivuilta.1.2 K\u00e4sitteet:1.2.1 &#8230;<\/p>\n","protected":false},"author":3,"featured_media":0,"parent":0,"menu_order":0,"comment_status":"closed","ping_status":"closed","template":"","meta":{"_acf_changed":false,"om_disable_all_campaigns":false,"inline_featured_image":false,"_monsterinsights_skip_tracking":false,"_monsterinsights_sitenote_active":false,"_monsterinsights_sitenote_note":"","_monsterinsights_sitenote_category":0,"_uf_show_specific_survey":0,"_uf_disable_surveys":false,"footnotes":""},"class_list":["post-14164","page","type-page","status-publish","hentry"],"acf":[],"_links":{"self":[{"href":"https:\/\/tallinnzoo.ee\/fi\/wp-json\/wp\/v2\/pages\/14164","targetHints":{"allow":["GET"]}}],"collection":[{"href":"https:\/\/tallinnzoo.ee\/fi\/wp-json\/wp\/v2\/pages"}],"about":[{"href":"https:\/\/tallinnzoo.ee\/fi\/wp-json\/wp\/v2\/types\/page"}],"author":[{"embeddable":true,"href":"https:\/\/tallinnzoo.ee\/fi\/wp-json\/wp\/v2\/users\/3"}],"replies":[{"embeddable":true,"href":"https:\/\/tallinnzoo.ee\/fi\/wp-json\/wp\/v2\/comments?post=14164"}],"version-history":[{"count":5,"href":"https:\/\/tallinnzoo.ee\/fi\/wp-json\/wp\/v2\/pages\/14164\/revisions"}],"predecessor-version":[{"id":14178,"href":"https:\/\/tallinnzoo.ee\/fi\/wp-json\/wp\/v2\/pages\/14164\/revisions\/14178"}],"wp:attachment":[{"href":"https:\/\/tallinnzoo.ee\/fi\/wp-json\/wp\/v2\/media?parent=14164"}],"curies":[{"name":"wp","href":"https:\/\/api.w.org\/{rel}","templated":true}]}}