{"id":20338,"date":"2023-02-26T11:26:49","date_gmt":"2023-02-26T09:26:49","guid":{"rendered":"https:\/\/tallinnzoo.ee\/ruokailu\/"},"modified":"2025-05-02T16:33:00","modified_gmt":"2025-05-02T13:33:00","slug":"ruokailu","status":"publish","type":"page","link":"https:\/\/tallinnzoo.ee\/fi\/ruokailu\/","title":{"rendered":"Ruokailu"},"content":{"rendered":"\n<figure class=\"wp-block-table is-style-stripes\"><table class=\"has-fixed-layout\"><tbody><tr><td><\/td><td><strong><strong>syys-<br>lokakuu<\/strong><\/strong><\/td><td><strong>marras\u2013<br>helmikuu<\/strong> <\/td><td><strong>maalis\u2013<\/strong><br><strong>huhtikuu<\/strong> <\/td><td><strong>touko-<br>elokuu<\/strong> <\/td><\/tr><tr><td><strong>Sademets\u00e4n ruokailuala<\/strong><\/td><td>10-18<\/td><td>10-16<\/td><td>10-18<\/td><td>10-19<\/td><\/tr><tr><td><strong>Kahvila Illu<\/strong><\/td><td>suljettu<\/td><td>suljettu<\/td><td>suljettu<\/td><td>10-17<\/td><\/tr><tr><td><strong>Kahvila Tiigri<\/strong><\/td><td>suljettu<\/td><td>suljettu<\/td><td>suljettu<\/td><td>10-17<\/td><\/tr><\/tbody><\/table><\/figure>\n\n\n\n<p><strong>Kes\u00e4iset myyntipisteet<\/strong> hylkeiden l\u00e4heisyydess\u00e4, paksunahkaisen talon edess\u00e4 ja norsutornissa ovat avoinna klo <strong>10-17 <\/strong>(suljettu sateisella s\u00e4\u00e4ll\u00e4).<\/p>\n\n\n\n<p><strong>Kuuman ja kylm\u00e4n juoman ja v\u00e4lipalaautomaatit<\/strong> sijaitsevat ymp\u00e4rist\u00f6kasvatuskeskuksessa matkamuistomyym\u00e4l\u00e4n vieress\u00e4. <\/p>\n\n\n\n<p>Ryhm\u00e4tilaukset: <a href=\"mailto:catering@tuuleveski.ee\">catering@tuuleveski.ee<\/a><\/p>\n\n\n\n<p>Tarjoilusta vastaa Osa\u00fching Tuuleveski.<\/p>\n","protected":false},"excerpt":{"rendered":"<p>syys-lokakuu marras\u2013helmikuu maalis\u2013huhtikuu touko-elokuu Sademets\u00e4n ruokailuala 10-18 10-16 10-18 10-19 Kahvila Illu suljettu suljettu suljettu 10-17 Kahvila Tiigri suljettu suljettu &#8230;<\/p>\n","protected":false},"author":4,"featured_media":27833,"parent":0,"menu_order":0,"comment_status":"closed","ping_status":"closed","template":"","meta":{"_acf_changed":false,"om_disable_all_campaigns":false,"inline_featured_image":false,"_monsterinsights_skip_tracking":false,"_monsterinsights_sitenote_active":false,"_monsterinsights_sitenote_note":"","_monsterinsights_sitenote_category":0,"_uf_show_specific_survey":0,"_uf_disable_surveys":false,"footnotes":""},"class_list":["post-20338","page","type-page","status-publish","has-post-thumbnail","hentry"],"acf":[],"_links":{"self":[{"href":"https:\/\/tallinnzoo.ee\/fi\/wp-json\/wp\/v2\/pages\/20338","targetHints":{"allow":["GET"]}}],"collection":[{"href":"https:\/\/tallinnzoo.ee\/fi\/wp-json\/wp\/v2\/pages"}],"about":[{"href":"https:\/\/tallinnzoo.ee\/fi\/wp-json\/wp\/v2\/types\/page"}],"author":[{"embeddable":true,"href":"https:\/\/tallinnzoo.ee\/fi\/wp-json\/wp\/v2\/users\/4"}],"replies":[{"embeddable":true,"href":"https:\/\/tallinnzoo.ee\/fi\/wp-json\/wp\/v2\/comments?post=20338"}],"version-history":[{"count":72,"href":"https:\/\/tallinnzoo.ee\/fi\/wp-json\/wp\/v2\/pages\/20338\/revisions"}],"predecessor-version":[{"id":61718,"href":"https:\/\/tallinnzoo.ee\/fi\/wp-json\/wp\/v2\/pages\/20338\/revisions\/61718"}],"wp:featuredmedia":[{"embeddable":true,"href":"https:\/\/tallinnzoo.ee\/fi\/wp-json\/wp\/v2\/media\/27833"}],"wp:attachment":[{"href":"https:\/\/tallinnzoo.ee\/fi\/wp-json\/wp\/v2\/media?parent=20338"}],"curies":[{"name":"wp","href":"https:\/\/api.w.org\/{rel}","templated":true}]}}