{"id":22910,"date":"2022-05-17T19:58:54","date_gmt":"2022-05-17T16:58:54","guid":{"rendered":"https:\/\/tallinnzoo.ee\/veskimets\/"},"modified":"2023-05-21T13:51:57","modified_gmt":"2023-05-21T10:51:57","slug":"veskimets","status":"publish","type":"page","link":"https:\/\/tallinnzoo.ee\/fi\/veskimets\/","title":{"rendered":"Veskimets"},"content":{"rendered":"\n<h3 class=\"wp-block-heading\">Mene mets\u00e4\u00e4n!<\/h3>\n\n\n\n<p>El\u00e4intarhassa on eksoottisten el\u00e4inten lis\u00e4ksi muutakin j\u00e4nnitt\u00e4v\u00e4\u00e4. Ihminen kokee kaikkein selke\u00e4mmin olevansa luonnon kanssa yht\u00e4 mets\u00e4n siimeksess\u00e4 ollessaan, mets\u00e4kylpy v\u00e4hent\u00e4\u00e4 tehokkaasti kaupunkilaisten vaivaamaa stressi\u00e4. <\/p>\n\n\n\n<p>Tiesitk\u00f6, ett\u00e4 el\u00e4intarhan alueella kasvaa koko Viron mittakaavassa aivan erityinen mets\u00e4, josta suurimman osan muodostaa luonnon monimuotoisuuden kannalta merkitt\u00e4v\u00e4 eli\u00f6iden elinymp\u00e4rist\u00f6 eli avainbiotooppi. Avainbiotoopeista koko Virossa yleisell\u00e4 tasolla ja erikseen Veskimetsin avainbiotoopista kertovat mets\u00e4n reunassa kahdessa eri paikassa sijaitsevat tiedotustaulut.<\/p>\n\n\n\n<p>Veskimetsin luontopolulla on kiinte\u00e4 n\u00e4yttely, joka on jaettu seitsem\u00e4\u00e4n aiheeseen ja sen tietotaulut v\u00e4litt\u00e4v\u00e4t tietoja Veskimetsin historiasta, lehtimets\u00e4n runsaasta kasvillisuudesta ja siell\u00e4 viihtyvist\u00e4 kasveista (sammal- ja kukkakasvit), el\u00e4imist\u00e4 (erityisesti linnuista) ja sienist\u00e4. My\u00f6s alueen geologiassa on omat erikoispiirteens\u00e4. V\u00e4rikk\u00e4\u00e4t tietotaulut toimivat samalla luontopolun suuntaviittoina ja pylv\u00e4iden yl\u00e4osan piktogrammit viittaavat eri aiheisiin. Puu- ja sammallajit sek\u00e4 siirtolohkareet on merkitty metallisilla nimikylteill\u00e4. <\/p>\n\n\n\n<figure class=\"wp-block-embed is-type-video is-provider-youtube wp-block-embed-youtube wp-embed-aspect-16-9 wp-has-aspect-ratio\"><div class=\"wp-block-embed__wrapper\">\n<iframe loading=\"lazy\" title=\"Mine metsa! Veskimetsa v\u00e4\u00e4riselupaik\" width=\"500\" height=\"281\" src=\"https:\/\/www.youtube.com\/embed\/vpEI-tAmciM?feature=oembed\" frameborder=\"0\" allow=\"accelerometer; autoplay; clipboard-write; encrypted-media; gyroscope; picture-in-picture; web-share\" referrerpolicy=\"strict-origin-when-cross-origin\" allowfullscreen><\/iframe>\n<\/div><\/figure>\n\n\n\n<p><\/p>\n\n\n\n<p>1900-luvun alkupuolella mets\u00e4n reunassa toimineesta taimitarhasta on Veskimets\u00e4\u00e4n siirtynyt my\u00f6s muutama vieraspuulaji. 2014. Vuoden 2014 syyskaudella l\u00f6ydettiin Veskimetsist\u00e4 4 vieraspuulajia: siperianlehtikuusi, euroopanlehtikuusi, siperiankuusi ja puistolehmus. Alueella kasvavat jykev\u00e4t siperiankuuset saattavat hyvinkin olla lajinsa suurimmat edustajat koko Virossa. <\/p>\n\n\n\n<p>Veskimetsin lehtimets\u00e4n sammaleiden tutkiminen ajoittui vuoteen 2014. Lajien m\u00e4\u00e4rittelemiseen ker\u00e4ttiin yli 400 n\u00e4ytett\u00e4. Veskimetsist\u00e4 l\u00f6ydettiin yhteens\u00e4 68 erilaista sammallajia (8 maksasammallajia ja 60 aitosammallajia), joten kyseess\u00e4 on hyvin runsaslajien kasvupaikka. <\/p>\n\n\n\n<h3 class=\"wp-block-heading\">Toimintaa ja ajatteluleikkej\u00e4 koko perheen voimin<\/h3>\n\n\n\n<p>Veskimetsiss\u00e4 itsen\u00e4isesti kulkemiseen ja koko alueeseen tutustumiseen on el\u00e4intarhan matkamuistomyym\u00e4l\u00e4ss\u00e4 ja pohjoisen portin kassassa saatavissa kentt\u00e4p\u00e4iv\u00e4kirja \u201cV\u00e4ike huviraamat peredele. Veskimetsas ja mujal\u201d (Pieni hupikirja perheille. Veskimetsiss\u00e4 ja muualla), josta saa monenlaista uutta tietoa mets\u00e4retken aikana. Pohdintateht\u00e4vi\u00e4 ja monipuolista toimintaa kirjan parissa riitt\u00e4\u00e4 jokaiselle, mutta on paljon my\u00f6s sellaista, jossa tarvitaan perheenj\u00e4senten tai yst\u00e4vien apua ja tietoja.<\/p>\n\n\n\n<h3 class=\"wp-block-heading\">Miten Veskimetsiss\u00e4 p\u00e4\u00e4see kylpem\u00e4\u00e4n?<\/h3>\n\n\n\n<ul class=\"wp-block-list\">\n<li>Mets\u00e4ss\u00e4 on parasta k\u00e4yd\u00e4 toistuvasti. Esimerkiksi kev\u00e4tkausi on hyv\u00e4 aika erilaisiin kukkiviin kasveihin tutustumiseen, sienten kannalta on edullisen aika syksyisin. Sammaleet ovat kauniita vuoden ymp\u00e4ri, jolleivat ole lumen peitossa. Veskimetsin historiaan, kivikkoon ja kasvuhistoriallisesti tutkittuihin puihin tutustumiseen sopii jokainen vuodenaika.<\/li>\n\n\n\n<li>Mets\u00e4\u00e4n l\u00e4htiess\u00e4 pit\u00e4\u00e4 muistaa, ett\u00e4 polut ovat kapeita, kivisi\u00e4 ja paikoitellen melko mutkittelevia. Lastenvaunuilla kulkeminen n\u00e4ill\u00e4 poluilla on hankalaa. <\/li>\n\n\n\n<li>Lis\u00e4ksi on muistettava, ett\u00e4 mets\u00e4st\u00e4 saattaa tarttua puutiaisia mukaan. Turvallisinta ja mets\u00e4\u00e4 parhaiten s\u00e4\u00e4st\u00e4v\u00e4 tapa on kulkea pitkin kukkulan harjua pitkin kulkevaa p\u00e4\u00e4polkua.<\/li>\n\n\n\n<li>Veskimetsiss\u00e4 on melko paljon pystyyn kuolleita tai kaatuneita puita, joten ole tarkkana \u2013 jokin puu saattaa kaatua juuri silloin, kun kuljet sen ohi. Vinoon painuneiden puiden p\u00e4\u00e4lle ei kannata kiivet\u00e4.<\/li>\n\n\n\n<li>Tuulisella s\u00e4\u00e4ll\u00e4 ei kannata mets\u00e4retke\u00e4 suunnitella.<\/li>\n\n\n\n<li>Suhtaudu meid\u00e4n erikoislaatuiseen mets\u00e4\u00e4n kunnioittavalla tavalla, \u00e4l\u00e4 roskaa, \u00e4l\u00e4 riko kivi\u00e4 peitt\u00e4v\u00e4\u00e4 sammalkerrosta ja j\u00e4t\u00e4 sinivuokot kasvamaan. Kiitos!\n<ul class=\"wp-block-list\">\n<li><\/li>\n<\/ul>\n<\/li>\n<\/ul>\n\n\n<section class=\"visiting-areas-section wide-section\">\n  <div class=\"wide-section__inner\">\n    <div class=\"container\">\n      <h2 class=\"text-center\">El\u00e4intarhan alueet<\/h2>\n\n              <div class=\"areas-slider\">\n                                  <a href=\"https:\/\/tallinnzoo.ee\/fi\/polarium\/\" class=\"area-slide\">\n              <div class=\"area-slide__image\" style=\"background-image: url(https:\/\/tallinnzoo.ee\/wp-content\/uploads\/2022\/04\/polar-bear.svg)\"><\/div>\n              <h3 class=\"area-slide__title h4\">J\u00e4\u00e4karhumaailma<\/h3>\n            <\/a>\n                                  <a href=\"https:\/\/tallinnzoo.ee\/fi\/paksunahkaisten-talo\/\" class=\"area-slide\">\n              <div class=\"area-slide__image\" style=\"background-image: url(https:\/\/tallinnzoo.ee\/wp-content\/uploads\/2022\/04\/elephant.svg)\"><\/div>\n              <h3 class=\"area-slide__title h4\">Paksunahkaisten talo<\/h3>\n            <\/a>\n                                  <a href=\"https:\/\/tallinnzoo.ee\/fi\/sisa-aasia\/\" class=\"area-slide\">\n              <div class=\"area-slide__image\" style=\"background-image: url(https:\/\/tallinnzoo.ee\/wp-content\/uploads\/2022\/05\/siseaasia2-55.svg)\"><\/div>\n              <h3 class=\"area-slide__title h4\">Sis\u00e4-Aasia<\/h3>\n            <\/a>\n                                  <a href=\"https:\/\/tallinnzoo.ee\/fi\/tropiikkitalot\/\" class=\"area-slide\">\n              <div class=\"area-slide__image\" style=\"background-image: url(https:\/\/tallinnzoo.ee\/wp-content\/uploads\/2022\/04\/crocodile.svg)\"><\/div>\n              <h3 class=\"area-slide__title h4\">Tropiikkitalot<\/h3>\n            <\/a>\n                                  <a href=\"https:\/\/tallinnzoo.ee\/fi\/lasten-elaintarha\/\" class=\"area-slide\">\n              <div class=\"area-slide__image\" style=\"background-image: url(https:\/\/tallinnzoo.ee\/wp-content\/uploads\/2022\/05\/test-492.svg)\"><\/div>\n              <h3 class=\"area-slide__title h4\">Lasten el\u00e4intarha<\/h3>\n            <\/a>\n                                  <a href=\"https:\/\/tallinnzoo.ee\/fi\/alppialue\/\" class=\"area-slide\">\n              <div class=\"area-slide__image\" style=\"background-image: url(https:\/\/tallinnzoo.ee\/wp-content\/uploads\/2022\/05\/alpinaarium2-16.svg)\"><\/div>\n              <h3 class=\"area-slide__title h4\">Alppialue<\/h3>\n            <\/a>\n                                  <a href=\"https:\/\/tallinnzoo.ee\/fi\/kotkakukkula\/\" class=\"area-slide\">\n              <div class=\"area-slide__image\" style=\"background-image: url(https:\/\/tallinnzoo.ee\/wp-content\/uploads\/2022\/05\/kullimagi-50.svg)\"><\/div>\n              <h3 class=\"area-slide__title h4\">Kotkakukkula<\/h3>\n            <\/a>\n                                  <a href=\"https:\/\/tallinnzoo.ee\/fi\/lintulammet\/\" class=\"area-slide\">\n              <div class=\"area-slide__image\" style=\"background-image: url(https:\/\/tallinnzoo.ee\/wp-content\/uploads\/2022\/05\/linnutiik2-48.svg)\"><\/div>\n              <h3 class=\"area-slide__title h4\">Lintulammet<\/h3>\n            <\/a>\n                                  <a href=\"https:\/\/tallinnzoo.ee\/fi\/sademetsa\/\" class=\"area-slide\">\n              <div class=\"area-slide__image\" style=\"background-image: url(https:\/\/tallinnzoo.ee\/wp-content\/uploads\/2022\/05\/vihmamets2-40.svg)\"><\/div>\n              <h3 class=\"area-slide__title h4\">Sademets\u00e4<\/h3>\n            <\/a>\n                                  <a href=\"https:\/\/tallinnzoo.ee\/fi\/tiikerilaakso\/\" class=\"area-slide\">\n              <div class=\"area-slide__image\" style=\"background-image: url(https:\/\/tallinnzoo.ee\/wp-content\/uploads\/2022\/04\/tiger.svg)\"><\/div>\n              <h3 class=\"area-slide__title h4\">Tiikerilaakso<\/h3>\n            <\/a>\n                                  <a href=\"https:\/\/tallinnzoo.ee\/fi\/veskimets\/\" class=\"area-slide\">\n              <div class=\"area-slide__image\" style=\"background-image: url(https:\/\/tallinnzoo.ee\/wp-content\/uploads\/2022\/05\/veskimets.svg)\"><\/div>\n              <h3 class=\"area-slide__title h4\">Veskimets<\/h3>\n            <\/a>\n                  <\/div>\n      \n      \n      <div class=\"visiting-areas-section__buttons\">\n        \n                  <a href=\"https:\/\/tallinnzoo.ee\/fi\/kartta\/\" target=\"_self\" class=\"btn btn-outline-primary\">L\u00f6yt\u00e4\u00e4 kartalta<\/a>\n              <\/div>\n    <\/div>\n  <\/div>\n<\/section>\n","protected":false},"excerpt":{"rendered":"<p>Mene mets\u00e4\u00e4n! El\u00e4intarhassa on eksoottisten el\u00e4inten lis\u00e4ksi muutakin j\u00e4nnitt\u00e4v\u00e4\u00e4. Ihminen kokee kaikkein selke\u00e4mmin olevansa luonnon kanssa yht\u00e4 mets\u00e4n siimeksess\u00e4 ollessaan, &#8230;<\/p>\n","protected":false},"author":3,"featured_media":948,"parent":0,"menu_order":0,"comment_status":"closed","ping_status":"closed","template":"","meta":{"_acf_changed":false,"om_disable_all_campaigns":false,"inline_featured_image":false,"_monsterinsights_skip_tracking":false,"_monsterinsights_sitenote_active":false,"_monsterinsights_sitenote_note":"","_monsterinsights_sitenote_category":0,"_uf_show_specific_survey":0,"_uf_disable_surveys":false,"footnotes":""},"class_list":["post-22910","page","type-page","status-publish","has-post-thumbnail","hentry"],"acf":[],"_links":{"self":[{"href":"https:\/\/tallinnzoo.ee\/fi\/wp-json\/wp\/v2\/pages\/22910","targetHints":{"allow":["GET"]}}],"collection":[{"href":"https:\/\/tallinnzoo.ee\/fi\/wp-json\/wp\/v2\/pages"}],"about":[{"href":"https:\/\/tallinnzoo.ee\/fi\/wp-json\/wp\/v2\/types\/page"}],"author":[{"embeddable":true,"href":"https:\/\/tallinnzoo.ee\/fi\/wp-json\/wp\/v2\/users\/3"}],"replies":[{"embeddable":true,"href":"https:\/\/tallinnzoo.ee\/fi\/wp-json\/wp\/v2\/comments?post=22910"}],"version-history":[{"count":22,"href":"https:\/\/tallinnzoo.ee\/fi\/wp-json\/wp\/v2\/pages\/22910\/revisions"}],"predecessor-version":[{"id":25500,"href":"https:\/\/tallinnzoo.ee\/fi\/wp-json\/wp\/v2\/pages\/22910\/revisions\/25500"}],"wp:featuredmedia":[{"embeddable":true,"href":"https:\/\/tallinnzoo.ee\/fi\/wp-json\/wp\/v2\/media\/948"}],"wp:attachment":[{"href":"https:\/\/tallinnzoo.ee\/fi\/wp-json\/wp\/v2\/media?parent=22910"}],"curies":[{"name":"wp","href":"https:\/\/api.w.org\/{rel}","templated":true}]}}