{"id":23036,"date":"2023-04-25T21:55:26","date_gmt":"2023-04-25T18:55:26","guid":{"rendered":"https:\/\/tallinnzoo.ee\/?page_id=23036"},"modified":"2023-04-25T22:04:07","modified_gmt":"2023-04-25T19:04:07","slug":"nayttelyt","status":"publish","type":"page","link":"https:\/\/tallinnzoo.ee\/fi\/nayttelyt\/","title":{"rendered":"N\u00e4yttelyt"},"content":{"rendered":"<section class=\"info-content-section wide-section\">\n  <div class=\"wide-section__inner\">\n    <div class=\"container\">\n            <div class=\"row\">\n        <div class=\"col-md-6 col-lg-8\">\n                      <img loading=\"lazy\" decoding=\"async\" width=\"1024\" height=\"683\" src=\"https:\/\/tallinnzoo.ee\/wp-content\/uploads\/2022\/05\/kassid-ajaloonaitusel-Heiko-Kruusi-1024x683.jpg\" class=\"img-fluid info-content-section__img\" alt=\"\" srcset=\"https:\/\/tallinnzoo.ee\/wp-content\/uploads\/2022\/05\/kassid-ajaloonaitusel-Heiko-Kruusi-1024x683.jpg 1024w, https:\/\/tallinnzoo.ee\/wp-content\/uploads\/2022\/05\/kassid-ajaloonaitusel-Heiko-Kruusi-300x200.jpg 300w, https:\/\/tallinnzoo.ee\/wp-content\/uploads\/2022\/05\/kassid-ajaloonaitusel-Heiko-Kruusi-768x512.jpg 768w, https:\/\/tallinnzoo.ee\/wp-content\/uploads\/2022\/05\/kassid-ajaloonaitusel-Heiko-Kruusi-1536x1025.jpg 1536w, https:\/\/tallinnzoo.ee\/wp-content\/uploads\/2022\/05\/kassid-ajaloonaitusel-Heiko-Kruusi-2048x1366.jpg 2048w, https:\/\/tallinnzoo.ee\/wp-content\/uploads\/2022\/05\/kassid-ajaloonaitusel-Heiko-Kruusi-600x400.jpg 600w\" sizes=\"auto, (max-width: 1024px) 100vw, 1024px\" \/>\n                  <\/div>\n        <div class=\"col-md-6 col-lg-4\">\n          <div class=\"info-content-section__content-wrap\">\n                          <p class=\"h4 mb-1 mb-lg-4\">Pysyv\u00e4 n\u00e4yttely<\/p>\n            \n                          <h2 class=\"info-content-section__secondary-title\">El\u00e4intarhatoiminta ja Tallinnan el\u00e4intarha<\/h2>\n            \n            <div class=\"info-content-section__content\">\n                              <p>Vuonna 2019, el\u00e4intarhan 80. juhlavuoden kunniaksi avattu historiallinen n\u00e4yttely vanhassa karhutalossa tarjoaa yh\u00e4 edelleen monipuolisia tietoja ja iloisia el\u00e4myksi\u00e4 lukuisilla el\u00e4intarhavieraille. Viroksi ja englanniksi.<\/p>\n\n                          <\/div>\n\n            <div class=\"info-content-section__buttons\">\n                              <a href=\"https:\/\/tallinnzoo.ee\/fi\/kartta\/\" class=\"btn btn-outline-primary no-icon\" target=\"_self\">L\u00f6yt\u00e4\u00e4 kartalta<\/a>\n                          <\/div>\n          <\/div>\n        <\/div>\n      <\/div>\n    <\/div>\n  <\/div>\n<\/section>\n\n\n<section class=\"info-content-section wide-section\">\n  <div class=\"wide-section__inner\">\n    <div class=\"container\">\n            <div class=\"row\">\n        <div class=\"col-md-6 col-lg-8\">\n                      <img loading=\"lazy\" decoding=\"async\" width=\"1024\" height=\"684\" src=\"https:\/\/tallinnzoo.ee\/wp-content\/uploads\/2023\/02\/Veskimetsa-pusinaitus__Foto-MarjeEelma-1024x684.webp\" class=\"img-fluid info-content-section__img\" alt=\"\" srcset=\"https:\/\/tallinnzoo.ee\/wp-content\/uploads\/2023\/02\/Veskimetsa-pusinaitus__Foto-MarjeEelma-1024x684.webp 1024w, https:\/\/tallinnzoo.ee\/wp-content\/uploads\/2023\/02\/Veskimetsa-pusinaitus__Foto-MarjeEelma-300x200.webp 300w, https:\/\/tallinnzoo.ee\/wp-content\/uploads\/2023\/02\/Veskimetsa-pusinaitus__Foto-MarjeEelma-768x513.webp 768w, https:\/\/tallinnzoo.ee\/wp-content\/uploads\/2023\/02\/Veskimetsa-pusinaitus__Foto-MarjeEelma-1536x1026.webp 1536w, https:\/\/tallinnzoo.ee\/wp-content\/uploads\/2023\/02\/Veskimetsa-pusinaitus__Foto-MarjeEelma-600x401.webp 600w, https:\/\/tallinnzoo.ee\/wp-content\/uploads\/2023\/02\/Veskimetsa-pusinaitus__Foto-MarjeEelma.webp 1920w\" sizes=\"auto, (max-width: 1024px) 100vw, 1024px\" \/>\n                  <\/div>\n        <div class=\"col-md-6 col-lg-4\">\n          <div class=\"info-content-section__content-wrap\">\n                          <p class=\"h4 mb-1 mb-lg-4\">Pysyv\u00e4 n\u00e4yttely<\/p>\n            \n                          <h2 class=\"info-content-section__secondary-title\">Veskimets<\/h2>\n            \n            <div class=\"info-content-section__content\">\n                              <p>Pysyv\u00e4 n\u00e4yttely on jaettu seitsem\u00e4\u00e4n aiheeseen ja sen tietotaulut v\u00e4litt\u00e4v\u00e4t tietoja Veskimetsin historiasta, geologiasta ja lehtimets\u00e4n runsaasta kasvillisuudesta. Viroksi, englanniksi ja ven\u00e4j\u00e4ksi.<\/p>\n\n                          <\/div>\n\n            <div class=\"info-content-section__buttons\">\n                              <a href=\"https:\/\/tallinnzoo.ee\/fi\/veskimets\/\" class=\"btn btn-outline-primary no-icon\" target=\"_self\">Lue tarkemmin<\/a>\n                          <\/div>\n          <\/div>\n        <\/div>\n      <\/div>\n    <\/div>\n  <\/div>\n<\/section>\n","protected":false},"excerpt":{"rendered":"","protected":false},"author":4,"featured_media":0,"parent":0,"menu_order":0,"comment_status":"closed","ping_status":"closed","template":"","meta":{"_acf_changed":false,"om_disable_all_campaigns":false,"inline_featured_image":false,"_monsterinsights_skip_tracking":false,"_monsterinsights_sitenote_active":false,"_monsterinsights_sitenote_note":"","_monsterinsights_sitenote_category":0,"_uf_show_specific_survey":0,"_uf_disable_surveys":false,"footnotes":""},"class_list":["post-23036","page","type-page","status-publish","hentry"],"acf":[],"_links":{"self":[{"href":"https:\/\/tallinnzoo.ee\/fi\/wp-json\/wp\/v2\/pages\/23036","targetHints":{"allow":["GET"]}}],"collection":[{"href":"https:\/\/tallinnzoo.ee\/fi\/wp-json\/wp\/v2\/pages"}],"about":[{"href":"https:\/\/tallinnzoo.ee\/fi\/wp-json\/wp\/v2\/types\/page"}],"author":[{"embeddable":true,"href":"https:\/\/tallinnzoo.ee\/fi\/wp-json\/wp\/v2\/users\/4"}],"replies":[{"embeddable":true,"href":"https:\/\/tallinnzoo.ee\/fi\/wp-json\/wp\/v2\/comments?post=23036"}],"version-history":[{"count":13,"href":"https:\/\/tallinnzoo.ee\/fi\/wp-json\/wp\/v2\/pages\/23036\/revisions"}],"predecessor-version":[{"id":23053,"href":"https:\/\/tallinnzoo.ee\/fi\/wp-json\/wp\/v2\/pages\/23036\/revisions\/23053"}],"wp:attachment":[{"href":"https:\/\/tallinnzoo.ee\/fi\/wp-json\/wp\/v2\/media?parent=23036"}],"curies":[{"name":"wp","href":"https:\/\/api.w.org\/{rel}","templated":true}]}}