{"id":23057,"date":"2022-05-17T20:51:24","date_gmt":"2022-05-17T17:51:24","guid":{"rendered":"https:\/\/tallinnzoo.ee\/lasten-elaintarha\/"},"modified":"2025-09-11T14:47:06","modified_gmt":"2025-09-11T11:47:06","slug":"lasten-elaintarha","status":"publish","type":"page","link":"https:\/\/tallinnzoo.ee\/fi\/lasten-elaintarha\/","title":{"rendered":"Lasten el\u00e4intarha"},"content":{"rendered":"\n<h2 class=\"wp-block-heading\">Lasten el\u00e4intarha tarjoaa el\u00e4myksi\u00e4 koko perheelle!<\/h2>\n\n\n\n<p>Lasten el\u00e4intarha sijaitsee el\u00e4intarhan l\u00e4ntisen portin l\u00e4hell\u00e4 sijaitsevan ymp\u00e4rist\u00f6kasvatuksen keskuksen (keskkonnahariduskeskus) pohjoissiivess\u00e4, osoitteessa Ehitajate tee 150. Lasten el\u00e4intarhan asukkaina ovat kihnulaiset <strong>maatiaislampaa<\/strong>t, <strong>k\u00e4\u00e4pi\u00f6vuohet<\/strong>, <strong>alpakat<\/strong>, <strong>kaniinit<\/strong>, <strong>erilaiset jyrsij\u00e4t<\/strong> sek\u00e4 <strong>linnut<\/strong>. Luontokoulun el\u00e4v\u00e4n luonnon luokassa el\u00e4v\u00e4t <strong>kilpikonnat ja k\u00e4\u00e4rmeet<\/strong>, sammakot ja <strong>kalat, ravut<\/strong> ja etanat sek\u00e4 <strong>tuhatjalkaise<\/strong>t, <strong>hy\u00f6nteiset<\/strong> ja <strong>h\u00e4m\u00e4h\u00e4ki<\/strong>t. Lasten el\u00e4intarhan keitti\u00f6n lasisein\u00e4n takana el\u00e4v\u00e4t isosilm\u00e4iset h\u00e4m\u00e4r\u00e4ss\u00e4 aktivoituvat pussiel\u00e4imet, <strong>sokerioravat<\/strong>.<\/p>\n\n\n\n<p>Tunnepitoinen tapaaminen ja yhteys el\u00e4imeen j\u00e4\u00e4 mieleen ja opettaa v\u00e4litt\u00e4m\u00e4\u00e4n ja pit\u00e4m\u00e4\u00e4n hyv\u00e4\u00e4 huolta kaikista el\u00e4imist\u00e4. <\/p>\n\n\n\n<h3 class=\"wp-block-heading\">El\u00e4intarha on auki vuoden ymp\u00e4ri<\/h3>\n\n\n\n<p>El\u00e4imet ovat kes\u00e4aikaan suurimman osan ajasta piha-aitauksissa, talvisin navetassa. Jos s\u00e4\u00e4 on huono tai kylm\u00e4, pihalla sijaitseva vuohien aitaus on suljettu. Joka kuukauden viimeisen\u00e4 maanantaina on navetan suursiivousp\u00e4iv\u00e4, silloin puhdistetaan sis\u00e4tilat perusteellisesti ja el\u00e4imiin p\u00e4\u00e4see tutustumaan vain piha-alueen aitausten luona.<\/p>\n\n\n\n<figure class=\"wp-block-table\"><table><thead><tr><th>Aukioloajat<\/th><th>Navetta (joka kuukauden viimeisen\u00e4 maanantaina suljettu &#8211; suursiivousp\u00e4iv\u00e4)<\/th><th>Piha-aitaukset<\/th><\/tr><\/thead><tbody><tr><td>touko-elokuu<strong><br><br><\/strong><\/td><td>suljettu<\/td><td>vuohien aitaus avattu mahdollisuuksien mukaan<strong><br><\/strong>10-18<\/td><\/tr><tr><td>syys-lokakuu <br><\/td><td>10-18<\/td><td>vuohien aitaus avattu mahdollisuuksien mukaan<br><\/td><\/tr><tr><td>marras-helmikuu<br><\/td><td>10-17<\/td><td>vuohien aitaus avattu mahdollisuuksien mukaan<\/td><\/tr><tr><td>maalis-huhtikuu<\/td><td>10-18<\/td><td>vuohien aitaus avattu mahdollisuuksien mukaan<\/td><\/tr><\/tbody><\/table><\/figure>\n\n\n\n<p><\/p>\n\n\n\n<div class=\"wp-block-group is-layout-flow wp-block-group-is-layout-flow\">\n<figure class=\"wp-block-gallery has-nested-images columns-default is-cropped wp-block-gallery-1 is-layout-flex wp-block-gallery-is-layout-flex\">\n<figure class=\"wp-block-image size-large\"><a href=\"https:\/\/tallinnzoo.ee\/wp-content\/uploads\/2022\/05\/kitseaedik-laste-loomaaed.jpg\"><img loading=\"lazy\" decoding=\"async\" width=\"1200\" height=\"683\" data-id=\"1110\" src=\"https:\/\/tallinnzoo.ee\/wp-content\/uploads\/2022\/05\/kitseaedik-laste-loomaaed.jpg\" alt=\"\" class=\"wp-image-1110\" srcset=\"https:\/\/tallinnzoo.ee\/wp-content\/uploads\/2022\/05\/kitseaedik-laste-loomaaed.jpg 1200w, https:\/\/tallinnzoo.ee\/wp-content\/uploads\/2022\/05\/kitseaedik-laste-loomaaed-300x171.jpg 300w, https:\/\/tallinnzoo.ee\/wp-content\/uploads\/2022\/05\/kitseaedik-laste-loomaaed-1024x583.jpg 1024w, https:\/\/tallinnzoo.ee\/wp-content\/uploads\/2022\/05\/kitseaedik-laste-loomaaed-768x437.jpg 768w, https:\/\/tallinnzoo.ee\/wp-content\/uploads\/2022\/05\/kitseaedik-laste-loomaaed-600x342.jpg 600w\" sizes=\"auto, (max-width: 1200px) 100vw, 1200px\" \/><\/a><\/figure>\n\n\n\n<figure class=\"wp-block-image size-large\"><a href=\"https:\/\/tallinnzoo.ee\/wp-content\/uploads\/2022\/05\/kihnu-maalambad_Inari-Leiman.jpg\"><img loading=\"lazy\" decoding=\"async\" width=\"1356\" height=\"904\" data-id=\"1104\" src=\"https:\/\/tallinnzoo.ee\/wp-content\/uploads\/2022\/05\/kihnu-maalambad_Inari-Leiman.jpg\" alt=\"\" class=\"wp-image-1104\" srcset=\"https:\/\/tallinnzoo.ee\/wp-content\/uploads\/2022\/05\/kihnu-maalambad_Inari-Leiman.jpg 1356w, https:\/\/tallinnzoo.ee\/wp-content\/uploads\/2022\/05\/kihnu-maalambad_Inari-Leiman-300x200.jpg 300w, https:\/\/tallinnzoo.ee\/wp-content\/uploads\/2022\/05\/kihnu-maalambad_Inari-Leiman-1024x683.jpg 1024w, https:\/\/tallinnzoo.ee\/wp-content\/uploads\/2022\/05\/kihnu-maalambad_Inari-Leiman-768x512.jpg 768w, https:\/\/tallinnzoo.ee\/wp-content\/uploads\/2022\/05\/kihnu-maalambad_Inari-Leiman-600x400.jpg 600w\" sizes=\"auto, (max-width: 1356px) 100vw, 1356px\" \/><\/a><\/figure>\n\n\n\n<figure class=\"wp-block-image size-large\"><a href=\"https:\/\/tallinnzoo.ee\/wp-content\/uploads\/2022\/05\/teemanttuvi-ja-amadiin-laste-loomaaed.jpg\"><img loading=\"lazy\" decoding=\"async\" width=\"1024\" height=\"683\" data-id=\"1120\" src=\"https:\/\/tallinnzoo.ee\/wp-content\/uploads\/2022\/05\/teemanttuvi-ja-amadiin-laste-loomaaed-1024x683.jpg\" alt=\"\" class=\"wp-image-1120\" srcset=\"https:\/\/tallinnzoo.ee\/wp-content\/uploads\/2022\/05\/teemanttuvi-ja-amadiin-laste-loomaaed-1024x683.jpg 1024w, https:\/\/tallinnzoo.ee\/wp-content\/uploads\/2022\/05\/teemanttuvi-ja-amadiin-laste-loomaaed-300x200.jpg 300w, https:\/\/tallinnzoo.ee\/wp-content\/uploads\/2022\/05\/teemanttuvi-ja-amadiin-laste-loomaaed-768x512.jpg 768w, https:\/\/tallinnzoo.ee\/wp-content\/uploads\/2022\/05\/teemanttuvi-ja-amadiin-laste-loomaaed-600x400.jpg 600w, https:\/\/tallinnzoo.ee\/wp-content\/uploads\/2022\/05\/teemanttuvi-ja-amadiin-laste-loomaaed.jpg 1266w\" sizes=\"auto, (max-width: 1024px) 100vw, 1024px\" \/><\/a><\/figure>\n\n\n\n<figure class=\"wp-block-image size-large\"><a href=\"https:\/\/tallinnzoo.ee\/wp-content\/uploads\/2022\/05\/laste-loomaaed.jpg\"><img loading=\"lazy\" decoding=\"async\" width=\"1320\" height=\"880\" data-id=\"1067\" src=\"https:\/\/tallinnzoo.ee\/wp-content\/uploads\/2022\/05\/laste-loomaaed.jpg\" alt=\"\" class=\"wp-image-1067\" srcset=\"https:\/\/tallinnzoo.ee\/wp-content\/uploads\/2022\/05\/laste-loomaaed.jpg 1320w, https:\/\/tallinnzoo.ee\/wp-content\/uploads\/2022\/05\/laste-loomaaed-300x200.jpg 300w, https:\/\/tallinnzoo.ee\/wp-content\/uploads\/2022\/05\/laste-loomaaed-1024x683.jpg 1024w, https:\/\/tallinnzoo.ee\/wp-content\/uploads\/2022\/05\/laste-loomaaed-768x512.jpg 768w, https:\/\/tallinnzoo.ee\/wp-content\/uploads\/2022\/05\/laste-loomaaed-600x400.jpg 600w\" sizes=\"auto, (max-width: 1320px) 100vw, 1320px\" \/><\/a><\/figure>\n\n\n\n<figure class=\"wp-block-image size-large\"><a href=\"https:\/\/tallinnzoo.ee\/wp-content\/uploads\/2022\/05\/rott-laste-loomaaed.jpg\"><img loading=\"lazy\" decoding=\"async\" width=\"1105\" height=\"927\" data-id=\"1052\" src=\"https:\/\/tallinnzoo.ee\/wp-content\/uploads\/2022\/05\/rott-laste-loomaaed.jpg\" alt=\"\" class=\"wp-image-1052\" srcset=\"https:\/\/tallinnzoo.ee\/wp-content\/uploads\/2022\/05\/rott-laste-loomaaed.jpg 1105w, https:\/\/tallinnzoo.ee\/wp-content\/uploads\/2022\/05\/rott-laste-loomaaed-300x252.jpg 300w, https:\/\/tallinnzoo.ee\/wp-content\/uploads\/2022\/05\/rott-laste-loomaaed-1024x859.jpg 1024w, https:\/\/tallinnzoo.ee\/wp-content\/uploads\/2022\/05\/rott-laste-loomaaed-768x644.jpg 768w, https:\/\/tallinnzoo.ee\/wp-content\/uploads\/2022\/05\/rott-laste-loomaaed-600x503.jpg 600w\" sizes=\"auto, (max-width: 1105px) 100vw, 1105px\" \/><\/a><\/figure>\n\n\n\n<figure class=\"wp-block-image size-large\"><a href=\"https:\/\/tallinnzoo.ee\/wp-content\/uploads\/2022\/05\/suhkru-liugurpossum-Inari-Leiman.jpg\"><img loading=\"lazy\" decoding=\"async\" width=\"1361\" height=\"904\" data-id=\"1047\" src=\"https:\/\/tallinnzoo.ee\/wp-content\/uploads\/2022\/05\/suhkru-liugurpossum-Inari-Leiman.jpg\" alt=\"\" class=\"wp-image-1047\" srcset=\"https:\/\/tallinnzoo.ee\/wp-content\/uploads\/2022\/05\/suhkru-liugurpossum-Inari-Leiman.jpg 1361w, https:\/\/tallinnzoo.ee\/wp-content\/uploads\/2022\/05\/suhkru-liugurpossum-Inari-Leiman-300x199.jpg 300w, https:\/\/tallinnzoo.ee\/wp-content\/uploads\/2022\/05\/suhkru-liugurpossum-Inari-Leiman-1024x680.jpg 1024w, https:\/\/tallinnzoo.ee\/wp-content\/uploads\/2022\/05\/suhkru-liugurpossum-Inari-Leiman-768x510.jpg 768w, https:\/\/tallinnzoo.ee\/wp-content\/uploads\/2022\/05\/suhkru-liugurpossum-Inari-Leiman-600x399.jpg 600w\" sizes=\"auto, (max-width: 1361px) 100vw, 1361px\" \/><\/a><\/figure>\n\n\n\n<figure class=\"wp-block-image size-large\"><a href=\"https:\/\/tallinnzoo.ee\/wp-content\/uploads\/2022\/05\/misc_lasteloomaaed_kameruni-kaabuskits-lastekaitsepaev-foto-Killu-Kuuben-scaled-e1652795178239.jpg\"><img decoding=\"async\" data-id=\"714\" src=\"https:\/\/tallinnzoo.ee\/wp-content\/uploads\/2022\/05\/misc_lasteloomaaed_kameruni-kaabuskits-lastekaitsepaev-foto-Killu-Kuuben-scaled-e1652795178239.jpg\" alt=\"\" class=\"wp-image-714\"\/><\/a><\/figure>\n\n\n\n<figure class=\"wp-block-image size-large\"><a href=\"https:\/\/tallinnzoo.ee\/wp-content\/uploads\/2022\/05\/misc_loodusharidus-scaled.jpg\"><img loading=\"lazy\" decoding=\"async\" width=\"1024\" height=\"683\" data-id=\"1078\" src=\"https:\/\/tallinnzoo.ee\/wp-content\/uploads\/2022\/05\/misc_loodusharidus-1024x683.jpg\" alt=\"\" class=\"wp-image-1078\" srcset=\"https:\/\/tallinnzoo.ee\/wp-content\/uploads\/2022\/05\/misc_loodusharidus-1024x683.jpg 1024w, https:\/\/tallinnzoo.ee\/wp-content\/uploads\/2022\/05\/misc_loodusharidus-300x200.jpg 300w, https:\/\/tallinnzoo.ee\/wp-content\/uploads\/2022\/05\/misc_loodusharidus-768x512.jpg 768w, https:\/\/tallinnzoo.ee\/wp-content\/uploads\/2022\/05\/misc_loodusharidus-1536x1024.jpg 1536w, https:\/\/tallinnzoo.ee\/wp-content\/uploads\/2022\/05\/misc_loodusharidus-2048x1365.jpg 2048w, https:\/\/tallinnzoo.ee\/wp-content\/uploads\/2022\/05\/misc_loodusharidus-600x400.jpg 600w\" sizes=\"auto, (max-width: 1024px) 100vw, 1024px\" \/><\/a><\/figure>\n<\/figure>\n<\/div>\n\n\n\n<p><\/p>\n\n\n\n<h3 class=\"wp-block-heading\">Miten p\u00e4\u00e4semme vierailemaan lasten el\u00e4intarhassa?<\/h3>\n\n\n\n<p>Lasten el\u00e4intarhan on niiden el\u00e4inten koti, joita olet tullut katsomaan. El\u00e4in n\u00e4ytt\u00e4\u00e4 sinulle omassa kodissaan, millainen se on ja miksi juuri sellainen. Miten se sy\u00f6, puhdistaa itse\u00e4\u00e4n ja leikkii muiden el\u00e4inten kanssa. Ole tarkkana ja seuraa niiden toimia. Kun olet tutustunut el\u00e4imeen ja se on jo tottunut sinuun, el\u00e4inkin haluaa tulla l\u00e4hellesi ja rapsutettavaksi.<\/p>\n\n\n\n<p>Vuohien rapsuttaminen ja harjaaminen aitauksessa on lasten el\u00e4intarhan varsinainen vetonaula. Mutta joskus my\u00f6s vieraista pit\u00e4v\u00e4t vuohet saattavat v\u00e4sy\u00e4 jatkuvasti vaihtuviin uusiin tuttuihin. Jotta lasten el\u00e4intarhan el\u00e4imet ja vieraansa voisivat kokea olonsa turvalliseksi ja vierailu onnistuisi, pyyd\u00e4mme noudattamaan yksinkertaisia s\u00e4\u00e4nt\u00f6j\u00e4:<\/p>\n\n\n\n<ul class=\"wp-block-list\">\n<li>Ole rauhallinen ja katso jalkojesi eteen, \u00e4l\u00e4 juokse, \u00e4l\u00e4 huuda!<\/li>\n\n\n\n<li>\u00c4l\u00e4 ruoki el\u00e4imi\u00e4 \u2013 ne saavat ylensy\u00f6misest\u00e4 pahan vatsakivun, v\u00e4\u00e4r\u00e4nlainen tai pilaantunut ruoka saattaa aiheuttaa niille jopa hengenvaarallisen myrkytyksen. \u00c4l\u00e4 ota omia ev\u00e4it\u00e4 vuohien aitauksen mukaan \u2013 vuohi saattaa nousta ev\u00e4si huomattuaan pystyyn sinua vastaan ja pel\u00e4stytt\u00e4\u00e4 sinut.<\/li>\n\n\n\n<li>J\u00e4t\u00e4 lastenvaunu tai k\u00e4rryt aitauksen taakse \u2013 vuohi saattaa hyppelyvauhdissaan laskeutua vahingossa vaunuun tai ty\u00f6nt\u00e4\u00e4 sen kumoon.<\/li>\n\n\n\n<li>\u00c4l\u00e4 tartu vuohia sarvista tai h\u00e4nn\u00e4st\u00e4 \u2013 vuohi saattaa potkaista sinut kumoon! \u00c4l\u00e4k\u00e4 l\u00e4hde kilej\u00e4 jahtaamaan, vuohiemo tulee suojaamaan pikkuista ja sohaisee sarvellaan! Vuohta ei kannata nostaa syliin \u2013 vuohi ei ole sylikoira! Lasten el\u00e4intarhan el\u00e4imen voi ottaa sylin vain el\u00e4intenhoitajan luvalla ja h\u00e4nen antamia ohjeita noudattaen.<\/li>\n\n\n\n<li>\u00c4l\u00e4 laita sormea verkkosilm\u00e4n l\u00e4pi \u2013 verkon takana oleva el\u00e4in saattaa puraista! Se suojaa n\u00e4in kotiaan tai kavereitaan.<\/li>\n\n\n\n<li>Alle kouluik\u00e4iset lapset toivotetaan lasten el\u00e4intarhaan tervetulleiksi aikuisen huoltajansa kanssa. Muista aina, ett\u00e4 lasten el\u00e4intarhassa el\u00e4inten luona oleskelu tapahtuu vain omalla vastuulla!<\/li>\n<\/ul>\n\n\n\n<p>Lasten el\u00e4intarhan ty\u00f6ntekij\u00e4t ovat aina valmiita auttamaan el\u00e4imiin tutustumisessa ja neuvovat, miten toimitaan. Jos sinulla on kysytt\u00e4v\u00e4\u00e4, kysy rohkeasti ja saat aina vastauksen.<\/p>\n\n\n\n<h4 class=\"wp-block-heading\">Mukavia el\u00e4myksi\u00e4 lasten el\u00e4intarhassa!<\/h4>\n\n\n\n<p>Katso my\u00f6s meid\u00e4n Facebook-sivua <a href=\"https:\/\/www.facebook.com\/lasteloomaaed\/\" target=\"_blank\" rel=\"noreferrer noopener\">Tallinna Loomaaed Laste Loomaaed<\/a>.<\/p>\n\n\n<section class=\"visiting-areas-section wide-section\">\n  <div class=\"wide-section__inner\">\n    <div class=\"container\">\n      <h2 class=\"text-center\">El\u00e4intarhan alueet<\/h2>\n\n              <div class=\"areas-slider\">\n                                  <a href=\"https:\/\/tallinnzoo.ee\/fi\/polarium\/\" class=\"area-slide\">\n              <div class=\"area-slide__image\" style=\"background-image: url(https:\/\/tallinnzoo.ee\/wp-content\/uploads\/2022\/04\/polar-bear.svg)\"><\/div>\n              <h3 class=\"area-slide__title h4\">J\u00e4\u00e4karhumaailma<\/h3>\n            <\/a>\n                                  <a href=\"https:\/\/tallinnzoo.ee\/fi\/paksunahkaisten-talo\/\" class=\"area-slide\">\n              <div class=\"area-slide__image\" style=\"background-image: url(https:\/\/tallinnzoo.ee\/wp-content\/uploads\/2022\/04\/elephant.svg)\"><\/div>\n              <h3 class=\"area-slide__title h4\">Paksunahkaisten talo<\/h3>\n            <\/a>\n                                  <a href=\"https:\/\/tallinnzoo.ee\/fi\/sisa-aasia\/\" class=\"area-slide\">\n              <div class=\"area-slide__image\" style=\"background-image: url(https:\/\/tallinnzoo.ee\/wp-content\/uploads\/2022\/05\/siseaasia2-55.svg)\"><\/div>\n              <h3 class=\"area-slide__title h4\">Sis\u00e4-Aasia<\/h3>\n            <\/a>\n                                  <a href=\"https:\/\/tallinnzoo.ee\/fi\/tropiikkitalot\/\" class=\"area-slide\">\n              <div class=\"area-slide__image\" style=\"background-image: url(https:\/\/tallinnzoo.ee\/wp-content\/uploads\/2022\/04\/crocodile.svg)\"><\/div>\n              <h3 class=\"area-slide__title h4\">Tropiikkitalot<\/h3>\n            <\/a>\n                                  <a href=\"https:\/\/tallinnzoo.ee\/fi\/lasten-elaintarha\/\" class=\"area-slide\">\n              <div class=\"area-slide__image\" style=\"background-image: url(https:\/\/tallinnzoo.ee\/wp-content\/uploads\/2022\/05\/test-492.svg)\"><\/div>\n              <h3 class=\"area-slide__title h4\">Lasten el\u00e4intarha<\/h3>\n            <\/a>\n                                  <a href=\"https:\/\/tallinnzoo.ee\/fi\/alppialue\/\" class=\"area-slide\">\n              <div class=\"area-slide__image\" style=\"background-image: url(https:\/\/tallinnzoo.ee\/wp-content\/uploads\/2022\/05\/alpinaarium2-16.svg)\"><\/div>\n              <h3 class=\"area-slide__title h4\">Alppialue<\/h3>\n            <\/a>\n                                  <a href=\"https:\/\/tallinnzoo.ee\/fi\/kotkakukkula\/\" class=\"area-slide\">\n              <div class=\"area-slide__image\" style=\"background-image: url(https:\/\/tallinnzoo.ee\/wp-content\/uploads\/2022\/05\/kullimagi-50.svg)\"><\/div>\n              <h3 class=\"area-slide__title h4\">Kotkakukkula<\/h3>\n            <\/a>\n                                  <a href=\"https:\/\/tallinnzoo.ee\/fi\/lintulammet\/\" class=\"area-slide\">\n              <div class=\"area-slide__image\" style=\"background-image: url(https:\/\/tallinnzoo.ee\/wp-content\/uploads\/2022\/05\/linnutiik2-48.svg)\"><\/div>\n              <h3 class=\"area-slide__title h4\">Lintulammet<\/h3>\n            <\/a>\n                                  <a href=\"https:\/\/tallinnzoo.ee\/fi\/sademetsa\/\" class=\"area-slide\">\n              <div class=\"area-slide__image\" style=\"background-image: url(https:\/\/tallinnzoo.ee\/wp-content\/uploads\/2022\/05\/vihmamets2-40.svg)\"><\/div>\n              <h3 class=\"area-slide__title h4\">Sademets\u00e4<\/h3>\n            <\/a>\n                                  <a href=\"https:\/\/tallinnzoo.ee\/fi\/tiikerilaakso\/\" class=\"area-slide\">\n              <div class=\"area-slide__image\" style=\"background-image: url(https:\/\/tallinnzoo.ee\/wp-content\/uploads\/2022\/04\/tiger.svg)\"><\/div>\n              <h3 class=\"area-slide__title h4\">Tiikerilaakso<\/h3>\n            <\/a>\n                                  <a href=\"https:\/\/tallinnzoo.ee\/fi\/veskimets\/\" class=\"area-slide\">\n              <div class=\"area-slide__image\" style=\"background-image: url(https:\/\/tallinnzoo.ee\/wp-content\/uploads\/2022\/05\/veskimets.svg)\"><\/div>\n              <h3 class=\"area-slide__title h4\">Veskimets<\/h3>\n            <\/a>\n                  <\/div>\n      \n      \n      <div class=\"visiting-areas-section__buttons\">\n        \n                  <a href=\"https:\/\/tallinnzoo.ee\/fi\/kartta\/\" target=\"_self\" class=\"btn btn-outline-primary\">L\u00f6yt\u00e4\u00e4 kartalta<\/a>\n              <\/div>\n    <\/div>\n  <\/div>\n<\/section>\n","protected":false},"excerpt":{"rendered":"<p>Lasten el\u00e4intarha tarjoaa el\u00e4myksi\u00e4 koko perheelle! Lasten el\u00e4intarha sijaitsee el\u00e4intarhan l\u00e4ntisen portin l\u00e4hell\u00e4 sijaitsevan ymp\u00e4rist\u00f6kasvatuksen keskuksen (keskkonnahariduskeskus) pohjoissiivess\u00e4, osoitteessa Ehitajate &#8230;<\/p>\n","protected":false},"author":4,"featured_media":27619,"parent":0,"menu_order":0,"comment_status":"closed","ping_status":"closed","template":"","meta":{"_acf_changed":false,"om_disable_all_campaigns":false,"inline_featured_image":false,"_monsterinsights_skip_tracking":false,"_monsterinsights_sitenote_active":false,"_monsterinsights_sitenote_note":"","_monsterinsights_sitenote_category":0,"_uf_show_specific_survey":0,"_uf_disable_surveys":false,"footnotes":""},"class_list":["post-23057","page","type-page","status-publish","has-post-thumbnail","hentry"],"acf":[],"_links":{"self":[{"href":"https:\/\/tallinnzoo.ee\/fi\/wp-json\/wp\/v2\/pages\/23057","targetHints":{"allow":["GET"]}}],"collection":[{"href":"https:\/\/tallinnzoo.ee\/fi\/wp-json\/wp\/v2\/pages"}],"about":[{"href":"https:\/\/tallinnzoo.ee\/fi\/wp-json\/wp\/v2\/types\/page"}],"author":[{"embeddable":true,"href":"https:\/\/tallinnzoo.ee\/fi\/wp-json\/wp\/v2\/users\/4"}],"replies":[{"embeddable":true,"href":"https:\/\/tallinnzoo.ee\/fi\/wp-json\/wp\/v2\/comments?post=23057"}],"version-history":[{"count":22,"href":"https:\/\/tallinnzoo.ee\/fi\/wp-json\/wp\/v2\/pages\/23057\/revisions"}],"predecessor-version":[{"id":67716,"href":"https:\/\/tallinnzoo.ee\/fi\/wp-json\/wp\/v2\/pages\/23057\/revisions\/67716"}],"wp:featuredmedia":[{"embeddable":true,"href":"https:\/\/tallinnzoo.ee\/fi\/wp-json\/wp\/v2\/media\/27619"}],"wp:attachment":[{"href":"https:\/\/tallinnzoo.ee\/fi\/wp-json\/wp\/v2\/media?parent=23057"}],"curies":[{"name":"wp","href":"https:\/\/api.w.org\/{rel}","templated":true}]}}