{"id":23067,"date":"2022-05-18T12:06:47","date_gmt":"2022-05-18T09:06:47","guid":{"rendered":"https:\/\/tallinnzoo.ee\/lisamahdollisuudet-lapsille\/"},"modified":"2025-07-01T13:55:08","modified_gmt":"2025-07-01T10:55:08","slug":"lisamahdollisuudet-lapsille","status":"publish","type":"page","link":"https:\/\/tallinnzoo.ee\/fi\/lisamahdollisuudet-lapsille\/","title":{"rendered":"Lis\u00e4mahdollisuudet lapsille"},"content":{"rendered":"\n<div style=\"height:15px\" aria-hidden=\"true\" class=\"wp-block-spacer\"><\/div>\n\n\n\n<h3 class=\"wp-block-heading\">El\u00e4intarhassa on monta hauskaa leikkikentt\u00e4\u00e4 ja toimintaa lapsille<\/h3>\n\n\n\n<ul class=\"wp-block-list\">\n<li>Kiipeilypyramidi, luistelukent\u00e4t ja hiekkalaatikko biisonikent\u00e4n leikkikent\u00e4ll\u00e4<\/li>\n\n\n\n<li>Kiipeilyrenkaat vanhan karhutalon historiallisessa n\u00e4yttelyss\u00e4<\/li>\n<\/ul>\n\n\n\n<div style=\"height:15px\" aria-hidden=\"true\" class=\"wp-block-spacer\"><\/div>\n\n\n\n<h3 class=\"wp-block-heading\">Lasten juna<\/h3>\n\n\n\n<p>Lasten juna ajeluttaa pikkuisia vieraita haukkam\u00e4ell\u00e4 <strong>1. toukokuuta ja 1. syyskuuta <\/strong>v\u00e4lisen aikana ja hyv\u00e4n s\u00e4\u00e4n aikaan. Junan kyytiin p\u00e4\u00e4see <strong>erillisest\u00e4 maksusta<\/strong>, liikennett\u00e4 j\u00e4rjest\u00e4\u00e4 Lendva O\u00dc.<\/p>\n\n\n\n<div style=\"height:15px\" aria-hidden=\"true\" class=\"wp-block-spacer\"><\/div>\n\n\n\n<h3 class=\"wp-block-heading\">Pienk\u00e4rryt<\/h3>\n\n\n\n<ul class=\"wp-block-list\">\n<li>Pienten lasten kanssa saapuneiden vieraiden k\u00e4ytt\u00f6\u00f6n on tarkoitettu pienk\u00e4rryt, jotka odottavat k\u00e4ytt\u00e4ji\u00e4 el\u00e4intarhan sis\u00e4\u00e4nk\u00e4yntien luona. <\/li>\n\n\n\n<li>Vaunujen k\u00e4ytt\u00f6 maksaa 6\u20ac.<\/li>\n\n\n\n<li>Pienk\u00e4rryja on rajallisesti. <\/li>\n<\/ul>\n\n\n\n<div style=\"height:15px\" aria-hidden=\"true\" class=\"wp-block-spacer\"><\/div>\n\n\n\n<h3 class=\"wp-block-heading\">Vaipanvaihtohuoneet<\/h3>\n\n\n\n<p>Vaipanvaihtop\u00f6yd\u00e4t sijaitsevat inva-wc:ss\u00e4: j\u00e4\u00e4karhutalossa, sademets\u00e4n ravintolassa, paksunahkaisten talon vieress\u00e4, ymp\u00e4rist\u00f6kasvatuskeskuksen 0. kerroksessa matkamuistomyym\u00e4l\u00e4n puolella ja lasten el\u00e4intarhan puolella (j\u00e4lkimm\u00e4isess\u00e4 on erillinen vaipanvaihtohuone).<\/p>\n\n\n\n<div style=\"height:15px\" aria-hidden=\"true\" class=\"wp-block-spacer\"><\/div>\n\n\n\n<div style=\"height:15px\" aria-hidden=\"true\" class=\"wp-block-spacer\"><\/div>\n","protected":false},"excerpt":{"rendered":"<p>El\u00e4intarhassa on monta hauskaa leikkikentt\u00e4\u00e4 ja toimintaa lapsille Lasten juna Lasten juna ajeluttaa pikkuisia vieraita haukkam\u00e4ell\u00e4 1. toukokuuta ja 1. &#8230;<\/p>\n","protected":false},"author":2,"featured_media":27283,"parent":0,"menu_order":0,"comment_status":"closed","ping_status":"closed","template":"","meta":{"_acf_changed":false,"om_disable_all_campaigns":false,"inline_featured_image":false,"_monsterinsights_skip_tracking":false,"_monsterinsights_sitenote_active":false,"_monsterinsights_sitenote_note":"","_monsterinsights_sitenote_category":0,"_uf_show_specific_survey":0,"_uf_disable_surveys":false,"footnotes":""},"class_list":["post-23067","page","type-page","status-publish","has-post-thumbnail","hentry"],"acf":[],"_links":{"self":[{"href":"https:\/\/tallinnzoo.ee\/fi\/wp-json\/wp\/v2\/pages\/23067","targetHints":{"allow":["GET"]}}],"collection":[{"href":"https:\/\/tallinnzoo.ee\/fi\/wp-json\/wp\/v2\/pages"}],"about":[{"href":"https:\/\/tallinnzoo.ee\/fi\/wp-json\/wp\/v2\/types\/page"}],"author":[{"embeddable":true,"href":"https:\/\/tallinnzoo.ee\/fi\/wp-json\/wp\/v2\/users\/2"}],"replies":[{"embeddable":true,"href":"https:\/\/tallinnzoo.ee\/fi\/wp-json\/wp\/v2\/comments?post=23067"}],"version-history":[{"count":7,"href":"https:\/\/tallinnzoo.ee\/fi\/wp-json\/wp\/v2\/pages\/23067\/revisions"}],"predecessor-version":[{"id":64013,"href":"https:\/\/tallinnzoo.ee\/fi\/wp-json\/wp\/v2\/pages\/23067\/revisions\/64013"}],"wp:featuredmedia":[{"embeddable":true,"href":"https:\/\/tallinnzoo.ee\/fi\/wp-json\/wp\/v2\/media\/27283"}],"wp:attachment":[{"href":"https:\/\/tallinnzoo.ee\/fi\/wp-json\/wp\/v2\/media?parent=23067"}],"curies":[{"name":"wp","href":"https:\/\/api.w.org\/{rel}","templated":true}]}}