{"id":25460,"date":"2022-05-17T19:14:45","date_gmt":"2022-05-17T16:14:45","guid":{"rendered":"https:\/\/tallinnzoo.ee\/kotkakukkula\/"},"modified":"2023-05-21T13:49:02","modified_gmt":"2023-05-21T10:49:02","slug":"kotkakukkula","status":"publish","type":"page","link":"https:\/\/tallinnzoo.ee\/fi\/kotkakukkula\/","title":{"rendered":"Kotkakukkula"},"content":{"rendered":"\n<h3 class=\"wp-block-heading\">Haukat ja p\u00f6ll\u00f6linnut Veskimetsin reunassa <\/h3>\n\n\n\n<p>Kotkakukkulalla sijaitsevassa <strong>haukkojen<\/strong> ja <strong>p\u00f6ll\u00f6lintujen<\/strong> kokoelmassa on huomattava m\u00e4\u00e4r\u00e4 kotkia ja korppikotkia sek\u00e4 lukuisia p\u00f6ll\u00f6lajeja. Kotkakukkulalle on sijoitettu my\u00f6s Viron metsien pitk\u00e4raajaiset ja varovaiset, kaunista turkkia kantavat kissael\u00e4imet \u2013 <strong>ilvekset<\/strong>. <\/p>\n\n\n\n<p>Kotkien kokoelmassa on 12 lajia haukkalintuja, joista puolet lukeutuvat joko uhanalaisiin tai silm\u00e4ll\u00e4pidett\u00e4viin lajeihin. Vaikka kotkien elinolosuhteet el\u00e4intarhassa eiv\u00e4t ole t\u00e4ll\u00e4 hetkell\u00e4 ihanteelliset, useilla lajeilla on vuosittain poikasia. Eik\u00e4 siin\u00e4 kaikki \u2013 uhanalaisten lajien lis\u00e4\u00e4ntymisohjelman puitteissa on Tallinnan el\u00e4intarhassa kuoriutuneita korppi- ja partakorppikotkien tipuja l\u00e4hetetty Espanjaan ja Saksaan ja niit\u00e4 on onnistuttu jopa palauttamaan takaisin Euroopan luontoon. <\/p>\n\n\n\n<p>Isosilm\u00e4iset, \u00e4\u00e4nett\u00f6m\u00e4sti lent\u00e4v\u00e4t ja j\u00e4nnitt\u00e4v\u00e4sti \u00e4\u00e4nnehtiv\u00e4t p\u00f6ll\u00f6linnut ovat lintumaailmassa aivan omanlaatuisia otuksia. Niihin lukeutuvat sek\u00e4 vain k\u00e4mmenenkokoiset, noin 40 g painoiset pikkup\u00f6ll\u00f6t ett\u00e4 jopa 4 kg painavat \u201dj\u00e4ttil\u00e4iset\u201d. P\u00f6ll\u00f6kujalla n\u00e4kee isompia ja pienempi\u00e4 kotimaisia p\u00f6ll\u00f6lajeja ja my\u00f6s Afrikasta kotoisin olevan afrikanhuuhkajan, jota muualla Virossa ei ole olekaan. <\/p>\n\n\n\n<p>Kotkakukkulan kotkien kokoelma on varhain kev\u00e4\u00e4ll\u00e4 osittain suljettu meid\u00e4n mahtaville petolinnuille h\u00e4iri\u00f6tt\u00f6m\u00e4n pesint\u00e4rauhan varmistamiseen.<\/p>\n\n\n\n<figure class=\"wp-block-gallery has-nested-images columns-default is-cropped wp-block-gallery-1 is-layout-flex wp-block-gallery-is-layout-flex\">\n<figure class=\"wp-block-image size-large\"><a href=\"https:\/\/tallinnzoo.ee\/wp-content\/uploads\/2022\/05\/kullimagi_habekotkad_Inari-Leiman-scaled.jpg\"><img loading=\"lazy\" decoding=\"async\" width=\"2560\" height=\"1707\" data-id=\"1168\" src=\"https:\/\/tallinnzoo.ee\/wp-content\/uploads\/2022\/05\/kullimagi_habekotkad_Inari-Leiman-scaled.jpg\" alt=\"\" class=\"wp-image-1168\" srcset=\"https:\/\/tallinnzoo.ee\/wp-content\/uploads\/2022\/05\/kullimagi_habekotkad_Inari-Leiman-scaled.jpg 2560w, https:\/\/tallinnzoo.ee\/wp-content\/uploads\/2022\/05\/kullimagi_habekotkad_Inari-Leiman-300x200.jpg 300w, https:\/\/tallinnzoo.ee\/wp-content\/uploads\/2022\/05\/kullimagi_habekotkad_Inari-Leiman-1024x683.jpg 1024w, https:\/\/tallinnzoo.ee\/wp-content\/uploads\/2022\/05\/kullimagi_habekotkad_Inari-Leiman-768x512.jpg 768w, https:\/\/tallinnzoo.ee\/wp-content\/uploads\/2022\/05\/kullimagi_habekotkad_Inari-Leiman-1536x1024.jpg 1536w, https:\/\/tallinnzoo.ee\/wp-content\/uploads\/2022\/05\/kullimagi_habekotkad_Inari-Leiman-2048x1365.jpg 2048w, https:\/\/tallinnzoo.ee\/wp-content\/uploads\/2022\/05\/kullimagi_habekotkad_Inari-Leiman-600x400.jpg 600w\" sizes=\"auto, (max-width: 2560px) 100vw, 2560px\" \/><\/a><\/figure>\n\n\n\n<figure class=\"wp-block-image size-large\"><a href=\"https:\/\/tallinnzoo.ee\/wp-content\/uploads\/2022\/05\/kullimagi_vootkakk_Jevgeni-Fil-scaled.jpg\"><img loading=\"lazy\" decoding=\"async\" width=\"2560\" height=\"1606\" data-id=\"1138\" src=\"https:\/\/tallinnzoo.ee\/wp-content\/uploads\/2022\/05\/kullimagi_vootkakk_Jevgeni-Fil-scaled.jpg\" alt=\"\" class=\"wp-image-1138\" srcset=\"https:\/\/tallinnzoo.ee\/wp-content\/uploads\/2022\/05\/kullimagi_vootkakk_Jevgeni-Fil-scaled.jpg 2560w, https:\/\/tallinnzoo.ee\/wp-content\/uploads\/2022\/05\/kullimagi_vootkakk_Jevgeni-Fil-300x188.jpg 300w, https:\/\/tallinnzoo.ee\/wp-content\/uploads\/2022\/05\/kullimagi_vootkakk_Jevgeni-Fil-1024x642.jpg 1024w, https:\/\/tallinnzoo.ee\/wp-content\/uploads\/2022\/05\/kullimagi_vootkakk_Jevgeni-Fil-768x482.jpg 768w, https:\/\/tallinnzoo.ee\/wp-content\/uploads\/2022\/05\/kullimagi_vootkakk_Jevgeni-Fil-1536x963.jpg 1536w, https:\/\/tallinnzoo.ee\/wp-content\/uploads\/2022\/05\/kullimagi_vootkakk_Jevgeni-Fil-2048x1285.jpg 2048w, https:\/\/tallinnzoo.ee\/wp-content\/uploads\/2022\/05\/kullimagi_vootkakk_Jevgeni-Fil-600x376.jpg 600w\" sizes=\"auto, (max-width: 2560px) 100vw, 2560px\" \/><\/a><\/figure>\n\n\n\n<figure class=\"wp-block-image size-large\"><a href=\"https:\/\/tallinnzoo.ee\/wp-content\/uploads\/2022\/05\/kullimagi_kaeluskotkas_Artur-Saljukov-2-scaled.jpg\"><img loading=\"lazy\" decoding=\"async\" width=\"1707\" height=\"2560\" data-id=\"1133\" src=\"https:\/\/tallinnzoo.ee\/wp-content\/uploads\/2022\/05\/kullimagi_kaeluskotkas_Artur-Saljukov-2-scaled.jpg\" alt=\"\" class=\"wp-image-1133\" srcset=\"https:\/\/tallinnzoo.ee\/wp-content\/uploads\/2022\/05\/kullimagi_kaeluskotkas_Artur-Saljukov-2-scaled.jpg 1707w, https:\/\/tallinnzoo.ee\/wp-content\/uploads\/2022\/05\/kullimagi_kaeluskotkas_Artur-Saljukov-2-200x300.jpg 200w, https:\/\/tallinnzoo.ee\/wp-content\/uploads\/2022\/05\/kullimagi_kaeluskotkas_Artur-Saljukov-2-683x1024.jpg 683w, https:\/\/tallinnzoo.ee\/wp-content\/uploads\/2022\/05\/kullimagi_kaeluskotkas_Artur-Saljukov-2-768x1152.jpg 768w, https:\/\/tallinnzoo.ee\/wp-content\/uploads\/2022\/05\/kullimagi_kaeluskotkas_Artur-Saljukov-2-1024x1536.jpg 1024w, https:\/\/tallinnzoo.ee\/wp-content\/uploads\/2022\/05\/kullimagi_kaeluskotkas_Artur-Saljukov-2-1365x2048.jpg 1365w, https:\/\/tallinnzoo.ee\/wp-content\/uploads\/2022\/05\/kullimagi_kaeluskotkas_Artur-Saljukov-2-600x900.jpg 600w\" sizes=\"auto, (max-width: 1707px) 100vw, 1707px\" \/><\/a><\/figure>\n\n\n\n<figure class=\"wp-block-image size-large\"><a href=\"https:\/\/tallinnzoo.ee\/wp-content\/uploads\/2022\/05\/kullimagi_korvukrats_Timo-Sivonen-scaled.jpg\"><img loading=\"lazy\" decoding=\"async\" width=\"2560\" height=\"1707\" data-id=\"1153\" src=\"https:\/\/tallinnzoo.ee\/wp-content\/uploads\/2022\/05\/kullimagi_korvukrats_Timo-Sivonen-scaled.jpg\" alt=\"\" class=\"wp-image-1153\" srcset=\"https:\/\/tallinnzoo.ee\/wp-content\/uploads\/2022\/05\/kullimagi_korvukrats_Timo-Sivonen-scaled.jpg 2560w, https:\/\/tallinnzoo.ee\/wp-content\/uploads\/2022\/05\/kullimagi_korvukrats_Timo-Sivonen-300x200.jpg 300w, https:\/\/tallinnzoo.ee\/wp-content\/uploads\/2022\/05\/kullimagi_korvukrats_Timo-Sivonen-1024x683.jpg 1024w, https:\/\/tallinnzoo.ee\/wp-content\/uploads\/2022\/05\/kullimagi_korvukrats_Timo-Sivonen-768x512.jpg 768w, https:\/\/tallinnzoo.ee\/wp-content\/uploads\/2022\/05\/kullimagi_korvukrats_Timo-Sivonen-1536x1024.jpg 1536w, https:\/\/tallinnzoo.ee\/wp-content\/uploads\/2022\/05\/kullimagi_korvukrats_Timo-Sivonen-2048x1365.jpg 2048w, https:\/\/tallinnzoo.ee\/wp-content\/uploads\/2022\/05\/kullimagi_korvukrats_Timo-Sivonen-600x400.jpg 600w\" sizes=\"auto, (max-width: 2560px) 100vw, 2560px\" \/><\/a><\/figure>\n\n\n\n<figure class=\"wp-block-image size-large\"><a href=\"https:\/\/tallinnzoo.ee\/wp-content\/uploads\/2022\/05\/kullimagi_handkakud_Jevgeni-Fil-scaled.jpg\"><img loading=\"lazy\" decoding=\"async\" width=\"2560\" height=\"1704\" data-id=\"1163\" src=\"https:\/\/tallinnzoo.ee\/wp-content\/uploads\/2022\/05\/kullimagi_handkakud_Jevgeni-Fil-scaled.jpg\" alt=\"\" class=\"wp-image-1163\" srcset=\"https:\/\/tallinnzoo.ee\/wp-content\/uploads\/2022\/05\/kullimagi_handkakud_Jevgeni-Fil-scaled.jpg 2560w, https:\/\/tallinnzoo.ee\/wp-content\/uploads\/2022\/05\/kullimagi_handkakud_Jevgeni-Fil-300x200.jpg 300w, https:\/\/tallinnzoo.ee\/wp-content\/uploads\/2022\/05\/kullimagi_handkakud_Jevgeni-Fil-1024x682.jpg 1024w, https:\/\/tallinnzoo.ee\/wp-content\/uploads\/2022\/05\/kullimagi_handkakud_Jevgeni-Fil-768x511.jpg 768w, https:\/\/tallinnzoo.ee\/wp-content\/uploads\/2022\/05\/kullimagi_handkakud_Jevgeni-Fil-1536x1023.jpg 1536w, https:\/\/tallinnzoo.ee\/wp-content\/uploads\/2022\/05\/kullimagi_handkakud_Jevgeni-Fil-2048x1364.jpg 2048w, https:\/\/tallinnzoo.ee\/wp-content\/uploads\/2022\/05\/kullimagi_handkakud_Jevgeni-Fil-600x399.jpg 600w\" sizes=\"auto, (max-width: 2560px) 100vw, 2560px\" \/><\/a><\/figure>\n\n\n\n<figure class=\"wp-block-image size-large\"><a href=\"https:\/\/tallinnzoo.ee\/wp-content\/uploads\/2022\/05\/kullimagi_stepikotkas_Jevgeni-Fil-scaled.jpg\"><img loading=\"lazy\" decoding=\"async\" width=\"1024\" height=\"683\" data-id=\"1238\" src=\"https:\/\/tallinnzoo.ee\/wp-content\/uploads\/2022\/05\/kullimagi_stepikotkas_Jevgeni-Fil-1024x683.jpg\" alt=\"\" class=\"wp-image-1238\" srcset=\"https:\/\/tallinnzoo.ee\/wp-content\/uploads\/2022\/05\/kullimagi_stepikotkas_Jevgeni-Fil-1024x683.jpg 1024w, https:\/\/tallinnzoo.ee\/wp-content\/uploads\/2022\/05\/kullimagi_stepikotkas_Jevgeni-Fil-300x200.jpg 300w, https:\/\/tallinnzoo.ee\/wp-content\/uploads\/2022\/05\/kullimagi_stepikotkas_Jevgeni-Fil-768x512.jpg 768w, https:\/\/tallinnzoo.ee\/wp-content\/uploads\/2022\/05\/kullimagi_stepikotkas_Jevgeni-Fil-1536x1024.jpg 1536w, https:\/\/tallinnzoo.ee\/wp-content\/uploads\/2022\/05\/kullimagi_stepikotkas_Jevgeni-Fil-2048x1366.jpg 2048w, https:\/\/tallinnzoo.ee\/wp-content\/uploads\/2022\/05\/kullimagi_stepikotkas_Jevgeni-Fil-600x400.jpg 600w\" sizes=\"auto, (max-width: 1024px) 100vw, 1024px\" \/><\/a><\/figure>\n\n\n\n<figure class=\"wp-block-image size-large\"><a href=\"https:\/\/tallinnzoo.ee\/wp-content\/uploads\/2023\/03\/ilvesed-kevadpaikeses-miilustamas_foto-Inari-Leiman.jpg\"><img loading=\"lazy\" decoding=\"async\" width=\"1024\" height=\"682\" data-id=\"20491\" src=\"https:\/\/tallinnzoo.ee\/wp-content\/uploads\/2023\/03\/ilvesed-kevadpaikeses-miilustamas_foto-Inari-Leiman-1024x682.jpg\" alt=\"\" class=\"wp-image-20491\" srcset=\"https:\/\/tallinnzoo.ee\/wp-content\/uploads\/2023\/03\/ilvesed-kevadpaikeses-miilustamas_foto-Inari-Leiman-1024x682.jpg 1024w, https:\/\/tallinnzoo.ee\/wp-content\/uploads\/2023\/03\/ilvesed-kevadpaikeses-miilustamas_foto-Inari-Leiman-300x200.jpg 300w, https:\/\/tallinnzoo.ee\/wp-content\/uploads\/2023\/03\/ilvesed-kevadpaikeses-miilustamas_foto-Inari-Leiman-768x512.jpg 768w, https:\/\/tallinnzoo.ee\/wp-content\/uploads\/2023\/03\/ilvesed-kevadpaikeses-miilustamas_foto-Inari-Leiman-1536x1024.jpg 1536w, https:\/\/tallinnzoo.ee\/wp-content\/uploads\/2023\/03\/ilvesed-kevadpaikeses-miilustamas_foto-Inari-Leiman-600x400.jpg 600w, https:\/\/tallinnzoo.ee\/wp-content\/uploads\/2023\/03\/ilvesed-kevadpaikeses-miilustamas_foto-Inari-Leiman.jpg 1739w\" sizes=\"auto, (max-width: 1024px) 100vw, 1024px\" \/><\/a><\/figure>\n\n\n\n<figure class=\"wp-block-image size-full\"><a href=\"https:\/\/tallinnzoo.ee\/wp-content\/uploads\/2022\/05\/kullimagi_habekakk-sulgib_foto-Inari-Leiman-3-1024x683-1.jpg\"><img loading=\"lazy\" decoding=\"async\" width=\"1024\" height=\"683\" data-id=\"909\" src=\"https:\/\/tallinnzoo.ee\/wp-content\/uploads\/2022\/05\/kullimagi_habekakk-sulgib_foto-Inari-Leiman-3-1024x683-1.jpg\" alt=\"\" class=\"wp-image-909\" srcset=\"https:\/\/tallinnzoo.ee\/wp-content\/uploads\/2022\/05\/kullimagi_habekakk-sulgib_foto-Inari-Leiman-3-1024x683-1.jpg 1024w, https:\/\/tallinnzoo.ee\/wp-content\/uploads\/2022\/05\/kullimagi_habekakk-sulgib_foto-Inari-Leiman-3-1024x683-1-300x200.jpg 300w, https:\/\/tallinnzoo.ee\/wp-content\/uploads\/2022\/05\/kullimagi_habekakk-sulgib_foto-Inari-Leiman-3-1024x683-1-768x512.jpg 768w, https:\/\/tallinnzoo.ee\/wp-content\/uploads\/2022\/05\/kullimagi_habekakk-sulgib_foto-Inari-Leiman-3-1024x683-1-600x400.jpg 600w\" sizes=\"auto, (max-width: 1024px) 100vw, 1024px\" \/><\/a><\/figure>\n<\/figure>\n\n\n<section class=\"visiting-areas-section wide-section\">\n  <div class=\"wide-section__inner\">\n    <div class=\"container\">\n      <h2 class=\"text-center\">El\u00e4intarhan alueet<\/h2>\n\n              <div class=\"areas-slider\">\n                                  <a href=\"https:\/\/tallinnzoo.ee\/fi\/polarium\/\" class=\"area-slide\">\n              <div class=\"area-slide__image\" style=\"background-image: url(https:\/\/tallinnzoo.ee\/wp-content\/uploads\/2022\/04\/polar-bear.svg)\"><\/div>\n              <h3 class=\"area-slide__title h4\">J\u00e4\u00e4karhumaailma<\/h3>\n            <\/a>\n                                  <a href=\"https:\/\/tallinnzoo.ee\/fi\/paksunahkaisten-talo\/\" class=\"area-slide\">\n              <div class=\"area-slide__image\" style=\"background-image: url(https:\/\/tallinnzoo.ee\/wp-content\/uploads\/2022\/04\/elephant.svg)\"><\/div>\n              <h3 class=\"area-slide__title h4\">Paksunahkaisten talo<\/h3>\n            <\/a>\n                                  <a href=\"https:\/\/tallinnzoo.ee\/fi\/sisa-aasia\/\" class=\"area-slide\">\n              <div class=\"area-slide__image\" style=\"background-image: url(https:\/\/tallinnzoo.ee\/wp-content\/uploads\/2022\/05\/siseaasia2-55.svg)\"><\/div>\n              <h3 class=\"area-slide__title h4\">Sis\u00e4-Aasia<\/h3>\n            <\/a>\n                                  <a href=\"https:\/\/tallinnzoo.ee\/fi\/tropiikkitalot\/\" class=\"area-slide\">\n              <div class=\"area-slide__image\" style=\"background-image: url(https:\/\/tallinnzoo.ee\/wp-content\/uploads\/2022\/04\/crocodile.svg)\"><\/div>\n              <h3 class=\"area-slide__title h4\">Tropiikkitalot<\/h3>\n            <\/a>\n                                  <a href=\"https:\/\/tallinnzoo.ee\/fi\/lasten-elaintarha\/\" class=\"area-slide\">\n              <div class=\"area-slide__image\" style=\"background-image: url(https:\/\/tallinnzoo.ee\/wp-content\/uploads\/2022\/05\/test-492.svg)\"><\/div>\n              <h3 class=\"area-slide__title h4\">Lasten el\u00e4intarha<\/h3>\n            <\/a>\n                                  <a href=\"https:\/\/tallinnzoo.ee\/fi\/alppialue\/\" class=\"area-slide\">\n              <div class=\"area-slide__image\" style=\"background-image: url(https:\/\/tallinnzoo.ee\/wp-content\/uploads\/2022\/05\/alpinaarium2-16.svg)\"><\/div>\n              <h3 class=\"area-slide__title h4\">Alppialue<\/h3>\n            <\/a>\n                                  <a href=\"https:\/\/tallinnzoo.ee\/fi\/kotkakukkula\/\" class=\"area-slide\">\n              <div class=\"area-slide__image\" style=\"background-image: url(https:\/\/tallinnzoo.ee\/wp-content\/uploads\/2022\/05\/kullimagi-50.svg)\"><\/div>\n              <h3 class=\"area-slide__title h4\">Kotkakukkula<\/h3>\n            <\/a>\n                                  <a href=\"https:\/\/tallinnzoo.ee\/fi\/lintulammet\/\" class=\"area-slide\">\n              <div class=\"area-slide__image\" style=\"background-image: url(https:\/\/tallinnzoo.ee\/wp-content\/uploads\/2022\/05\/linnutiik2-48.svg)\"><\/div>\n              <h3 class=\"area-slide__title h4\">Lintulammet<\/h3>\n            <\/a>\n                                  <a href=\"https:\/\/tallinnzoo.ee\/fi\/sademetsa\/\" class=\"area-slide\">\n              <div class=\"area-slide__image\" style=\"background-image: url(https:\/\/tallinnzoo.ee\/wp-content\/uploads\/2022\/05\/vihmamets2-40.svg)\"><\/div>\n              <h3 class=\"area-slide__title h4\">Sademets\u00e4<\/h3>\n            <\/a>\n                                  <a href=\"https:\/\/tallinnzoo.ee\/fi\/tiikerilaakso\/\" class=\"area-slide\">\n              <div class=\"area-slide__image\" style=\"background-image: url(https:\/\/tallinnzoo.ee\/wp-content\/uploads\/2022\/04\/tiger.svg)\"><\/div>\n              <h3 class=\"area-slide__title h4\">Tiikerilaakso<\/h3>\n            <\/a>\n                                  <a href=\"https:\/\/tallinnzoo.ee\/fi\/veskimets\/\" class=\"area-slide\">\n              <div class=\"area-slide__image\" style=\"background-image: url(https:\/\/tallinnzoo.ee\/wp-content\/uploads\/2022\/05\/veskimets.svg)\"><\/div>\n              <h3 class=\"area-slide__title h4\">Veskimets<\/h3>\n            <\/a>\n                  <\/div>\n      \n      \n      <div class=\"visiting-areas-section__buttons\">\n        \n                  <a href=\"https:\/\/tallinnzoo.ee\/fi\/kartta\/\" target=\"_self\" class=\"btn btn-outline-primary\">L\u00f6yt\u00e4\u00e4 kartalta<\/a>\n              <\/div>\n    <\/div>\n  <\/div>\n<\/section>\n\n\n\n<p><\/p>\n","protected":false},"excerpt":{"rendered":"<p>Haukat ja p\u00f6ll\u00f6linnut Veskimetsin reunassa Kotkakukkulalla sijaitsevassa haukkojen ja p\u00f6ll\u00f6lintujen kokoelmassa on huomattava m\u00e4\u00e4r\u00e4 kotkia ja korppikotkia sek\u00e4 lukuisia p\u00f6ll\u00f6lajeja. &#8230;<\/p>\n","protected":false},"author":3,"featured_media":896,"parent":0,"menu_order":0,"comment_status":"closed","ping_status":"closed","template":"","meta":{"_acf_changed":false,"om_disable_all_campaigns":false,"inline_featured_image":false,"_monsterinsights_skip_tracking":false,"_monsterinsights_sitenote_active":false,"_monsterinsights_sitenote_note":"","_monsterinsights_sitenote_category":0,"_uf_show_specific_survey":0,"_uf_disable_surveys":false,"footnotes":""},"class_list":["post-25460","page","type-page","status-publish","has-post-thumbnail","hentry"],"acf":[],"_links":{"self":[{"href":"https:\/\/tallinnzoo.ee\/fi\/wp-json\/wp\/v2\/pages\/25460","targetHints":{"allow":["GET"]}}],"collection":[{"href":"https:\/\/tallinnzoo.ee\/fi\/wp-json\/wp\/v2\/pages"}],"about":[{"href":"https:\/\/tallinnzoo.ee\/fi\/wp-json\/wp\/v2\/types\/page"}],"author":[{"embeddable":true,"href":"https:\/\/tallinnzoo.ee\/fi\/wp-json\/wp\/v2\/users\/3"}],"replies":[{"embeddable":true,"href":"https:\/\/tallinnzoo.ee\/fi\/wp-json\/wp\/v2\/comments?post=25460"}],"version-history":[{"count":4,"href":"https:\/\/tallinnzoo.ee\/fi\/wp-json\/wp\/v2\/pages\/25460\/revisions"}],"predecessor-version":[{"id":25496,"href":"https:\/\/tallinnzoo.ee\/fi\/wp-json\/wp\/v2\/pages\/25460\/revisions\/25496"}],"wp:featuredmedia":[{"embeddable":true,"href":"https:\/\/tallinnzoo.ee\/fi\/wp-json\/wp\/v2\/media\/896"}],"wp:attachment":[{"href":"https:\/\/tallinnzoo.ee\/fi\/wp-json\/wp\/v2\/media?parent=25460"}],"curies":[{"name":"wp","href":"https:\/\/api.w.org\/{rel}","templated":true}]}}