{"id":25464,"date":"2022-05-17T21:04:30","date_gmt":"2022-05-17T18:04:30","guid":{"rendered":"https:\/\/tallinnzoo.ee\/lintulammet\/"},"modified":"2023-05-21T13:49:40","modified_gmt":"2023-05-21T10:49:40","slug":"lintulammet","status":"publish","type":"page","link":"https:\/\/tallinnzoo.ee\/fi\/lintulammet\/","title":{"rendered":"Lintulammet"},"content":{"rendered":"\n<h3 class=\"wp-block-heading\">Lintulammet ovat pelikaanien ja sorsalintujen kotipaikkana<\/h3>\n\n\n\n<p>Meno lintulammilla on erityisen vilkasta ja \u00e4\u00e4nek\u00e4st\u00e4 kev\u00e4\u00e4n saapuessa, jolloin vakituiset asukkaat p\u00e4\u00e4stet\u00e4\u00e4n talviasunnoista nurmelle jaloittelemaan ja pes\u00e4paikkoja etsim\u00e4\u00e4n. Lintulammille laskeutuvat v\u00e4lill\u00e4 lep\u00e4\u00e4m\u00e4\u00e4n muuttomatkalla olevat <strong>kyhmyjoutsenet<\/strong>, <strong>merimetsot,<\/strong> <strong>harmaahaikarat<\/strong>, <strong>vesip\u00e4\u00e4skyt<\/strong> ja <strong>lapasorsat<\/strong>. <\/p>\n\n\n\n<p>Lampien yli johtavalla lautatiell\u00e4 k\u00e4vely on erityisen virkist\u00e4v\u00e4\u00e4, kun kaipaa viilennyst\u00e4 kes\u00e4helteill\u00e4. Tarkkasilm\u00e4inen vieras p\u00e4\u00e4see silloin seuraamaan lintuvanhempia tipujaan kaitsemassa sek\u00e4 isoja karppeja, jotka uivat mielell\u00e4\u00e4n aivan veden pinnan alla ja v\u00e4lill\u00e4 polskivat pinnallakin. Jos onnistaa, voi lammella havaita my\u00f6s siell\u00e4 vapaasti asustelevan harvinaisen vieraan \u2013 <strong>euroopansuokilpikonnan<\/strong>. Vesipeilien toisella puolella on n\u00e4k\u00f6alatasanne, josta k\u00e4sin voi t\u00e4hyill\u00e4 etel\u00e4isen pallopuoliskon asukkaita \u2013 <strong>mustajoutsenia, ruostesorsia sek\u00e4 pelikaaneja ja kiharapelikaaneja<\/strong>. Pelikaanit ovat erityisen n\u00e4ytt\u00e4vi\u00e4 syksyn tullen, jolloin lintujen sulat v\u00e4rj\u00e4ytyv\u00e4t soidinmenojen aikaan vaaleanpunaisen ja oranssin s\u00e4vyihin.<\/p>\n\n\n\n<p>Kun pakkasta pelk\u00e4\u00e4v\u00e4t linnut siirret\u00e4\u00e4n talvikauden ajaksi sis\u00e4tiloihin ja muuttolinnut l\u00e4htev\u00e4t taas kohti etel\u00e4\u00e4, lintulampien nurmilla laiduntavia vaatimattomia ja laumassa viihtyvi\u00e4 <strong>kihnulaisia maatiaislampaita<\/strong> voi tavata talvellakin. <\/p>\n\n\n\n<figure class=\"wp-block-gallery has-nested-images columns-default is-cropped wp-block-gallery-1 is-layout-flex wp-block-gallery-is-layout-flex\">\n<figure class=\"wp-block-image size-large\"><a href=\"https:\/\/tallinnzoo.ee\/wp-content\/uploads\/2022\/05\/linnutiigil_Arne-Ader-scaled.jpg\"><img loading=\"lazy\" decoding=\"async\" width=\"2560\" height=\"1707\" data-id=\"1193\" src=\"https:\/\/tallinnzoo.ee\/wp-content\/uploads\/2022\/05\/linnutiigil_Arne-Ader-scaled.jpg\" alt=\"\" class=\"wp-image-1193\" srcset=\"https:\/\/tallinnzoo.ee\/wp-content\/uploads\/2022\/05\/linnutiigil_Arne-Ader-scaled.jpg 2560w, https:\/\/tallinnzoo.ee\/wp-content\/uploads\/2022\/05\/linnutiigil_Arne-Ader-300x200.jpg 300w, https:\/\/tallinnzoo.ee\/wp-content\/uploads\/2022\/05\/linnutiigil_Arne-Ader-1024x683.jpg 1024w, https:\/\/tallinnzoo.ee\/wp-content\/uploads\/2022\/05\/linnutiigil_Arne-Ader-768x512.jpg 768w, https:\/\/tallinnzoo.ee\/wp-content\/uploads\/2022\/05\/linnutiigil_Arne-Ader-1536x1024.jpg 1536w, https:\/\/tallinnzoo.ee\/wp-content\/uploads\/2022\/05\/linnutiigil_Arne-Ader-2048x1365.jpg 2048w, https:\/\/tallinnzoo.ee\/wp-content\/uploads\/2022\/05\/linnutiigil_Arne-Ader-600x400.jpg 600w\" sizes=\"auto, (max-width: 2560px) 100vw, 2560px\" \/><\/a><\/figure>\n\n\n\n<figure class=\"wp-block-image size-full\"><a href=\"https:\/\/tallinnzoo.ee\/wp-content\/uploads\/2022\/06\/sookilpkonn-jalga-puhkamas_foto-Inari-Leiman-1024x682-1.jpg\"><img loading=\"lazy\" decoding=\"async\" width=\"1024\" height=\"682\" data-id=\"11687\" src=\"https:\/\/tallinnzoo.ee\/wp-content\/uploads\/2022\/06\/sookilpkonn-jalga-puhkamas_foto-Inari-Leiman-1024x682-1.jpg\" alt=\"\" class=\"wp-image-11687\" srcset=\"https:\/\/tallinnzoo.ee\/wp-content\/uploads\/2022\/06\/sookilpkonn-jalga-puhkamas_foto-Inari-Leiman-1024x682-1.jpg 1024w, https:\/\/tallinnzoo.ee\/wp-content\/uploads\/2022\/06\/sookilpkonn-jalga-puhkamas_foto-Inari-Leiman-1024x682-1-300x200.jpg 300w, https:\/\/tallinnzoo.ee\/wp-content\/uploads\/2022\/06\/sookilpkonn-jalga-puhkamas_foto-Inari-Leiman-1024x682-1-768x512.jpg 768w, https:\/\/tallinnzoo.ee\/wp-content\/uploads\/2022\/06\/sookilpkonn-jalga-puhkamas_foto-Inari-Leiman-1024x682-1-600x400.jpg 600w\" sizes=\"auto, (max-width: 1024px) 100vw, 1024px\" \/><\/a><\/figure>\n\n\n\n<figure class=\"wp-block-image size-large\"><a href=\"https:\/\/tallinnzoo.ee\/wp-content\/uploads\/2022\/05\/linnutiik_pelikanid_Inari-Leiman-scaled.jpg\"><img loading=\"lazy\" decoding=\"async\" width=\"2560\" height=\"1707\" data-id=\"1337\" src=\"https:\/\/tallinnzoo.ee\/wp-content\/uploads\/2022\/05\/linnutiik_pelikanid_Inari-Leiman-scaled.jpg\" alt=\"\" class=\"wp-image-1337\" srcset=\"https:\/\/tallinnzoo.ee\/wp-content\/uploads\/2022\/05\/linnutiik_pelikanid_Inari-Leiman-scaled.jpg 2560w, https:\/\/tallinnzoo.ee\/wp-content\/uploads\/2022\/05\/linnutiik_pelikanid_Inari-Leiman-300x200.jpg 300w, https:\/\/tallinnzoo.ee\/wp-content\/uploads\/2022\/05\/linnutiik_pelikanid_Inari-Leiman-1024x683.jpg 1024w, https:\/\/tallinnzoo.ee\/wp-content\/uploads\/2022\/05\/linnutiik_pelikanid_Inari-Leiman-768x512.jpg 768w, https:\/\/tallinnzoo.ee\/wp-content\/uploads\/2022\/05\/linnutiik_pelikanid_Inari-Leiman-1536x1024.jpg 1536w, https:\/\/tallinnzoo.ee\/wp-content\/uploads\/2022\/05\/linnutiik_pelikanid_Inari-Leiman-2048x1365.jpg 2048w, https:\/\/tallinnzoo.ee\/wp-content\/uploads\/2022\/05\/linnutiik_pelikanid_Inari-Leiman-600x400.jpg 600w\" sizes=\"auto, (max-width: 2560px) 100vw, 2560px\" \/><\/a><\/figure>\n\n\n\n<figure class=\"wp-block-image size-large\"><a href=\"https:\/\/tallinnzoo.ee\/wp-content\/uploads\/2022\/05\/linnutiik_mustluik-supleb_Inari-Leiman.jpg\"><img loading=\"lazy\" decoding=\"async\" width=\"1024\" height=\"682\" data-id=\"1342\" src=\"https:\/\/tallinnzoo.ee\/wp-content\/uploads\/2022\/05\/linnutiik_mustluik-supleb_Inari-Leiman.jpg\" alt=\"\" class=\"wp-image-1342\" srcset=\"https:\/\/tallinnzoo.ee\/wp-content\/uploads\/2022\/05\/linnutiik_mustluik-supleb_Inari-Leiman.jpg 1024w, https:\/\/tallinnzoo.ee\/wp-content\/uploads\/2022\/05\/linnutiik_mustluik-supleb_Inari-Leiman-300x200.jpg 300w, https:\/\/tallinnzoo.ee\/wp-content\/uploads\/2022\/05\/linnutiik_mustluik-supleb_Inari-Leiman-768x512.jpg 768w, https:\/\/tallinnzoo.ee\/wp-content\/uploads\/2022\/05\/linnutiik_mustluik-supleb_Inari-Leiman-600x400.jpg 600w\" sizes=\"auto, (max-width: 1024px) 100vw, 1024px\" \/><\/a><\/figure>\n\n\n\n<figure class=\"wp-block-image size-large\"><a href=\"https:\/\/tallinnzoo.ee\/wp-content\/uploads\/2022\/05\/linnutiik_Arne-1-scaled.jpg\"><img loading=\"lazy\" decoding=\"async\" width=\"2560\" height=\"1706\" data-id=\"1233\" src=\"https:\/\/tallinnzoo.ee\/wp-content\/uploads\/2022\/05\/linnutiik_Arne-1-scaled.jpg\" alt=\"\" class=\"wp-image-1233\" srcset=\"https:\/\/tallinnzoo.ee\/wp-content\/uploads\/2022\/05\/linnutiik_Arne-1-scaled.jpg 2560w, https:\/\/tallinnzoo.ee\/wp-content\/uploads\/2022\/05\/linnutiik_Arne-1-300x200.jpg 300w, https:\/\/tallinnzoo.ee\/wp-content\/uploads\/2022\/05\/linnutiik_Arne-1-1024x683.jpg 1024w, https:\/\/tallinnzoo.ee\/wp-content\/uploads\/2022\/05\/linnutiik_Arne-1-768x512.jpg 768w, https:\/\/tallinnzoo.ee\/wp-content\/uploads\/2022\/05\/linnutiik_Arne-1-1536x1024.jpg 1536w, https:\/\/tallinnzoo.ee\/wp-content\/uploads\/2022\/05\/linnutiik_Arne-1-2048x1365.jpg 2048w, https:\/\/tallinnzoo.ee\/wp-content\/uploads\/2022\/05\/linnutiik_Arne-1-600x400.jpg 600w\" sizes=\"auto, (max-width: 2560px) 100vw, 2560px\" \/><\/a><\/figure>\n\n\n\n<figure class=\"wp-block-image size-large\"><a href=\"https:\/\/tallinnzoo.ee\/wp-content\/uploads\/2022\/05\/linnutiik_kuhmnokk-luik_Arne-Ader-scaled.jpg\"><img loading=\"lazy\" decoding=\"async\" width=\"2560\" height=\"1707\" data-id=\"1347\" src=\"https:\/\/tallinnzoo.ee\/wp-content\/uploads\/2022\/05\/linnutiik_kuhmnokk-luik_Arne-Ader-scaled.jpg\" alt=\"\" class=\"wp-image-1347\" srcset=\"https:\/\/tallinnzoo.ee\/wp-content\/uploads\/2022\/05\/linnutiik_kuhmnokk-luik_Arne-Ader-scaled.jpg 2560w, https:\/\/tallinnzoo.ee\/wp-content\/uploads\/2022\/05\/linnutiik_kuhmnokk-luik_Arne-Ader-300x200.jpg 300w, https:\/\/tallinnzoo.ee\/wp-content\/uploads\/2022\/05\/linnutiik_kuhmnokk-luik_Arne-Ader-1024x683.jpg 1024w, https:\/\/tallinnzoo.ee\/wp-content\/uploads\/2022\/05\/linnutiik_kuhmnokk-luik_Arne-Ader-768x512.jpg 768w, https:\/\/tallinnzoo.ee\/wp-content\/uploads\/2022\/05\/linnutiik_kuhmnokk-luik_Arne-Ader-1536x1024.jpg 1536w, https:\/\/tallinnzoo.ee\/wp-content\/uploads\/2022\/05\/linnutiik_kuhmnokk-luik_Arne-Ader-2048x1365.jpg 2048w, https:\/\/tallinnzoo.ee\/wp-content\/uploads\/2022\/05\/linnutiik_kuhmnokk-luik_Arne-Ader-600x400.jpg 600w\" sizes=\"auto, (max-width: 2560px) 100vw, 2560px\" \/><\/a><\/figure>\n\n\n\n<figure class=\"wp-block-image size-large\"><a href=\"https:\/\/tallinnzoo.ee\/wp-content\/uploads\/2022\/05\/linnutiik_roosapelikanid_foto-Maaja-Kitsing-2-scaled.jpg\"><img loading=\"lazy\" decoding=\"async\" width=\"2560\" height=\"1811\" data-id=\"1228\" src=\"https:\/\/tallinnzoo.ee\/wp-content\/uploads\/2022\/05\/linnutiik_roosapelikanid_foto-Maaja-Kitsing-2-scaled.jpg\" alt=\"\" class=\"wp-image-1228\" srcset=\"https:\/\/tallinnzoo.ee\/wp-content\/uploads\/2022\/05\/linnutiik_roosapelikanid_foto-Maaja-Kitsing-2-scaled.jpg 2560w, https:\/\/tallinnzoo.ee\/wp-content\/uploads\/2022\/05\/linnutiik_roosapelikanid_foto-Maaja-Kitsing-2-300x212.jpg 300w, https:\/\/tallinnzoo.ee\/wp-content\/uploads\/2022\/05\/linnutiik_roosapelikanid_foto-Maaja-Kitsing-2-1024x724.jpg 1024w, https:\/\/tallinnzoo.ee\/wp-content\/uploads\/2022\/05\/linnutiik_roosapelikanid_foto-Maaja-Kitsing-2-768x543.jpg 768w, https:\/\/tallinnzoo.ee\/wp-content\/uploads\/2022\/05\/linnutiik_roosapelikanid_foto-Maaja-Kitsing-2-1536x1086.jpg 1536w, https:\/\/tallinnzoo.ee\/wp-content\/uploads\/2022\/05\/linnutiik_roosapelikanid_foto-Maaja-Kitsing-2-2048x1448.jpg 2048w, https:\/\/tallinnzoo.ee\/wp-content\/uploads\/2022\/05\/linnutiik_roosapelikanid_foto-Maaja-Kitsing-2-600x424.jpg 600w\" sizes=\"auto, (max-width: 2560px) 100vw, 2560px\" \/><\/a><\/figure>\n\n\n\n<figure class=\"wp-block-image size-large\"><a href=\"https:\/\/tallinnzoo.ee\/wp-content\/uploads\/2022\/05\/sookurg-sugisesel-aasal_Inari-Leiman.jpg\"><img loading=\"lazy\" decoding=\"async\" width=\"1024\" height=\"682\" data-id=\"1352\" src=\"https:\/\/tallinnzoo.ee\/wp-content\/uploads\/2022\/05\/sookurg-sugisesel-aasal_Inari-Leiman.jpg\" alt=\"\" class=\"wp-image-1352\" srcset=\"https:\/\/tallinnzoo.ee\/wp-content\/uploads\/2022\/05\/sookurg-sugisesel-aasal_Inari-Leiman.jpg 1024w, https:\/\/tallinnzoo.ee\/wp-content\/uploads\/2022\/05\/sookurg-sugisesel-aasal_Inari-Leiman-300x200.jpg 300w, https:\/\/tallinnzoo.ee\/wp-content\/uploads\/2022\/05\/sookurg-sugisesel-aasal_Inari-Leiman-768x512.jpg 768w, https:\/\/tallinnzoo.ee\/wp-content\/uploads\/2022\/05\/sookurg-sugisesel-aasal_Inari-Leiman-600x400.jpg 600w\" sizes=\"auto, (max-width: 1024px) 100vw, 1024px\" \/><\/a><\/figure>\n<\/figure>\n\n\n<section class=\"visiting-areas-section wide-section\">\n  <div class=\"wide-section__inner\">\n    <div class=\"container\">\n      <h2 class=\"text-center\">El\u00e4intarhan alueet<\/h2>\n\n              <div class=\"areas-slider\">\n                                  <a href=\"https:\/\/tallinnzoo.ee\/fi\/polarium\/\" class=\"area-slide\">\n              <div class=\"area-slide__image\" style=\"background-image: url(https:\/\/tallinnzoo.ee\/wp-content\/uploads\/2022\/04\/polar-bear.svg)\"><\/div>\n              <h3 class=\"area-slide__title h4\">J\u00e4\u00e4karhumaailma<\/h3>\n            <\/a>\n                                  <a href=\"https:\/\/tallinnzoo.ee\/fi\/paksunahkaisten-talo\/\" class=\"area-slide\">\n              <div class=\"area-slide__image\" style=\"background-image: url(https:\/\/tallinnzoo.ee\/wp-content\/uploads\/2022\/04\/elephant.svg)\"><\/div>\n              <h3 class=\"area-slide__title h4\">Paksunahkaisten talo<\/h3>\n            <\/a>\n                                  <a href=\"https:\/\/tallinnzoo.ee\/fi\/sisa-aasia\/\" class=\"area-slide\">\n              <div class=\"area-slide__image\" style=\"background-image: url(https:\/\/tallinnzoo.ee\/wp-content\/uploads\/2022\/05\/siseaasia2-55.svg)\"><\/div>\n              <h3 class=\"area-slide__title h4\">Sis\u00e4-Aasia<\/h3>\n            <\/a>\n                                  <a href=\"https:\/\/tallinnzoo.ee\/fi\/tropiikkitalot\/\" class=\"area-slide\">\n              <div class=\"area-slide__image\" style=\"background-image: url(https:\/\/tallinnzoo.ee\/wp-content\/uploads\/2022\/04\/crocodile.svg)\"><\/div>\n              <h3 class=\"area-slide__title h4\">Tropiikkitalot<\/h3>\n            <\/a>\n                                  <a href=\"https:\/\/tallinnzoo.ee\/fi\/lasten-elaintarha\/\" class=\"area-slide\">\n              <div class=\"area-slide__image\" style=\"background-image: url(https:\/\/tallinnzoo.ee\/wp-content\/uploads\/2022\/05\/test-492.svg)\"><\/div>\n              <h3 class=\"area-slide__title h4\">Lasten el\u00e4intarha<\/h3>\n            <\/a>\n                                  <a href=\"https:\/\/tallinnzoo.ee\/fi\/alppialue\/\" class=\"area-slide\">\n              <div class=\"area-slide__image\" style=\"background-image: url(https:\/\/tallinnzoo.ee\/wp-content\/uploads\/2022\/05\/alpinaarium2-16.svg)\"><\/div>\n              <h3 class=\"area-slide__title h4\">Alppialue<\/h3>\n            <\/a>\n                                  <a href=\"https:\/\/tallinnzoo.ee\/fi\/kotkakukkula\/\" class=\"area-slide\">\n              <div class=\"area-slide__image\" style=\"background-image: url(https:\/\/tallinnzoo.ee\/wp-content\/uploads\/2022\/05\/kullimagi-50.svg)\"><\/div>\n              <h3 class=\"area-slide__title h4\">Kotkakukkula<\/h3>\n            <\/a>\n                                  <a href=\"https:\/\/tallinnzoo.ee\/fi\/lintulammet\/\" class=\"area-slide\">\n              <div class=\"area-slide__image\" style=\"background-image: url(https:\/\/tallinnzoo.ee\/wp-content\/uploads\/2022\/05\/linnutiik2-48.svg)\"><\/div>\n              <h3 class=\"area-slide__title h4\">Lintulammet<\/h3>\n            <\/a>\n                                  <a href=\"https:\/\/tallinnzoo.ee\/fi\/sademetsa\/\" class=\"area-slide\">\n              <div class=\"area-slide__image\" style=\"background-image: url(https:\/\/tallinnzoo.ee\/wp-content\/uploads\/2022\/05\/vihmamets2-40.svg)\"><\/div>\n              <h3 class=\"area-slide__title h4\">Sademets\u00e4<\/h3>\n            <\/a>\n                                  <a href=\"https:\/\/tallinnzoo.ee\/fi\/tiikerilaakso\/\" class=\"area-slide\">\n              <div class=\"area-slide__image\" style=\"background-image: url(https:\/\/tallinnzoo.ee\/wp-content\/uploads\/2022\/04\/tiger.svg)\"><\/div>\n              <h3 class=\"area-slide__title h4\">Tiikerilaakso<\/h3>\n            <\/a>\n                                  <a href=\"https:\/\/tallinnzoo.ee\/fi\/veskimets\/\" class=\"area-slide\">\n              <div class=\"area-slide__image\" style=\"background-image: url(https:\/\/tallinnzoo.ee\/wp-content\/uploads\/2022\/05\/veskimets.svg)\"><\/div>\n              <h3 class=\"area-slide__title h4\">Veskimets<\/h3>\n            <\/a>\n                  <\/div>\n      \n      \n      <div class=\"visiting-areas-section__buttons\">\n        \n                  <a href=\"https:\/\/tallinnzoo.ee\/fi\/kartta\/\" target=\"_self\" class=\"btn btn-outline-primary\">L\u00f6yt\u00e4\u00e4 kartalta<\/a>\n              <\/div>\n    <\/div>\n  <\/div>\n<\/section>\n","protected":false},"excerpt":{"rendered":"<p>Lintulammet ovat pelikaanien ja sorsalintujen kotipaikkana Meno lintulammilla on erityisen vilkasta ja \u00e4\u00e4nek\u00e4st\u00e4 kev\u00e4\u00e4n saapuessa, jolloin vakituiset asukkaat p\u00e4\u00e4stet\u00e4\u00e4n talviasunnoista &#8230;<\/p>\n","protected":false},"author":2,"featured_media":1128,"parent":0,"menu_order":0,"comment_status":"closed","ping_status":"closed","template":"","meta":{"_acf_changed":false,"om_disable_all_campaigns":false,"inline_featured_image":false,"_monsterinsights_skip_tracking":false,"_monsterinsights_sitenote_active":false,"_monsterinsights_sitenote_note":"","_monsterinsights_sitenote_category":0,"_uf_show_specific_survey":0,"_uf_disable_surveys":false,"footnotes":""},"class_list":["post-25464","page","type-page","status-publish","has-post-thumbnail","hentry"],"acf":[],"_links":{"self":[{"href":"https:\/\/tallinnzoo.ee\/fi\/wp-json\/wp\/v2\/pages\/25464","targetHints":{"allow":["GET"]}}],"collection":[{"href":"https:\/\/tallinnzoo.ee\/fi\/wp-json\/wp\/v2\/pages"}],"about":[{"href":"https:\/\/tallinnzoo.ee\/fi\/wp-json\/wp\/v2\/types\/page"}],"author":[{"embeddable":true,"href":"https:\/\/tallinnzoo.ee\/fi\/wp-json\/wp\/v2\/users\/2"}],"replies":[{"embeddable":true,"href":"https:\/\/tallinnzoo.ee\/fi\/wp-json\/wp\/v2\/comments?post=25464"}],"version-history":[{"count":2,"href":"https:\/\/tallinnzoo.ee\/fi\/wp-json\/wp\/v2\/pages\/25464\/revisions"}],"predecessor-version":[{"id":25497,"href":"https:\/\/tallinnzoo.ee\/fi\/wp-json\/wp\/v2\/pages\/25464\/revisions\/25497"}],"wp:featuredmedia":[{"embeddable":true,"href":"https:\/\/tallinnzoo.ee\/fi\/wp-json\/wp\/v2\/media\/1128"}],"wp:attachment":[{"href":"https:\/\/tallinnzoo.ee\/fi\/wp-json\/wp\/v2\/media?parent=25464"}],"curies":[{"name":"wp","href":"https:\/\/api.w.org\/{rel}","templated":true}]}}