{"id":25470,"date":"2022-05-17T20:18:40","date_gmt":"2022-05-17T17:18:40","guid":{"rendered":"https:\/\/tallinnzoo.ee\/paksunahkaisten-talo\/"},"modified":"2023-05-21T13:54:18","modified_gmt":"2023-05-21T10:54:18","slug":"paksunahkaisten-talo","status":"publish","type":"page","link":"https:\/\/tallinnzoo.ee\/fi\/paksunahkaisten-talo\/","title":{"rendered":"Paksunahkaisten talo"},"content":{"rendered":"\n<h3 class=\"wp-block-heading\">J\u00e4nnitt\u00e4v\u00e4 retki Afrikan ytimeen!<\/h3>\n\n\n\n<p>El\u00e4intarhan viidennenkymmenennen juhlavuoden kunniaksi vuonna 1989 valmistunut paksunahkaisten talo sek\u00e4 ulkoaitaukset ovat useamman el\u00e4inlajin kotipaikkana. Ne ovat mm. nykyajan suurimmat maalla el\u00e4v\u00e4t nis\u00e4kk\u00e4\u00e4t \u2013 uhanalaiset, valtavia sy\u00f6ksyhampaita kantavat <strong>afrikannorsut<\/strong>, luonnossa jo kriittiseen tilaan joutuneet <strong>suippohuulisarvikuonot<\/strong> sek\u00e4 my\u00f6s uhanalainen, erakkona ja katseilta piilossa viihtyv\u00e4 <strong>k\u00e4\u00e4pi\u00f6virtahep<\/strong>o. Petoel\u00e4imist\u00e4 ovat edustettuina korkearaajaiset kissael\u00e4imet <strong>karakalit<\/strong>, joita voi ihailla ulkoaitauksessa sek\u00e4 aina vilkkaat ja puuhakkaat surikaatit eli <strong>nelisormimangustit<\/strong>. <strong>Hiiriel\u00e4imist\u00e4<\/strong> on paksunahkaisten taloon tuotu <strong>v\u00e4h\u00e4aasianokahiiret<\/strong>, <strong>seeprahiiret<\/strong> sek\u00e4 <strong>musta- ja isorotat<\/strong>.<\/p>\n\n\n\n<figure class=\"wp-block-gallery has-nested-images columns-default is-cropped wp-block-gallery-1 is-layout-flex wp-block-gallery-is-layout-flex\">\n<figure class=\"wp-block-image size-large\"><a href=\"https:\/\/tallinnzoo.ee\/wp-content\/uploads\/2022\/05\/aafrika-savannielevant-Sven-Zacek.jpg\"><img loading=\"lazy\" decoding=\"async\" width=\"1600\" height=\"1067\" data-id=\"1380\" src=\"https:\/\/tallinnzoo.ee\/wp-content\/uploads\/2022\/05\/aafrika-savannielevant-Sven-Zacek.jpg\" alt=\"\" class=\"wp-image-1380\" srcset=\"https:\/\/tallinnzoo.ee\/wp-content\/uploads\/2022\/05\/aafrika-savannielevant-Sven-Zacek.jpg 1600w, https:\/\/tallinnzoo.ee\/wp-content\/uploads\/2022\/05\/aafrika-savannielevant-Sven-Zacek-300x200.jpg 300w, https:\/\/tallinnzoo.ee\/wp-content\/uploads\/2022\/05\/aafrika-savannielevant-Sven-Zacek-1024x683.jpg 1024w, https:\/\/tallinnzoo.ee\/wp-content\/uploads\/2022\/05\/aafrika-savannielevant-Sven-Zacek-768x512.jpg 768w, https:\/\/tallinnzoo.ee\/wp-content\/uploads\/2022\/05\/aafrika-savannielevant-Sven-Zacek-1536x1024.jpg 1536w, https:\/\/tallinnzoo.ee\/wp-content\/uploads\/2022\/05\/aafrika-savannielevant-Sven-Zacek-600x400.jpg 600w\" sizes=\"auto, (max-width: 1600px) 100vw, 1600px\" \/><\/a><\/figure>\n\n\n\n<figure class=\"wp-block-image size-large\"><a href=\"https:\/\/tallinnzoo.ee\/wp-content\/uploads\/2022\/05\/kaabusjoehobu-Sven-Zacek.jpg\"><img loading=\"lazy\" decoding=\"async\" width=\"1600\" height=\"1067\" data-id=\"1375\" src=\"https:\/\/tallinnzoo.ee\/wp-content\/uploads\/2022\/05\/kaabusjoehobu-Sven-Zacek.jpg\" alt=\"\" class=\"wp-image-1375\" srcset=\"https:\/\/tallinnzoo.ee\/wp-content\/uploads\/2022\/05\/kaabusjoehobu-Sven-Zacek.jpg 1600w, https:\/\/tallinnzoo.ee\/wp-content\/uploads\/2022\/05\/kaabusjoehobu-Sven-Zacek-300x200.jpg 300w, https:\/\/tallinnzoo.ee\/wp-content\/uploads\/2022\/05\/kaabusjoehobu-Sven-Zacek-1024x683.jpg 1024w, https:\/\/tallinnzoo.ee\/wp-content\/uploads\/2022\/05\/kaabusjoehobu-Sven-Zacek-768x512.jpg 768w, https:\/\/tallinnzoo.ee\/wp-content\/uploads\/2022\/05\/kaabusjoehobu-Sven-Zacek-1536x1024.jpg 1536w, https:\/\/tallinnzoo.ee\/wp-content\/uploads\/2022\/05\/kaabusjoehobu-Sven-Zacek-600x400.jpg 600w\" sizes=\"auto, (max-width: 1600px) 100vw, 1600px\" \/><\/a><\/figure>\n\n\n\n<figure class=\"wp-block-image size-large\"><a href=\"https:\/\/tallinnzoo.ee\/wp-content\/uploads\/2022\/05\/teravmokkninasarvik_Ilja-Matusihis-1-scaled.jpg\"><img loading=\"lazy\" decoding=\"async\" width=\"2560\" height=\"1707\" data-id=\"1011\" src=\"https:\/\/tallinnzoo.ee\/wp-content\/uploads\/2022\/05\/teravmokkninasarvik_Ilja-Matusihis-1-scaled.jpg\" alt=\"\" class=\"wp-image-1011\" srcset=\"https:\/\/tallinnzoo.ee\/wp-content\/uploads\/2022\/05\/teravmokkninasarvik_Ilja-Matusihis-1-scaled.jpg 2560w, https:\/\/tallinnzoo.ee\/wp-content\/uploads\/2022\/05\/teravmokkninasarvik_Ilja-Matusihis-1-300x200.jpg 300w, https:\/\/tallinnzoo.ee\/wp-content\/uploads\/2022\/05\/teravmokkninasarvik_Ilja-Matusihis-1-1024x683.jpg 1024w, https:\/\/tallinnzoo.ee\/wp-content\/uploads\/2022\/05\/teravmokkninasarvik_Ilja-Matusihis-1-768x512.jpg 768w, https:\/\/tallinnzoo.ee\/wp-content\/uploads\/2022\/05\/teravmokkninasarvik_Ilja-Matusihis-1-1536x1024.jpg 1536w, https:\/\/tallinnzoo.ee\/wp-content\/uploads\/2022\/05\/teravmokkninasarvik_Ilja-Matusihis-1-2048x1365.jpg 2048w, https:\/\/tallinnzoo.ee\/wp-content\/uploads\/2022\/05\/teravmokkninasarvik_Ilja-Matusihis-1-600x400.jpg 600w\" sizes=\"auto, (max-width: 2560px) 100vw, 2560px\" \/><\/a><\/figure>\n\n\n\n<figure class=\"wp-block-image size-large\"><a href=\"https:\/\/tallinnzoo.ee\/wp-content\/uploads\/2022\/05\/karakal_Inari-Leiman-scaled.jpg\"><img loading=\"lazy\" decoding=\"async\" width=\"2560\" height=\"1707\" data-id=\"1006\" src=\"https:\/\/tallinnzoo.ee\/wp-content\/uploads\/2022\/05\/karakal_Inari-Leiman-scaled.jpg\" alt=\"\" class=\"wp-image-1006\" srcset=\"https:\/\/tallinnzoo.ee\/wp-content\/uploads\/2022\/05\/karakal_Inari-Leiman-scaled.jpg 2560w, https:\/\/tallinnzoo.ee\/wp-content\/uploads\/2022\/05\/karakal_Inari-Leiman-300x200.jpg 300w, https:\/\/tallinnzoo.ee\/wp-content\/uploads\/2022\/05\/karakal_Inari-Leiman-1024x683.jpg 1024w, https:\/\/tallinnzoo.ee\/wp-content\/uploads\/2022\/05\/karakal_Inari-Leiman-768x512.jpg 768w, https:\/\/tallinnzoo.ee\/wp-content\/uploads\/2022\/05\/karakal_Inari-Leiman-1536x1024.jpg 1536w, https:\/\/tallinnzoo.ee\/wp-content\/uploads\/2022\/05\/karakal_Inari-Leiman-2048x1365.jpg 2048w, https:\/\/tallinnzoo.ee\/wp-content\/uploads\/2022\/05\/karakal_Inari-Leiman-600x400.jpg 600w\" sizes=\"auto, (max-width: 2560px) 100vw, 2560px\" \/><\/a><\/figure>\n\n\n\n<figure class=\"wp-block-image size-large\"><a href=\"https:\/\/tallinnzoo.ee\/wp-content\/uploads\/2022\/05\/sinikeel-skink_Inari-Leiman.jpg\"><img loading=\"lazy\" decoding=\"async\" width=\"1024\" height=\"682\" data-id=\"1365\" src=\"https:\/\/tallinnzoo.ee\/wp-content\/uploads\/2022\/05\/sinikeel-skink_Inari-Leiman.jpg\" alt=\"\" class=\"wp-image-1365\" srcset=\"https:\/\/tallinnzoo.ee\/wp-content\/uploads\/2022\/05\/sinikeel-skink_Inari-Leiman.jpg 1024w, https:\/\/tallinnzoo.ee\/wp-content\/uploads\/2022\/05\/sinikeel-skink_Inari-Leiman-300x200.jpg 300w, https:\/\/tallinnzoo.ee\/wp-content\/uploads\/2022\/05\/sinikeel-skink_Inari-Leiman-768x512.jpg 768w, https:\/\/tallinnzoo.ee\/wp-content\/uploads\/2022\/05\/sinikeel-skink_Inari-Leiman-600x400.jpg 600w\" sizes=\"auto, (max-width: 1024px) 100vw, 1024px\" \/><\/a><\/figure>\n\n\n\n<figure class=\"wp-block-image size-large\"><a href=\"https:\/\/tallinnzoo.ee\/wp-content\/uploads\/2022\/05\/surikaat_Kerli-Kaal-scaled.jpg\"><img loading=\"lazy\" decoding=\"async\" width=\"2560\" height=\"1707\" data-id=\"1370\" src=\"https:\/\/tallinnzoo.ee\/wp-content\/uploads\/2022\/05\/surikaat_Kerli-Kaal-scaled.jpg\" alt=\"\" class=\"wp-image-1370\" srcset=\"https:\/\/tallinnzoo.ee\/wp-content\/uploads\/2022\/05\/surikaat_Kerli-Kaal-scaled.jpg 2560w, https:\/\/tallinnzoo.ee\/wp-content\/uploads\/2022\/05\/surikaat_Kerli-Kaal-300x200.jpg 300w, https:\/\/tallinnzoo.ee\/wp-content\/uploads\/2022\/05\/surikaat_Kerli-Kaal-1024x683.jpg 1024w, https:\/\/tallinnzoo.ee\/wp-content\/uploads\/2022\/05\/surikaat_Kerli-Kaal-768x512.jpg 768w, https:\/\/tallinnzoo.ee\/wp-content\/uploads\/2022\/05\/surikaat_Kerli-Kaal-1536x1024.jpg 1536w, https:\/\/tallinnzoo.ee\/wp-content\/uploads\/2022\/05\/surikaat_Kerli-Kaal-2048x1365.jpg 2048w, https:\/\/tallinnzoo.ee\/wp-content\/uploads\/2022\/05\/surikaat_Kerli-Kaal-600x400.jpg 600w\" sizes=\"auto, (max-width: 2560px) 100vw, 2560px\" \/><\/a><\/figure>\n<\/figure>\n\n\n\n<p>Paksunahkaisten talossa ovat omat kotinsa saaneet my\u00f6s monenlaiset matelijat: maailman pisimpiin lukeutuva <strong>tiikeripyton<\/strong>, Egyptin hallitsijattaren Kleopatran rannekoruna tunnettu <strong>kuningaspyton<\/strong> sek\u00e4 <strong>vedess\u00e4<\/strong> saalistaan v\u00e4ijyv\u00e4 <strong>keltainen anakonda<\/strong>. Matelijoista ovat edustettuina my\u00f6s pienemm\u00e4t <strong>boak\u00e4\u00e4rmeet<\/strong> ja eriv\u00e4riset <strong>rantak\u00e4\u00e4rmeet<\/strong>, raajaton lisko <strong>seltopusikki<\/strong>, <strong>sinikieliskinkki<\/strong>, <strong>Jemenin kameleontti<\/strong>, mustavuorattu <strong>lisko<\/strong>, <strong>vy\u00f6pyrst\u00f6lisko<\/strong>, <strong>gekot<\/strong>, <strong>leopardikilpikonnat<\/strong> sek\u00e4 <strong>nelivarvaskilpikonnat<\/strong>.<\/p>\n\n\n<section class=\"visiting-areas-section wide-section\">\n  <div class=\"wide-section__inner\">\n    <div class=\"container\">\n      <h2 class=\"text-center\">El\u00e4intarhan alueet<\/h2>\n\n              <div class=\"areas-slider\">\n                                  <a href=\"https:\/\/tallinnzoo.ee\/fi\/polarium\/\" class=\"area-slide\">\n              <div class=\"area-slide__image\" style=\"background-image: url(https:\/\/tallinnzoo.ee\/wp-content\/uploads\/2022\/04\/polar-bear.svg)\"><\/div>\n              <h3 class=\"area-slide__title h4\">J\u00e4\u00e4karhumaailma<\/h3>\n            <\/a>\n                                  <a href=\"https:\/\/tallinnzoo.ee\/fi\/paksunahkaisten-talo\/\" class=\"area-slide\">\n              <div class=\"area-slide__image\" style=\"background-image: url(https:\/\/tallinnzoo.ee\/wp-content\/uploads\/2022\/04\/elephant.svg)\"><\/div>\n              <h3 class=\"area-slide__title h4\">Paksunahkaisten talo<\/h3>\n            <\/a>\n                                  <a href=\"https:\/\/tallinnzoo.ee\/fi\/sisa-aasia\/\" class=\"area-slide\">\n              <div class=\"area-slide__image\" style=\"background-image: url(https:\/\/tallinnzoo.ee\/wp-content\/uploads\/2022\/05\/siseaasia2-55.svg)\"><\/div>\n              <h3 class=\"area-slide__title h4\">Sis\u00e4-Aasia<\/h3>\n            <\/a>\n                                  <a href=\"https:\/\/tallinnzoo.ee\/fi\/tropiikkitalot\/\" class=\"area-slide\">\n              <div class=\"area-slide__image\" style=\"background-image: url(https:\/\/tallinnzoo.ee\/wp-content\/uploads\/2022\/04\/crocodile.svg)\"><\/div>\n              <h3 class=\"area-slide__title h4\">Tropiikkitalot<\/h3>\n            <\/a>\n                                  <a href=\"https:\/\/tallinnzoo.ee\/fi\/lasten-elaintarha\/\" class=\"area-slide\">\n              <div class=\"area-slide__image\" style=\"background-image: url(https:\/\/tallinnzoo.ee\/wp-content\/uploads\/2022\/05\/test-492.svg)\"><\/div>\n              <h3 class=\"area-slide__title h4\">Lasten el\u00e4intarha<\/h3>\n            <\/a>\n                                  <a href=\"https:\/\/tallinnzoo.ee\/fi\/alppialue\/\" class=\"area-slide\">\n              <div class=\"area-slide__image\" style=\"background-image: url(https:\/\/tallinnzoo.ee\/wp-content\/uploads\/2022\/05\/alpinaarium2-16.svg)\"><\/div>\n              <h3 class=\"area-slide__title h4\">Alppialue<\/h3>\n            <\/a>\n                                  <a href=\"https:\/\/tallinnzoo.ee\/fi\/kotkakukkula\/\" class=\"area-slide\">\n              <div class=\"area-slide__image\" style=\"background-image: url(https:\/\/tallinnzoo.ee\/wp-content\/uploads\/2022\/05\/kullimagi-50.svg)\"><\/div>\n              <h3 class=\"area-slide__title h4\">Kotkakukkula<\/h3>\n            <\/a>\n                                  <a href=\"https:\/\/tallinnzoo.ee\/fi\/lintulammet\/\" class=\"area-slide\">\n              <div class=\"area-slide__image\" style=\"background-image: url(https:\/\/tallinnzoo.ee\/wp-content\/uploads\/2022\/05\/linnutiik2-48.svg)\"><\/div>\n              <h3 class=\"area-slide__title h4\">Lintulammet<\/h3>\n            <\/a>\n                                  <a href=\"https:\/\/tallinnzoo.ee\/fi\/sademetsa\/\" class=\"area-slide\">\n              <div class=\"area-slide__image\" style=\"background-image: url(https:\/\/tallinnzoo.ee\/wp-content\/uploads\/2022\/05\/vihmamets2-40.svg)\"><\/div>\n              <h3 class=\"area-slide__title h4\">Sademets\u00e4<\/h3>\n            <\/a>\n                                  <a href=\"https:\/\/tallinnzoo.ee\/fi\/tiikerilaakso\/\" class=\"area-slide\">\n              <div class=\"area-slide__image\" style=\"background-image: url(https:\/\/tallinnzoo.ee\/wp-content\/uploads\/2022\/04\/tiger.svg)\"><\/div>\n              <h3 class=\"area-slide__title h4\">Tiikerilaakso<\/h3>\n            <\/a>\n                                  <a href=\"https:\/\/tallinnzoo.ee\/fi\/veskimets\/\" class=\"area-slide\">\n              <div class=\"area-slide__image\" style=\"background-image: url(https:\/\/tallinnzoo.ee\/wp-content\/uploads\/2022\/05\/veskimets.svg)\"><\/div>\n              <h3 class=\"area-slide__title h4\">Veskimets<\/h3>\n            <\/a>\n                  <\/div>\n      \n      \n      <div class=\"visiting-areas-section__buttons\">\n        \n                  <a href=\"https:\/\/tallinnzoo.ee\/fi\/kartta\/\" target=\"_self\" class=\"btn btn-outline-primary\">L\u00f6yt\u00e4\u00e4 kartalta<\/a>\n              <\/div>\n    <\/div>\n  <\/div>\n<\/section>\n\n\n\n<p><\/p>\n","protected":false},"excerpt":{"rendered":"<p>J\u00e4nnitt\u00e4v\u00e4 retki Afrikan ytimeen! El\u00e4intarhan viidennenkymmenennen juhlavuoden kunniaksi vuonna 1989 valmistunut paksunahkaisten talo sek\u00e4 ulkoaitaukset ovat useamman el\u00e4inlajin kotipaikkana. Ne &#8230;<\/p>\n","protected":false},"author":2,"featured_media":1034,"parent":0,"menu_order":0,"comment_status":"closed","ping_status":"closed","template":"","meta":{"_acf_changed":false,"om_disable_all_campaigns":false,"inline_featured_image":false,"_monsterinsights_skip_tracking":false,"_monsterinsights_sitenote_active":false,"_monsterinsights_sitenote_note":"","_monsterinsights_sitenote_category":0,"_uf_show_specific_survey":0,"_uf_disable_surveys":false,"footnotes":""},"class_list":["post-25470","page","type-page","status-publish","has-post-thumbnail","hentry"],"acf":[],"_links":{"self":[{"href":"https:\/\/tallinnzoo.ee\/fi\/wp-json\/wp\/v2\/pages\/25470","targetHints":{"allow":["GET"]}}],"collection":[{"href":"https:\/\/tallinnzoo.ee\/fi\/wp-json\/wp\/v2\/pages"}],"about":[{"href":"https:\/\/tallinnzoo.ee\/fi\/wp-json\/wp\/v2\/types\/page"}],"author":[{"embeddable":true,"href":"https:\/\/tallinnzoo.ee\/fi\/wp-json\/wp\/v2\/users\/2"}],"replies":[{"embeddable":true,"href":"https:\/\/tallinnzoo.ee\/fi\/wp-json\/wp\/v2\/comments?post=25470"}],"version-history":[{"count":2,"href":"https:\/\/tallinnzoo.ee\/fi\/wp-json\/wp\/v2\/pages\/25470\/revisions"}],"predecessor-version":[{"id":25503,"href":"https:\/\/tallinnzoo.ee\/fi\/wp-json\/wp\/v2\/pages\/25470\/revisions\/25503"}],"wp:featuredmedia":[{"embeddable":true,"href":"https:\/\/tallinnzoo.ee\/fi\/wp-json\/wp\/v2\/media\/1034"}],"wp:attachment":[{"href":"https:\/\/tallinnzoo.ee\/fi\/wp-json\/wp\/v2\/media?parent=25470"}],"curies":[{"name":"wp","href":"https:\/\/api.w.org\/{rel}","templated":true}]}}