{"id":25472,"date":"2022-05-17T18:50:18","date_gmt":"2022-05-17T15:50:18","guid":{"rendered":"https:\/\/tallinnzoo.ee\/sisa-aasia\/"},"modified":"2023-05-21T13:45:49","modified_gmt":"2023-05-21T10:45:49","slug":"sisa-aasia","status":"publish","type":"page","link":"https:\/\/tallinnzoo.ee\/fi\/sisa-aasia\/","title":{"rendered":"Sis\u00e4-Aasia"},"content":{"rendered":"\n<h3 class=\"wp-block-heading\">Sis\u00e4-Aasian tilava alue on aro- ja puoliaavikkoel\u00e4imi\u00e4 varten<\/h3>\n\n\n\n<p>Vuoden ymp\u00e4ri ja s\u00e4\u00e4ll\u00e4 kuin s\u00e4\u00e4ll\u00e4 n\u00e4kee aitauksissa Himalajan vuoristossa el\u00e4vi\u00e4, vaatimattomia ja rauhallisia kesytettyj\u00e4 nautael\u00e4imi\u00e4, <strong>jakkeja<\/strong>, Mongolian ankarilta aroilta kotoisin olevia, traagisesta kohtalosta k\u00e4rsineit\u00e4 <strong>przevalskinhevosi<\/strong>a, kest\u00e4vi\u00e4 aasianvilliaaseja eli <strong>kulaaneja<\/strong> sek\u00e4 aina varovaisia <strong>bukhaaran saksanhirvi\u00e4<\/strong>. Aavikkolaivat <strong>kaksikyttyr\u00e4iset kamelit<\/strong> ovat pihalla jopa lumisateessa, kev\u00e4t- ja kes\u00e4auringossa oleskelusta pit\u00e4v\u00e4t <strong>juovahyeenat<\/strong> ovat ulkoaitauksissa jopa pehmeiden talvis\u00e4iden aikaan.<\/p>\n\n\n\n<p><strong>Fasaanien<\/strong> elinalueesta tulee erityisen kiehtova kev\u00e4\u00e4n saapuessa, jolloin fasaanikukot ovat saaneet ylleen n\u00e4ytt\u00e4v\u00e4n soidinpuvun. Katsojia houkuttelevat aina kuuluvasti \u00e4\u00e4nnehtiv\u00e4t ja elegantteja asentoja ottavat <strong>lumikurjet<\/strong>, joita on luonnossa en\u00e4\u00e4 muutamat tuhat yksil\u00f6\u00e4.<\/p>\n\n\n\n<p>K\u00e4velyretkell\u00e4 Sis\u00e4-Aasian pikkupetojen galleriassa puuhailevat uteliaat ja virikkeisiin herk\u00e4sti reagoivat <strong>aroketut eli korsakit<\/strong>, ik\u00e4\u00e4n kuin asentoonsa j\u00e4hmettyneet tuuheakarvaiset ja hauskan nyrpe\u00e4nilmeiset pienet kissael\u00e4imet, <strong>arokissat eli manulit<\/strong> sek\u00e4 Kauko-Id\u00e4st\u00e4 kotoisin oleva <strong>aasianmets\u00e4kissa<\/strong>.<\/p>\n\n\n\n<figure class=\"wp-block-gallery has-nested-images columns-default is-cropped wp-block-gallery-1 is-layout-flex wp-block-gallery-is-layout-flex\">\n<figure class=\"wp-block-image size-large\"><a href=\"https:\/\/tallinnzoo.ee\/wp-content\/uploads\/2022\/05\/baktrian-Aigar-Kull-scaled.jpg\"><img loading=\"lazy\" decoding=\"async\" width=\"2560\" height=\"1707\" data-id=\"778\" src=\"https:\/\/tallinnzoo.ee\/wp-content\/uploads\/2022\/05\/baktrian-Aigar-Kull-scaled.jpg\" alt=\"\" class=\"wp-image-778\" srcset=\"https:\/\/tallinnzoo.ee\/wp-content\/uploads\/2022\/05\/baktrian-Aigar-Kull-scaled.jpg 2560w, https:\/\/tallinnzoo.ee\/wp-content\/uploads\/2022\/05\/baktrian-Aigar-Kull-300x200.jpg 300w, https:\/\/tallinnzoo.ee\/wp-content\/uploads\/2022\/05\/baktrian-Aigar-Kull-1024x683.jpg 1024w, https:\/\/tallinnzoo.ee\/wp-content\/uploads\/2022\/05\/baktrian-Aigar-Kull-768x512.jpg 768w, https:\/\/tallinnzoo.ee\/wp-content\/uploads\/2022\/05\/baktrian-Aigar-Kull-1536x1024.jpg 1536w, https:\/\/tallinnzoo.ee\/wp-content\/uploads\/2022\/05\/baktrian-Aigar-Kull-2048x1365.jpg 2048w, https:\/\/tallinnzoo.ee\/wp-content\/uploads\/2022\/05\/baktrian-Aigar-Kull-600x400.jpg 600w\" sizes=\"auto, (max-width: 2560px) 100vw, 2560px\" \/><\/a><\/figure>\n\n\n\n<figure class=\"wp-block-image size-large\"><a href=\"https:\/\/tallinnzoo.ee\/wp-content\/uploads\/2022\/05\/przevalski-hobused-Ilja-Matusihis-scaled.jpg\"><img loading=\"lazy\" decoding=\"async\" width=\"1024\" height=\"683\" data-id=\"803\" src=\"https:\/\/tallinnzoo.ee\/wp-content\/uploads\/2022\/05\/przevalski-hobused-Ilja-Matusihis-1024x683.jpg\" alt=\"\" class=\"wp-image-803\" srcset=\"https:\/\/tallinnzoo.ee\/wp-content\/uploads\/2022\/05\/przevalski-hobused-Ilja-Matusihis-1024x683.jpg 1024w, https:\/\/tallinnzoo.ee\/wp-content\/uploads\/2022\/05\/przevalski-hobused-Ilja-Matusihis-300x200.jpg 300w, https:\/\/tallinnzoo.ee\/wp-content\/uploads\/2022\/05\/przevalski-hobused-Ilja-Matusihis-768x512.jpg 768w, https:\/\/tallinnzoo.ee\/wp-content\/uploads\/2022\/05\/przevalski-hobused-Ilja-Matusihis-1536x1024.jpg 1536w, https:\/\/tallinnzoo.ee\/wp-content\/uploads\/2022\/05\/przevalski-hobused-Ilja-Matusihis-2048x1365.jpg 2048w, https:\/\/tallinnzoo.ee\/wp-content\/uploads\/2022\/05\/przevalski-hobused-Ilja-Matusihis-600x400.jpg 600w\" sizes=\"auto, (max-width: 1024px) 100vw, 1024px\" \/><\/a><\/figure>\n\n\n\n<figure class=\"wp-block-image size-large\"><a href=\"https:\/\/tallinnzoo.ee\/wp-content\/uploads\/2022\/05\/voothuaan_foto-Inari-Leiman.jpg\"><img loading=\"lazy\" decoding=\"async\" width=\"1024\" height=\"683\" data-id=\"809\" src=\"https:\/\/tallinnzoo.ee\/wp-content\/uploads\/2022\/05\/voothuaan_foto-Inari-Leiman-1024x683.jpg\" alt=\"\" class=\"wp-image-809\" srcset=\"https:\/\/tallinnzoo.ee\/wp-content\/uploads\/2022\/05\/voothuaan_foto-Inari-Leiman-1024x683.jpg 1024w, https:\/\/tallinnzoo.ee\/wp-content\/uploads\/2022\/05\/voothuaan_foto-Inari-Leiman-300x200.jpg 300w, https:\/\/tallinnzoo.ee\/wp-content\/uploads\/2022\/05\/voothuaan_foto-Inari-Leiman-768x512.jpg 768w, https:\/\/tallinnzoo.ee\/wp-content\/uploads\/2022\/05\/voothuaan_foto-Inari-Leiman-600x400.jpg 600w, https:\/\/tallinnzoo.ee\/wp-content\/uploads\/2022\/05\/voothuaan_foto-Inari-Leiman.jpg 1200w\" sizes=\"auto, (max-width: 1024px) 100vw, 1024px\" \/><\/a><\/figure>\n<\/figure>\n\n\n\n<figure class=\"wp-block-gallery has-nested-images columns-default is-cropped wp-block-gallery-2 is-layout-flex wp-block-gallery-is-layout-flex\">\n<figure class=\"wp-block-image size-large\"><a href=\"https:\/\/tallinnzoo.ee\/wp-content\/uploads\/2022\/05\/manul-Sven-Zacek-1.jpg\"><img loading=\"lazy\" decoding=\"async\" width=\"1024\" height=\"683\" data-id=\"790\" src=\"https:\/\/tallinnzoo.ee\/wp-content\/uploads\/2022\/05\/manul-Sven-Zacek-1-1024x683.jpg\" alt=\"\" class=\"wp-image-790\" srcset=\"https:\/\/tallinnzoo.ee\/wp-content\/uploads\/2022\/05\/manul-Sven-Zacek-1-1024x683.jpg 1024w, https:\/\/tallinnzoo.ee\/wp-content\/uploads\/2022\/05\/manul-Sven-Zacek-1-300x200.jpg 300w, https:\/\/tallinnzoo.ee\/wp-content\/uploads\/2022\/05\/manul-Sven-Zacek-1-768x512.jpg 768w, https:\/\/tallinnzoo.ee\/wp-content\/uploads\/2022\/05\/manul-Sven-Zacek-1-1536x1024.jpg 1536w, https:\/\/tallinnzoo.ee\/wp-content\/uploads\/2022\/05\/manul-Sven-Zacek-1-600x400.jpg 600w, https:\/\/tallinnzoo.ee\/wp-content\/uploads\/2022\/05\/manul-Sven-Zacek-1.jpg 1600w\" sizes=\"auto, (max-width: 1024px) 100vw, 1024px\" \/><\/a><\/figure>\n<\/figure>\n\n\n<section class=\"visiting-areas-section wide-section\">\n  <div class=\"wide-section__inner\">\n    <div class=\"container\">\n      <h2 class=\"text-center\">El\u00e4intarhan alueet<\/h2>\n\n              <div class=\"areas-slider\">\n                                  <a href=\"https:\/\/tallinnzoo.ee\/fi\/polarium\/\" class=\"area-slide\">\n              <div class=\"area-slide__image\" style=\"background-image: url(https:\/\/tallinnzoo.ee\/wp-content\/uploads\/2022\/04\/polar-bear.svg)\"><\/div>\n              <h3 class=\"area-slide__title h4\">J\u00e4\u00e4karhumaailma<\/h3>\n            <\/a>\n                                  <a href=\"https:\/\/tallinnzoo.ee\/fi\/paksunahkaisten-talo\/\" class=\"area-slide\">\n              <div class=\"area-slide__image\" style=\"background-image: url(https:\/\/tallinnzoo.ee\/wp-content\/uploads\/2022\/04\/elephant.svg)\"><\/div>\n              <h3 class=\"area-slide__title h4\">Paksunahkaisten talo<\/h3>\n            <\/a>\n                                  <a href=\"https:\/\/tallinnzoo.ee\/fi\/sisa-aasia\/\" class=\"area-slide\">\n              <div class=\"area-slide__image\" style=\"background-image: url(https:\/\/tallinnzoo.ee\/wp-content\/uploads\/2022\/05\/siseaasia2-55.svg)\"><\/div>\n              <h3 class=\"area-slide__title h4\">Sis\u00e4-Aasia<\/h3>\n            <\/a>\n                                  <a href=\"https:\/\/tallinnzoo.ee\/fi\/tropiikkitalot\/\" class=\"area-slide\">\n              <div class=\"area-slide__image\" style=\"background-image: url(https:\/\/tallinnzoo.ee\/wp-content\/uploads\/2022\/04\/crocodile.svg)\"><\/div>\n              <h3 class=\"area-slide__title h4\">Tropiikkitalot<\/h3>\n            <\/a>\n                                  <a href=\"https:\/\/tallinnzoo.ee\/fi\/lasten-elaintarha\/\" class=\"area-slide\">\n              <div class=\"area-slide__image\" style=\"background-image: url(https:\/\/tallinnzoo.ee\/wp-content\/uploads\/2022\/05\/test-492.svg)\"><\/div>\n              <h3 class=\"area-slide__title h4\">Lasten el\u00e4intarha<\/h3>\n            <\/a>\n                                  <a href=\"https:\/\/tallinnzoo.ee\/fi\/alppialue\/\" class=\"area-slide\">\n              <div class=\"area-slide__image\" style=\"background-image: url(https:\/\/tallinnzoo.ee\/wp-content\/uploads\/2022\/05\/alpinaarium2-16.svg)\"><\/div>\n              <h3 class=\"area-slide__title h4\">Alppialue<\/h3>\n            <\/a>\n                                  <a href=\"https:\/\/tallinnzoo.ee\/fi\/kotkakukkula\/\" class=\"area-slide\">\n              <div class=\"area-slide__image\" style=\"background-image: url(https:\/\/tallinnzoo.ee\/wp-content\/uploads\/2022\/05\/kullimagi-50.svg)\"><\/div>\n              <h3 class=\"area-slide__title h4\">Kotkakukkula<\/h3>\n            <\/a>\n                                  <a href=\"https:\/\/tallinnzoo.ee\/fi\/lintulammet\/\" class=\"area-slide\">\n              <div class=\"area-slide__image\" style=\"background-image: url(https:\/\/tallinnzoo.ee\/wp-content\/uploads\/2022\/05\/linnutiik2-48.svg)\"><\/div>\n              <h3 class=\"area-slide__title h4\">Lintulammet<\/h3>\n            <\/a>\n                                  <a href=\"https:\/\/tallinnzoo.ee\/fi\/sademetsa\/\" class=\"area-slide\">\n              <div class=\"area-slide__image\" style=\"background-image: url(https:\/\/tallinnzoo.ee\/wp-content\/uploads\/2022\/05\/vihmamets2-40.svg)\"><\/div>\n              <h3 class=\"area-slide__title h4\">Sademets\u00e4<\/h3>\n            <\/a>\n                                  <a href=\"https:\/\/tallinnzoo.ee\/fi\/tiikerilaakso\/\" class=\"area-slide\">\n              <div class=\"area-slide__image\" style=\"background-image: url(https:\/\/tallinnzoo.ee\/wp-content\/uploads\/2022\/04\/tiger.svg)\"><\/div>\n              <h3 class=\"area-slide__title h4\">Tiikerilaakso<\/h3>\n            <\/a>\n                                  <a href=\"https:\/\/tallinnzoo.ee\/fi\/veskimets\/\" class=\"area-slide\">\n              <div class=\"area-slide__image\" style=\"background-image: url(https:\/\/tallinnzoo.ee\/wp-content\/uploads\/2022\/05\/veskimets.svg)\"><\/div>\n              <h3 class=\"area-slide__title h4\">Veskimets<\/h3>\n            <\/a>\n                  <\/div>\n      \n      \n      <div class=\"visiting-areas-section__buttons\">\n        \n                  <a href=\"https:\/\/tallinnzoo.ee\/fi\/kartta\/\" target=\"_self\" class=\"btn btn-outline-primary\">L\u00f6yt\u00e4\u00e4 kartalta<\/a>\n              <\/div>\n    <\/div>\n  <\/div>\n<\/section>\n","protected":false},"excerpt":{"rendered":"<p>Sis\u00e4-Aasian tilava alue on aro- ja puoliaavikkoel\u00e4imi\u00e4 varten Vuoden ymp\u00e4ri ja s\u00e4\u00e4ll\u00e4 kuin s\u00e4\u00e4ll\u00e4 n\u00e4kee aitauksissa Himalajan vuoristossa el\u00e4vi\u00e4, vaatimattomia &#8230;<\/p>\n","protected":false},"author":3,"featured_media":797,"parent":0,"menu_order":0,"comment_status":"closed","ping_status":"closed","template":"","meta":{"_acf_changed":false,"om_disable_all_campaigns":false,"inline_featured_image":false,"_monsterinsights_skip_tracking":false,"_monsterinsights_sitenote_active":false,"_monsterinsights_sitenote_note":"","_monsterinsights_sitenote_category":0,"_uf_show_specific_survey":0,"_uf_disable_surveys":false,"footnotes":""},"class_list":["post-25472","page","type-page","status-publish","has-post-thumbnail","hentry"],"acf":[],"_links":{"self":[{"href":"https:\/\/tallinnzoo.ee\/fi\/wp-json\/wp\/v2\/pages\/25472","targetHints":{"allow":["GET"]}}],"collection":[{"href":"https:\/\/tallinnzoo.ee\/fi\/wp-json\/wp\/v2\/pages"}],"about":[{"href":"https:\/\/tallinnzoo.ee\/fi\/wp-json\/wp\/v2\/types\/page"}],"author":[{"embeddable":true,"href":"https:\/\/tallinnzoo.ee\/fi\/wp-json\/wp\/v2\/users\/3"}],"replies":[{"embeddable":true,"href":"https:\/\/tallinnzoo.ee\/fi\/wp-json\/wp\/v2\/comments?post=25472"}],"version-history":[{"count":3,"href":"https:\/\/tallinnzoo.ee\/fi\/wp-json\/wp\/v2\/pages\/25472\/revisions"}],"predecessor-version":[{"id":25492,"href":"https:\/\/tallinnzoo.ee\/fi\/wp-json\/wp\/v2\/pages\/25472\/revisions\/25492"}],"wp:featuredmedia":[{"embeddable":true,"href":"https:\/\/tallinnzoo.ee\/fi\/wp-json\/wp\/v2\/media\/797"}],"wp:attachment":[{"href":"https:\/\/tallinnzoo.ee\/fi\/wp-json\/wp\/v2\/media?parent=25472"}],"curies":[{"name":"wp","href":"https:\/\/api.w.org\/{rel}","templated":true}]}}