{"id":25474,"date":"2022-05-17T20:43:48","date_gmt":"2022-05-17T17:43:48","guid":{"rendered":"https:\/\/tallinnzoo.ee\/tropiikkitalot\/"},"modified":"2023-05-21T13:46:25","modified_gmt":"2023-05-21T10:46:25","slug":"tropiikkitalot","status":"publish","type":"page","link":"https:\/\/tallinnzoo.ee\/fi\/tropiikkitalot\/","title":{"rendered":"Tropiikkitalot"},"content":{"rendered":"\n<h3 class=\"wp-block-heading\">Trooppinen monimuotoisuus<\/h3>\n\n\n\n<p>Kahden tropiikkitalon asukkaat ja ymp\u00e4rist\u00f6 tarjoavat hyv\u00e4n yleiskuvan trooppisten alueiden lajirunsaudesta. Makean veden kaloista koralliriuttojen asukkaisiin. Ruoho- ja puoliaavikossa el\u00e4vist\u00e4 <strong>kiljuharjavy\u00f6t\u00e4isist\u00e4<\/strong> trooppisen mets\u00e4n puiden latvoissa kiipeileviin <strong>kynsiapinoihin<\/strong>. Vieraat p\u00e4\u00e4sev\u00e4t seuraamaan my\u00f6s luonnossa kriittisess\u00e4 tilassa olevien punkkiharjaisten <strong>valkot\u00f6yht\u00f6tamariinien<\/strong> perheryhm\u00e4n toimia, seuraamaan <strong>keisaritamariinien<\/strong> yst\u00e4vystymist\u00e4 ja ihailemaan v\u00e4rikk\u00e4it\u00e4 <strong>papukaijoja<\/strong>, j\u00e4ttim\u00e4ist\u00e4 <strong>anakondaa<\/strong>, isokoista <strong>iguaania<\/strong>, veden pinnalla juoksemaan pystyv\u00e4\u00e4 <strong>viherbasiliskia<\/strong> sek\u00e4 monia muita matelijoita, ainutlaatuisia sammakkoel\u00e4imi\u00e4, j\u00e4nnitt\u00e4vi\u00e4 kaloja ja omituisia niveljalkaisia.<\/p>\n\n\n\n<p>Y\u00f6ll\u00e4 aktiivisten el\u00e4inten kokoelmassa voi havaita, jos tarkkaan katsoo, notkeita ja taitavasti tarttumah\u00e4nt\u00e4\u00e4ns\u00e4 k\u00e4ytt\u00e4vi\u00e4 <strong>kinkajuja<\/strong>, joita sanotaan my\u00f6s kierteish\u00e4nt\u00e4karhuiksi sek\u00e4 pikkuruisia <strong>senegalingalagoja<\/strong>, joiden kutsuma\u00e4\u00e4net muistuttavat lapsen itkua. <\/p>\n\n\n\n<figure class=\"wp-block-gallery has-nested-images columns-default is-cropped wp-block-gallery-1 is-layout-flex wp-block-gallery-is-layout-flex\">\n<figure class=\"wp-block-image size-large\"><a href=\"https:\/\/tallinnzoo.ee\/wp-content\/uploads\/2022\/05\/araraunad-Sven-Zacek-e1652812861754.jpg\"><img loading=\"lazy\" decoding=\"async\" width=\"961\" height=\"694\" data-id=\"1299\" src=\"https:\/\/tallinnzoo.ee\/wp-content\/uploads\/2022\/05\/araraunad-Sven-Zacek-e1652812861754.jpg\" alt=\"\" class=\"wp-image-1299\" srcset=\"https:\/\/tallinnzoo.ee\/wp-content\/uploads\/2022\/05\/araraunad-Sven-Zacek-e1652812861754.jpg 961w, https:\/\/tallinnzoo.ee\/wp-content\/uploads\/2022\/05\/araraunad-Sven-Zacek-e1652812861754-300x217.jpg 300w, https:\/\/tallinnzoo.ee\/wp-content\/uploads\/2022\/05\/araraunad-Sven-Zacek-e1652812861754-768x555.jpg 768w, https:\/\/tallinnzoo.ee\/wp-content\/uploads\/2022\/05\/araraunad-Sven-Zacek-e1652812861754-600x433.jpg 600w\" sizes=\"auto, (max-width: 961px) 100vw, 961px\" \/><\/a><\/figure>\n\n\n\n<figure class=\"wp-block-image size-large\"><a href=\"https:\/\/tallinnzoo.ee\/wp-content\/uploads\/2022\/05\/troopikamaja_Veeagaam.Natalija-Berg-1-scaled.jpg\"><img loading=\"lazy\" decoding=\"async\" width=\"1024\" height=\"683\" data-id=\"1188\" src=\"https:\/\/tallinnzoo.ee\/wp-content\/uploads\/2022\/05\/troopikamaja_Veeagaam.Natalija-Berg-1-1024x683.jpg\" alt=\"\" class=\"wp-image-1188\" srcset=\"https:\/\/tallinnzoo.ee\/wp-content\/uploads\/2022\/05\/troopikamaja_Veeagaam.Natalija-Berg-1-1024x683.jpg 1024w, https:\/\/tallinnzoo.ee\/wp-content\/uploads\/2022\/05\/troopikamaja_Veeagaam.Natalija-Berg-1-300x200.jpg 300w, https:\/\/tallinnzoo.ee\/wp-content\/uploads\/2022\/05\/troopikamaja_Veeagaam.Natalija-Berg-1-768x512.jpg 768w, https:\/\/tallinnzoo.ee\/wp-content\/uploads\/2022\/05\/troopikamaja_Veeagaam.Natalija-Berg-1-1536x1024.jpg 1536w, https:\/\/tallinnzoo.ee\/wp-content\/uploads\/2022\/05\/troopikamaja_Veeagaam.Natalija-Berg-1-2048x1365.jpg 2048w, https:\/\/tallinnzoo.ee\/wp-content\/uploads\/2022\/05\/troopikamaja_Veeagaam.Natalija-Berg-1-600x400.jpg 600w\" sizes=\"auto, (max-width: 1024px) 100vw, 1024px\" \/><\/a><\/figure>\n\n\n\n<figure class=\"wp-block-image size-large\"><a href=\"https:\/\/tallinnzoo.ee\/wp-content\/uploads\/2022\/05\/kuningtamariin_Kerli-Kaal-scaled.jpg\"><img decoding=\"async\" data-id=\"1284\" src=\"https:\/\/tallinnzoo.ee\/wp-content\/uploads\/2022\/05\/kuningtamariin_Kerli-Kaal-scaled.jpg\" alt=\"\" class=\"wp-image-1284\"\/><\/a><\/figure>\n\n\n\n<figure class=\"wp-block-image size-large\"><a href=\"https:\/\/tallinnzoo.ee\/wp-content\/uploads\/2022\/05\/hele-flamingo_foto-Inari-Leiman.jpg\"><img loading=\"lazy\" decoding=\"async\" width=\"1200\" height=\"800\" data-id=\"1294\" src=\"https:\/\/tallinnzoo.ee\/wp-content\/uploads\/2022\/05\/hele-flamingo_foto-Inari-Leiman.jpg\" alt=\"\" class=\"wp-image-1294\" srcset=\"https:\/\/tallinnzoo.ee\/wp-content\/uploads\/2022\/05\/hele-flamingo_foto-Inari-Leiman.jpg 1200w, https:\/\/tallinnzoo.ee\/wp-content\/uploads\/2022\/05\/hele-flamingo_foto-Inari-Leiman-300x200.jpg 300w, https:\/\/tallinnzoo.ee\/wp-content\/uploads\/2022\/05\/hele-flamingo_foto-Inari-Leiman-1024x683.jpg 1024w, https:\/\/tallinnzoo.ee\/wp-content\/uploads\/2022\/05\/hele-flamingo_foto-Inari-Leiman-768x512.jpg 768w, https:\/\/tallinnzoo.ee\/wp-content\/uploads\/2022\/05\/hele-flamingo_foto-Inari-Leiman-600x400.jpg 600w\" sizes=\"auto, (max-width: 1200px) 100vw, 1200px\" \/><\/a><\/figure>\n\n\n\n<figure class=\"wp-block-image size-large\"><a href=\"https:\/\/tallinnzoo.ee\/wp-content\/uploads\/2022\/05\/pintsetamariinid_foto-Inari-Leiman.jpg\"><img loading=\"lazy\" decoding=\"async\" width=\"1379\" height=\"920\" data-id=\"1269\" src=\"https:\/\/tallinnzoo.ee\/wp-content\/uploads\/2022\/05\/pintsetamariinid_foto-Inari-Leiman.jpg\" alt=\"\" class=\"wp-image-1269\" srcset=\"https:\/\/tallinnzoo.ee\/wp-content\/uploads\/2022\/05\/pintsetamariinid_foto-Inari-Leiman.jpg 1379w, https:\/\/tallinnzoo.ee\/wp-content\/uploads\/2022\/05\/pintsetamariinid_foto-Inari-Leiman-300x200.jpg 300w, https:\/\/tallinnzoo.ee\/wp-content\/uploads\/2022\/05\/pintsetamariinid_foto-Inari-Leiman-1024x683.jpg 1024w, https:\/\/tallinnzoo.ee\/wp-content\/uploads\/2022\/05\/pintsetamariinid_foto-Inari-Leiman-768x512.jpg 768w, https:\/\/tallinnzoo.ee\/wp-content\/uploads\/2022\/05\/pintsetamariinid_foto-Inari-Leiman-600x400.jpg 600w\" sizes=\"auto, (max-width: 1379px) 100vw, 1379px\" \/><\/a><\/figure>\n\n\n\n<figure class=\"wp-block-image size-large\"><a href=\"https:\/\/tallinnzoo.ee\/wp-content\/uploads\/2022\/05\/hiina-alligaator-vees_Sven-Zacek-scaled.jpg\"><img loading=\"lazy\" decoding=\"async\" width=\"1024\" height=\"683\" data-id=\"9489\" src=\"https:\/\/tallinnzoo.ee\/wp-content\/uploads\/2022\/05\/hiina-alligaator-vees_Sven-Zacek-1024x683.jpg\" alt=\"\" class=\"wp-image-9489\" srcset=\"https:\/\/tallinnzoo.ee\/wp-content\/uploads\/2022\/05\/hiina-alligaator-vees_Sven-Zacek-1024x683.jpg 1024w, https:\/\/tallinnzoo.ee\/wp-content\/uploads\/2022\/05\/hiina-alligaator-vees_Sven-Zacek-300x200.jpg 300w, https:\/\/tallinnzoo.ee\/wp-content\/uploads\/2022\/05\/hiina-alligaator-vees_Sven-Zacek-768x512.jpg 768w, https:\/\/tallinnzoo.ee\/wp-content\/uploads\/2022\/05\/hiina-alligaator-vees_Sven-Zacek-1536x1024.jpg 1536w, https:\/\/tallinnzoo.ee\/wp-content\/uploads\/2022\/05\/hiina-alligaator-vees_Sven-Zacek-2048x1365.jpg 2048w, https:\/\/tallinnzoo.ee\/wp-content\/uploads\/2022\/05\/hiina-alligaator-vees_Sven-Zacek-600x400.jpg 600w\" sizes=\"auto, (max-width: 1024px) 100vw, 1024px\" \/><\/a><\/figure>\n\n\n\n<figure class=\"wp-block-image size-large\"><a href=\"https:\/\/tallinnzoo.ee\/wp-content\/uploads\/2022\/05\/troopikamaja_senegali-galaago_Inari-Leiman-scaled.jpg\"><img loading=\"lazy\" decoding=\"async\" width=\"2560\" height=\"1707\" data-id=\"1259\" src=\"https:\/\/tallinnzoo.ee\/wp-content\/uploads\/2022\/05\/troopikamaja_senegali-galaago_Inari-Leiman-scaled.jpg\" alt=\"\" class=\"wp-image-1259\" srcset=\"https:\/\/tallinnzoo.ee\/wp-content\/uploads\/2022\/05\/troopikamaja_senegali-galaago_Inari-Leiman-scaled.jpg 2560w, https:\/\/tallinnzoo.ee\/wp-content\/uploads\/2022\/05\/troopikamaja_senegali-galaago_Inari-Leiman-300x200.jpg 300w, https:\/\/tallinnzoo.ee\/wp-content\/uploads\/2022\/05\/troopikamaja_senegali-galaago_Inari-Leiman-1024x683.jpg 1024w, https:\/\/tallinnzoo.ee\/wp-content\/uploads\/2022\/05\/troopikamaja_senegali-galaago_Inari-Leiman-768x512.jpg 768w, https:\/\/tallinnzoo.ee\/wp-content\/uploads\/2022\/05\/troopikamaja_senegali-galaago_Inari-Leiman-1536x1024.jpg 1536w, https:\/\/tallinnzoo.ee\/wp-content\/uploads\/2022\/05\/troopikamaja_senegali-galaago_Inari-Leiman-2048x1365.jpg 2048w, https:\/\/tallinnzoo.ee\/wp-content\/uploads\/2022\/05\/troopikamaja_senegali-galaago_Inari-Leiman-600x400.jpg 600w\" sizes=\"auto, (max-width: 2560px) 100vw, 2560px\" \/><\/a><\/figure>\n\n\n\n<figure class=\"wp-block-image size-large\"><a href=\"https:\/\/tallinnzoo.ee\/wp-content\/uploads\/2022\/05\/sven-zacek.jpg\"><img loading=\"lazy\" decoding=\"async\" width=\"1600\" height=\"1067\" data-id=\"1089\" src=\"https:\/\/tallinnzoo.ee\/wp-content\/uploads\/2022\/05\/sven-zacek.jpg\" alt=\"\" class=\"wp-image-1089\" srcset=\"https:\/\/tallinnzoo.ee\/wp-content\/uploads\/2022\/05\/sven-zacek.jpg 1600w, https:\/\/tallinnzoo.ee\/wp-content\/uploads\/2022\/05\/sven-zacek-300x200.jpg 300w, https:\/\/tallinnzoo.ee\/wp-content\/uploads\/2022\/05\/sven-zacek-1024x683.jpg 1024w, https:\/\/tallinnzoo.ee\/wp-content\/uploads\/2022\/05\/sven-zacek-768x512.jpg 768w, https:\/\/tallinnzoo.ee\/wp-content\/uploads\/2022\/05\/sven-zacek-1536x1024.jpg 1536w, https:\/\/tallinnzoo.ee\/wp-content\/uploads\/2022\/05\/sven-zacek-600x400.jpg 600w\" sizes=\"auto, (max-width: 1600px) 100vw, 1600px\" \/><\/a><\/figure>\n\n\n\n<figure class=\"wp-block-image size-large\"><a href=\"https:\/\/tallinnzoo.ee\/wp-content\/uploads\/2022\/05\/simpans_Inari-Leiman-scaled.jpg\"><img loading=\"lazy\" decoding=\"async\" width=\"2560\" height=\"1706\" data-id=\"1264\" src=\"https:\/\/tallinnzoo.ee\/wp-content\/uploads\/2022\/05\/simpans_Inari-Leiman-scaled.jpg\" alt=\"\" class=\"wp-image-1264\" srcset=\"https:\/\/tallinnzoo.ee\/wp-content\/uploads\/2022\/05\/simpans_Inari-Leiman-scaled.jpg 2560w, https:\/\/tallinnzoo.ee\/wp-content\/uploads\/2022\/05\/simpans_Inari-Leiman-300x200.jpg 300w, https:\/\/tallinnzoo.ee\/wp-content\/uploads\/2022\/05\/simpans_Inari-Leiman-1024x683.jpg 1024w, https:\/\/tallinnzoo.ee\/wp-content\/uploads\/2022\/05\/simpans_Inari-Leiman-768x512.jpg 768w, https:\/\/tallinnzoo.ee\/wp-content\/uploads\/2022\/05\/simpans_Inari-Leiman-1536x1024.jpg 1536w, https:\/\/tallinnzoo.ee\/wp-content\/uploads\/2022\/05\/simpans_Inari-Leiman-2048x1365.jpg 2048w, https:\/\/tallinnzoo.ee\/wp-content\/uploads\/2022\/05\/simpans_Inari-Leiman-600x400.jpg 600w\" sizes=\"auto, (max-width: 2560px) 100vw, 2560px\" \/><\/a><\/figure>\n<\/figure>\n\n\n\n<h3 class=\"wp-block-heading\">Astu trooppiseen sademets\u00e4\u00e4n!<\/h3>\n\n\n\n<p>Vuoden ymp\u00e4ri l\u00e4mpim\u00e4ss\u00e4 ja kosteassa isossa tropiikkitalossa on luotu trooppista sademets\u00e4\u00e4 kopioiva ilmapiiri (ilmankosteus 80\u201390 %, l\u00e4mp\u00f6tila 24\u201328\u00b0C) ja siell\u00e4 n\u00e4kee maailman suurimman ja pienimm\u00e4n krokotiilin: <strong>suistokrokotiilin<\/strong> ja <strong>k\u00e4\u00e4pi\u00f6krokotiilin<\/strong>. Tarkkasilm\u00e4iset n\u00e4kev\u00e4t altaissa uivan maailman ehk\u00e4 harvinaisimman ja luonnossa kriittiseen tilaan joutuneen <strong>kiinanalligaattorin<\/strong> sek\u00e4 ruoaksi pyydyst\u00e4misen johdosta uhanalaiseksi joutuneen <strong>kiinanpehmytkilpikonnan<\/strong>.<\/p>\n\n\n\n<p>Samassa paikassa voi tutkia ihmisen l\u00e4hisukulaisten \u2013 luonnossa jo uhanalaisten <strong>simpanssien<\/strong> ja maailman pienimpien apinoiden \u2013 <strong>k\u00e4\u00e4pi\u00f6marmosettien<\/strong> puuhia. Ihailla sopii my\u00f6s isojen v\u00e4rikk\u00e4iden <strong>korallien<\/strong> ja <strong>kalojen<\/strong> t\u00e4ytt\u00e4m\u00e4\u00e4 meriakvaariota.<\/p>\n\n\n\n<p>Kes\u00e4isin on ulkoaitaukseen siirretty <strong>flamingot ja kalkkunasarvekas<\/strong>, Madagaskarilla <strong>el\u00e4v\u00e4t<\/strong> <strong>varit<\/strong>, maailman suurin <strong>villinauta eli gauri<\/strong> sek\u00e4 <strong>pahka-<\/strong> ja <strong>pensselisiat<\/strong>.<\/p>\n\n\n\n<p>Vuoden 2023 toukokuun 20. p\u00e4iv\u00e4st\u00e4 alkaen on vieraille avattu my\u00f6s Kaakkois-Aasian trooppisen sademets\u00e4n rakennus.<\/p>\n\n\n<section class=\"visiting-areas-section wide-section\">\n  <div class=\"wide-section__inner\">\n    <div class=\"container\">\n      <h2 class=\"text-center\">El\u00e4intarhan alueet<\/h2>\n\n              <div class=\"areas-slider\">\n                                  <a href=\"https:\/\/tallinnzoo.ee\/fi\/polarium\/\" class=\"area-slide\">\n              <div class=\"area-slide__image\" style=\"background-image: url(https:\/\/tallinnzoo.ee\/wp-content\/uploads\/2022\/04\/polar-bear.svg)\"><\/div>\n              <h3 class=\"area-slide__title h4\">J\u00e4\u00e4karhumaailma<\/h3>\n            <\/a>\n                                  <a href=\"https:\/\/tallinnzoo.ee\/fi\/paksunahkaisten-talo\/\" class=\"area-slide\">\n              <div class=\"area-slide__image\" style=\"background-image: url(https:\/\/tallinnzoo.ee\/wp-content\/uploads\/2022\/04\/elephant.svg)\"><\/div>\n              <h3 class=\"area-slide__title h4\">Paksunahkaisten talo<\/h3>\n            <\/a>\n                                  <a href=\"https:\/\/tallinnzoo.ee\/fi\/sisa-aasia\/\" class=\"area-slide\">\n              <div class=\"area-slide__image\" style=\"background-image: url(https:\/\/tallinnzoo.ee\/wp-content\/uploads\/2022\/05\/siseaasia2-55.svg)\"><\/div>\n              <h3 class=\"area-slide__title h4\">Sis\u00e4-Aasia<\/h3>\n            <\/a>\n                                  <a href=\"https:\/\/tallinnzoo.ee\/fi\/tropiikkitalot\/\" class=\"area-slide\">\n              <div class=\"area-slide__image\" style=\"background-image: url(https:\/\/tallinnzoo.ee\/wp-content\/uploads\/2022\/04\/crocodile.svg)\"><\/div>\n              <h3 class=\"area-slide__title h4\">Tropiikkitalot<\/h3>\n            <\/a>\n                                  <a href=\"https:\/\/tallinnzoo.ee\/fi\/lasten-elaintarha\/\" class=\"area-slide\">\n              <div class=\"area-slide__image\" style=\"background-image: url(https:\/\/tallinnzoo.ee\/wp-content\/uploads\/2022\/05\/test-492.svg)\"><\/div>\n              <h3 class=\"area-slide__title h4\">Lasten el\u00e4intarha<\/h3>\n            <\/a>\n                                  <a href=\"https:\/\/tallinnzoo.ee\/fi\/alppialue\/\" class=\"area-slide\">\n              <div class=\"area-slide__image\" style=\"background-image: url(https:\/\/tallinnzoo.ee\/wp-content\/uploads\/2022\/05\/alpinaarium2-16.svg)\"><\/div>\n              <h3 class=\"area-slide__title h4\">Alppialue<\/h3>\n            <\/a>\n                                  <a href=\"https:\/\/tallinnzoo.ee\/fi\/kotkakukkula\/\" class=\"area-slide\">\n              <div class=\"area-slide__image\" style=\"background-image: url(https:\/\/tallinnzoo.ee\/wp-content\/uploads\/2022\/05\/kullimagi-50.svg)\"><\/div>\n              <h3 class=\"area-slide__title h4\">Kotkakukkula<\/h3>\n            <\/a>\n                                  <a href=\"https:\/\/tallinnzoo.ee\/fi\/lintulammet\/\" class=\"area-slide\">\n              <div class=\"area-slide__image\" style=\"background-image: url(https:\/\/tallinnzoo.ee\/wp-content\/uploads\/2022\/05\/linnutiik2-48.svg)\"><\/div>\n              <h3 class=\"area-slide__title h4\">Lintulammet<\/h3>\n            <\/a>\n                                  <a href=\"https:\/\/tallinnzoo.ee\/fi\/sademetsa\/\" class=\"area-slide\">\n              <div class=\"area-slide__image\" style=\"background-image: url(https:\/\/tallinnzoo.ee\/wp-content\/uploads\/2022\/05\/vihmamets2-40.svg)\"><\/div>\n              <h3 class=\"area-slide__title h4\">Sademets\u00e4<\/h3>\n            <\/a>\n                                  <a href=\"https:\/\/tallinnzoo.ee\/fi\/tiikerilaakso\/\" class=\"area-slide\">\n              <div class=\"area-slide__image\" style=\"background-image: url(https:\/\/tallinnzoo.ee\/wp-content\/uploads\/2022\/04\/tiger.svg)\"><\/div>\n              <h3 class=\"area-slide__title h4\">Tiikerilaakso<\/h3>\n            <\/a>\n                                  <a href=\"https:\/\/tallinnzoo.ee\/fi\/veskimets\/\" class=\"area-slide\">\n              <div class=\"area-slide__image\" style=\"background-image: url(https:\/\/tallinnzoo.ee\/wp-content\/uploads\/2022\/05\/veskimets.svg)\"><\/div>\n              <h3 class=\"area-slide__title h4\">Veskimets<\/h3>\n            <\/a>\n                  <\/div>\n      \n      \n      <div class=\"visiting-areas-section__buttons\">\n        \n                  <a href=\"https:\/\/tallinnzoo.ee\/fi\/kartta\/\" target=\"_self\" class=\"btn btn-outline-primary\">L\u00f6yt\u00e4\u00e4 kartalta<\/a>\n              <\/div>\n    <\/div>\n  <\/div>\n<\/section>\n","protected":false},"excerpt":{"rendered":"<p>Trooppinen monimuotoisuus Kahden tropiikkitalon asukkaat ja ymp\u00e4rist\u00f6 tarjoavat hyv\u00e4n yleiskuvan trooppisten alueiden lajirunsaudesta. Makean veden kaloista koralliriuttojen asukkaisiin. Ruoho- ja &#8230;<\/p>\n","protected":false},"author":2,"featured_media":1043,"parent":0,"menu_order":0,"comment_status":"closed","ping_status":"closed","template":"","meta":{"_acf_changed":false,"om_disable_all_campaigns":false,"inline_featured_image":false,"_monsterinsights_skip_tracking":false,"_monsterinsights_sitenote_active":false,"_monsterinsights_sitenote_note":"","_monsterinsights_sitenote_category":0,"_uf_show_specific_survey":0,"_uf_disable_surveys":false,"footnotes":""},"class_list":["post-25474","page","type-page","status-publish","has-post-thumbnail","hentry"],"acf":[],"_links":{"self":[{"href":"https:\/\/tallinnzoo.ee\/fi\/wp-json\/wp\/v2\/pages\/25474","targetHints":{"allow":["GET"]}}],"collection":[{"href":"https:\/\/tallinnzoo.ee\/fi\/wp-json\/wp\/v2\/pages"}],"about":[{"href":"https:\/\/tallinnzoo.ee\/fi\/wp-json\/wp\/v2\/types\/page"}],"author":[{"embeddable":true,"href":"https:\/\/tallinnzoo.ee\/fi\/wp-json\/wp\/v2\/users\/2"}],"replies":[{"embeddable":true,"href":"https:\/\/tallinnzoo.ee\/fi\/wp-json\/wp\/v2\/comments?post=25474"}],"version-history":[{"count":2,"href":"https:\/\/tallinnzoo.ee\/fi\/wp-json\/wp\/v2\/pages\/25474\/revisions"}],"predecessor-version":[{"id":25493,"href":"https:\/\/tallinnzoo.ee\/fi\/wp-json\/wp\/v2\/pages\/25474\/revisions\/25493"}],"wp:featuredmedia":[{"embeddable":true,"href":"https:\/\/tallinnzoo.ee\/fi\/wp-json\/wp\/v2\/media\/1043"}],"wp:attachment":[{"href":"https:\/\/tallinnzoo.ee\/fi\/wp-json\/wp\/v2\/media?parent=25474"}],"curies":[{"name":"wp","href":"https:\/\/api.w.org\/{rel}","templated":true}]}}