{"id":25476,"date":"2022-05-17T19:51:25","date_gmt":"2022-05-17T16:51:25","guid":{"rendered":"https:\/\/tallinnzoo.ee\/alppialue\/"},"modified":"2023-05-21T13:47:54","modified_gmt":"2023-05-21T10:47:54","slug":"alppialue","status":"publish","type":"page","link":"https:\/\/tallinnzoo.ee\/fi\/alppialue\/","title":{"rendered":"Alppialue"},"content":{"rendered":"\n<h3 class=\"wp-block-heading\"><strong>Vuoren korkeudelle kohoava<\/strong><\/h3>\n\n\n\n<p>Loomaaia l\u00f5unaosas asuv alpinaarium on koduks esinduslikule s\u00f5raliste kollektsioonile, kaljukitsedele ja m\u00e4gilammastele. El\u00e4intarhan etel\u00e4osassa sijaitseva alppialue on edustavan sorkkael\u00e4inten kokoelman asuinalue, jossa voi tavata <strong>vuorikauriita<\/strong> ja <strong>vuoristolampaita<\/strong>. Siell\u00e4 ik\u00e4\u00e4n kuin pieness\u00e4 vuoristokyl\u00e4ss\u00e4 el\u00e4v\u00e4t t\u00e4ll\u00e4 hetkell\u00e4 kuuden eri sorkkael\u00e4inlajin edustajat. Notkeat ja pitk\u00e4raajaiset, tuuhealla harjalla komeilevat tai pitki\u00e4 ja kiertyneit\u00e4 sarvia kantavat vuohiel\u00e4imet viihtyv\u00e4t laumoissa \u2013 kun niiden elinalueen kukkuloiden ja ruohokattojen v\u00e4liss\u00e4 k\u00e4velee, riitt\u00e4\u00e4 kaikenlaista katsomista. Syystalveen sijoittuvien kosintamenojen aikana p\u00e4\u00e4see seuraamaan pukkien tai oinaiden keskin\u00e4isi\u00e4 voimanmittel\u00f6it\u00e4. Kev\u00e4\u00e4ll\u00e4 on alppialue juuri se paikka, jossa el\u00e4intarhat sen vuoden ensimm\u00e4iset uudet asukkaat n\u00e4kev\u00e4t p\u00e4iv\u00e4nvalon ja kaikkialla kirmaa pikkukilej\u00e4 vauhdikkaissa leikeiss\u00e4\u00e4n.<\/p>\n\n\n\n<p>Sorkkael\u00e4inten l\u00e4hell\u00e4, aivan kuten luonnossakin, on korkeiden vuorien kuningaslajin \u2013 <strong>lumileopardin<\/strong> \u2013 koti. El\u00e4imen n\u00e4keminen on todenn\u00e4k\u00f6isemp\u00e4\u00e4 pilvisen\u00e4 tai sateisena s\u00e4\u00e4n\u00e4, sill\u00e4 kirkas auringonvalo ei ole lumileopardille mieleen.<\/p>\n\n\n\n<figure class=\"wp-block-gallery has-nested-images columns-default is-cropped wp-block-gallery-1 is-layout-flex wp-block-gallery-is-layout-flex\">\n<figure class=\"wp-block-image size-large\"><a href=\"https:\/\/tallinnzoo.ee\/wp-content\/uploads\/2022\/05\/alpinaarium_buhhaara-uriaalid_Karmel-Ritson-scaled.jpg\"><img loading=\"lazy\" decoding=\"async\" width=\"2560\" height=\"1940\" data-id=\"1321\" src=\"https:\/\/tallinnzoo.ee\/wp-content\/uploads\/2022\/05\/alpinaarium_buhhaara-uriaalid_Karmel-Ritson-scaled.jpg\" alt=\"\" class=\"wp-image-1321\" srcset=\"https:\/\/tallinnzoo.ee\/wp-content\/uploads\/2022\/05\/alpinaarium_buhhaara-uriaalid_Karmel-Ritson-scaled.jpg 2560w, https:\/\/tallinnzoo.ee\/wp-content\/uploads\/2022\/05\/alpinaarium_buhhaara-uriaalid_Karmel-Ritson-300x227.jpg 300w, https:\/\/tallinnzoo.ee\/wp-content\/uploads\/2022\/05\/alpinaarium_buhhaara-uriaalid_Karmel-Ritson-1024x776.jpg 1024w, https:\/\/tallinnzoo.ee\/wp-content\/uploads\/2022\/05\/alpinaarium_buhhaara-uriaalid_Karmel-Ritson-768x582.jpg 768w, https:\/\/tallinnzoo.ee\/wp-content\/uploads\/2022\/05\/alpinaarium_buhhaara-uriaalid_Karmel-Ritson-1536x1164.jpg 1536w, https:\/\/tallinnzoo.ee\/wp-content\/uploads\/2022\/05\/alpinaarium_buhhaara-uriaalid_Karmel-Ritson-2048x1552.jpg 2048w, https:\/\/tallinnzoo.ee\/wp-content\/uploads\/2022\/05\/alpinaarium_buhhaara-uriaalid_Karmel-Ritson-600x455.jpg 600w\" sizes=\"auto, (max-width: 2560px) 100vw, 2560px\" \/><\/a><\/figure>\n\n\n\n<figure class=\"wp-block-image size-large\"><a href=\"https:\/\/tallinnzoo.ee\/wp-content\/uploads\/2022\/05\/alpinaarium_keerdsarvkits_Ilja-Matusihis-scaled.jpg\"><img loading=\"lazy\" decoding=\"async\" width=\"2560\" height=\"1707\" data-id=\"962\" src=\"https:\/\/tallinnzoo.ee\/wp-content\/uploads\/2022\/05\/alpinaarium_keerdsarvkits_Ilja-Matusihis-scaled.jpg\" alt=\"\" class=\"wp-image-962\" srcset=\"https:\/\/tallinnzoo.ee\/wp-content\/uploads\/2022\/05\/alpinaarium_keerdsarvkits_Ilja-Matusihis-scaled.jpg 2560w, https:\/\/tallinnzoo.ee\/wp-content\/uploads\/2022\/05\/alpinaarium_keerdsarvkits_Ilja-Matusihis-300x200.jpg 300w, https:\/\/tallinnzoo.ee\/wp-content\/uploads\/2022\/05\/alpinaarium_keerdsarvkits_Ilja-Matusihis-1024x683.jpg 1024w, https:\/\/tallinnzoo.ee\/wp-content\/uploads\/2022\/05\/alpinaarium_keerdsarvkits_Ilja-Matusihis-768x512.jpg 768w, https:\/\/tallinnzoo.ee\/wp-content\/uploads\/2022\/05\/alpinaarium_keerdsarvkits_Ilja-Matusihis-1536x1024.jpg 1536w, https:\/\/tallinnzoo.ee\/wp-content\/uploads\/2022\/05\/alpinaarium_keerdsarvkits_Ilja-Matusihis-2048x1365.jpg 2048w, https:\/\/tallinnzoo.ee\/wp-content\/uploads\/2022\/05\/alpinaarium_keerdsarvkits_Ilja-Matusihis-600x400.jpg 600w\" sizes=\"auto, (max-width: 2560px) 100vw, 2560px\" \/><\/a><\/figure>\n\n\n\n<figure class=\"wp-block-image size-large\"><a href=\"https:\/\/tallinnzoo.ee\/wp-content\/uploads\/2022\/05\/lumeleopard_Jevgeni-Fil-scaled.jpg\"><img loading=\"lazy\" decoding=\"async\" width=\"2560\" height=\"1707\" data-id=\"973\" src=\"https:\/\/tallinnzoo.ee\/wp-content\/uploads\/2022\/05\/lumeleopard_Jevgeni-Fil-scaled.jpg\" alt=\"\" class=\"wp-image-973\" srcset=\"https:\/\/tallinnzoo.ee\/wp-content\/uploads\/2022\/05\/lumeleopard_Jevgeni-Fil-scaled.jpg 2560w, https:\/\/tallinnzoo.ee\/wp-content\/uploads\/2022\/05\/lumeleopard_Jevgeni-Fil-300x200.jpg 300w, https:\/\/tallinnzoo.ee\/wp-content\/uploads\/2022\/05\/lumeleopard_Jevgeni-Fil-1024x683.jpg 1024w, https:\/\/tallinnzoo.ee\/wp-content\/uploads\/2022\/05\/lumeleopard_Jevgeni-Fil-768x512.jpg 768w, https:\/\/tallinnzoo.ee\/wp-content\/uploads\/2022\/05\/lumeleopard_Jevgeni-Fil-1536x1024.jpg 1536w, https:\/\/tallinnzoo.ee\/wp-content\/uploads\/2022\/05\/lumeleopard_Jevgeni-Fil-2048x1365.jpg 2048w, https:\/\/tallinnzoo.ee\/wp-content\/uploads\/2022\/05\/lumeleopard_Jevgeni-Fil-600x400.jpg 600w\" sizes=\"auto, (max-width: 2560px) 100vw, 2560px\" \/><\/a><\/figure>\n\n\n\n<figure class=\"wp-block-image size-large\"><a href=\"https:\/\/tallinnzoo.ee\/wp-content\/uploads\/2022\/05\/kubani-tuur-Andres-Killing.jpg\"><img loading=\"lazy\" decoding=\"async\" width=\"2048\" height=\"1365\" data-id=\"1331\" src=\"https:\/\/tallinnzoo.ee\/wp-content\/uploads\/2022\/05\/kubani-tuur-Andres-Killing.jpg\" alt=\"\" class=\"wp-image-1331\" srcset=\"https:\/\/tallinnzoo.ee\/wp-content\/uploads\/2022\/05\/kubani-tuur-Andres-Killing.jpg 2048w, https:\/\/tallinnzoo.ee\/wp-content\/uploads\/2022\/05\/kubani-tuur-Andres-Killing-300x200.jpg 300w, https:\/\/tallinnzoo.ee\/wp-content\/uploads\/2022\/05\/kubani-tuur-Andres-Killing-1024x683.jpg 1024w, https:\/\/tallinnzoo.ee\/wp-content\/uploads\/2022\/05\/kubani-tuur-Andres-Killing-768x512.jpg 768w, https:\/\/tallinnzoo.ee\/wp-content\/uploads\/2022\/05\/kubani-tuur-Andres-Killing-1536x1024.jpg 1536w, https:\/\/tallinnzoo.ee\/wp-content\/uploads\/2022\/05\/kubani-tuur-Andres-Killing-600x400.jpg 600w\" sizes=\"auto, (max-width: 2048px) 100vw, 2048px\" \/><\/a><\/figure>\n\n\n\n<figure class=\"wp-block-image size-large\"><a href=\"https:\/\/tallinnzoo.ee\/wp-content\/uploads\/2022\/05\/irbis-ja-kulastaja-Sven-Zacek-1.jpg\"><img loading=\"lazy\" decoding=\"async\" width=\"1600\" height=\"1067\" data-id=\"1326\" src=\"https:\/\/tallinnzoo.ee\/wp-content\/uploads\/2022\/05\/irbis-ja-kulastaja-Sven-Zacek-1.jpg\" alt=\"\" class=\"wp-image-1326\" srcset=\"https:\/\/tallinnzoo.ee\/wp-content\/uploads\/2022\/05\/irbis-ja-kulastaja-Sven-Zacek-1.jpg 1600w, https:\/\/tallinnzoo.ee\/wp-content\/uploads\/2022\/05\/irbis-ja-kulastaja-Sven-Zacek-1-300x200.jpg 300w, https:\/\/tallinnzoo.ee\/wp-content\/uploads\/2022\/05\/irbis-ja-kulastaja-Sven-Zacek-1-1024x683.jpg 1024w, https:\/\/tallinnzoo.ee\/wp-content\/uploads\/2022\/05\/irbis-ja-kulastaja-Sven-Zacek-1-768x512.jpg 768w, https:\/\/tallinnzoo.ee\/wp-content\/uploads\/2022\/05\/irbis-ja-kulastaja-Sven-Zacek-1-1536x1024.jpg 1536w, https:\/\/tallinnzoo.ee\/wp-content\/uploads\/2022\/05\/irbis-ja-kulastaja-Sven-Zacek-1-600x400.jpg 600w\" sizes=\"auto, (max-width: 1600px) 100vw, 1600px\" \/><\/a><\/figure>\n<\/figure>\n\n\n\n<h3 class=\"wp-block-heading\">Tiesitk\u00f6?<\/h3>\n\n\n\n<p>El\u00e4intarhoja, joissa on vuorikauriita ja villilampaita, on melko v\u00e4h\u00e4n ja Tallinnan el\u00e4intarhan kokoelmineen on t\u00e4lt\u00e4 osin asiantuntijoiden arvion mukaan koko maailmassa etusijalla. Melkein kaikki meid\u00e4n alppialueen asukkaat on listattu IUCN:n eli kansainv\u00e4lisen luonnonsuojeluliiton punaiseen kirjaan.<\/p>\n\n\n<section class=\"visiting-areas-section wide-section\">\n  <div class=\"wide-section__inner\">\n    <div class=\"container\">\n      <h2 class=\"text-center\">El\u00e4intarhan alueet<\/h2>\n\n              <div class=\"areas-slider\">\n                                  <a href=\"https:\/\/tallinnzoo.ee\/fi\/polarium\/\" class=\"area-slide\">\n              <div class=\"area-slide__image\" style=\"background-image: url(https:\/\/tallinnzoo.ee\/wp-content\/uploads\/2022\/04\/polar-bear.svg)\"><\/div>\n              <h3 class=\"area-slide__title h4\">J\u00e4\u00e4karhumaailma<\/h3>\n            <\/a>\n                                  <a href=\"https:\/\/tallinnzoo.ee\/fi\/paksunahkaisten-talo\/\" class=\"area-slide\">\n              <div class=\"area-slide__image\" style=\"background-image: url(https:\/\/tallinnzoo.ee\/wp-content\/uploads\/2022\/04\/elephant.svg)\"><\/div>\n              <h3 class=\"area-slide__title h4\">Paksunahkaisten talo<\/h3>\n            <\/a>\n                                  <a href=\"https:\/\/tallinnzoo.ee\/fi\/sisa-aasia\/\" class=\"area-slide\">\n              <div class=\"area-slide__image\" style=\"background-image: url(https:\/\/tallinnzoo.ee\/wp-content\/uploads\/2022\/05\/siseaasia2-55.svg)\"><\/div>\n              <h3 class=\"area-slide__title h4\">Sis\u00e4-Aasia<\/h3>\n            <\/a>\n                                  <a href=\"https:\/\/tallinnzoo.ee\/fi\/tropiikkitalot\/\" class=\"area-slide\">\n              <div class=\"area-slide__image\" style=\"background-image: url(https:\/\/tallinnzoo.ee\/wp-content\/uploads\/2022\/04\/crocodile.svg)\"><\/div>\n              <h3 class=\"area-slide__title h4\">Tropiikkitalot<\/h3>\n            <\/a>\n                                  <a href=\"https:\/\/tallinnzoo.ee\/fi\/lasten-elaintarha\/\" class=\"area-slide\">\n              <div class=\"area-slide__image\" style=\"background-image: url(https:\/\/tallinnzoo.ee\/wp-content\/uploads\/2022\/05\/test-492.svg)\"><\/div>\n              <h3 class=\"area-slide__title h4\">Lasten el\u00e4intarha<\/h3>\n            <\/a>\n                                  <a href=\"https:\/\/tallinnzoo.ee\/fi\/alppialue\/\" class=\"area-slide\">\n              <div class=\"area-slide__image\" style=\"background-image: url(https:\/\/tallinnzoo.ee\/wp-content\/uploads\/2022\/05\/alpinaarium2-16.svg)\"><\/div>\n              <h3 class=\"area-slide__title h4\">Alppialue<\/h3>\n            <\/a>\n                                  <a href=\"https:\/\/tallinnzoo.ee\/fi\/kotkakukkula\/\" class=\"area-slide\">\n              <div class=\"area-slide__image\" style=\"background-image: url(https:\/\/tallinnzoo.ee\/wp-content\/uploads\/2022\/05\/kullimagi-50.svg)\"><\/div>\n              <h3 class=\"area-slide__title h4\">Kotkakukkula<\/h3>\n            <\/a>\n                                  <a href=\"https:\/\/tallinnzoo.ee\/fi\/lintulammet\/\" class=\"area-slide\">\n              <div class=\"area-slide__image\" style=\"background-image: url(https:\/\/tallinnzoo.ee\/wp-content\/uploads\/2022\/05\/linnutiik2-48.svg)\"><\/div>\n              <h3 class=\"area-slide__title h4\">Lintulammet<\/h3>\n            <\/a>\n                                  <a href=\"https:\/\/tallinnzoo.ee\/fi\/sademetsa\/\" class=\"area-slide\">\n              <div class=\"area-slide__image\" style=\"background-image: url(https:\/\/tallinnzoo.ee\/wp-content\/uploads\/2022\/05\/vihmamets2-40.svg)\"><\/div>\n              <h3 class=\"area-slide__title h4\">Sademets\u00e4<\/h3>\n            <\/a>\n                                  <a href=\"https:\/\/tallinnzoo.ee\/fi\/tiikerilaakso\/\" class=\"area-slide\">\n              <div class=\"area-slide__image\" style=\"background-image: url(https:\/\/tallinnzoo.ee\/wp-content\/uploads\/2022\/04\/tiger.svg)\"><\/div>\n              <h3 class=\"area-slide__title h4\">Tiikerilaakso<\/h3>\n            <\/a>\n                                  <a href=\"https:\/\/tallinnzoo.ee\/fi\/veskimets\/\" class=\"area-slide\">\n              <div class=\"area-slide__image\" style=\"background-image: url(https:\/\/tallinnzoo.ee\/wp-content\/uploads\/2022\/05\/veskimets.svg)\"><\/div>\n              <h3 class=\"area-slide__title h4\">Veskimets<\/h3>\n            <\/a>\n                  <\/div>\n      \n      \n      <div class=\"visiting-areas-section__buttons\">\n        \n                  <a href=\"https:\/\/tallinnzoo.ee\/fi\/kartta\/\" target=\"_self\" class=\"btn btn-outline-primary\">L\u00f6yt\u00e4\u00e4 kartalta<\/a>\n              <\/div>\n    <\/div>\n  <\/div>\n<\/section>\n","protected":false},"excerpt":{"rendered":"<p>Vuoren korkeudelle kohoava Loomaaia l\u00f5unaosas asuv alpinaarium on koduks esinduslikule s\u00f5raliste kollektsioonile, kaljukitsedele ja m\u00e4gilammastele. El\u00e4intarhan etel\u00e4osassa sijaitseva alppialue on &#8230;<\/p>\n","protected":false},"author":2,"featured_media":959,"parent":0,"menu_order":0,"comment_status":"closed","ping_status":"closed","template":"","meta":{"_acf_changed":false,"om_disable_all_campaigns":false,"inline_featured_image":false,"_monsterinsights_skip_tracking":false,"_monsterinsights_sitenote_active":false,"_monsterinsights_sitenote_note":"","_monsterinsights_sitenote_category":0,"_uf_show_specific_survey":0,"_uf_disable_surveys":false,"footnotes":""},"class_list":["post-25476","page","type-page","status-publish","has-post-thumbnail","hentry"],"acf":[],"_links":{"self":[{"href":"https:\/\/tallinnzoo.ee\/fi\/wp-json\/wp\/v2\/pages\/25476","targetHints":{"allow":["GET"]}}],"collection":[{"href":"https:\/\/tallinnzoo.ee\/fi\/wp-json\/wp\/v2\/pages"}],"about":[{"href":"https:\/\/tallinnzoo.ee\/fi\/wp-json\/wp\/v2\/types\/page"}],"author":[{"embeddable":true,"href":"https:\/\/tallinnzoo.ee\/fi\/wp-json\/wp\/v2\/users\/2"}],"replies":[{"embeddable":true,"href":"https:\/\/tallinnzoo.ee\/fi\/wp-json\/wp\/v2\/comments?post=25476"}],"version-history":[{"count":2,"href":"https:\/\/tallinnzoo.ee\/fi\/wp-json\/wp\/v2\/pages\/25476\/revisions"}],"predecessor-version":[{"id":25495,"href":"https:\/\/tallinnzoo.ee\/fi\/wp-json\/wp\/v2\/pages\/25476\/revisions\/25495"}],"wp:featuredmedia":[{"embeddable":true,"href":"https:\/\/tallinnzoo.ee\/fi\/wp-json\/wp\/v2\/media\/959"}],"wp:attachment":[{"href":"https:\/\/tallinnzoo.ee\/fi\/wp-json\/wp\/v2\/media?parent=25476"}],"curies":[{"name":"wp","href":"https:\/\/api.w.org\/{rel}","templated":true}]}}