{"id":25478,"date":"2022-05-17T19:13:27","date_gmt":"2022-05-17T16:13:27","guid":{"rendered":"https:\/\/tallinnzoo.ee\/tiikerilaakso\/"},"modified":"2024-07-11T15:10:30","modified_gmt":"2024-07-11T12:10:30","slug":"tiikerilaakso","status":"publish","type":"page","link":"https:\/\/tallinnzoo.ee\/fi\/tiikerilaakso\/","title":{"rendered":"Tiikerilaakso"},"content":{"rendered":"\n<h3 class=\"wp-block-heading\">Uusi koti siperiantiikerille ja toisille Kauko-Id\u00e4n el\u00e4imille<\/h3>\n\n\n\n<p class=\"has-vivid-red-color has-text-color has-link-color wp-elements-496424e783fe2516598c0648433e558e\"><strong>Huom! Koko alue valmistuu pian. <\/strong><\/p>\n\n\n\n<p>Tiikerilaakson muodostavat l\u00e4hinn\u00e4 siperiantiikerille ja muille Kauko-Id\u00e4n el\u00e4imille perustettavat aitaukset ja vierailijoiden alueet. Suunnittelun l\u00e4ht\u00f6kohtana on ollut el\u00e4imien hyvinvoinnin varmistaminen, mutta sen lis\u00e4ksi on huomioitu my\u00f6s vieraiden kannalta el\u00e4myksellisen ymp\u00e4rist\u00f6n saavuttaminen. \u201dTiikerilaakson konseptin laatimiseen on osallistunut monta asiantuntijaa, mm. yhdysvaltalainen el\u00e4intarhasuunnittelun asiantuntija. Toivomme tiikerilaakson olevan sellainen paikka, jonka ratkaisuissa on hy\u00f6dynnetty maailmanlaajuisesti t\u00e4m\u00e4n hetken paras asiantuntemus. N\u00e4in pystymme tarjoamaan el\u00e4imille niiden hyvinvointivaatimusten kannalta parhaita mahdollisia olosuhteita, tarjoamaan asiakkaillemme kiehtovia el\u00e4myksi\u00e4 sek\u00e4 osallistumaan lajin suojeluun sen luonnollisissa elinymp\u00e4rist\u00f6iss\u00e4.\u201d N\u00e4in on tiikerilaakson suunnitelmaa kuvaillut el\u00e4intarhan edellinen johtaja Tiit Maran.<\/p>\n\n\n\n<p><strong>Siperiantiikerin<\/strong> lis\u00e4ksi siirret\u00e4\u00e4n tiikerilaaksoon monet muut alun perin Kauko-Id\u00e4ss\u00e4 el\u00e4v\u00e4t el\u00e4inlajit: <strong>amurinleopardi, vuorisusi, mant\u0161uriankurki, mustahaikara, lapinp\u00f6ll\u00f6 ja viirup\u00f6ll\u00f6<\/strong>. Laaksoon muuttaa my\u00f6s <strong>alppimurmeli<\/strong>. Kaikki lajit tulevat el\u00e4m\u00e4\u00e4n luonnollisen elinymp\u00e4rist\u00f6ns\u00e4 mukaisessa paikassa, joka luo my\u00f6s el\u00e4intarhan vieraille hyv\u00e4n kuvan Kauko-Id\u00e4n luonnosta. Siperiantiikeri on kauimpana pohjoisessa el\u00e4v\u00e4 laji, jonka levinneisyys sijoittuu Kauko-Id\u00e4ss\u00e4 Amurinjoen alueelle. T\u00e4ll\u00e4 hetkell\u00e4 on luonnossa en\u00e4\u00e4 noin 500 siperiantiikeri\u00e4.<\/p>\n\n\n\n<ul class=\"wp-block-list\">\n<li><strong>Siperiantiikerit<\/strong><\/li>\n<\/ul>\n\n\n\n<p>Kes\u00e4kuun alussa palasi tiikerilaaksoon kaikkien rakastama siperiantiikeri Pootsman, joka oli ollut vuosia kest\u00e4neell\u00e4 matkalla Euroopan eri el\u00e4intarhoissa. Pootsman eli uhanalaisten lajien lis\u00e4\u00e4ntymisohjelman puitteissa T\u0161ekiss\u00e4 Zlinin el\u00e4intarhassa (2018), Italiassa Parco Natura Vivassa (2020) ja Sloveniassa Ljubljanan el\u00e4intarhassa (2021). Pootsmanille syntyi T\u0161ekiss\u00e4 ja Italiassa kuusi j\u00e4lkel\u00e4ist\u00e4 ja t\u00e4ll\u00e4 hetkell\u00e4 13-vuotias Pootsman on jo moninkertainen isois\u00e4. Tiikeri palasi Tallinnaan Sloveniasta yhdess\u00e4 lajikumppaninsa Danutan kanssa.<\/p>\n\n\n\n<figure class=\"wp-block-gallery has-nested-images columns-default is-cropped wp-block-gallery-1 is-layout-flex wp-block-gallery-is-layout-flex\">\n<figure class=\"wp-block-image size-large\"><img loading=\"lazy\" decoding=\"async\" width=\"1024\" height=\"683\" data-id=\"47831\" src=\"https:\/\/tallinnzoo.ee\/wp-content\/uploads\/2024\/06\/amuuri-tiiger-Pootsman_2018-Tallinnas_foto-Inari-Leiman-1024x683.jpg\" alt=\"\" class=\"wp-image-47831\" srcset=\"https:\/\/tallinnzoo.ee\/wp-content\/uploads\/2024\/06\/amuuri-tiiger-Pootsman_2018-Tallinnas_foto-Inari-Leiman-1024x683.jpg 1024w, https:\/\/tallinnzoo.ee\/wp-content\/uploads\/2024\/06\/amuuri-tiiger-Pootsman_2018-Tallinnas_foto-Inari-Leiman-300x200.jpg 300w, https:\/\/tallinnzoo.ee\/wp-content\/uploads\/2024\/06\/amuuri-tiiger-Pootsman_2018-Tallinnas_foto-Inari-Leiman-768x512.jpg 768w, https:\/\/tallinnzoo.ee\/wp-content\/uploads\/2024\/06\/amuuri-tiiger-Pootsman_2018-Tallinnas_foto-Inari-Leiman-1536x1024.jpg 1536w, https:\/\/tallinnzoo.ee\/wp-content\/uploads\/2024\/06\/amuuri-tiiger-Pootsman_2018-Tallinnas_foto-Inari-Leiman-600x400.jpg 600w, https:\/\/tallinnzoo.ee\/wp-content\/uploads\/2024\/06\/amuuri-tiiger-Pootsman_2018-Tallinnas_foto-Inari-Leiman.jpg 1590w\" sizes=\"auto, (max-width: 1024px) 100vw, 1024px\" \/><figcaption class=\"wp-element-caption\">Pootsman<\/figcaption><\/figure>\n\n\n\n<figure class=\"wp-block-image size-large\"><img loading=\"lazy\" decoding=\"async\" width=\"1024\" height=\"577\" data-id=\"47719\" src=\"https:\/\/tallinnzoo.ee\/wp-content\/uploads\/2024\/06\/Danuta-Foto-Ljubljana-Zoo-1024x577.jpg\" alt=\"\" class=\"wp-image-47719\" srcset=\"https:\/\/tallinnzoo.ee\/wp-content\/uploads\/2024\/06\/Danuta-Foto-Ljubljana-Zoo-1024x577.jpg 1024w, https:\/\/tallinnzoo.ee\/wp-content\/uploads\/2024\/06\/Danuta-Foto-Ljubljana-Zoo-300x169.jpg 300w, https:\/\/tallinnzoo.ee\/wp-content\/uploads\/2024\/06\/Danuta-Foto-Ljubljana-Zoo-768x433.jpg 768w, https:\/\/tallinnzoo.ee\/wp-content\/uploads\/2024\/06\/Danuta-Foto-Ljubljana-Zoo-600x338.jpg 600w, https:\/\/tallinnzoo.ee\/wp-content\/uploads\/2024\/06\/Danuta-Foto-Ljubljana-Zoo.jpg 1200w\" sizes=\"auto, (max-width: 1024px) 100vw, 1024px\" \/><figcaption class=\"wp-element-caption\">Danuta<\/figcaption><\/figure>\n<\/figure>\n\n\n\n<p>Tiikerilaaksoon on saapunut my\u00f6s vuonna 2022 Helsingin Korkeasaaren el\u00e4intarhassa syntynyt siperiantiikerinaaras Ohana, Skotlannista on tulossa siperiantiikeriuros Aleksander.<\/p>\n\n\n\n<figure class=\"wp-block-gallery has-nested-images columns-default is-cropped wp-block-gallery-2 is-layout-flex wp-block-gallery-is-layout-flex\">\n<figure class=\"wp-block-image size-large\"><img loading=\"lazy\" decoding=\"async\" width=\"1024\" height=\"683\" data-id=\"48027\" src=\"https:\/\/tallinnzoo.ee\/wp-content\/uploads\/2024\/06\/Ohana-2024_Foto_Annika-Sorjonen.jpg\" alt=\"\" class=\"wp-image-48027\" srcset=\"https:\/\/tallinnzoo.ee\/wp-content\/uploads\/2024\/06\/Ohana-2024_Foto_Annika-Sorjonen.jpg 1024w, https:\/\/tallinnzoo.ee\/wp-content\/uploads\/2024\/06\/Ohana-2024_Foto_Annika-Sorjonen-300x200.jpg 300w, https:\/\/tallinnzoo.ee\/wp-content\/uploads\/2024\/06\/Ohana-2024_Foto_Annika-Sorjonen-768x512.jpg 768w, https:\/\/tallinnzoo.ee\/wp-content\/uploads\/2024\/06\/Ohana-2024_Foto_Annika-Sorjonen-600x400.jpg 600w\" sizes=\"auto, (max-width: 1024px) 100vw, 1024px\" \/><figcaption class=\"wp-element-caption\">Ohana<\/figcaption><\/figure>\n\n\n\n<figure class=\"wp-block-image size-large\"><img loading=\"lazy\" decoding=\"async\" width=\"1024\" height=\"682\" data-id=\"48022\" src=\"https:\/\/tallinnzoo.ee\/wp-content\/uploads\/2024\/06\/Tiiger-Aleksander-foto-RZSS-Highland-Wildlife-Park-1-1024x682.jpg\" alt=\"\" class=\"wp-image-48022\" srcset=\"https:\/\/tallinnzoo.ee\/wp-content\/uploads\/2024\/06\/Tiiger-Aleksander-foto-RZSS-Highland-Wildlife-Park-1-1024x682.jpg 1024w, https:\/\/tallinnzoo.ee\/wp-content\/uploads\/2024\/06\/Tiiger-Aleksander-foto-RZSS-Highland-Wildlife-Park-1-300x200.jpg 300w, https:\/\/tallinnzoo.ee\/wp-content\/uploads\/2024\/06\/Tiiger-Aleksander-foto-RZSS-Highland-Wildlife-Park-1-768x512.jpg 768w, https:\/\/tallinnzoo.ee\/wp-content\/uploads\/2024\/06\/Tiiger-Aleksander-foto-RZSS-Highland-Wildlife-Park-1-1536x1024.jpg 1536w, https:\/\/tallinnzoo.ee\/wp-content\/uploads\/2024\/06\/Tiiger-Aleksander-foto-RZSS-Highland-Wildlife-Park-1-2048x1365.jpg 2048w, https:\/\/tallinnzoo.ee\/wp-content\/uploads\/2024\/06\/Tiiger-Aleksander-foto-RZSS-Highland-Wildlife-Park-1-600x400.jpg 600w\" sizes=\"auto, (max-width: 1024px) 100vw, 1024px\" \/><figcaption class=\"wp-element-caption\">Aleksander<\/figcaption><\/figure>\n<\/figure>\n\n\n\n<ul class=\"wp-block-list\">\n<li><\/li>\n<\/ul>\n\n\n\n<ul class=\"wp-block-list\">\n<li><strong>Tiikerilaakso<\/strong><\/li>\n<\/ul>\n\n\n\n<p>Tiigritele on ligikaudu 2,5 hektari suurusel maa-alal loodud looduslik keskkond suurte puude ja veesilmadega ning uudsete \u00f5hus kulgevate k\u00e4igutunnelitega.<\/p>\n\n\n\n<p>Tiikerilaakso on aivan Kaakkois-Aasian trooppisen sademets\u00e4rakennuksen vieress\u00e4 ja sen kahvilasta voivat vieraat seurata tiikereiden toimia my\u00f6s lasisein\u00e4 l\u00e4pi. Alueella on avattu Tiigri-kahvila ja kolme lev\u00e4hdysaluetta, joissa kaikissa on lasten leikkikentt\u00e4.<\/p>\n\n\n\n<p>Tiikerilaakson rakennusty\u00f6t aloitettiin vuonna 2023 ja uusi alue on vierailijoille avoinna 19. kes\u00e4kuuta 2024 alkaen. <\/p>\n\n\n\n<figure class=\"wp-block-gallery has-nested-images columns-default is-cropped wp-block-gallery-3 is-layout-flex wp-block-gallery-is-layout-flex\">\n<figure class=\"wp-block-image size-large\"><img loading=\"lazy\" decoding=\"async\" width=\"768\" height=\"1024\" data-id=\"48042\" src=\"https:\/\/tallinnzoo.ee\/wp-content\/uploads\/2024\/06\/Tiigriorg2_AgnesJanson-768x1024.jpeg\" alt=\"\" class=\"wp-image-48042\" srcset=\"https:\/\/tallinnzoo.ee\/wp-content\/uploads\/2024\/06\/Tiigriorg2_AgnesJanson-768x1024.jpeg 768w, https:\/\/tallinnzoo.ee\/wp-content\/uploads\/2024\/06\/Tiigriorg2_AgnesJanson-225x300.jpeg 225w, https:\/\/tallinnzoo.ee\/wp-content\/uploads\/2024\/06\/Tiigriorg2_AgnesJanson-1152x1536.jpeg 1152w, https:\/\/tallinnzoo.ee\/wp-content\/uploads\/2024\/06\/Tiigriorg2_AgnesJanson-1536x2048.jpeg 1536w, https:\/\/tallinnzoo.ee\/wp-content\/uploads\/2024\/06\/Tiigriorg2_AgnesJanson-600x800.jpeg 600w, https:\/\/tallinnzoo.ee\/wp-content\/uploads\/2024\/06\/Tiigriorg2_AgnesJanson-scaled.jpeg 1920w\" sizes=\"auto, (max-width: 768px) 100vw, 768px\" \/><figcaption class=\"wp-element-caption\">N\u00e4kym\u00e4 sademets\u00e4n kahvilasta<\/figcaption><\/figure>\n\n\n\n<figure class=\"wp-block-image size-large\"><img loading=\"lazy\" decoding=\"async\" width=\"1024\" height=\"768\" data-id=\"48128\" src=\"https:\/\/tallinnzoo.ee\/wp-content\/uploads\/2024\/06\/Tiigriorg_-kaigutunnelid-ohus_Tallinna-loomaaed_-HelinaOunapuu-1024x768.jpg\" alt=\"\" class=\"wp-image-48128\" srcset=\"https:\/\/tallinnzoo.ee\/wp-content\/uploads\/2024\/06\/Tiigriorg_-kaigutunnelid-ohus_Tallinna-loomaaed_-HelinaOunapuu-1024x768.jpg 1024w, https:\/\/tallinnzoo.ee\/wp-content\/uploads\/2024\/06\/Tiigriorg_-kaigutunnelid-ohus_Tallinna-loomaaed_-HelinaOunapuu-300x225.jpg 300w, https:\/\/tallinnzoo.ee\/wp-content\/uploads\/2024\/06\/Tiigriorg_-kaigutunnelid-ohus_Tallinna-loomaaed_-HelinaOunapuu-768x576.jpg 768w, https:\/\/tallinnzoo.ee\/wp-content\/uploads\/2024\/06\/Tiigriorg_-kaigutunnelid-ohus_Tallinna-loomaaed_-HelinaOunapuu-1536x1152.jpg 1536w, https:\/\/tallinnzoo.ee\/wp-content\/uploads\/2024\/06\/Tiigriorg_-kaigutunnelid-ohus_Tallinna-loomaaed_-HelinaOunapuu-2048x1536.jpg 2048w, https:\/\/tallinnzoo.ee\/wp-content\/uploads\/2024\/06\/Tiigriorg_-kaigutunnelid-ohus_Tallinna-loomaaed_-HelinaOunapuu-600x450.jpg 600w\" sizes=\"auto, (max-width: 1024px) 100vw, 1024px\" \/><figcaption class=\"wp-element-caption\">Tiikerien kulkutunneli vasemmalla<\/figcaption><\/figure>\n<\/figure>\n\n\n\n<ul class=\"wp-block-list\">\n<li><strong>El\u00e4intarha kiitt\u00e4\u00e4<\/strong><\/li>\n<\/ul>\n\n\n\n<p>Haluamme l\u00e4mpim\u00e4sti kiitt\u00e4\u00e4 kaikkia asianosaisia ja lahjoittajia, jotka ovat tukeneet meit\u00e4 Tiikerilaakson suunnittelussa ja toteuttamisessa:<\/p>\n\n\n\n<p>El\u00e4intarhojen suunnittelija Julia Hanukanova, Riin Kersalu, Tallinna Linnavaraamet (Tallinnan kiinteist\u00f6laitos), SWECO Projekt O\u00dc, AS EG Ehitus ja INF Ehitus O\u00dc, Atemo O\u00dc, Keskkonnaprojekt O\u00dc, Eesti Loomaaias\u00f5prade Selts (Viron el\u00e4intarhan yst\u00e4vien seura), AS Olerex, Pipedrive O\u00dc, Premia Tallinna K\u00fclmhoone AS, Citycon O\u00dc, J\u00e4\u00e4aja Keskus, Sauen lukion ja Nissin peruskoulun oppilaat, Skeleton Technologies ja lukuisat yksityishenkil\u00f6t.<\/p>\n\n\n\n<p>Erityiset kiitokset my\u00f6s amuritiikeri Pootsmanin kummi Krah Pipes O\u00dc -lle, joka tuki Pootsmanin yll\u00e4pitoa muissa el\u00e4intarhoissa h\u00e4nen poissaolon ajan Tallinnasta.<\/p>\n\n\n<section class=\"visiting-areas-section wide-section\">\n  <div class=\"wide-section__inner\">\n    <div class=\"container\">\n      <h2 class=\"text-center\">El\u00e4intarhan alueet<\/h2>\n\n              <div class=\"areas-slider\">\n                                  <a href=\"https:\/\/tallinnzoo.ee\/fi\/polarium\/\" class=\"area-slide\">\n              <div class=\"area-slide__image\" style=\"background-image: url(https:\/\/tallinnzoo.ee\/wp-content\/uploads\/2022\/04\/polar-bear.svg)\"><\/div>\n              <h3 class=\"area-slide__title h4\">J\u00e4\u00e4karhumaailma<\/h3>\n            <\/a>\n                                  <a href=\"https:\/\/tallinnzoo.ee\/fi\/paksunahkaisten-talo\/\" class=\"area-slide\">\n              <div class=\"area-slide__image\" style=\"background-image: url(https:\/\/tallinnzoo.ee\/wp-content\/uploads\/2022\/04\/elephant.svg)\"><\/div>\n              <h3 class=\"area-slide__title h4\">Paksunahkaisten talo<\/h3>\n            <\/a>\n                                  <a href=\"https:\/\/tallinnzoo.ee\/fi\/sisa-aasia\/\" class=\"area-slide\">\n              <div class=\"area-slide__image\" style=\"background-image: url(https:\/\/tallinnzoo.ee\/wp-content\/uploads\/2022\/05\/siseaasia2-55.svg)\"><\/div>\n              <h3 class=\"area-slide__title h4\">Sis\u00e4-Aasia<\/h3>\n            <\/a>\n                                  <a href=\"https:\/\/tallinnzoo.ee\/fi\/tropiikkitalot\/\" class=\"area-slide\">\n              <div class=\"area-slide__image\" style=\"background-image: url(https:\/\/tallinnzoo.ee\/wp-content\/uploads\/2022\/04\/crocodile.svg)\"><\/div>\n              <h3 class=\"area-slide__title h4\">Tropiikkitalot<\/h3>\n            <\/a>\n                                  <a href=\"https:\/\/tallinnzoo.ee\/fi\/lasten-elaintarha\/\" class=\"area-slide\">\n              <div class=\"area-slide__image\" style=\"background-image: url(https:\/\/tallinnzoo.ee\/wp-content\/uploads\/2022\/05\/test-492.svg)\"><\/div>\n              <h3 class=\"area-slide__title h4\">Lasten el\u00e4intarha<\/h3>\n            <\/a>\n                                  <a href=\"https:\/\/tallinnzoo.ee\/fi\/alppialue\/\" class=\"area-slide\">\n              <div class=\"area-slide__image\" style=\"background-image: url(https:\/\/tallinnzoo.ee\/wp-content\/uploads\/2022\/05\/alpinaarium2-16.svg)\"><\/div>\n              <h3 class=\"area-slide__title h4\">Alppialue<\/h3>\n            <\/a>\n                                  <a href=\"https:\/\/tallinnzoo.ee\/fi\/kotkakukkula\/\" class=\"area-slide\">\n              <div class=\"area-slide__image\" style=\"background-image: url(https:\/\/tallinnzoo.ee\/wp-content\/uploads\/2022\/05\/kullimagi-50.svg)\"><\/div>\n              <h3 class=\"area-slide__title h4\">Kotkakukkula<\/h3>\n            <\/a>\n                                  <a href=\"https:\/\/tallinnzoo.ee\/fi\/lintulammet\/\" class=\"area-slide\">\n              <div class=\"area-slide__image\" style=\"background-image: url(https:\/\/tallinnzoo.ee\/wp-content\/uploads\/2022\/05\/linnutiik2-48.svg)\"><\/div>\n              <h3 class=\"area-slide__title h4\">Lintulammet<\/h3>\n            <\/a>\n                                  <a href=\"https:\/\/tallinnzoo.ee\/fi\/sademetsa\/\" class=\"area-slide\">\n              <div class=\"area-slide__image\" style=\"background-image: url(https:\/\/tallinnzoo.ee\/wp-content\/uploads\/2022\/05\/vihmamets2-40.svg)\"><\/div>\n              <h3 class=\"area-slide__title h4\">Sademets\u00e4<\/h3>\n            <\/a>\n                                  <a href=\"https:\/\/tallinnzoo.ee\/fi\/tiikerilaakso\/\" class=\"area-slide\">\n              <div class=\"area-slide__image\" style=\"background-image: url(https:\/\/tallinnzoo.ee\/wp-content\/uploads\/2022\/04\/tiger.svg)\"><\/div>\n              <h3 class=\"area-slide__title h4\">Tiikerilaakso<\/h3>\n            <\/a>\n                                  <a href=\"https:\/\/tallinnzoo.ee\/fi\/veskimets\/\" class=\"area-slide\">\n              <div class=\"area-slide__image\" style=\"background-image: url(https:\/\/tallinnzoo.ee\/wp-content\/uploads\/2022\/05\/veskimets.svg)\"><\/div>\n              <h3 class=\"area-slide__title h4\">Veskimets<\/h3>\n            <\/a>\n                  <\/div>\n      \n      \n      <div class=\"visiting-areas-section__buttons\">\n        \n                  <a href=\"https:\/\/tallinnzoo.ee\/fi\/kartta\/\" target=\"_self\" class=\"btn btn-outline-primary\">L\u00f6yt\u00e4\u00e4 kartalta<\/a>\n              <\/div>\n    <\/div>\n  <\/div>\n<\/section>\n","protected":false},"excerpt":{"rendered":"<p>Uusi koti siperiantiikerille ja toisille Kauko-Id\u00e4n el\u00e4imille Huom! Koko alue valmistuu pian. Tiikerilaakson muodostavat l\u00e4hinn\u00e4 siperiantiikerille ja muille Kauko-Id\u00e4n el\u00e4imille &#8230;<\/p>\n","protected":false},"author":2,"featured_media":48039,"parent":0,"menu_order":0,"comment_status":"closed","ping_status":"closed","template":"","meta":{"_acf_changed":false,"om_disable_all_campaigns":false,"inline_featured_image":false,"_monsterinsights_skip_tracking":false,"_monsterinsights_sitenote_active":false,"_monsterinsights_sitenote_note":"","_monsterinsights_sitenote_category":0,"_uf_show_specific_survey":0,"_uf_disable_surveys":false,"footnotes":""},"class_list":["post-25478","page","type-page","status-publish","has-post-thumbnail","hentry"],"acf":[],"_links":{"self":[{"href":"https:\/\/tallinnzoo.ee\/fi\/wp-json\/wp\/v2\/pages\/25478","targetHints":{"allow":["GET"]}}],"collection":[{"href":"https:\/\/tallinnzoo.ee\/fi\/wp-json\/wp\/v2\/pages"}],"about":[{"href":"https:\/\/tallinnzoo.ee\/fi\/wp-json\/wp\/v2\/types\/page"}],"author":[{"embeddable":true,"href":"https:\/\/tallinnzoo.ee\/fi\/wp-json\/wp\/v2\/users\/2"}],"replies":[{"embeddable":true,"href":"https:\/\/tallinnzoo.ee\/fi\/wp-json\/wp\/v2\/comments?post=25478"}],"version-history":[{"count":12,"href":"https:\/\/tallinnzoo.ee\/fi\/wp-json\/wp\/v2\/pages\/25478\/revisions"}],"predecessor-version":[{"id":49011,"href":"https:\/\/tallinnzoo.ee\/fi\/wp-json\/wp\/v2\/pages\/25478\/revisions\/49011"}],"wp:featuredmedia":[{"embeddable":true,"href":"https:\/\/tallinnzoo.ee\/fi\/wp-json\/wp\/v2\/media\/48039"}],"wp:attachment":[{"href":"https:\/\/tallinnzoo.ee\/fi\/wp-json\/wp\/v2\/media?parent=25478"}],"curies":[{"name":"wp","href":"https:\/\/api.w.org\/{rel}","templated":true}]}}