{"id":45132,"date":"2022-05-18T16:47:55","date_gmt":"2022-05-18T13:47:55","guid":{"rendered":"https:\/\/tallinnzoo.ee\/tilanvuokraus\/"},"modified":"2026-01-02T11:10:43","modified_gmt":"2026-01-02T09:10:43","slug":"tilanvuokraus","status":"publish","type":"page","link":"https:\/\/tallinnzoo.ee\/fi\/tilanvuokraus\/","title":{"rendered":"Tilanvuokraus"},"content":{"rendered":"\n<h3 class=\"wp-block-heading\">Vie ihmiset p\u00e4ivitt\u00e4isen ty\u00f6ymp\u00e4rist\u00f6n ulkopuolelle ja katso, miten ajatukset p\u00e4\u00e4sev\u00e4t lentoon!<\/h3>\n\n\n\n<p>Tallinnan el\u00e4intarhan ymp\u00e4rist\u00f6kasvatuskeskus tarjoaa hyv\u00e4t mahdollisuudet erilaisten yritystapahtumien, konferenssien, seminaarien, koulutusten ja kokousten j\u00e4rjest\u00e4miseen. Tapahtuman ohjelmaa varten tarjoamme temaattista lis\u00e4arvoa el\u00e4intarhavierailun, j\u00e4nnitt\u00e4v\u00e4n kierroksen, k\u00e4yt\u00e4nn\u00f6n ty\u00f6pajan, esitelm\u00e4n tms. muodossa. Isompia konferensseja ja seminaareja varten voidaan yhdist\u00e4\u00e4 konferenssisali ja pienemm\u00e4t luokkahuoneet. Aulatila soveltuu n\u00e4yttelyiden esitt\u00e4miseen tai konferenssien taukotarjoiluun ja juhlavia vastaanottojen j\u00e4rjest\u00e4miseen. <\/p>\n\n\n\n<h3 class=\"wp-block-heading\">Auditorio<\/h3>\n\n\n\n<ul class=\"wp-block-list\">\n<li>Koko 227 m\u00b2<\/li>\n\n\n\n<li>Paikkoja teatterityyliin 149 henkil\u00f6lle<\/li>\n<\/ul>\n\n\n\n<p>Tyylik\u00e4s ja monitoiminen sali erilaisten kulttuuritapahtumien ja konferenssien j\u00e4rjest\u00e4miseen. Auditoriossa on puhujakoroke, mikrofonit, kaiuttimet, \u00e4\u00e4nimikseri, videokytkin, projektori, valkokangas ja muut tarvittavat laitteet. Tavanomaisten konferenssiv\u00e4lineiden lis\u00e4ksi on my\u00f6s mahdollisuus elokuvan\u00e4yt\u00f6sten ja konserttien j\u00e4rjest\u00e4miseen.<\/p>\n\n\n\n<p>&nbsp;        <\/p>\n\n\n\n<figure class=\"wp-block-gallery has-nested-images columns-default is-cropped wp-block-gallery-1 is-layout-flex wp-block-gallery-is-layout-flex\">\n<figure class=\"wp-block-image size-large\"><a href=\"https:\/\/tallinnzoo.ee\/wp-content\/uploads\/2022\/05\/auditoorium-uldplaan.jpg\"><img loading=\"lazy\" decoding=\"async\" width=\"998\" height=\"666\" data-id=\"3490\" src=\"https:\/\/tallinnzoo.ee\/wp-content\/uploads\/2022\/05\/auditoorium-uldplaan.jpg\" alt=\"\" class=\"wp-image-3490\" srcset=\"https:\/\/tallinnzoo.ee\/wp-content\/uploads\/2022\/05\/auditoorium-uldplaan.jpg 998w, https:\/\/tallinnzoo.ee\/wp-content\/uploads\/2022\/05\/auditoorium-uldplaan-300x200.jpg 300w, https:\/\/tallinnzoo.ee\/wp-content\/uploads\/2022\/05\/auditoorium-uldplaan-768x513.jpg 768w, https:\/\/tallinnzoo.ee\/wp-content\/uploads\/2022\/05\/auditoorium-uldplaan-600x400.jpg 600w\" sizes=\"auto, (max-width: 998px) 100vw, 998px\" \/><\/a><\/figure>\n\n\n\n<figure class=\"wp-block-image size-large\"><a href=\"https:\/\/tallinnzoo.ee\/wp-content\/uploads\/2022\/05\/DSC05645-scaled.jpg\"><img loading=\"lazy\" decoding=\"async\" width=\"2560\" height=\"1707\" data-id=\"3475\" src=\"https:\/\/tallinnzoo.ee\/wp-content\/uploads\/2022\/05\/DSC05645-scaled.jpg\" alt=\"\" class=\"wp-image-3475\" srcset=\"https:\/\/tallinnzoo.ee\/wp-content\/uploads\/2022\/05\/DSC05645-scaled.jpg 2560w, https:\/\/tallinnzoo.ee\/wp-content\/uploads\/2022\/05\/DSC05645-300x200.jpg 300w, https:\/\/tallinnzoo.ee\/wp-content\/uploads\/2022\/05\/DSC05645-1024x683.jpg 1024w, https:\/\/tallinnzoo.ee\/wp-content\/uploads\/2022\/05\/DSC05645-768x512.jpg 768w, https:\/\/tallinnzoo.ee\/wp-content\/uploads\/2022\/05\/DSC05645-1536x1024.jpg 1536w, https:\/\/tallinnzoo.ee\/wp-content\/uploads\/2022\/05\/DSC05645-2048x1365.jpg 2048w, https:\/\/tallinnzoo.ee\/wp-content\/uploads\/2022\/05\/DSC05645-600x400.jpg 600w\" sizes=\"auto, (max-width: 2560px) 100vw, 2560px\" \/><\/a><\/figure>\n\n\n\n<figure class=\"wp-block-image size-large\"><a href=\"https:\/\/tallinnzoo.ee\/wp-content\/uploads\/2022\/05\/Tark-Toostus-2021-auditoorium-ABB.jpg\"><img loading=\"lazy\" decoding=\"async\" width=\"1280\" height=\"773\" data-id=\"3496\" src=\"https:\/\/tallinnzoo.ee\/wp-content\/uploads\/2022\/05\/Tark-Toostus-2021-auditoorium-ABB.jpg\" alt=\"\" class=\"wp-image-3496\" srcset=\"https:\/\/tallinnzoo.ee\/wp-content\/uploads\/2022\/05\/Tark-Toostus-2021-auditoorium-ABB.jpg 1280w, https:\/\/tallinnzoo.ee\/wp-content\/uploads\/2022\/05\/Tark-Toostus-2021-auditoorium-ABB-300x181.jpg 300w, https:\/\/tallinnzoo.ee\/wp-content\/uploads\/2022\/05\/Tark-Toostus-2021-auditoorium-ABB-1024x618.jpg 1024w, https:\/\/tallinnzoo.ee\/wp-content\/uploads\/2022\/05\/Tark-Toostus-2021-auditoorium-ABB-768x464.jpg 768w, https:\/\/tallinnzoo.ee\/wp-content\/uploads\/2022\/05\/Tark-Toostus-2021-auditoorium-ABB-600x362.jpg 600w\" sizes=\"auto, (max-width: 1280px) 100vw, 1280px\" \/><\/a><\/figure>\n\n\n\n<figure class=\"wp-block-image size-large\"><a href=\"https:\/\/tallinnzoo.ee\/wp-content\/uploads\/2022\/05\/sugiskonverents-KHK-auditoorium-Raul-Mee.jpg\"><img loading=\"lazy\" decoding=\"async\" width=\"1920\" height=\"1280\" data-id=\"3506\" src=\"https:\/\/tallinnzoo.ee\/wp-content\/uploads\/2022\/05\/sugiskonverents-KHK-auditoorium-Raul-Mee.jpg\" alt=\"\" class=\"wp-image-3506\" srcset=\"https:\/\/tallinnzoo.ee\/wp-content\/uploads\/2022\/05\/sugiskonverents-KHK-auditoorium-Raul-Mee.jpg 1920w, https:\/\/tallinnzoo.ee\/wp-content\/uploads\/2022\/05\/sugiskonverents-KHK-auditoorium-Raul-Mee-300x200.jpg 300w, https:\/\/tallinnzoo.ee\/wp-content\/uploads\/2022\/05\/sugiskonverents-KHK-auditoorium-Raul-Mee-1024x683.jpg 1024w, https:\/\/tallinnzoo.ee\/wp-content\/uploads\/2022\/05\/sugiskonverents-KHK-auditoorium-Raul-Mee-768x512.jpg 768w, https:\/\/tallinnzoo.ee\/wp-content\/uploads\/2022\/05\/sugiskonverents-KHK-auditoorium-Raul-Mee-1536x1024.jpg 1536w, https:\/\/tallinnzoo.ee\/wp-content\/uploads\/2022\/05\/sugiskonverents-KHK-auditoorium-Raul-Mee-600x400.jpg 600w\" sizes=\"auto, (max-width: 1920px) 100vw, 1920px\" \/><\/a><\/figure>\n\n\n\n<figure class=\"wp-block-image size-large\"><a href=\"https:\/\/tallinnzoo.ee\/wp-content\/uploads\/2022\/05\/juhiabide-konverents-2021-auditoorium-Raul-Mee.jpg\"><img loading=\"lazy\" decoding=\"async\" width=\"1920\" height=\"1286\" data-id=\"3511\" src=\"https:\/\/tallinnzoo.ee\/wp-content\/uploads\/2022\/05\/juhiabide-konverents-2021-auditoorium-Raul-Mee.jpg\" alt=\"\" class=\"wp-image-3511\" srcset=\"https:\/\/tallinnzoo.ee\/wp-content\/uploads\/2022\/05\/juhiabide-konverents-2021-auditoorium-Raul-Mee.jpg 1920w, https:\/\/tallinnzoo.ee\/wp-content\/uploads\/2022\/05\/juhiabide-konverents-2021-auditoorium-Raul-Mee-300x201.jpg 300w, https:\/\/tallinnzoo.ee\/wp-content\/uploads\/2022\/05\/juhiabide-konverents-2021-auditoorium-Raul-Mee-1024x686.jpg 1024w, https:\/\/tallinnzoo.ee\/wp-content\/uploads\/2022\/05\/juhiabide-konverents-2021-auditoorium-Raul-Mee-768x514.jpg 768w, https:\/\/tallinnzoo.ee\/wp-content\/uploads\/2022\/05\/juhiabide-konverents-2021-auditoorium-Raul-Mee-1536x1029.jpg 1536w, https:\/\/tallinnzoo.ee\/wp-content\/uploads\/2022\/05\/juhiabide-konverents-2021-auditoorium-Raul-Mee-600x402.jpg 600w\" sizes=\"auto, (max-width: 1920px) 100vw, 1920px\" \/><\/a><\/figure>\n<\/figure>\n\n\n\n<h3 class=\"wp-block-heading\">Aula<\/h3>\n\n\n\n<ul class=\"wp-block-list\">\n<li>Koko 277 m\u00b2<\/li>\n<\/ul>\n\n\n\n<p>Monipuolinen ja hyvin jaettu tila tapahtumien ja n\u00e4yttelyiden j\u00e4rjest\u00e4miseen. Olipa kyseess\u00e4 n\u00e4yttely, juhlavastaanotto, lasten joulujuhla, yritysjuhla, seminaari tai mik\u00e4 tahansa muu tapahtuma, aulatila on t\u00e4ydellinen tarkoitukseen kuin tarkoitukseen.<\/p>\n\n\n\n<figure class=\"wp-block-gallery has-nested-images columns-default is-cropped wp-block-gallery-2 is-layout-flex wp-block-gallery-is-layout-flex\">\n<figure class=\"wp-block-image size-large\"><img loading=\"lazy\" decoding=\"async\" width=\"1024\" height=\"682\" data-id=\"3526\" src=\"https:\/\/tallinnzoo.ee\/wp-content\/uploads\/2022\/05\/paasteamet-ja-naomaalingud-fuajees_foto-IL-1024x682.jpg\" alt=\"\" class=\"wp-image-3526\" srcset=\"https:\/\/tallinnzoo.ee\/wp-content\/uploads\/2022\/05\/paasteamet-ja-naomaalingud-fuajees_foto-IL-1024x682.jpg 1024w, https:\/\/tallinnzoo.ee\/wp-content\/uploads\/2022\/05\/paasteamet-ja-naomaalingud-fuajees_foto-IL-300x200.jpg 300w, https:\/\/tallinnzoo.ee\/wp-content\/uploads\/2022\/05\/paasteamet-ja-naomaalingud-fuajees_foto-IL-768x512.jpg 768w, https:\/\/tallinnzoo.ee\/wp-content\/uploads\/2022\/05\/paasteamet-ja-naomaalingud-fuajees_foto-IL-600x400.jpg 600w, https:\/\/tallinnzoo.ee\/wp-content\/uploads\/2022\/05\/paasteamet-ja-naomaalingud-fuajees_foto-IL.jpg 1049w\" sizes=\"auto, (max-width: 1024px) 100vw, 1024px\" \/><\/figure>\n\n\n\n<figure class=\"wp-block-image size-large\"><img loading=\"lazy\" decoding=\"async\" width=\"1621\" height=\"2560\" data-id=\"3516\" src=\"https:\/\/tallinnzoo.ee\/wp-content\/uploads\/2022\/05\/juhiabide-konverents-2021-Raul-Mee-scaled.jpg\" alt=\"\" class=\"wp-image-3516\" srcset=\"https:\/\/tallinnzoo.ee\/wp-content\/uploads\/2022\/05\/juhiabide-konverents-2021-Raul-Mee-scaled.jpg 1621w, https:\/\/tallinnzoo.ee\/wp-content\/uploads\/2022\/05\/juhiabide-konverents-2021-Raul-Mee-190x300.jpg 190w, https:\/\/tallinnzoo.ee\/wp-content\/uploads\/2022\/05\/juhiabide-konverents-2021-Raul-Mee-648x1024.jpg 648w, https:\/\/tallinnzoo.ee\/wp-content\/uploads\/2022\/05\/juhiabide-konverents-2021-Raul-Mee-768x1213.jpg 768w, https:\/\/tallinnzoo.ee\/wp-content\/uploads\/2022\/05\/juhiabide-konverents-2021-Raul-Mee-973x1536.jpg 973w, https:\/\/tallinnzoo.ee\/wp-content\/uploads\/2022\/05\/juhiabide-konverents-2021-Raul-Mee-1297x2048.jpg 1297w, https:\/\/tallinnzoo.ee\/wp-content\/uploads\/2022\/05\/juhiabide-konverents-2021-Raul-Mee-600x948.jpg 600w\" sizes=\"auto, (max-width: 1621px) 100vw, 1621px\" \/><\/figure>\n\n\n\n<figure class=\"wp-block-image size-large\"><img loading=\"lazy\" decoding=\"async\" width=\"1024\" height=\"675\" data-id=\"3521\" src=\"https:\/\/tallinnzoo.ee\/wp-content\/uploads\/2022\/05\/sugiskonverents-fuajee-Raul-Mee-1024x675.jpg\" alt=\"\" class=\"wp-image-3521\" srcset=\"https:\/\/tallinnzoo.ee\/wp-content\/uploads\/2022\/05\/sugiskonverents-fuajee-Raul-Mee-1024x675.jpg 1024w, https:\/\/tallinnzoo.ee\/wp-content\/uploads\/2022\/05\/sugiskonverents-fuajee-Raul-Mee-300x198.jpg 300w, https:\/\/tallinnzoo.ee\/wp-content\/uploads\/2022\/05\/sugiskonverents-fuajee-Raul-Mee-768x506.jpg 768w, https:\/\/tallinnzoo.ee\/wp-content\/uploads\/2022\/05\/sugiskonverents-fuajee-Raul-Mee-1536x1013.jpg 1536w, https:\/\/tallinnzoo.ee\/wp-content\/uploads\/2022\/05\/sugiskonverents-fuajee-Raul-Mee-600x396.jpg 600w, https:\/\/tallinnzoo.ee\/wp-content\/uploads\/2022\/05\/sugiskonverents-fuajee-Raul-Mee.jpg 1920w\" sizes=\"auto, (max-width: 1024px) 100vw, 1024px\" \/><\/figure>\n\n\n\n<figure class=\"wp-block-image size-large\"><img loading=\"lazy\" decoding=\"async\" width=\"1024\" height=\"683\" data-id=\"3480\" src=\"https:\/\/tallinnzoo.ee\/wp-content\/uploads\/2022\/05\/DSC05578-1024x683.jpg\" alt=\"\" class=\"wp-image-3480\" srcset=\"https:\/\/tallinnzoo.ee\/wp-content\/uploads\/2022\/05\/DSC05578-1024x683.jpg 1024w, https:\/\/tallinnzoo.ee\/wp-content\/uploads\/2022\/05\/DSC05578-300x200.jpg 300w, https:\/\/tallinnzoo.ee\/wp-content\/uploads\/2022\/05\/DSC05578-768x512.jpg 768w, https:\/\/tallinnzoo.ee\/wp-content\/uploads\/2022\/05\/DSC05578-1536x1024.jpg 1536w, https:\/\/tallinnzoo.ee\/wp-content\/uploads\/2022\/05\/DSC05578-2048x1365.jpg 2048w, https:\/\/tallinnzoo.ee\/wp-content\/uploads\/2022\/05\/DSC05578-600x400.jpg 600w\" sizes=\"auto, (max-width: 1024px) 100vw, 1024px\" \/><\/figure>\n\n\n\n<figure class=\"wp-block-image size-large\"><img loading=\"lazy\" decoding=\"async\" width=\"1024\" height=\"683\" data-id=\"3558\" src=\"https:\/\/tallinnzoo.ee\/wp-content\/uploads\/2022\/05\/putukanaitus-on-avatud_foto-Inari-Leiman-1024x683.jpg\" alt=\"\" class=\"wp-image-3558\" srcset=\"https:\/\/tallinnzoo.ee\/wp-content\/uploads\/2022\/05\/putukanaitus-on-avatud_foto-Inari-Leiman-1024x683.jpg 1024w, https:\/\/tallinnzoo.ee\/wp-content\/uploads\/2022\/05\/putukanaitus-on-avatud_foto-Inari-Leiman-300x200.jpg 300w, https:\/\/tallinnzoo.ee\/wp-content\/uploads\/2022\/05\/putukanaitus-on-avatud_foto-Inari-Leiman-768x512.jpg 768w, https:\/\/tallinnzoo.ee\/wp-content\/uploads\/2022\/05\/putukanaitus-on-avatud_foto-Inari-Leiman-600x400.jpg 600w, https:\/\/tallinnzoo.ee\/wp-content\/uploads\/2022\/05\/putukanaitus-on-avatud_foto-Inari-Leiman.jpg 1380w\" sizes=\"auto, (max-width: 1024px) 100vw, 1024px\" \/><\/figure>\n<\/figure>\n\n\n\n<h3 class=\"wp-block-heading\">Luokkahuoneet<\/h3>\n\n\n\n<p>Erilaisia k\u00e4ytt\u00f6tarkoituksia tarjoavat tilat pienempien seminaarien, koulutusten ja ty\u00f6pajojen j\u00e4rjest\u00e4miseen.<\/p>\n\n\n\n<ul class=\"wp-block-list\">\n<li>Ilves, Karu ja Kaku -luokan koko 38 m\u00b2 ja tilaa on luokkatyyliin 16 henkil\u00f6lle<\/li>\n\n\n\n<li>Euroopa naarits -luokan koko 49 m\u00b2, tilaa on luokkatyyliin 24 henkil\u00f6lle<\/li>\n<\/ul>\n\n\n\n<p><\/p>\n\n\n\n<figure class=\"wp-block-gallery has-nested-images columns-default is-cropped wp-block-gallery-3 is-layout-flex wp-block-gallery-is-layout-flex\">\n<figure class=\"wp-block-image size-large\"><img loading=\"lazy\" decoding=\"async\" width=\"1024\" height=\"768\" data-id=\"3546\" src=\"https:\/\/tallinnzoo.ee\/wp-content\/uploads\/2022\/05\/eluslooduse-klass-1024x768.jpg\" alt=\"\" class=\"wp-image-3546\" srcset=\"https:\/\/tallinnzoo.ee\/wp-content\/uploads\/2022\/05\/eluslooduse-klass-1024x768.jpg 1024w, https:\/\/tallinnzoo.ee\/wp-content\/uploads\/2022\/05\/eluslooduse-klass-300x225.jpg 300w, https:\/\/tallinnzoo.ee\/wp-content\/uploads\/2022\/05\/eluslooduse-klass-768x576.jpg 768w, https:\/\/tallinnzoo.ee\/wp-content\/uploads\/2022\/05\/eluslooduse-klass-1536x1152.jpg 1536w, https:\/\/tallinnzoo.ee\/wp-content\/uploads\/2022\/05\/eluslooduse-klass-2048x1536.jpg 2048w, https:\/\/tallinnzoo.ee\/wp-content\/uploads\/2022\/05\/eluslooduse-klass-600x450.jpg 600w\" sizes=\"auto, (max-width: 1024px) 100vw, 1024px\" \/><\/figure>\n\n\n\n<figure class=\"wp-block-image size-full\"><img loading=\"lazy\" decoding=\"async\" width=\"1000\" height=\"666\" data-id=\"3536\" src=\"https:\/\/tallinnzoo.ee\/wp-content\/uploads\/2022\/05\/klassiruum.jpg\" alt=\"\" class=\"wp-image-3536\" srcset=\"https:\/\/tallinnzoo.ee\/wp-content\/uploads\/2022\/05\/klassiruum.jpg 1000w, https:\/\/tallinnzoo.ee\/wp-content\/uploads\/2022\/05\/klassiruum-300x200.jpg 300w, https:\/\/tallinnzoo.ee\/wp-content\/uploads\/2022\/05\/klassiruum-768x511.jpg 768w, https:\/\/tallinnzoo.ee\/wp-content\/uploads\/2022\/05\/klassiruum-600x400.jpg 600w\" sizes=\"auto, (max-width: 1000px) 100vw, 1000px\" \/><\/figure>\n<\/figure>\n\n\n\n<p><\/p>\n\n\n\n<h3 class=\"wp-block-heading\">Tilojen vuokrahinnat <\/h3>\n\n\n\n<figure class=\"wp-block-table\"><table><thead><tr><th>Ymp\u00e4rist\u00f6kasvatuskeskuksen auditorio<\/th><th>Hinta (\u20ac)<\/th><\/tr><\/thead><tbody><tr><td>Vuokraus ma-pe 9:00-17:00 \/ tunti<\/td><td>148,00<\/td><\/tr><tr><td>Vuokraus ma-pe 9:00-17:00 \/ p\u00e4iv\u00e4 (8h)<\/td><td>793,00<\/td><\/tr><tr><td>Vuokraus ma-pe 17:00-23:00; la-su 9:00-23:00 ja pyh\u00e4p\u00e4iv\u00e4t \/ tunti<\/td><td>186,00<\/td><\/tr><tr><td>Vuokraus ma-pe 17:00-23:00; la-su 9:00-23:00 ja pyh\u00e4p\u00e4iv\u00e4t \/ p\u00e4iv\u00e4 (8h)<\/td><td>992,00<\/td><\/tr><\/tbody><\/table><\/figure>\n\n\n\n<figure class=\"wp-block-table\"><table><thead><tr><th>Ymp\u00e4rist\u00f6kasvatuskeskuksen aula<\/th><th>Hinta (\u20ac)<\/th><\/tr><\/thead><tbody><tr><td>Vuokraus ma-pe 9:00-17:00 \/ tunti<\/td><td>110,00<\/td><\/tr><tr><td>Vuokraus ma-pe 17:00-23:00; la-su 9:00-23:00 ja pyh\u00e4p\u00e4iv\u00e4t \/ p\u00e4iv\u00e4<\/td><td>132,00<\/td><\/tr><\/tbody><\/table><\/figure>\n\n\n\n<figure class=\"wp-block-table\"><table><thead><tr><th>Hunt, Ilves, Kaku-luokkahuone<\/th><th>Hinta (\u20ac)<\/th><\/tr><\/thead><tbody><tr><td>Vuokraus ma-pe 9:00-17:00 \/ tunti<\/td><td>40,00<\/td><\/tr><tr><td>Vuokraus ma-pe 9:00-17:00 \/ p\u00e4iv\u00e4<\/td><td>200,00<\/td><\/tr><tr><td>Vuokraus ma-pe 17:00-23:00; la-su 9:00-23:00 ja pyh\u00e4p\u00e4iv\u00e4t \/ tunti<\/td><td>50,00<\/td><\/tr><tr><td>Vuokraus ma-pe 17:00-23:00; la-su 9:00-23:00 ja pyh\u00e4p\u00e4iv\u00e4t \/ p\u00e4iv\u00e4 <\/td><td>250,00<\/td><\/tr><\/tbody><\/table><\/figure>\n\n\n\n<figure class=\"wp-block-table\"><table><thead><tr><th>Euroopa naarits luokkahuone<\/th><th>Hinta (\u20ac)<\/th><\/tr><\/thead><tbody><tr><td>Vuokraus ma-pe 9:00-17:00 \/ tunti<\/td><td>40,00<\/td><\/tr><tr><td>Vuokraus ma-pe 9:00-17:00 \/ p\u00e4iv\u00e4<\/td><td>224,00<\/td><\/tr><tr><td>Vuokraus ma-pe 17:00-23:00; la-su 9:00-23:00 ja pyh\u00e4p\u00e4iv\u00e4t \/ tunti<\/td><td>50,00<\/td><\/tr><tr><td>Vuokraus ma-pe 17:00-23:00; la-su 9:00-23:00 ja pyh\u00e4p\u00e4iv\u00e4t \/ p\u00e4iv\u00e4 <\/td><td>280,00<\/td><\/tr><\/tbody><\/table><\/figure>\n\n\n\n<h5 class=\"wp-block-heading\"><strong>Varaukset ja tiedustelut englanniksi: <\/strong><a href=\"mailto:broneering@tallinnzoo.ee\">broneering@tallinnzoo.ee<\/a><\/h5>\n\n\n\n<p><\/p>\n","protected":false},"excerpt":{"rendered":"<p>Vie ihmiset p\u00e4ivitt\u00e4isen ty\u00f6ymp\u00e4rist\u00f6n ulkopuolelle ja katso, miten ajatukset p\u00e4\u00e4sev\u00e4t lentoon! Tallinnan el\u00e4intarhan ymp\u00e4rist\u00f6kasvatuskeskus tarjoaa hyv\u00e4t mahdollisuudet erilaisten yritystapahtumien, konferenssien, &#8230;<\/p>\n","protected":false},"author":3,"featured_media":71687,"parent":0,"menu_order":0,"comment_status":"closed","ping_status":"closed","template":"","meta":{"_acf_changed":false,"om_disable_all_campaigns":false,"inline_featured_image":false,"_monsterinsights_skip_tracking":false,"_monsterinsights_sitenote_active":false,"_monsterinsights_sitenote_note":"","_monsterinsights_sitenote_category":0,"_uf_show_specific_survey":0,"_uf_disable_surveys":false,"footnotes":""},"class_list":["post-45132","page","type-page","status-publish","has-post-thumbnail","hentry"],"acf":[],"_links":{"self":[{"href":"https:\/\/tallinnzoo.ee\/fi\/wp-json\/wp\/v2\/pages\/45132","targetHints":{"allow":["GET"]}}],"collection":[{"href":"https:\/\/tallinnzoo.ee\/fi\/wp-json\/wp\/v2\/pages"}],"about":[{"href":"https:\/\/tallinnzoo.ee\/fi\/wp-json\/wp\/v2\/types\/page"}],"author":[{"embeddable":true,"href":"https:\/\/tallinnzoo.ee\/fi\/wp-json\/wp\/v2\/users\/3"}],"replies":[{"embeddable":true,"href":"https:\/\/tallinnzoo.ee\/fi\/wp-json\/wp\/v2\/comments?post=45132"}],"version-history":[{"count":8,"href":"https:\/\/tallinnzoo.ee\/fi\/wp-json\/wp\/v2\/pages\/45132\/revisions"}],"predecessor-version":[{"id":70671,"href":"https:\/\/tallinnzoo.ee\/fi\/wp-json\/wp\/v2\/pages\/45132\/revisions\/70671"}],"wp:featuredmedia":[{"embeddable":true,"href":"https:\/\/tallinnzoo.ee\/fi\/wp-json\/wp\/v2\/media\/71687"}],"wp:attachment":[{"href":"https:\/\/tallinnzoo.ee\/fi\/wp-json\/wp\/v2\/media?parent=45132"}],"curies":[{"name":"wp","href":"https:\/\/api.w.org\/{rel}","templated":true}]}}