{"id":45233,"date":"2022-05-18T16:00:22","date_gmt":"2022-05-18T13:00:22","guid":{"rendered":"https:\/\/tallinnzoo.ee\/valokuvaus-ja-kuvaaminen\/"},"modified":"2025-06-30T18:27:36","modified_gmt":"2025-06-30T15:27:36","slug":"valokuvaus-ja-kuvaaminen","status":"publish","type":"page","link":"https:\/\/tallinnzoo.ee\/fi\/valokuvaus-ja-kuvaaminen\/","title":{"rendered":"Valokuvaus ja kuvaaminen"},"content":{"rendered":"\n<h3 class=\"wp-block-heading\">Etsitk\u00f6 kuvauspaikkaa elokuvaa, TV-ohjelmaa, mainosta tai musiikkivideota varten? Meilt\u00e4 l\u00f6ytyy! <\/h3>\n\n\n\n<p><\/p>\n\n\n\n<p>El\u00e4intarhassa kaupallisiin tarkoituksiin valokuvaaminen ja kuvaaminen on maksullista, ja se tapahtuu <a href=\"mailto:%20riine.kallas@tallinnzoo.ee\" data-type=\"mailto\" data-id=\"mailto: riine.kallas@tallinnzoo.ee\">myynti- ja markkinointiosaston kanssa<\/a> etuk\u00e4teen sovitulla tavalla <\/p>\n\n\n\n<figure class=\"wp-block-table is-style-regular\"><table><thead><tr><th>Valokuvaus ja kuvaaminen<\/th><th>Hinta<\/th><\/tr><\/thead><tbody><tr><td>1h<\/td><td><strong>100  \u20ac<\/strong><\/td><\/tr><tr><td>max 8h<\/td><td><strong>407 \u20ac<\/strong><br><\/td><\/tr><\/tbody><\/table><\/figure>\n\n\n\n<p><\/p>\n","protected":false},"excerpt":{"rendered":"<p>Etsitk\u00f6 kuvauspaikkaa elokuvaa, TV-ohjelmaa, mainosta tai musiikkivideota varten? Meilt\u00e4 l\u00f6ytyy! El\u00e4intarhassa kaupallisiin tarkoituksiin valokuvaaminen ja kuvaaminen on maksullista, ja se &#8230;<\/p>\n","protected":false},"author":3,"featured_media":29554,"parent":0,"menu_order":0,"comment_status":"closed","ping_status":"closed","template":"","meta":{"_acf_changed":false,"om_disable_all_campaigns":false,"inline_featured_image":false,"_monsterinsights_skip_tracking":false,"_monsterinsights_sitenote_active":false,"_monsterinsights_sitenote_note":"","_monsterinsights_sitenote_category":0,"_uf_show_specific_survey":0,"_uf_disable_surveys":false,"footnotes":""},"class_list":["post-45233","page","type-page","status-publish","has-post-thumbnail","hentry"],"acf":[],"_links":{"self":[{"href":"https:\/\/tallinnzoo.ee\/fi\/wp-json\/wp\/v2\/pages\/45233","targetHints":{"allow":["GET"]}}],"collection":[{"href":"https:\/\/tallinnzoo.ee\/fi\/wp-json\/wp\/v2\/pages"}],"about":[{"href":"https:\/\/tallinnzoo.ee\/fi\/wp-json\/wp\/v2\/types\/page"}],"author":[{"embeddable":true,"href":"https:\/\/tallinnzoo.ee\/fi\/wp-json\/wp\/v2\/users\/3"}],"replies":[{"embeddable":true,"href":"https:\/\/tallinnzoo.ee\/fi\/wp-json\/wp\/v2\/comments?post=45233"}],"version-history":[{"count":2,"href":"https:\/\/tallinnzoo.ee\/fi\/wp-json\/wp\/v2\/pages\/45233\/revisions"}],"predecessor-version":[{"id":63919,"href":"https:\/\/tallinnzoo.ee\/fi\/wp-json\/wp\/v2\/pages\/45233\/revisions\/63919"}],"wp:featuredmedia":[{"embeddable":true,"href":"https:\/\/tallinnzoo.ee\/fi\/wp-json\/wp\/v2\/media\/29554"}],"wp:attachment":[{"href":"https:\/\/tallinnzoo.ee\/fi\/wp-json\/wp\/v2\/media?parent=45233"}],"curies":[{"name":"wp","href":"https:\/\/api.w.org\/{rel}","templated":true}]}}