{"id":45237,"date":"2022-05-21T00:29:52","date_gmt":"2022-05-20T21:29:52","guid":{"rendered":"https:\/\/tallinnzoo.ee\/auta-elaimia-sinun-panoksesi\/lajisuojelun-euroavustukset\/"},"modified":"2024-06-10T20:01:13","modified_gmt":"2024-06-10T17:01:13","slug":"lajisuojelun-euroavustukset","status":"publish","type":"page","link":"https:\/\/tallinnzoo.ee\/fi\/auta-elaimia-sinun-panoksesi\/lajisuojelun-euroavustukset\/","title":{"rendered":"Lajisuojelun euroavustukset"},"content":{"rendered":"\n<h2 class=\"wp-block-heading\">Kertyneet apurahat vuosittain<\/h2>\n\n\n\n<div style=\"height:0px\" aria-hidden=\"true\" class=\"wp-block-spacer\"><\/div>\n\n\n\n<h4 class=\"wp-block-heading\">2023<\/h4>\n\n\n\n<p>Vuonna 2023 lahjoittivat lipun ostaneet el\u00e4intarhan vierailijat lajisuojelun hyv\u00e4ksi 11 277 euroa. Paljon kiitoksia!<\/p>\n\n\n\n<p>Tuki jakautui seuraavasti:<\/p>\n\n\n\n<ul class=\"wp-block-list\">\n<li><strong>3760 euroa Save the Rhino International<\/strong>  &#8211; yhdistykselle pikkusarvikuonojen suojeluun;<\/li>\n\n\n\n<li><strong>7517 euroa Pallas\u2019s Cat International Conservation Alliance<\/strong> &#8211; j\u00e4rjest\u00f6lle manulin suojeluun.<\/li>\n<\/ul>\n\n\n\n<h4 class=\"wp-block-heading\">2022<\/h4>\n\n\n\n<p>Vuonna 2022 lahjoittivat lipun ostaneet el\u00e4intarhan vierailijat lajisuojelun hyv\u00e4ksi 22 605,65 euroa. T\u00e4h\u00e4n lis\u00e4ttiin kummien lahjoituksista lajisuojeluun tarkoitetut 3005 euroa. El\u00e4intarhan vierailijat ja kummit lahjoittivat lajisuojeluun <strong>yhteens\u00e4 25 610,65<\/strong> euroa. Kiitos!<\/p>\n\n\n\n<p>Tuki jakautui seuraavasti:<\/p>\n\n\n\n<ul class=\"wp-block-list\">\n<li> <strong><strong>12 805<\/strong> euroa<\/strong> <strong>Save the Rhino<\/strong> -yhdistykselle pikkusarvikuonojen suojeluun sek\u00e4<\/li>\n<\/ul>\n\n\n\n<ul class=\"wp-block-list\">\n<li><strong><strong>12 805<\/strong> euroa<\/strong> <strong>Pallas Cat\u2019s International Conservation Alliance<\/strong> -j\u00e4rjest\u00f6lle manulin suojeluun.<\/li>\n<\/ul>\n\n\n\n<h4 class=\"wp-block-heading\">2021<\/h4>\n\n\n\n<p>Vuonna 2021 lahjoittivat lipun ostaneet el\u00e4intarhan vierailijat lajisuojelun hyv\u00e4ksi 30 175,48 euroa, johon lis\u00e4ttiin kummien lahjoitukset 1949,43 euroa. Luonnon hyv\u00e4ksi lahjoitettiin yhteens\u00e4 enn\u00e4tykselliset <strong>32 124,91<\/strong> euroa. Kiitos kaikille! Vierailijoiden ja kummien lahjoitukset jaetaan el\u00e4intarhan lajiensuojelurahastosta seuraavasti:<\/p>\n\n\n\n<ul class=\"wp-block-list\">\n<li><strong>16 062,46 euroa <\/strong> siirret\u00e4\u00e4n <strong>Save the Rhino<\/strong> -yhdistykselle pikkusarvikuonolajin s\u00e4ilymisen tukemiseen.<\/li>\n<\/ul>\n\n\n\n<ul class=\"wp-block-list\">\n<li><strong>16 062,46 euroa<\/strong> siirret\u00e4\u00e4n manulin tilan arvioimiseen. Siit\u00e4 5354,15 euroa siirret\u00e4\u00e4n <strong>Snow Leopard Trustille <\/strong> ja 10 708,30 euroa <strong>Pallas Cat\u2019s International Conservation Alliance<\/strong> -yhdistyksen manulien ty\u00f6ryhm\u00e4lle.<\/li>\n<\/ul>\n\n\n\n<div style=\"height:10px\" aria-hidden=\"true\" class=\"wp-block-spacer\"><\/div>\n\n\n\n<h4 class=\"wp-block-heading\">2020<\/h4>\n\n\n\n<p>Vuonna 2020 lahjoittivat lipun ostaneet el\u00e4intarhan vierailijat manulien ja sarvikuonojen tukemiseen lajisuojelurahastoon <strong>6389,49<\/strong> <strong>euroa<\/strong>.<\/p>\n\n\n\n<ul class=\"wp-block-list\">\n<li>Siirsimme lajiensuojelurahastosta <strong>3193,25 euroa <\/strong> <strong>Snow Leopard Trustille<\/strong>, joka on <strong>Pallas Cat\u2019s International Conservation Alliance<\/strong> -yhdistyksen yhteisty\u00f6kumppani. Tuki kohdistetaan suunnataan luonnonvaraisten lajien tutkimiseen. Koska manuleita on jopa 16 valtion alueelta, keskityt\u00e4\u00e4n aluksi p\u00e4\u00e4asiassa Kirgisiassa el\u00e4vien manulien tutkimiseen. Manuleita uhkaavat siell\u00e4 vapaina juoksevat koirat ja tutkijat aikovat selvitt\u00e4\u00e4, kuinka suuri vaikutus on koirilla t\u00e4m\u00e4n pienen kissael\u00e4imen populaatioon.<\/li>\n<\/ul>\n\n\n\n<ul class=\"wp-block-list\">\n<li>Lahjoitussummasta siirsimme <strong>3193,24 euroa <\/strong> <strong>Save the Rhino<\/strong> -j\u00e4rjest\u00f6lle Sumatran Rhino Sanctuaryn p\u00e4ivitt\u00e4iseen toimintaan panostamiseen. Kev\u00e4isen koronaviruksen ensimm\u00e4inen aalto vaikutti huomattavasti lajin suojelutoimintaan ja sen vuoksi sarvikuonojen kuljetus luonnosta turva-alueella jouduttiin jopa keskeytt\u00e4m\u00e4\u00e4n. Hanke jatkuu onneksi taas ja t\u00e4ll\u00e4 hetkell\u00e4 seurataan luonnossa 12toisistaan erill\u00e4\u00e4n el\u00e4v\u00e4\u00e4 sarvikuonoa, jotta niit\u00e4 voisi vastaisuudessa siirt\u00e4\u00e4 turva-alueelle lajikumppaneiden tapaamista ja lis\u00e4\u00e4ntymist\u00e4 varten.<\/li>\n<\/ul>\n\n\n\n<div style=\"height:10px\" aria-hidden=\"true\" class=\"wp-block-spacer\"><\/div>\n\n\n\n<h4 class=\"wp-block-heading\">2019<\/h4>\n\n\n\n<p>Tallinnan el\u00e4intarha aloitti lipputuotosta lajisuojelutoimien kev\u00e4\u00e4ll\u00e4 2019. El\u00e4intarhan vierailijat lahjoittivat tuolloin noin 24 000 euroa. Kertynyt m\u00e4\u00e4r\u00e4 yhdess\u00e4 vuoden lopulla k\u00e4ynnistetyn kampanjan puitteissa ker\u00e4tyill\u00e4 varoilla \u2013 yhteens\u00e4 <strong>78 440 euroa<\/strong> \u2013 siirrettiin t\u00e4m\u00e4n vuoden alussa <strong>Australian el\u00e4intarhojen ja akvaarioiden liiton luonnonsuojelurahastolle<\/strong> laajoista maastopaloista k\u00e4rsineiden ja elinymp\u00e4rist\u00f6ns\u00e4 menett\u00e4neiden el\u00e4inten auttamiseen.<\/p>\n","protected":false},"excerpt":{"rendered":"<p>Kertyneet apurahat vuosittain 2023 Vuonna 2023 lahjoittivat lipun ostaneet el\u00e4intarhan vierailijat lajisuojelun hyv\u00e4ksi 11 277 euroa. Paljon kiitoksia! Tuki jakautui &#8230;<\/p>\n","protected":false},"author":3,"featured_media":0,"parent":45235,"menu_order":0,"comment_status":"closed","ping_status":"closed","template":"","meta":{"_acf_changed":false,"om_disable_all_campaigns":false,"inline_featured_image":false,"_monsterinsights_skip_tracking":false,"_monsterinsights_sitenote_active":false,"_monsterinsights_sitenote_note":"","_monsterinsights_sitenote_category":0,"_uf_show_specific_survey":0,"_uf_disable_surveys":false,"footnotes":""},"class_list":["post-45237","page","type-page","status-publish","hentry"],"acf":[],"_links":{"self":[{"href":"https:\/\/tallinnzoo.ee\/fi\/wp-json\/wp\/v2\/pages\/45237","targetHints":{"allow":["GET"]}}],"collection":[{"href":"https:\/\/tallinnzoo.ee\/fi\/wp-json\/wp\/v2\/pages"}],"about":[{"href":"https:\/\/tallinnzoo.ee\/fi\/wp-json\/wp\/v2\/types\/page"}],"author":[{"embeddable":true,"href":"https:\/\/tallinnzoo.ee\/fi\/wp-json\/wp\/v2\/users\/3"}],"replies":[{"embeddable":true,"href":"https:\/\/tallinnzoo.ee\/fi\/wp-json\/wp\/v2\/comments?post=45237"}],"version-history":[{"count":6,"href":"https:\/\/tallinnzoo.ee\/fi\/wp-json\/wp\/v2\/pages\/45237\/revisions"}],"predecessor-version":[{"id":47775,"href":"https:\/\/tallinnzoo.ee\/fi\/wp-json\/wp\/v2\/pages\/45237\/revisions\/47775"}],"up":[{"embeddable":true,"href":"https:\/\/tallinnzoo.ee\/fi\/wp-json\/wp\/v2\/pages\/45235"}],"wp:attachment":[{"href":"https:\/\/tallinnzoo.ee\/fi\/wp-json\/wp\/v2\/media?parent=45237"}],"curies":[{"name":"wp","href":"https:\/\/api.w.org\/{rel}","templated":true}]}}