{"id":47782,"date":"2022-05-20T16:16:39","date_gmt":"2022-05-20T13:16:39","guid":{"rendered":"https:\/\/tallinnzoo.ee\/luontoon-palauttaminen\/"},"modified":"2024-06-10T20:26:20","modified_gmt":"2024-06-10T17:26:20","slug":"luontoon-palauttaminen","status":"publish","type":"page","link":"https:\/\/tallinnzoo.ee\/fi\/luontoon-palauttaminen\/","title":{"rendered":"Luontoon palauttaminen"},"content":{"rendered":"\n<h2 class=\"wp-block-heading\">Tallinnan el\u00e4intarhan panos uhanalaisten lajien luontoon palauttamiseen<\/h2>\n\n<p>El\u00e4intarhat edist\u00e4v\u00e4t keinotekoisten populaatioiden hallinnan lis\u00e4ksi my\u00f6s uhanalaisten lajien luonnonvaraisten populaatioiden perustamista. T\u00e4m\u00e4 tapahtuu joko luontoon palauttamisen ohjelmien rahallisella tukemisella tai el\u00e4inten lis\u00e4\u00e4ntymisen ja luontoon palauttamisen kautta. Tallinnan el\u00e4intarhan suurin panos uhanalaisten lajien luontoon palauttamiseen on ollut vesikon kannan perustaminen Hiidenmaan saarelle.<\/p>\n\n<h3 class=\"wp-block-heading\">Vesikko<\/h3>\n\n<p>Vesikkokannan perustaminen Hiidenmaalle alkoi jo vuonna 2000, jolloin saareen kuljetettiin 17 Tallinnan el\u00e4intarhassa syntynytt\u00e4 vesikkoa. Saarelta oli ennen sit\u00e4 poistettu turkistarhasta luontoon karanneet minkit ja selvitetty, mist\u00e4 vesikoille kaikkein edullisimmat elinymp\u00e4rist\u00f6t l\u00f6ytyisiv\u00e4t.<\/p>\n\n<p>Vuosien varrella on kehitetty vesikkojen luontoon palauttamista varten useita eri menetelmi\u00e4, mutta parhaisiin tuloksiin on p\u00e4\u00e4sty perustamalla puoliksi luonnonvaraisia aitauksia Hiidenmaalle ja p\u00e4\u00e4st\u00e4m\u00e4ll\u00e4 sielt\u00e4 nuoria el\u00e4mi\u00e4 vapaaksi. Saareen on vapautettu yhteens\u00e4 l\u00e4hes 600 yksil\u00f6\u00e4, viimeksi vuonna 2016.<\/p>\n\n<figure class=\"wp-block-image aligncenter size-full\"><a href=\"https:\/\/tallinnzoo.ee\/wp-content\/uploads\/2022\/05\/Naaritsa-lahtilaskmine-Hiiumaale-ilusam.jpg\"><img loading=\"lazy\" decoding=\"async\" width=\"1000\" height=\"667\" src=\"https:\/\/tallinnzoo.ee\/wp-content\/uploads\/2022\/05\/Naaritsa-lahtilaskmine-Hiiumaale-ilusam.jpg\" alt=\"\" class=\"wp-image-6436\" srcset=\"https:\/\/tallinnzoo.ee\/wp-content\/uploads\/2022\/05\/Naaritsa-lahtilaskmine-Hiiumaale-ilusam.jpg 1000w, https:\/\/tallinnzoo.ee\/wp-content\/uploads\/2022\/05\/Naaritsa-lahtilaskmine-Hiiumaale-ilusam-300x200.jpg 300w, https:\/\/tallinnzoo.ee\/wp-content\/uploads\/2022\/05\/Naaritsa-lahtilaskmine-Hiiumaale-ilusam-768x512.jpg 768w, https:\/\/tallinnzoo.ee\/wp-content\/uploads\/2022\/05\/Naaritsa-lahtilaskmine-Hiiumaale-ilusam-600x400.jpg 600w\" sizes=\"auto, (max-width: 1000px) 100vw, 1000px\" \/><\/a><\/figure>\n\n<p>Vesikon luonnossa selvi\u00e4misest\u00e4 tietojen ker\u00e4\u00e4miseen j\u00e4rjestet\u00e4\u00e4n Hiidenmaalla <a href=\"https:\/\/tallinnzoo.ee\/sa-lutreola\/\">Lutreola-s\u00e4\u00e4ti\u00f6n<\/a> kanssa s\u00e4\u00e4nn\u00f6llist\u00e4 seurantaa. Seurannan tulosten perusteella voidaan sanoa, ett\u00e4 Hiidenmaalle on muodostunut vesikon vakaa, noin 60\u201390 yksil\u00f6n populaatio.<\/p>\n\n<p>Vesikkoja on Hiidenmaan lis\u00e4ksi vuodesta 2019 l\u00e4htien palautettu luontoon my\u00f6s Saarenmaalla. Ensimm\u00e4iset vesikot saapuivat Saarenmaalle vuonna 2022.<\/p>\n\n<h3 class=\"wp-block-heading\">Partakorpikotka<\/h3>\n\n<p>Tallinnan el\u00e4intarha on osallistunut my\u00f6s partakorpikotkien lis\u00e4\u00e4ntymisohjelmaan. Lajin lis\u00e4\u00e4ntymst\u00e4 varten olemme solmineet yhteisty\u00f6sopimuksen korppikotkien suojeluj\u00e4rjest\u00f6n <a href=\"https:\/\/4vultures.org\/\" target=\"_blank\" rel=\"noopener\">Vulture Conservation Foundationin<\/a> kanssa, joka edist\u00e4\u00e4 partakorpikotkien kantojen luontoon palauttamista.<\/p>\n\n<p>El\u00e4intarhan partakorpikotkien pari Alilla ja Akilalla on vuodesta 2011 kuoriutunut kahdeksan poikasta. Nelj\u00e4 poikasta ovat varttuneet el\u00e4inhoitajien huomassa ja nelj\u00e4 ovat kasvaneet partakorpikotka-sijaisvanhempien pes\u00e4ss\u00e4 It\u00e4vallassa Haringseen uhanalaisten korppikotkien s\u00e4ilytyskeskuksessa. Tallinnan el\u00e4intarhassa kuoriutuvat partakorpikotkan tiput ovat eritt\u00e4in merkitt\u00e4vi\u00e4, sill\u00e4 t\u00e4k\u00e4l\u00e4isen koiraan geeniperim\u00e4n v\u00e4litt\u00e4minen on partakorpikotkien geneettisen monipuolisuuden lis\u00e4\u00e4misen kannalta ensiarvoisen t\u00e4rke\u00e4\u00e4.<\/p>\n\n<figure class=\"wp-block-gallery has-nested-images columns-default is-cropped wp-block-gallery-1 is-layout-flex wp-block-gallery-is-layout-flex\">\n<figure class=\"wp-block-image size-large\"><a href=\"https:\/\/tallinnzoo.ee\/wp-content\/uploads\/2022\/05\/bearded-vulture_Vulture-Conservation-Foundation-scaled.jpg\"><img loading=\"lazy\" decoding=\"async\" width=\"2560\" height=\"1707\" data-id=\"6441\" src=\"https:\/\/tallinnzoo.ee\/wp-content\/uploads\/2022\/05\/bearded-vulture_Vulture-Conservation-Foundation-scaled.jpg\" alt=\"\" class=\"wp-image-6441\" srcset=\"https:\/\/tallinnzoo.ee\/wp-content\/uploads\/2022\/05\/bearded-vulture_Vulture-Conservation-Foundation-scaled.jpg 2560w, https:\/\/tallinnzoo.ee\/wp-content\/uploads\/2022\/05\/bearded-vulture_Vulture-Conservation-Foundation-300x200.jpg 300w, https:\/\/tallinnzoo.ee\/wp-content\/uploads\/2022\/05\/bearded-vulture_Vulture-Conservation-Foundation-1024x683.jpg 1024w, https:\/\/tallinnzoo.ee\/wp-content\/uploads\/2022\/05\/bearded-vulture_Vulture-Conservation-Foundation-768x512.jpg 768w, https:\/\/tallinnzoo.ee\/wp-content\/uploads\/2022\/05\/bearded-vulture_Vulture-Conservation-Foundation-1536x1024.jpg 1536w, https:\/\/tallinnzoo.ee\/wp-content\/uploads\/2022\/05\/bearded-vulture_Vulture-Conservation-Foundation-2048x1365.jpg 2048w, https:\/\/tallinnzoo.ee\/wp-content\/uploads\/2022\/05\/bearded-vulture_Vulture-Conservation-Foundation-600x400.jpg 600w\" sizes=\"auto, (max-width: 2560px) 100vw, 2560px\" \/><\/a><\/figure>\n\n\n\n<figure class=\"wp-block-image size-large\"><a href=\"https:\/\/tallinnzoo.ee\/wp-content\/uploads\/2022\/05\/bearded-vulture-chick_VCF.jpg\"><img loading=\"lazy\" decoding=\"async\" width=\"1600\" height=\"1200\" data-id=\"6451\" src=\"https:\/\/tallinnzoo.ee\/wp-content\/uploads\/2022\/05\/bearded-vulture-chick_VCF.jpg\" alt=\"\" class=\"wp-image-6451\" srcset=\"https:\/\/tallinnzoo.ee\/wp-content\/uploads\/2022\/05\/bearded-vulture-chick_VCF.jpg 1600w, https:\/\/tallinnzoo.ee\/wp-content\/uploads\/2022\/05\/bearded-vulture-chick_VCF-300x225.jpg 300w, https:\/\/tallinnzoo.ee\/wp-content\/uploads\/2022\/05\/bearded-vulture-chick_VCF-1024x768.jpg 1024w, https:\/\/tallinnzoo.ee\/wp-content\/uploads\/2022\/05\/bearded-vulture-chick_VCF-768x576.jpg 768w, https:\/\/tallinnzoo.ee\/wp-content\/uploads\/2022\/05\/bearded-vulture-chick_VCF-1536x1152.jpg 1536w, https:\/\/tallinnzoo.ee\/wp-content\/uploads\/2022\/05\/bearded-vulture-chick_VCF-600x450.jpg 600w\" sizes=\"auto, (max-width: 1600px) 100vw, 1600px\" \/><\/a><\/figure>\n<\/figure>\n\n<p class=\"has-text-align-right has-size-sm-font-size\">Tallinnan el\u00e4intarhassa kuoriutuneiden nuorten partakorpikotkien vapauttaminen Espanjan luontoon | VCF<\/p>\n","protected":false},"excerpt":{"rendered":"<p>Tallinnan el\u00e4intarhan panos uhanalaisten lajien luontoon palauttamiseen El\u00e4intarhat edist\u00e4v\u00e4t keinotekoisten populaatioiden hallinnan lis\u00e4ksi my\u00f6s uhanalaisten lajien luonnonvaraisten populaatioiden perustamista. T\u00e4m\u00e4 &#8230;<\/p>\n","protected":false},"author":3,"featured_media":6432,"parent":0,"menu_order":0,"comment_status":"closed","ping_status":"closed","template":"","meta":{"_acf_changed":false,"om_disable_all_campaigns":false,"inline_featured_image":false,"_monsterinsights_skip_tracking":false,"_monsterinsights_sitenote_active":false,"_monsterinsights_sitenote_note":"","_monsterinsights_sitenote_category":0,"_uf_show_specific_survey":0,"_uf_disable_surveys":false,"footnotes":""},"class_list":["post-47782","page","type-page","status-publish","has-post-thumbnail","hentry"],"acf":[],"_links":{"self":[{"href":"https:\/\/tallinnzoo.ee\/fi\/wp-json\/wp\/v2\/pages\/47782","targetHints":{"allow":["GET"]}}],"collection":[{"href":"https:\/\/tallinnzoo.ee\/fi\/wp-json\/wp\/v2\/pages"}],"about":[{"href":"https:\/\/tallinnzoo.ee\/fi\/wp-json\/wp\/v2\/types\/page"}],"author":[{"embeddable":true,"href":"https:\/\/tallinnzoo.ee\/fi\/wp-json\/wp\/v2\/users\/3"}],"replies":[{"embeddable":true,"href":"https:\/\/tallinnzoo.ee\/fi\/wp-json\/wp\/v2\/comments?post=47782"}],"version-history":[{"count":1,"href":"https:\/\/tallinnzoo.ee\/fi\/wp-json\/wp\/v2\/pages\/47782\/revisions"}],"predecessor-version":[{"id":47783,"href":"https:\/\/tallinnzoo.ee\/fi\/wp-json\/wp\/v2\/pages\/47782\/revisions\/47783"}],"wp:featuredmedia":[{"embeddable":true,"href":"https:\/\/tallinnzoo.ee\/fi\/wp-json\/wp\/v2\/media\/6432"}],"wp:attachment":[{"href":"https:\/\/tallinnzoo.ee\/fi\/wp-json\/wp\/v2\/media?parent=47782"}],"curies":[{"name":"wp","href":"https:\/\/api.w.org\/{rel}","templated":true}]}}