{"id":47784,"date":"2022-05-20T16:11:52","date_gmt":"2022-05-20T13:11:52","guid":{"rendered":"https:\/\/tallinnzoo.ee\/dna-laboratorio\/"},"modified":"2024-06-10T20:31:20","modified_gmt":"2024-06-10T17:31:20","slug":"dna-laboratorio","status":"publish","type":"page","link":"https:\/\/tallinnzoo.ee\/fi\/dna-laboratorio\/","title":{"rendered":"DNA-laboratorio"},"content":{"rendered":"\n<h2 class=\"wp-block-heading\">Tallinnan el\u00e4intarhan DNA-laboratorio aloitti toimintansa maaliskuussa 2017<\/h2>\n\n<p>Laboratorion t\u00e4rkeimm\u00e4t toiminta-alueet ovat olleet populaatiogeneettiset ja fylogeneettiset tutkimukset. Tavoitteena on tarjota geneettisiss\u00e4 tutkimuksissa saatujen tietojen avulla tukea Virossa lajisuojeluun liittyvien toimien j\u00e4rjest\u00e4miseen. Toiminnan keskipisteess\u00e4 on ollut erityisesti vesikko, mutta on tutkittu my\u00f6s liito-oravaa ja mets\u00e4sopulia. Yhteisty\u00f6t\u00e4 on ollut valtion laitosten kanssa ja autettu el\u00e4v\u00e4n luonnon oikeusl\u00e4\u00e4ketieteellisiss\u00e4 tutkimuksissa.<\/p>\n\n<p>Lis\u00e4tietoja DNA-laboratoriossa valmistuneista tutkimuksista saa <a href=\"https:\/\/tallinnzoo.ee\/teadusuuringud\/\">tieteellisten tutkimusten<\/a> alta .<\/p>\n\n<figure class=\"wp-block-gallery alignwide has-nested-images columns-default is-cropped wp-block-gallery-1 is-layout-flex wp-block-gallery-is-layout-flex\">\n<figure class=\"wp-block-image size-large\"><a href=\"https:\/\/tallinnzoo.ee\/wp-content\/uploads\/2022\/05\/DNA-labor-ruum-1_teksti-alla-scaled.jpg\"><img loading=\"lazy\" decoding=\"async\" width=\"1024\" height=\"694\" data-id=\"6274\" src=\"https:\/\/tallinnzoo.ee\/wp-content\/uploads\/2022\/05\/DNA-labor-ruum-1_teksti-alla-1024x694.jpg\" alt=\"\" class=\"wp-image-6274\" srcset=\"https:\/\/tallinnzoo.ee\/wp-content\/uploads\/2022\/05\/DNA-labor-ruum-1_teksti-alla-1024x694.jpg 1024w, https:\/\/tallinnzoo.ee\/wp-content\/uploads\/2022\/05\/DNA-labor-ruum-1_teksti-alla-300x203.jpg 300w, https:\/\/tallinnzoo.ee\/wp-content\/uploads\/2022\/05\/DNA-labor-ruum-1_teksti-alla-768x520.jpg 768w, https:\/\/tallinnzoo.ee\/wp-content\/uploads\/2022\/05\/DNA-labor-ruum-1_teksti-alla-1536x1040.jpg 1536w, https:\/\/tallinnzoo.ee\/wp-content\/uploads\/2022\/05\/DNA-labor-ruum-1_teksti-alla-2048x1387.jpg 2048w, https:\/\/tallinnzoo.ee\/wp-content\/uploads\/2022\/05\/DNA-labor-ruum-1_teksti-alla-600x406.jpg 600w\" sizes=\"auto, (max-width: 1024px) 100vw, 1024px\" \/><\/a><\/figure>\n\n\n\n<figure class=\"wp-block-image size-large\"><a href=\"https:\/\/tallinnzoo.ee\/wp-content\/uploads\/2022\/05\/DNA-labor-ruum-2_teksti-alla-scaled.jpg\"><img loading=\"lazy\" decoding=\"async\" width=\"1024\" height=\"396\" data-id=\"6279\" src=\"https:\/\/tallinnzoo.ee\/wp-content\/uploads\/2022\/05\/DNA-labor-ruum-2_teksti-alla-1024x396.jpg\" alt=\"\" class=\"wp-image-6279\" srcset=\"https:\/\/tallinnzoo.ee\/wp-content\/uploads\/2022\/05\/DNA-labor-ruum-2_teksti-alla-1024x396.jpg 1024w, https:\/\/tallinnzoo.ee\/wp-content\/uploads\/2022\/05\/DNA-labor-ruum-2_teksti-alla-300x116.jpg 300w, https:\/\/tallinnzoo.ee\/wp-content\/uploads\/2022\/05\/DNA-labor-ruum-2_teksti-alla-768x297.jpg 768w, https:\/\/tallinnzoo.ee\/wp-content\/uploads\/2022\/05\/DNA-labor-ruum-2_teksti-alla-1536x593.jpg 1536w, https:\/\/tallinnzoo.ee\/wp-content\/uploads\/2022\/05\/DNA-labor-ruum-2_teksti-alla-2048x791.jpg 2048w, https:\/\/tallinnzoo.ee\/wp-content\/uploads\/2022\/05\/DNA-labor-ruum-2_teksti-alla-600x232.jpg 600w\" sizes=\"auto, (max-width: 1024px) 100vw, 1024px\" \/><\/a><\/figure>\n<\/figure>\n","protected":false},"excerpt":{"rendered":"<p>Tallinnan el\u00e4intarhan DNA-laboratorio aloitti toimintansa maaliskuussa 2017 Laboratorion t\u00e4rkeimm\u00e4t toiminta-alueet ovat olleet populaatiogeneettiset ja fylogeneettiset tutkimukset. Tavoitteena on tarjota geneettisiss\u00e4 &#8230;<\/p>\n","protected":false},"author":3,"featured_media":6537,"parent":0,"menu_order":0,"comment_status":"closed","ping_status":"closed","template":"","meta":{"_acf_changed":false,"om_disable_all_campaigns":false,"inline_featured_image":false,"_monsterinsights_skip_tracking":false,"_monsterinsights_sitenote_active":false,"_monsterinsights_sitenote_note":"","_monsterinsights_sitenote_category":0,"_uf_show_specific_survey":0,"_uf_disable_surveys":false,"footnotes":""},"class_list":["post-47784","page","type-page","status-publish","has-post-thumbnail","hentry"],"acf":[],"_links":{"self":[{"href":"https:\/\/tallinnzoo.ee\/fi\/wp-json\/wp\/v2\/pages\/47784","targetHints":{"allow":["GET"]}}],"collection":[{"href":"https:\/\/tallinnzoo.ee\/fi\/wp-json\/wp\/v2\/pages"}],"about":[{"href":"https:\/\/tallinnzoo.ee\/fi\/wp-json\/wp\/v2\/types\/page"}],"author":[{"embeddable":true,"href":"https:\/\/tallinnzoo.ee\/fi\/wp-json\/wp\/v2\/users\/3"}],"replies":[{"embeddable":true,"href":"https:\/\/tallinnzoo.ee\/fi\/wp-json\/wp\/v2\/comments?post=47784"}],"version-history":[{"count":1,"href":"https:\/\/tallinnzoo.ee\/fi\/wp-json\/wp\/v2\/pages\/47784\/revisions"}],"predecessor-version":[{"id":47785,"href":"https:\/\/tallinnzoo.ee\/fi\/wp-json\/wp\/v2\/pages\/47784\/revisions\/47785"}],"wp:featuredmedia":[{"embeddable":true,"href":"https:\/\/tallinnzoo.ee\/fi\/wp-json\/wp\/v2\/media\/6537"}],"wp:attachment":[{"href":"https:\/\/tallinnzoo.ee\/fi\/wp-json\/wp\/v2\/media?parent=47784"}],"curies":[{"name":"wp","href":"https:\/\/api.w.org\/{rel}","templated":true}]}}