{"id":47786,"date":"2022-05-20T16:13:08","date_gmt":"2022-05-20T13:13:08","guid":{"rendered":"https:\/\/tallinnzoo.ee\/biopankki\/"},"modified":"2026-01-30T12:22:16","modified_gmt":"2026-01-30T10:22:16","slug":"biopankki","status":"publish","type":"page","link":"https:\/\/tallinnzoo.ee\/fi\/biopankki\/","title":{"rendered":"Biopankki"},"content":{"rendered":"\n<h2 class=\"wp-block-heading\">Loppuvuoden 2025 tiedoilla on biopankkiin kertynyt yli 5200 n\u00e4ytett\u00e4<\/h2>\n\n\n\n<p class=\"has-size-lg-font-size\">Biopankkien tavoitteena on geneettiseen monimuotoisuuteen liittyvien tietojen s\u00e4ilytt\u00e4miseen, ker\u00e4\u00e4m\u00e4ll\u00e4 ja tallentamalla uhanalaisten lajien biologista materiaalia tulevia tutkimuksia varten.<\/p>\n\n\n\n<p class=\"has-size-lg-font-size\">Helpointa on s\u00e4ilytt\u00e4\u00e4 erilaisia nk. kuollutta biologista materiaalia, kuten kudosn\u00e4ytteit\u00e4, turkkin\u00e4ytteit\u00e4, h\u00f6yheni\u00e4, ulosteita tai my\u00f6s ruhoja. My\u00f6s el\u00e4vi\u00e4 kudoksia on my\u00f6s mahdollista s\u00e4ilytt\u00e4\u00e4 solulinjojen, sukusolujen ja jopa alkioiden muodossa, mutta niiden ker\u00e4\u00e4mist\u00e4 ja varastointia Tallinnan el\u00e4intarhassa ei t\u00e4ll\u00e4 hetkell\u00e4 suoriteta.<\/p>\n\n\n\n<p class=\"has-size-lg-font-size\">Lajisuojelun tutkimuskeskuksessa alkoi eri lajien biologisen materiaalin ker\u00e4\u00e4minen vuonna 2017. El\u00e4intarhan biopankkiin ker\u00e4t\u00e4\u00e4n kudosn\u00e4ytteit\u00e4 el\u00e4intarhan el\u00e4inten kuoltua tai el\u00e4inl\u00e4\u00e4kinn\u00e4llisten toimenpiteiden yhteydess\u00e4 mm. turkki-, h\u00f6yhen- ja verin\u00e4ytteit\u00e4 noin 161 lajilta (linnut, nis\u00e4kk\u00e4\u00e4t, matelijat, sammakkoel\u00e4imet). Nyt on aloitettu my\u00f6s materiaalin ker\u00e4\u00e4minen Viron luonnossa el\u00e4vist\u00e4 el\u00e4inlajeista.<\/p>\n\n\n\n<p class=\"has-size-lg-font-size\">Biopankin n\u00e4ytteit\u00e4 on hy\u00f6dynnetty el\u00e4intarhan DNA-laboratoriossa ja l\u00e4hetetty tutkittavaksi my\u00f6s muille tutkimusryhmille. N\u00e4in on tutkittu mm. vesikkoja, visenttej\u00e4, pensassarvikuonoja, hevosel\u00e4imi\u00e4 ja simpansseja.<\/p>\n\n\n\n<p class=\"has-size-lg-font-size\">Jos on kiinnostusta el\u00e4intarhan biopankin n\u00e4ytteiden tieteellisess\u00e4 toiminnassa k\u00e4ytt\u00e4miseen, ota yhteytt\u00e4 DNA-analyysien asiantuntijalle Grete Nummertille: <a href=\"mailto:grete.nummert@tallinnzoo.ee\">grete.nummert@tallinnzoo.ee<\/a><\/p>\n\n\n\n<p class=\"has-text-align-right has-size-sm-font-size\"><\/p>\n\n\n\n<div style=\"height:29px\" aria-hidden=\"true\" class=\"wp-block-spacer\"><\/div>\n\n\n<section class=\"info-numbers-section wide-section\">\n  <div class=\"wide-section__inner\">\n    <img loading=\"lazy\" decoding=\"async\" src=\"https:\/\/tallinnzoo.ee\/wp-content\/themes\/loomaaed\/dist\/images\/monkey_45493cf3.svg\" class=\"info-numbers-section__illustration\" alt=\"Kuva\" width=\"128\" height=\"430\">\n    <div class=\"container\">\n      <div class=\"row\">\n        <div class=\"col-lg-4\">\n          <div class=\"info-numbers-section__content\">\n            <h2 class=\"info-numbers-section__title\">Biopankissa<\/h2>\n\n                          <p class=\"info-numbers-section__updated\">Vuoden 2023 tiedoilla<\/p>\n                      <\/div>\n        <\/div>\n        <div class=\"col-lg-8\">\n          <div class=\"row\">\n                          <div class=\"col-12 col-md-4 col-lg\">\n                <div class=\"info-number\">\n                  <h3 class=\"info-number__label h4\"> <\/h3>\n                  <p class=\"info-number__value h1\">4000 <sup>n\u00e4ytett\u00e4<\/sup><\/p>\n\n                                  <\/div>\n              <\/div>\n            \n                          <div class=\"col-12 col-md-4 col-lg\">\n                <div class=\"info-number\">\n                  <h3 class=\"info-number__label h4\"> <\/h3>\n                  <p class=\"info-number__value h1\">1500 <sup>yksil\u00f6lt\u00e4<\/sup><\/p>\n\n                                  <\/div>\n              <\/div>\n                        \n              <div class=\"col-12 col-md-4 col-lg\">\n                <div class=\"info-number\">\n                  <h3 class=\"info-number__label h4\"> <\/h3>\n                  <p class=\"info-number__value h1\">120 <sup>el\u00e4inlajilta<\/sup><\/p>\n\n                                  <\/div>\n              <\/div>\n                      <\/div>\n        <\/div>\n      <\/div>\n    <\/div>\n  <\/div>\n<\/section>\n","protected":false},"excerpt":{"rendered":"<p>Loppuvuoden 2025 tiedoilla on biopankkiin kertynyt yli 5200 n\u00e4ytett\u00e4 Biopankkien tavoitteena on geneettiseen monimuotoisuuteen liittyvien tietojen s\u00e4ilytt\u00e4miseen, ker\u00e4\u00e4m\u00e4ll\u00e4 ja tallentamalla &#8230;<\/p>\n","protected":false},"author":3,"featured_media":6250,"parent":0,"menu_order":0,"comment_status":"closed","ping_status":"closed","template":"","meta":{"_acf_changed":false,"om_disable_all_campaigns":false,"inline_featured_image":false,"_monsterinsights_skip_tracking":false,"_monsterinsights_sitenote_active":false,"_monsterinsights_sitenote_note":"","_monsterinsights_sitenote_category":0,"_uf_show_specific_survey":0,"_uf_disable_surveys":false,"footnotes":""},"class_list":["post-47786","page","type-page","status-publish","has-post-thumbnail","hentry"],"acf":[],"_links":{"self":[{"href":"https:\/\/tallinnzoo.ee\/fi\/wp-json\/wp\/v2\/pages\/47786","targetHints":{"allow":["GET"]}}],"collection":[{"href":"https:\/\/tallinnzoo.ee\/fi\/wp-json\/wp\/v2\/pages"}],"about":[{"href":"https:\/\/tallinnzoo.ee\/fi\/wp-json\/wp\/v2\/types\/page"}],"author":[{"embeddable":true,"href":"https:\/\/tallinnzoo.ee\/fi\/wp-json\/wp\/v2\/users\/3"}],"replies":[{"embeddable":true,"href":"https:\/\/tallinnzoo.ee\/fi\/wp-json\/wp\/v2\/comments?post=47786"}],"version-history":[{"count":15,"href":"https:\/\/tallinnzoo.ee\/fi\/wp-json\/wp\/v2\/pages\/47786\/revisions"}],"predecessor-version":[{"id":71027,"href":"https:\/\/tallinnzoo.ee\/fi\/wp-json\/wp\/v2\/pages\/47786\/revisions\/71027"}],"wp:featuredmedia":[{"embeddable":true,"href":"https:\/\/tallinnzoo.ee\/fi\/wp-json\/wp\/v2\/media\/6250"}],"wp:attachment":[{"href":"https:\/\/tallinnzoo.ee\/fi\/wp-json\/wp\/v2\/media?parent=47786"}],"curies":[{"name":"wp","href":"https:\/\/api.w.org\/{rel}","templated":true}]}}