{"id":55200,"date":"2024-11-13T14:12:52","date_gmt":"2024-11-13T12:12:52","guid":{"rendered":"https:\/\/tallinnzoo.ee\/?page_id=55200"},"modified":"2024-11-13T14:12:54","modified_gmt":"2024-11-13T12:12:54","slug":"raamatukogu","status":"publish","type":"page","link":"https:\/\/tallinnzoo.ee\/ru\/raamatukogu\/","title":{"rendered":"Raamatukogu"},"content":{"rendered":"\n<p>Tallinna loomaaia raamatukogu sai alguse 1946. aastal, kui hakati muretsema ning varsti ka arvele v\u00f5tma erialaseid ja asutuse igap\u00e4evat\u00f6\u00f6s vajalikke tr\u00fckiseid.<\/p>\n\n\n\n<p>Aegade jooksul on Tallinna loomaaia raamatukogusse j\u00f5udnud mitmesugust, p\u00f5hiliselt loomaaia t\u00f6\u00f6tajatele huvi pakkunud kirjandust. Kuid j\u00e4rjest enam lisandub siia ka laiemalt loodust k\u00e4sitlevat ning loodus- ja keskkonnateadlikkust t\u00f5stvat kirjavara.<\/p>\n\n\n\n<p>Aastal 2014 loomaaia l\u00e4\u00e4nev\u00e4ravas (Ehitajate tee 150) valminud keskkonnahariduskeskuse hoone teisel korrusel, v\u00e4ljaspool piletitsooni paiknevast raamatukogust v\u00f5ib leida eriti rohkesti loomaaia spetsiifikale vastavat kirjandust: loomaaiandus ja zooloogia (selgrootud, kalad, kahepaiksed, roomajad, linnud, imetajad). Lisaks aga ka selliseid rubriike nagu, taimed ja aiandus, geneetika, evolutsioon, bioloogiline mitmekesisus, loodus- ja keskkonnakaitse, \u00f6koloogia, biogeograafia, veterinaaria, lugusid loodusest jm. Raamatukogu sisaldab laia valikut loodusega seotud ajakirju.<\/p>\n\n\n\n<p>Raamatuid saab lugeda lugemissaalis, v\u00e4lja laenutatakse neid seni vaid erandkorras ja kokkuleppel.<\/p>\n\n\n\n<p>Loomaaia raamatukogu on avatud teisip\u00e4evast neljap\u00e4evani kell 13:00-17:00. Helistades eelnevalt numbrile 694 3316 v\u00f5i kirjutades <a href=\"mailto:uve.ramst@tallinnzoo.ee\">uve.ramst@tallinnzoo.ee<\/a> saab kokku leppida ka teisi k\u00fclastusaegu.<\/p>\n\n\n\n<p>Tallinn loomaaia raamatukogu teavikud on leitavad e-kataloog ESTER kaudu. Vt. <a href=\"https:\/\/www.ester.ee\/search~S94*est\" target=\"_blank\" rel=\"noreferrer noopener\">Otsing Tallinna loomaaia raamatukogu e-kataloogis<\/a><\/p>\n","protected":false},"excerpt":{"rendered":"<p>Tallinna loomaaia raamatukogu sai alguse 1946. aastal, kui hakati muretsema ning varsti ka arvele v\u00f5tma erialaseid ja asutuse igap\u00e4evat\u00f6\u00f6s vajalikke &#8230;<\/p>\n","protected":false},"author":15,"featured_media":0,"parent":0,"menu_order":0,"comment_status":"closed","ping_status":"closed","template":"","meta":{"_acf_changed":false,"om_disable_all_campaigns":false,"inline_featured_image":false,"_monsterinsights_skip_tracking":false,"_monsterinsights_sitenote_active":false,"_monsterinsights_sitenote_note":"","_monsterinsights_sitenote_category":0,"_uf_show_specific_survey":0,"_uf_disable_surveys":false,"footnotes":""},"class_list":["post-55200","page","type-page","status-publish","hentry"],"acf":[],"_links":{"self":[{"href":"https:\/\/tallinnzoo.ee\/ru\/wp-json\/wp\/v2\/pages\/55200","targetHints":{"allow":["GET"]}}],"collection":[{"href":"https:\/\/tallinnzoo.ee\/ru\/wp-json\/wp\/v2\/pages"}],"about":[{"href":"https:\/\/tallinnzoo.ee\/ru\/wp-json\/wp\/v2\/types\/page"}],"author":[{"embeddable":true,"href":"https:\/\/tallinnzoo.ee\/ru\/wp-json\/wp\/v2\/users\/15"}],"replies":[{"embeddable":true,"href":"https:\/\/tallinnzoo.ee\/ru\/wp-json\/wp\/v2\/comments?post=55200"}],"version-history":[{"count":1,"href":"https:\/\/tallinnzoo.ee\/ru\/wp-json\/wp\/v2\/pages\/55200\/revisions"}],"predecessor-version":[{"id":55201,"href":"https:\/\/tallinnzoo.ee\/ru\/wp-json\/wp\/v2\/pages\/55200\/revisions\/55201"}],"wp:attachment":[{"href":"https:\/\/tallinnzoo.ee\/ru\/wp-json\/wp\/v2\/media?parent=55200"}],"curies":[{"name":"wp","href":"https:\/\/api.w.org\/{rel}","templated":true}]}}